{"id":93,"date":"2022-10-03T15:12:48","date_gmt":"2022-10-03T18:12:48","guid":{"rendered":"https:\/\/uenf.br\/posgraduacao\/agroecologia-e-desenvolvimentorural\/?page_id=93"},"modified":"2025-02-11T10:55:17","modified_gmt":"2025-02-11T13:55:17","slug":"eduenf-agroecologia","status":"publish","type":"page","link":"https:\/\/uenf.br\/posgraduacao\/agroecologia-e-desenvolvimentorural\/eduenf-agroecologia\/","title":{"rendered":"EdUENF-Agroecologia"},"content":{"rendered":"<table width=\"100%\">\n<tbody>\n<tr>\n<td width=\"19%\"><\/td>\n<td width=\"80%\"><strong>Divulga\u00e7\u00e3o da agricultura de base ecol\u00f3gica \u2013 apoio \u00e0 EdUENF na cria\u00e7\u00e3o de corpo editorial em agroecologia<\/strong><\/td>\n<\/tr>\n<\/tbody>\n<\/table>\n<p style=\"padding-left: 240px\"><strong><img loading=\"lazy\" decoding=\"async\" class=\"alignnone size-medium wp-image-110\" src=\"http:\/\/uenf.br\/posgraduacao\/agroecologia-e-desenvolvimentorural\/wp-content\/uploads\/sites\/18\/2025\/02\/Logo-Apoio-EdUENF-300x225.png\" alt=\"\" width=\"300\" height=\"225\" srcset=\"https:\/\/uenf.br\/posgraduacao\/agroecologia-e-desenvolvimentorural\/wp-content\/uploads\/sites\/18\/2025\/02\/Logo-Apoio-EdUENF-300x225.png 300w, https:\/\/uenf.br\/posgraduacao\/agroecologia-e-desenvolvimentorural\/wp-content\/uploads\/sites\/18\/2025\/02\/Logo-Apoio-EdUENF-768x576.png 768w, https:\/\/uenf.br\/posgraduacao\/agroecologia-e-desenvolvimentorural\/wp-content\/uploads\/sites\/18\/2025\/02\/Logo-Apoio-EdUENF.png 960w\" sizes=\"auto, (max-width: 300px) 100vw, 300px\" \/>\u00a0<\/strong><\/p>\n<p><strong>KAROLL ANDREA ALFONSO TORRES CORDIDO<\/strong><\/p>\n<p><strong>Laborat\u00f3rio ou Setor: <\/strong>Laborat\u00f3rio de Zootecnia<\/p>\n<p>A divulga\u00e7\u00e3o cient\u00edfica por meio de publica\u00e7\u00f5es que sejam acess\u00edveis \u00e0s diferentes linguagens e meios ambientes \u00e9 de suma import\u00e2ncia para fortalecer o di\u00e1logo de saberes. Entre os objetivos apontados como sustent\u00e1veis pela ONU est\u00e1 a co-cria\u00e7\u00e3o do conhecimento. Entretanto, se este conhecimento fica restrito a pequeno n\u00famero de indiv\u00edduos se desperdi\u00e7a seu grande potencial de replica\u00e7\u00e3o transformadora.<\/p>\n<p><strong>JUSTIFICATIVA<\/strong><\/p>\n<p>Diante da defasagem de informa\u00e7\u00f5es dentro das universidades e da alta demanda por profissionais altamente tecnificados, pretende-se complementar a forma\u00e7\u00e3o dos futuros profissionais das ci\u00eancias agr\u00e1rias com a realiza\u00e7\u00e3o de troca de saberes que visam mesclar a experi\u00eancia pr\u00e1tica e a te\u00f3rica. Al\u00e9m disto, aproveitar o espa\u00e7o de aprendizagem da universidade buscando despertar o car\u00e1ter investigativo acerca da produ\u00e7\u00e3o de alimentos associada \u00e0 sustentabilidade, abrindo horizontes para o mercado trabalho ou para o ensino superior.<\/p>\n<p><strong>OBJETIVOS GERAIS<\/strong><\/p>\n<p>Promover os conhecimentos em agroecologia entre produtores rurais, estudantes da UENF e profissionais e p\u00fablico em geral no intuito de fortalecer pensamento cr\u00edtico acerca da preserva\u00e7\u00e3o do meio ambiente correlacionada positivamente com a produ\u00e7\u00e3o sustent\u00e1vel de alimentos.<\/p>\n<p>Atender ao Objetivo de Desenvolvimento Sustent\u00e1vel de garantir Educa\u00e7\u00e3o de Qualidade.<\/p>\n<p><strong>\u00a0<\/strong><strong>OBJETIVOS ESPEC\u00cdFICOS<\/strong><strong>\u00a0<\/strong><\/p>\n<ul>\n<li>Disseminar os conhecimentos sobre agroecologia entre os produtores rurais e a comunidade acad\u00eamica, por meio de publica\u00e7\u00f5es (di\u00e1logo de saberes) voltados para a \u00e1rea, com foco na preserva\u00e7\u00e3o ambiental e no melhor aproveitamento dos recursos naturais;<\/li>\n<li>Forma\u00e7\u00e3o coletiva entre os t\u00e9cnicos envolvidos no projeto;<\/li>\n<li>Promover a intera\u00e7\u00e3o entre a comunidade acad\u00eamica e o trabalhador rural, no intuito de unir a experi\u00eancia pr\u00e1tica e o conhecimento te\u00f3rico para buscar solu\u00e7\u00f5es para os problemas enfrentados pelo produtor no seu dia a dia;<\/li>\n<li>Incentivar e auxiliar os produtores na transi\u00e7\u00e3o da produ\u00e7\u00e3o convencional para a agroecol\u00f3gica;<\/li>\n<li>Conscientizar os produtores e estudantes de gradua\u00e7\u00e3o e p\u00f3s acerca dos desafios enfrentados no m\u00e9todo de produ\u00e7\u00e3o agroecol\u00f3gico;<\/li>\n<li>Ensinar t\u00e9cnicas de manejo eficientes no controle de pragas e doen\u00e7as que venham afetar as lavouras desses produtores;<\/li>\n<li>Inclus\u00e3o e aumento da participa\u00e7\u00e3o e governan\u00e7a das mulheres e jovens nos empreendimentos familiares.<\/li>\n<li>Viabilizar a divulga\u00e7\u00e3o de produtos editoriais do Mestrado Profissional em Agroecologia e Desenvolvimento Rural Sustent\u00e1vel da UENF, por meio da EdUENF.<\/li>\n<\/ul>\n<p><strong>\u00a0<\/strong><strong>METODOLOGIA DE A\u00c7\u00c3O<\/strong><\/p>\n<p>A EdUENF \u201ctem por finalidade promover obras de natureza acad\u00eamica, apoiando o ensino, a pesquisa e a extens\u00e3o da universidade, norteada pelo crit\u00e9rio de qualidade, em conson\u00e2ncia com o Regimento e o Estatuto da UENF\u201d (D.O.R.J 18\/03\/14, p.23). A editora se prop\u00f5e a direcionar suas atividades para obras de conte\u00fado did\u00e1tico, cient\u00edfico, art\u00edstico, filos\u00f3fico e de divulga\u00e7\u00e3o cultural e extensionista. O Mestrado Profissional em Agroecologia e Desenvolvimento Rural Sustent\u00e1vel da UENF (MPADRS) foi aprovado pelo CONSUNI em 13 de agosto de 2021 e, posteriormente, pela CAPES, em dezembro de 2024.<\/p>\n<p>A divulga\u00e7\u00e3o cient\u00edfica de temas relevantes (propostos pelos agricultores e agricultoras e\/ou as suas representa\u00e7\u00f5es) \u00e9 de grande import\u00e2ncia para o MPADRS, pois as pesquisas desenvolvidas pelos mestrandos ser\u00e3o as demandadas pelos agricultores (as). Assim, essa demanda objetiva ser\u00e1 tomada como objeto de pesquisa pelo p\u00f3s-graduando e o acompanhar\u00e1 durante todo trajeto de sua forma\u00e7\u00e3o individual. A publica\u00e7\u00e3o dos resultados ser\u00e1 uma das formas de divulga\u00e7\u00e3o do trabalho de co-cria\u00e7\u00e3o do conhecimento, de acordo com os objetivos de Desenvolvimento Sustent\u00e1vel (ODS) propostos pela Organiza\u00e7\u00e3o das Na\u00e7\u00f5es Unidas em 2016.<\/p>\n<p>A linha editorial em agroecologia da EdUENF continuar\u00e1 dando apoio necess\u00e1rio para a corre\u00e7\u00e3o ortogr\u00e1fica, editora\u00e7\u00e3o gr\u00e1fica, e lan\u00e7amentos de livros, livretos, boletins folders etc., como produtos do MPADRS.<\/p>\n<p>Os interessados no servi\u00e7o entrar\u00e3o na p\u00e1gina web do projeto: <a href=\"https:\/\/uenf.br\/extensao\/apoioeduenfagroecologia\/\">https:\/\/uenf.br\/extensao\/apoioeduenfagroecologia\/<\/a> e preencher\u00e3o o formul\u00e1rio de solicita\u00e7\u00e3o. Ser\u00e1 agendada uma reuni\u00e3o presencial ou virtual com o(a) autor(a), e a equipe formada por um discente da UENF, um desenhador gr\u00e1fico, um bacharel em letras e um t\u00e9cnico em inform\u00e1tica. O projeto de editora\u00e7\u00e3o ser\u00e1 iniciado de acordo com o que tenha sido acordado na reuni\u00e3o inicial. Em reuni\u00f5es posteriores ser\u00e3o realizados ajustes de acordo \u00e0 avalia\u00e7\u00e3o do autor. Uma vez aprovada a vers\u00e3o corrigida pelo autor, o projeto ser\u00e1 transferido para a equipe da EdUENF realizar\u00e1 o processo de cataloga\u00e7\u00e3o, ISBN e publica\u00e7\u00e3o do produto. O pago das taxas de cataloga\u00e7\u00e3o ser\u00e1 responsabilidade do autor.<\/p>\n<p>Os produtos ser\u00e3o divulgados na p\u00e1gina oficial <a href=\"https:\/\/uenf.br\/extensao\/apoioeduenfagroecologia\/\">https:\/\/uenf.br\/extensao\/apoioeduenfagroecologia\/<\/a> e rede social do projeto <a href=\"https:\/\/www.instagram.com\/apoioeduenfagroecologia?igsh=OGtmMXhwYmxseTZ6&amp;utm_source=qr\">https:\/\/www.instagram.com\/apoioeduenfagroecologia?igsh=OGtmMXhwYmxseTZ6&amp;utm_source=qr<\/a>.<\/p>\n<p><strong>\u00a0<\/strong><strong>IMPACTOS DESEJADOS<\/strong><\/p>\n<ul>\n<li>Estimular o interesse sobre a produ\u00e7\u00e3o de alimentos agroecol\u00f3gicos e a conscientiza\u00e7\u00e3o de pr\u00e1ticas de seguran\u00e7a e sa\u00fade adequadas no trabalho, pois os alunos est\u00e3o se preparando para o mercado de trabalho;<\/li>\n<li>Amplia\u00e7\u00e3o, por parte dos agricultores (as) e os demais envolvidos no projeto, de conhecimentos em agroecologia, com consequente melhoria da qualidade de vida no campo, diminui\u00e7\u00e3o do impacto ambiental a caminho da sustentabilidade;<\/li>\n<li>Envolvimento significativo dos agricultores (as) na implementa\u00e7\u00e3o de conhecimentos e tecnologias de base agroecol\u00f3gica, com incentivo \u00e0 conserva\u00e7\u00e3o e prote\u00e7\u00e3o da biodiversidade, e ao uso sustent\u00e1vel e racional dos agroecossistemas;<\/li>\n<li>Permitir a gera\u00e7\u00e3o de economia e renda para o p\u00fablico-alvo atendido;<\/li>\n<li>Gerar consci\u00eancia socioambiental sustent\u00e1vel na redu\u00e7\u00e3o de impactos negativos ao meio ambiente, em conson\u00e2ncia com os Objetivos de Desenvolvimento Sustent\u00e1vel da ONU 02 e 17 e foco do compromisso institucional da pol\u00edtica de extens\u00e3o da UENF;<\/li>\n<li>Gera\u00e7\u00e3o da autossufici\u00eancia produtiva, visando proporcionar menor depend\u00eancia de mercados externos aos empreendimentos;<\/li>\n<li>Aumento da qualidade e do n\u00famero de publica\u00e7\u00f5es de docentes da UENF em temas relacionados \u00e0 agroecologia.<\/li>\n<\/ul>\n<p><strong> INDICADORES DE AVALIA\u00c7\u00c3O<\/strong><\/p>\n<p>Ser\u00e1 realizado preenchimento de formul\u00e1rios coletando dados para gerar um diagn\u00f3stico individualizado e um mapeamento a serem apresentados aos autores e p\u00fablico-alvo. Al\u00e9m do resumo para a mostra cient\u00edfica de Extens\u00e3o da Universidade. Uma vez finalizado o processo de publica\u00e7\u00e3o de um produto, o autor preencher\u00e1 a avalia\u00e7\u00e3o do servi\u00e7o prestado pela equipe do projeto.<\/p>\n<p>&nbsp;<\/p>\n<p>&nbsp;<\/p>\n","protected":false},"excerpt":{"rendered":"<p>Divulga\u00e7\u00e3o da agricultura de base ecol\u00f3gica \u2013 apoio \u00e0 EdUENF na cria\u00e7\u00e3o de corpo editorial em agroecologia \u00a0 KAROLL ANDREA&#8230;<\/p>\n","protected":false},"author":43,"featured_media":0,"parent":0,"menu_order":6,"comment_status":"closed","ping_status":"closed","template":"","meta":{"footnotes":""},"class_list":["post-93","page","type-page","status-publish","hentry"],"_links":{"self":[{"href":"https:\/\/uenf.br\/posgraduacao\/agroecologia-e-desenvolvimentorural\/wp-json\/wp\/v2\/pages\/93","targetHints":{"allow":["GET"]}}],"collection":[{"href":"https:\/\/uenf.br\/posgraduacao\/agroecologia-e-desenvolvimentorural\/wp-json\/wp\/v2\/pages"}],"about":[{"href":"https:\/\/uenf.br\/posgraduacao\/agroecologia-e-desenvolvimentorural\/wp-json\/wp\/v2\/types\/page"}],"author":[{"embeddable":true,"href":"https:\/\/uenf.br\/posgraduacao\/agroecologia-e-desenvolvimentorural\/wp-json\/wp\/v2\/users\/43"}],"replies":[{"embeddable":true,"href":"https:\/\/uenf.br\/posgraduacao\/agroecologia-e-desenvolvimentorural\/wp-json\/wp\/v2\/comments?post=93"}],"version-history":[{"count":0,"href":"https:\/\/uenf.br\/posgraduacao\/agroecologia-e-desenvolvimentorural\/wp-json\/wp\/v2\/pages\/93\/revisions"}],"wp:attachment":[{"href":"https:\/\/uenf.br\/posgraduacao\/agroecologia-e-desenvolvimentorural\/wp-json\/wp\/v2\/media?parent=93"}],"curies":[{"name":"wp","href":"https:\/\/api.w.org\/{rel}","templated":true}]}}