{"id":105,"date":"2013-11-21T17:58:52","date_gmt":"2013-11-21T19:58:52","guid":{"rendered":"http:\/\/uenf.br\/pos-graduacao\/biociencias-biotecnologia\/?page_id=105"},"modified":"2026-02-12T14:40:44","modified_gmt":"2026-02-12T17:40:44","slug":"aluno-especial","status":"publish","type":"page","link":"https:\/\/uenf.br\/posgraduacao\/biociencias-biotecnologia\/aluno-especial\/","title":{"rendered":"Aluno Especial"},"content":{"rendered":"<h4 id=\"tituloPrincipal\" style=\"text-align: center\"><span style=\"color: #0765b3\"><b><u>INFORMA\u00c7\u00d5ES GERAIS<\/u><\/b><\/span><\/h4>\n<div id=\"tituloPrincipal\" style=\"text-align: left\"><span style=\"text-align: left\">A Universidade poder\u00e1 aceitar estudantes graduados em cursos superiores de dura\u00e7\u00e3o plena com interesse em aperfei\u00e7oar seus conhecimentos sem, contudo, visarem a obten\u00e7\u00e3o de um t\u00edtulo ou certificado de p\u00f3s-gradua\u00e7\u00e3o. O candidato dever\u00e1 especificar, no formul\u00e1rio de inscri\u00e7\u00e3o,\u00a0<\/span><strong style=\"text-align: left\">as disciplinas que pretende cursar <span style=\"color: #33a0ff\">(no m\u00e1ximo 2 disciplinas por semestre)<\/span>.\u00a0<\/strong><span style=\"text-align: left\">O pedido de admiss\u00e3o dever\u00e1 ser aprovado pela Comiss\u00e3o Coordenadora das disciplinas pretendidas.\u00a0A admiss\u00e3o do estudante especial ter\u00e1 validade para um per\u00edodo letivo.<\/span><\/div>\n<p style=\"text-align: center\"><span style=\"color: #33a0ff\"><strong>1\u00ba SEMESTRE\/2026 ALUNO ESPECIAL<\/strong><\/span><\/p>\n<div><strong>&#8211; INSCRI\u00c7\u00c3O DE ALUNOS ESPECIAIS : 18\/12\/2025 A 11\/01\/2026<\/strong><\/div>\n<div><strong><span style=\"color: #1e4994\">&#8211;<span style=\"color: #2d569c\"><a style=\"color: #2d569c\" href=\"http:\/\/uenf.br\/posgraduacao\/biociencias-biotecnologia\/wp-content\/uploads\/sites\/12\/2026\/02\/Disciplinas-Oferecidas-PGBB-1o-semestre-2026-ALUNO-ESPECIAL-1.pdf\">Disciplinas-Oferecidas-PGBB-1\u00ba-semestre-2026 ALUNO ESPECIAL<\/a><\/span><\/span><\/strong><\/div>\n<div>&#8211; Resultado Final:<span style=\"color: #2074bd\"><strong> <a style=\"color: #2074bd\" href=\"http:\/\/uenf.br\/posgraduacao\/biociencias-biotecnologia\/wp-content\/uploads\/sites\/12\/2026\/02\/TABELA-DE-INSCRITOS-E-RESULTADO-2026.1.pdf\">RESULTADO ALUNO ESPECIAL 2026.1<\/a><\/strong><\/span><\/div>\n<div>\n<div>\n<div><strong>&#8211; MATR\u00cdCULA DE ALUNOS ESPECIAIS:<span style=\"color: #2074bd\"> 23\/02\/2026 a 26\/02\/2026 <\/span><\/strong><span style=\"color: #2074bd\">(a matr\u00edcula ser\u00e1 realizada diretamente no Sistema Acad\u00eamico da UENF)<\/span><\/div>\n<div><strong>&#8211; IN\u00cdCIO DAS AULAS<\/strong><strong>: <span style=\"color: #2074bd\">02\/03\/2026<\/span><\/strong><\/div>\n<\/div>\n<\/div>\n<div><\/div>\n<div><\/div>\n<div><\/div>\n<div>_____________________________________________________________________________________________<\/div>\n<div><\/div>\n<div id=\"materiaPrincipal\">\n<div>\n<div><strong>Toda documenta\u00e7\u00e3o dever\u00e1 ser enviada em arquivo \u00fanico em pdf com o nome do candidato para o e-mail:\u00a0 <span style=\"color: #0573ad\">cpgcbb@uenf.br<\/span><\/strong><\/div>\n<\/div>\n<div><strong><span style=\"text-decoration: underline\">Documenta\u00e7\u00e3o Exigida:<\/span><\/strong><\/div>\n<ul>\n<li>\n<div align=\"left\">Formul\u00e1rio de inscri\u00e7\u00e3o<\/div>\n<\/li>\n<li>\n<div align=\"left\">C\u00f3pia do diploma de curso superior ou documento equivalente<\/div>\n<\/li>\n<li>\n<div align=\"left\">Hist\u00f3rico escolar do curso superior<\/div>\n<\/li>\n<li>\n<div align=\"left\">Curriculum vitae<\/div>\n<\/li>\n<li>\n<div align=\"left\">Uma \u00a0foto 3&#215;4<\/div>\n<\/li>\n<li>\n<div align=\"left\">C\u00f3pia da Carteira de Identidade<\/div>\n<\/li>\n<li>\n<div align=\"left\">C\u00f3pia do CPF<\/div>\n<\/li>\n<li>\n<div align=\"left\">C\u00f3pia do Certificado de Reservista<\/div>\n<\/li>\n<li>\n<div align=\"left\">C\u00f3pia do T\u00edtulo de Eleitor<\/div>\n<\/li>\n<li>\n<div align=\"left\">C\u00f3pia do Registro Civil (nascimento ou casamento)<\/div>\n<\/li>\n<\/ul>\n<div align=\"left\"><strong>Fa\u00e7a download para acessar o <a href=\"http:\/\/uenf.br\/posgraduacao\/biociencias-biotecnologia\/wp-content\/uploads\/sites\/12\/2025\/01\/Fomulario-inscricao-Processo-seletivo_PG-especial.pdf\">Fomulario-inscricao-Processo-seletivo_PG-especial<\/a><\/strong><\/div>\n<div align=\"left\"><\/div>\n<div align=\"left\"><\/div>\n<div style=\"color: #000000\"><span style=\"color: #000000\"><strong><span style=\"text-decoration: underline\">Orienta\u00e7\u00f5es:<\/span><\/strong><\/span><\/div>\n<div style=\"color: #000000\">\n<p style=\"color: #000000\" align=\"justify\">&#8211; Somente os alunos especiais cujas inscri\u00e7\u00f5es foram deferidas por\u00a0Coordena\u00e7\u00f5es de Programas de P\u00f3s-Gradua\u00e7\u00e3o podem efetuar a matr\u00edcula.<\/p>\n<p style=\"color: #000000\" align=\"justify\">&#8211;\u00a0A\u00a0matr\u00edcula dos alunos especiais pode ser feita pelo pr\u00f3prio interessado ou por seu representante legal. O representante legal deve apresentar um documento oficial de identifica\u00e7\u00e3o com foto e uma Procura\u00e7\u00e3o Simples\u00a0<strong>(<\/strong><a href=\"http:\/\/www.uenf.br\/Uenf\/Downloads\/SECACAD_5792_1265302431.doc\"><strong>modelo<\/strong><\/a><strong>)<\/strong>.<\/p>\n<p style=\"color: #000000\">No ato da matricula dos alunos especiais, o aluno n\u00e3o precisa apresentar formul\u00e1rio de matr\u00edcula. A matr\u00edcula ser\u00e1 realizada diretamente no novo sistema acad\u00eamico da P\u00f3s-Gradua\u00e7\u00e3o DA UENF.<\/p>\n<\/div>\n<p>&nbsp;<\/p>\n<\/div>\n","protected":false},"excerpt":{"rendered":"<p>INFORMA\u00c7\u00d5ES GERAIS A Universidade poder\u00e1 aceitar estudantes graduados em cursos superiores de dura\u00e7\u00e3o plena com interesse em aperfei\u00e7oar seus conhecimentos&#8230;<\/p>\n","protected":false},"author":25,"featured_media":0,"parent":0,"menu_order":23,"comment_status":"open","ping_status":"closed","template":"","meta":{"footnotes":""},"class_list":["post-105","page","type-page","status-publish","hentry"],"_links":{"self":[{"href":"https:\/\/uenf.br\/posgraduacao\/biociencias-biotecnologia\/wp-json\/wp\/v2\/pages\/105","targetHints":{"allow":["GET"]}}],"collection":[{"href":"https:\/\/uenf.br\/posgraduacao\/biociencias-biotecnologia\/wp-json\/wp\/v2\/pages"}],"about":[{"href":"https:\/\/uenf.br\/posgraduacao\/biociencias-biotecnologia\/wp-json\/wp\/v2\/types\/page"}],"author":[{"embeddable":true,"href":"https:\/\/uenf.br\/posgraduacao\/biociencias-biotecnologia\/wp-json\/wp\/v2\/users\/25"}],"replies":[{"embeddable":true,"href":"https:\/\/uenf.br\/posgraduacao\/biociencias-biotecnologia\/wp-json\/wp\/v2\/comments?post=105"}],"version-history":[{"count":0,"href":"https:\/\/uenf.br\/posgraduacao\/biociencias-biotecnologia\/wp-json\/wp\/v2\/pages\/105\/revisions"}],"wp:attachment":[{"href":"https:\/\/uenf.br\/posgraduacao\/biociencias-biotecnologia\/wp-json\/wp\/v2\/media?parent=105"}],"curies":[{"name":"wp","href":"https:\/\/api.w.org\/{rel}","templated":true}]}}