{"id":1188,"date":"2020-07-30T17:29:02","date_gmt":"2020-07-30T20:29:02","guid":{"rendered":"http:\/\/uenf.br\/posgraduacao\/biociencias-biotecnologia\/?page_id=1188"},"modified":"2026-04-09T14:38:00","modified_gmt":"2026-04-09T17:38:00","slug":"nebio","status":"publish","type":"page","link":"https:\/\/uenf.br\/posgraduacao\/biociencias-biotecnologia\/nebio\/","title":{"rendered":"N\u00facleo de Estudos em Bioci\u00eancias e Biotecnologia (NEBBIO)"},"content":{"rendered":"<p><img loading=\"lazy\" decoding=\"async\" class=\" wp-image-2651 aligncenter\" src=\"https:\/\/uenf.br\/posgraduacao\/biociencias-biotecnologia\/wp-content\/uploads\/sites\/12\/2023\/05\/nebbio-300x118.jpg\" alt=\"\" width=\"267\" height=\"105\" srcset=\"https:\/\/uenf.br\/posgraduacao\/biociencias-biotecnologia\/wp-content\/uploads\/sites\/12\/2023\/05\/nebbio-300x118.jpg 300w, https:\/\/uenf.br\/posgraduacao\/biociencias-biotecnologia\/wp-content\/uploads\/sites\/12\/2023\/05\/nebbio.jpg 631w\" sizes=\"auto, (max-width: 267px) 100vw, 267px\" \/><\/p>\n<p style=\"text-align: left\">O <strong><span style=\"color: #036ca8\">N\u00facleo de Estudos em Bioci\u00eancias e Biotecnologia (NEBBIO)<\/span><\/strong> criado em 29\/07\/2019, pelos discentes do Programa de P\u00f3s-gradua\u00e7\u00e3o em Bioci\u00eancias e Biotecnologia (PGBB), \u00a0tem como objetivo ser uma ponte de comunica\u00e7\u00e3o entre os discentes, docentes e o PGBB, buscando promover e consolidar o conhecimento cient\u00edfico, tecnol\u00f3gico e de inova\u00e7\u00e3o por meio de cursos e eventos na \u00e1rea, visando abrir um novo leque de oportunidades para capacita\u00e7\u00e3o profissional. Acreditamos que a participa\u00e7\u00e3o de todos os discentes do programa \u00e9 essencial para seu processo de forma\u00e7\u00e3o profissional, visto que, adquirimos novas expertises durante as atividades desenvolvidas. Desta forma, estamos sempre abertos para a participa\u00e7\u00e3o dos novos ingressos no Programa de P\u00f3s-Gradua\u00e7\u00e3o em Bioci\u00eancias e Biotecnologia, bem como aqueles j\u00e1 em curso no programa.\u00a0Todas as nossas atividades podem ser acompanhadas nas redes sociais e no nosso canal no YouTube:<\/p>\n<ul>\n<li>\u00a0YouTube: <a href=\"https:\/\/m.youtube.com\/channel\/UCKG7jVvZcj-vHFZNet6cnVg?view_as=subscriber\">Nebbio UENF<\/a><\/li>\n<li>\u00a0 Instagram: <a href=\"https:\/\/instagram.com\/nebbiouenf?igshid=pm00bldr2l5d\">nebbiouenf<\/a><\/li>\n<li>\u00a0Facebook: <a href=\"https:\/\/www.facebook.com\/nebbio.uenf\">Nebbio Uenf<\/a><\/li>\n<\/ul>\n<p>Entre em contato conosco pelo e-mail:\u00a0<span style=\"color: #0467b3\"><a style=\"color: #0467b3\" href=\"mailto:nebbiouenf@gmail.com\">nebbiouenf@gmail.com<\/a><\/span><\/p>\n<div dir=\"auto\"><\/div>\n<div>\n<div>\n<h3><strong><span style=\"color: #2788c4\">\u21d2<\/span><\/strong><strong><span style=\"color: #2788c4\">Gest\u00e3o do N\u00facleo de Estudos em Bioci\u00eancias e Biotecnologia (NEBBIO) 2026<\/span><\/strong><\/h3>\n<\/div>\n<div><span class=\"im\"><span class=\"im\"><span class=\"im\"><b><span style=\"color: #2788c4\">Diretoria<\/span><br \/>\n<\/b><\/span><\/span><\/span><\/p>\n<div>\n<div>&#8211; Ana Eliza Zeraik &#8211; Professora Representante<\/div>\n<div>&#8211; Marcos Roberto Dias Campos \u2013 \u00a0Presidente<\/div>\n<div>&#8211; Gustavo Duncan Franco \u2013 Vice-Presidente<\/div>\n<div>&#8211; Karine Terra de Souza \u2013 Coordenadora do Cient\u00edfico<\/div>\n<div>&#8211; Mariana Barreto Martins \u2013 Coordenadora do Marketing<\/div>\n<div>&#8211; Maysa de Almeida Ribeiro \u2013 Coordenadora da Secretaria<\/div>\n<\/div>\n<\/div>\n<\/div>\n<div>\n<div><span style=\"color: #2788c4\"><b>Equipe Cient\u00edfica<\/b><\/span><br \/>\n<span class=\"im\">&#8211; Daniel Areias da Silva Raquita<br \/>\n&#8211; Vanessa Leal Henriques (NEBBIO Jr.)<br \/>\n<\/span>-\u2060 Eduardo de S\u00e1 Telles (NEBBIO Jr.)<br \/>\n-\u2060 Samara Alves Azeredo (NEBBIO Jr.)<br \/>\n&#8211; Arthur Terra Paes Pasco (NEBBIO Jr.)<br \/>\n&#8211; Jacintha de F\u00e1tima Silva Queiroz (NEBBIO Jr.)<span class=\"im\"><br \/>\n<\/span><\/div>\n<div><b><span style=\"color: #2788c4\">E<\/span><\/b><b><span style=\"color: #2788c4\">quipe Marketing<\/span><\/b><\/div>\n<div>\n<div><span class=\"im\">&#8211; Lanna de Oliveira Corredouro Pereira<br \/>\n&#8211; Carolina Amado Marquez<\/span><\/div>\n<div>&#8211; Giullia Madeira Rios<span class=\"im\"><br \/>\n&#8211; J\u00falia Costa de Souza (NEBBIO Jr)<br \/>\n<\/span>&#8211; Camile Freitas Tanos (NEBBIO Jr)<br \/>\n&#8211; Victor Hugo Ara\u00fajo de Souza (NEBBIO Jr)<br \/>\n&#8211; Victor William da Costa Souza (NEBBIO Jr)<\/div>\n<div>&#8211; Andrielly da Silva Jorge (NEBBIO Jr)<\/div>\n<p><b><span style=\"color: #2788c4\">Equipe da Secretaria<\/span><br \/>\n<\/b><span class=\"im\">&#8212; Jos\u00e9 Francisco Marques Cardoso<br \/>\n&#8211; Karoline Rezende Benvindo Pessanha<br \/>\n&#8211; Nadine Lobo Siqueira<br \/>\n&#8211; Ismael Mot\u00e9 Soares Reis<br \/>\n&#8211; Evandro Santos de Oliveira<br \/>\n&#8211; Mayra dos Santos Gomes<br \/>\n&#8211; Lucas de Sena Lima Bezerra Batista (NEBBIO Jr.)<br \/>\n&#8211; Tainara Barreto \u00a0(NEBBIO Jr.)<\/span><\/p>\n<p>___________________________________________________________________<\/p>\n<\/div>\n<\/div>\n<div><\/div>\n<p><span style=\"color: #036fa8\"><strong>Membros do NEBBIO (Gest\u00e3o 2025-2026)<\/strong><\/span><\/p>\n<p><b>\u00a0Professora Representante<\/b><br \/>\n<b>\u2022 <\/b>Ana Eliza Zeraik<\/p>\n<p><b>\u00a0Presidente (coordenador geral)<\/b><br \/>\n<b>\u2022\u00a0 <\/b>Marcos Roberto Dias Campos<\/p>\n<p><b>Vice-Presidente (Vice-coordenador geral)<\/b><br \/>\n<b>\u2022 <\/b>Gustavo Duncan Franco<\/p>\n<p><b>Coordenador Cient\u00edfico:<\/b><\/p>\n<p>\u2022Maiclley Ferreira<\/p>\n<div><b>Equipe Cient\u00edfica<\/b><br \/>\n<b>\u2022 <\/b>Pethersen Jos\u00e9 Moraes dos Reis Bueno Rocha<br \/>\n<b>\u2022<\/b> Jos\u00e9 Francisco Marques Cardoso<br \/>\n<b>\u2022<\/b> Karine Terra de Souza<br \/>\n<b>\u2022 <\/b>Maysa de Almeida Ribeiro<br \/>\n<b>\u2022<\/b> Yhony Sumari Misaico<br \/>\n<b>\u2022<\/b> Let\u00edcia dos Santos Nascimento<br \/>\n<b>\u2022<\/b> Jessica Macedo Rafael de Arruda<\/div>\n<div><\/div>\n<div><b>Coordenadora do Marketing:<\/b><\/div>\n<div><b>\u00a0 \u2022<\/b>\u00a0Amanda Mello<\/div>\n<div><\/div>\n<div><b>Equipe do Marketing<\/b><br \/>\n<b>\u2022<\/b> Mariana Barreto<br \/>\n<b>\u2022<\/b> Amanda Mello<br \/>\n<b>\u2022<\/b> Lanna Pereira<br \/>\n<b>\u2022<\/b> Emily Dias<br \/>\n<b>\u2022<\/b> J\u00falio C\u00e9zar<br \/>\n<b>\u2022<\/b> Ana Fl\u00e1via Ribeiro Mendieta<br \/>\n<b>\u2022<\/b> Maria Alice \u00a0do Carmo<\/div>\n<div><b>Coordenadora da Secretaria:\u00a0 <\/b><\/div>\n<div><b>\u00a0\u2022 <\/b>Taymara Sabino<\/div>\n<div><\/div>\n<div><b>Equipe da Secretaria<\/b><br \/>\n<b>\u2022<\/b> Maysa de Almeida Ribeiro<br \/>\n<b>\u2022<\/b> Lara Manh\u00e3es<br \/>\n<b>\u2022<\/b> Viviane Carreiro<\/div>\n<div><\/div>\n<div><b>NEBBIO Jr. e qual Equipe (alunos da gradua\u00e7\u00e3o):<\/b><br \/>\n<b>\u2022 <\/b>Vanessa Leal &#8211; Equipe Cient\u00edfica<br \/>\n<b>\u2022<\/b> Ana Carolina Andrade &#8211; Equipe Cient\u00edfica<br \/>\n<b>\u2022\u00a0<\/b> Ismael Mot\u00e9 &#8211; Equipe da Secretaria<\/div>\n<div><\/div>\n<div><\/div>\n<div>Fa\u00e7a o Download para acessar o <span style=\"color: #ff0000\"><strong><a style=\"color: #ff0000\" href=\"https:\/\/uenf.br\/posgraduacao\/biociencias-biotecnologia\/wp-content\/uploads\/sites\/12\/2025\/04\/Estatuto_do_Nucleo_de_Estudos_em_Biociencias_e_Biotecnologia_assinado_assinado_assinado.pdf\">Estatuto_do_Nucleo_de_Estudos_em_Biociencias_e_Biotecnologia<\/a><\/strong><\/span><\/div>\n<div><\/div>\n<h3><span style=\"color: #800000\"><a style=\"color: #800000\" href=\"https:\/\/uenf.br\/portal\/noticias\/v-workshop-em-biociencias-e-biotecnologia-one-health\/\" target=\"_blank\" rel=\"noopener\"><strong>V Workshop em Bioci\u00eancias e Biotecnologia: One Health (18 e 19\/11\/24, na UENF)<\/strong><\/a><\/span><\/h3>\n<p><a href=\"https:\/\/uenf.br\/posgraduacao\/biociencias-biotecnologia\/wp-content\/uploads\/sites\/12\/2025\/03\/V-Workshop-One-Health-2024.pdf\" target=\"_blank\" rel=\"noopener\"><span style=\"color: #800000\">Programa\u00e7\u00e3o do V WBB One Health<\/span><\/a><\/p>\n<p><span style=\"color: #036fa8\"><strong>Membros do NEBBIO (Gest\u00e3o 2024-2025)<\/strong><\/span><\/p>\n<p><strong>Diretoria<\/strong><\/p>\n<ul>\n<li>\u00a0Mayara Cristina de Freitas Correia &#8211; Coordenadora Geral<\/li>\n<li>\u00a0Marcos Roberto Dias Campos &#8211; Vice-Coordenador Geral<\/li>\n<li>\u00a0Maiclley Ferreira Pereira &#8211; Coordenador Cient\u00edfico<\/li>\n<li>\u00a0Lorena Mendes dos Santos &#8211; Coordenadora de Marketing<\/li>\n<li>\u00a0Ana Clara Oliveira Lopes Soares &#8211; Secret\u00e1ria<\/li>\n<\/ul>\n<p><strong>Equipe Cientifica<\/strong><\/p>\n<ul>\n<li>\u00a0Gustavo Duncan Franco<\/li>\n<li>\u00a0Victor dos Santos Lopes<\/li>\n<li>\u00a0Higor Almeida Cordeiro Nogueira<\/li>\n<li>Yhony Sumari Misaico<\/li>\n<li>Silvia Ribeiro\u00a0 &#8211; NEBBIO J\u00fanior<\/li>\n<\/ul>\n<p><strong>Equipe Marketing\u00a0<\/strong><\/p>\n<ul>\n<li>\u00a0Amanda Mello da Silva Oliveira<\/li>\n<li>\u00a0J\u00falio C\u00e9zar Rosa de Souza J\u00fanior<\/li>\n<li>\u00a0Mariana Barreto Martins<\/li>\n<li>\u00a0Viviane Carreiro Felipe<\/li>\n<li>Ruan Gomes-NEBBIO J\u00fanior<\/li>\n<\/ul>\n<p><strong>Apoio\u00a0<\/strong><\/p>\n<ul>\n<li>\u00a0Ana Fl\u00e1via Ribeiro Mendieta<\/li>\n<li>\u00a0Viviane Moitim Pereira<\/li>\n<li>\u00a0Lanna de Oliveira Corredouro Pereira<\/li>\n<li>\u00a0Ana Beatriz Miranda de S\u00e1<\/li>\n<\/ul>\n<p><span style=\"color: #036fa8\"><em><strong>Equipe NEBBIO Gest\u00e3o 2024 &#8211; 2025<\/strong><\/em><\/span><img loading=\"lazy\" decoding=\"async\" class=\"size-medium wp-image-3822 aligncenter\" src=\"https:\/\/uenf.br\/posgraduacao\/biociencias-biotecnologia\/wp-content\/uploads\/sites\/12\/2024\/11\/8BB8F1E9-D7D5-44D5-8715-02E0AA7C588C-1-296x300.jpg\" alt=\"\" width=\"296\" height=\"300\" srcset=\"https:\/\/uenf.br\/posgraduacao\/biociencias-biotecnologia\/wp-content\/uploads\/sites\/12\/2024\/11\/8BB8F1E9-D7D5-44D5-8715-02E0AA7C588C-1-296x300.jpg 296w, https:\/\/uenf.br\/posgraduacao\/biociencias-biotecnologia\/wp-content\/uploads\/sites\/12\/2024\/11\/8BB8F1E9-D7D5-44D5-8715-02E0AA7C588C-1.jpg 414w\" sizes=\"auto, (max-width: 296px) 100vw, 296px\" \/><\/p>\n<p><img loading=\"lazy\" decoding=\"async\" class=\"size-medium wp-image-3821 aligncenter\" src=\"https:\/\/uenf.br\/posgraduacao\/biociencias-biotecnologia\/wp-content\/uploads\/sites\/12\/2024\/11\/8C295AEB-3139-4FA9-B1F9-C136891257A7-1-300x217.jpg\" alt=\"\" width=\"300\" height=\"217\" srcset=\"https:\/\/uenf.br\/posgraduacao\/biociencias-biotecnologia\/wp-content\/uploads\/sites\/12\/2024\/11\/8C295AEB-3139-4FA9-B1F9-C136891257A7-1-300x217.jpg 300w, https:\/\/uenf.br\/posgraduacao\/biociencias-biotecnologia\/wp-content\/uploads\/sites\/12\/2024\/11\/8C295AEB-3139-4FA9-B1F9-C136891257A7-1.jpg 398w\" sizes=\"auto, (max-width: 300px) 100vw, 300px\" \/><\/p>\n<p><span style=\"color: #036fa8\"><strong>Membros do NEBBIO (Gest\u00e3o 2021 &#8211; At\u00e9 23\/03\/23)\u00a0<\/strong><\/span><\/p>\n<div dir=\"auto\" style=\"padding-left: 40px\">Enrico Cossi Arantes &#8211; Presidente<\/div>\n<div dir=\"auto\" style=\"padding-left: 40px\">Mayara Cristina de Freitas Correia &#8211; vice-presidente e tesouraria<\/div>\n<div dir=\"auto\" style=\"padding-left: 40px\">Daphne Alves Dias &#8211; diretora cient\u00edfica<\/div>\n<div dir=\"auto\" style=\"padding-left: 40px\">Manuela Izabel Paes Pinto &#8211; diretora de marketing<\/div>\n<div dir=\"auto\" style=\"padding-left: 40px\">Lorena Mendes dos Santos &#8211;\u00a0 secret\u00e1ria<\/div>\n<div dir=\"auto\" style=\"padding-left: 40px\">Apoio :<\/div>\n<div dir=\"auto\" style=\"padding-left: 40px\">Ana Clara Oliveira Lopes Soares<\/div>\n<div dir=\"auto\" style=\"padding-left: 40px\">Maiclley Ferreira Pereira<\/div>\n<div dir=\"auto\"><img loading=\"lazy\" decoding=\"async\" class=\" wp-image-2683 aligncenter\" src=\"https:\/\/uenf.br\/posgraduacao\/biociencias-biotecnologia\/wp-content\/uploads\/sites\/12\/2023\/05\/nebbio-gestao-2022-300x300.jpg\" alt=\"\" width=\"314\" height=\"314\" srcset=\"https:\/\/uenf.br\/posgraduacao\/biociencias-biotecnologia\/wp-content\/uploads\/sites\/12\/2023\/05\/nebbio-gestao-2022-300x300.jpg 300w, https:\/\/uenf.br\/posgraduacao\/biociencias-biotecnologia\/wp-content\/uploads\/sites\/12\/2023\/05\/nebbio-gestao-2022-150x150.jpg 150w, https:\/\/uenf.br\/posgraduacao\/biociencias-biotecnologia\/wp-content\/uploads\/sites\/12\/2023\/05\/nebbio-gestao-2022-600x600.jpg 600w, https:\/\/uenf.br\/posgraduacao\/biociencias-biotecnologia\/wp-content\/uploads\/sites\/12\/2023\/05\/nebbio-gestao-2022.jpg 1079w\" sizes=\"auto, (max-width: 314px) 100vw, 314px\" \/><\/div>\n<div dir=\"auto\"><\/div>\n<div dir=\"auto\">\n<p><strong><span style=\"color: #036fa8\"><a style=\"color: #036fa8\" href=\"https:\/\/uenf.br\/posgraduacao\/biociencias-biotecnologia\/wp-content\/uploads\/sites\/12\/2023\/04\/NEBBIO-cargos-gestao-2019-a-2021.pdf\">NEBBIO cargos gest\u00e3o 2019 a 2021<\/a><\/span><\/strong><\/p>\n<p style=\"text-align: center\"><span style=\"color: #036fa8\"><em><strong>Equipe NEBBIO Gest\u00e3o 2019 &#8211; 2021<\/strong><\/em><\/span><img loading=\"lazy\" decoding=\"async\" class=\"wp-image-2675 aligncenter\" src=\"https:\/\/uenf.br\/posgraduacao\/biociencias-biotecnologia\/wp-content\/uploads\/sites\/12\/2023\/05\/NEBBIO1-300x202.jpg\" alt=\"\" width=\"364\" height=\"245\" srcset=\"https:\/\/uenf.br\/posgraduacao\/biociencias-biotecnologia\/wp-content\/uploads\/sites\/12\/2023\/05\/NEBBIO1-300x202.jpg 300w, https:\/\/uenf.br\/posgraduacao\/biociencias-biotecnologia\/wp-content\/uploads\/sites\/12\/2023\/05\/NEBBIO1-1024x688.jpg 1024w, https:\/\/uenf.br\/posgraduacao\/biociencias-biotecnologia\/wp-content\/uploads\/sites\/12\/2023\/05\/NEBBIO1-768x516.jpg 768w, https:\/\/uenf.br\/posgraduacao\/biociencias-biotecnologia\/wp-content\/uploads\/sites\/12\/2023\/05\/NEBBIO1-1536x1032.jpg 1536w, https:\/\/uenf.br\/posgraduacao\/biociencias-biotecnologia\/wp-content\/uploads\/sites\/12\/2023\/05\/NEBBIO1-2048x1377.jpg 2048w\" sizes=\"auto, (max-width: 364px) 100vw, 364px\" \/><\/p>\n<\/div>\n<div dir=\"auto\"><\/div>\n<div dir=\"auto\">____________________________________________________________________________________<\/div>\n<div dir=\"auto\" style=\"text-align: center\"><span style=\"color: #036fa8\"><em><strong>Equipe NEBBIO Gest\u00e3o 2024 &#8211; 2025<\/strong><\/em><\/span><\/div>\n<div dir=\"auto\" style=\"text-align: center\"><img loading=\"lazy\" decoding=\"async\" class=\"size-medium wp-image-3822 aligncenter\" src=\"https:\/\/uenf.br\/posgraduacao\/biociencias-biotecnologia\/wp-content\/uploads\/sites\/12\/2024\/11\/8BB8F1E9-D7D5-44D5-8715-02E0AA7C588C-1-296x300.jpg\" alt=\"\" width=\"296\" height=\"300\" srcset=\"https:\/\/uenf.br\/posgraduacao\/biociencias-biotecnologia\/wp-content\/uploads\/sites\/12\/2024\/11\/8BB8F1E9-D7D5-44D5-8715-02E0AA7C588C-1-296x300.jpg 296w, https:\/\/uenf.br\/posgraduacao\/biociencias-biotecnologia\/wp-content\/uploads\/sites\/12\/2024\/11\/8BB8F1E9-D7D5-44D5-8715-02E0AA7C588C-1.jpg 414w\" sizes=\"auto, (max-width: 296px) 100vw, 296px\" \/><\/div>\n<div dir=\"auto\" style=\"text-align: center\"><img loading=\"lazy\" decoding=\"async\" class=\"size-medium wp-image-3821 aligncenter\" src=\"https:\/\/uenf.br\/posgraduacao\/biociencias-biotecnologia\/wp-content\/uploads\/sites\/12\/2024\/11\/8C295AEB-3139-4FA9-B1F9-C136891257A7-1-300x217.jpg\" alt=\"\" width=\"300\" height=\"217\" srcset=\"https:\/\/uenf.br\/posgraduacao\/biociencias-biotecnologia\/wp-content\/uploads\/sites\/12\/2024\/11\/8C295AEB-3139-4FA9-B1F9-C136891257A7-1-300x217.jpg 300w, https:\/\/uenf.br\/posgraduacao\/biociencias-biotecnologia\/wp-content\/uploads\/sites\/12\/2024\/11\/8C295AEB-3139-4FA9-B1F9-C136891257A7-1.jpg 398w\" sizes=\"auto, (max-width: 300px) 100vw, 300px\" \/><\/div>\n<div dir=\"auto\" style=\"text-align: center\"><span style=\"color: #036fa8\"><em><strong>\u00a0<\/strong><\/em><\/span><\/div>\n<div dir=\"auto\" style=\"text-align: center\"><span style=\"color: #036fa8\"><em><strong>Equipe NEBBIO Gest\u00e3o 2021 &#8211; 2022\u00a0<\/strong><\/em><\/span><\/div>\n<div dir=\"auto\"><img loading=\"lazy\" decoding=\"async\" class=\" wp-image-2683 aligncenter\" src=\"https:\/\/uenf.br\/posgraduacao\/biociencias-biotecnologia\/wp-content\/uploads\/sites\/12\/2023\/05\/nebbio-gestao-2022-300x300.jpg\" alt=\"\" width=\"314\" height=\"314\" srcset=\"https:\/\/uenf.br\/posgraduacao\/biociencias-biotecnologia\/wp-content\/uploads\/sites\/12\/2023\/05\/nebbio-gestao-2022-300x300.jpg 300w, https:\/\/uenf.br\/posgraduacao\/biociencias-biotecnologia\/wp-content\/uploads\/sites\/12\/2023\/05\/nebbio-gestao-2022-150x150.jpg 150w, https:\/\/uenf.br\/posgraduacao\/biociencias-biotecnologia\/wp-content\/uploads\/sites\/12\/2023\/05\/nebbio-gestao-2022-600x600.jpg 600w, https:\/\/uenf.br\/posgraduacao\/biociencias-biotecnologia\/wp-content\/uploads\/sites\/12\/2023\/05\/nebbio-gestao-2022.jpg 1079w\" sizes=\"auto, (max-width: 314px) 100vw, 314px\" \/><\/div>\n<div dir=\"auto\"><\/div>\n<div dir=\"auto\"><\/div>\n<p style=\"text-align: center\"><span style=\"color: #036fa8\"><em><strong>Equipe NEBBIO Gest\u00e3o 2019 &#8211; 2021<\/strong><\/em><\/span><img loading=\"lazy\" decoding=\"async\" class=\"wp-image-2675 aligncenter\" src=\"https:\/\/uenf.br\/posgraduacao\/biociencias-biotecnologia\/wp-content\/uploads\/sites\/12\/2023\/05\/NEBBIO1-300x202.jpg\" alt=\"\" width=\"364\" height=\"245\" srcset=\"https:\/\/uenf.br\/posgraduacao\/biociencias-biotecnologia\/wp-content\/uploads\/sites\/12\/2023\/05\/NEBBIO1-300x202.jpg 300w, https:\/\/uenf.br\/posgraduacao\/biociencias-biotecnologia\/wp-content\/uploads\/sites\/12\/2023\/05\/NEBBIO1-1024x688.jpg 1024w, https:\/\/uenf.br\/posgraduacao\/biociencias-biotecnologia\/wp-content\/uploads\/sites\/12\/2023\/05\/NEBBIO1-768x516.jpg 768w, https:\/\/uenf.br\/posgraduacao\/biociencias-biotecnologia\/wp-content\/uploads\/sites\/12\/2023\/05\/NEBBIO1-1536x1032.jpg 1536w, https:\/\/uenf.br\/posgraduacao\/biociencias-biotecnologia\/wp-content\/uploads\/sites\/12\/2023\/05\/NEBBIO1-2048x1377.jpg 2048w\" sizes=\"auto, (max-width: 364px) 100vw, 364px\" \/><\/p>\n<p style=\"text-align: center\">\n","protected":false},"excerpt":{"rendered":"<p>O N\u00facleo de Estudos em Bioci\u00eancias e Biotecnologia (NEBBIO) criado em 29\/07\/2019, pelos discentes do Programa de P\u00f3s-gradua\u00e7\u00e3o em Bioci\u00eancias&#8230;<\/p>\n","protected":false},"author":25,"featured_media":0,"parent":0,"menu_order":9,"comment_status":"closed","ping_status":"closed","template":"","meta":{"footnotes":""},"class_list":["post-1188","page","type-page","status-publish","hentry"],"_links":{"self":[{"href":"https:\/\/uenf.br\/posgraduacao\/biociencias-biotecnologia\/wp-json\/wp\/v2\/pages\/1188","targetHints":{"allow":["GET"]}}],"collection":[{"href":"https:\/\/uenf.br\/posgraduacao\/biociencias-biotecnologia\/wp-json\/wp\/v2\/pages"}],"about":[{"href":"https:\/\/uenf.br\/posgraduacao\/biociencias-biotecnologia\/wp-json\/wp\/v2\/types\/page"}],"author":[{"embeddable":true,"href":"https:\/\/uenf.br\/posgraduacao\/biociencias-biotecnologia\/wp-json\/wp\/v2\/users\/25"}],"replies":[{"embeddable":true,"href":"https:\/\/uenf.br\/posgraduacao\/biociencias-biotecnologia\/wp-json\/wp\/v2\/comments?post=1188"}],"version-history":[{"count":0,"href":"https:\/\/uenf.br\/posgraduacao\/biociencias-biotecnologia\/wp-json\/wp\/v2\/pages\/1188\/revisions"}],"wp:attachment":[{"href":"https:\/\/uenf.br\/posgraduacao\/biociencias-biotecnologia\/wp-json\/wp\/v2\/media?parent=1188"}],"curies":[{"name":"wp","href":"https:\/\/api.w.org\/{rel}","templated":true}]}}