{"id":1233,"date":"2020-07-31T18:00:53","date_gmt":"2020-07-31T21:00:53","guid":{"rendered":"http:\/\/uenf.br\/posgraduacao\/biociencias-biotecnologia\/?page_id=1233"},"modified":"2025-09-03T09:16:19","modified_gmt":"2025-09-03T12:16:19","slug":"ano-2019","status":"publish","type":"page","link":"https:\/\/uenf.br\/posgraduacao\/biociencias-biotecnologia\/teses-defendidas\/ano-2019\/","title":{"rendered":"Ano 2019"},"content":{"rendered":"<p><strong>TESE DE DOUTORADO<\/strong><\/p>\n<ul>\n<li>Clique no autor para acessar a tese completa<\/li>\n<\/ul>\n<p>_______________________________________________________________________<\/p>\n<p><strong>1- <a href=\"https:\/\/uenf.br\/posgraduacao\/biociencias-biotecnologia\/wp-content\/uploads\/sites\/12\/2020\/07\/Tese-Rajesh.pdf\">Rajesh Kumar Gazara<\/a><\/strong><\/p>\n<p><strong>Data:<\/strong> 18\/02\/2019<\/p>\n<p><strong>T\u00edtulo:<\/strong> \u201cAnalysis of the GID1 family of gibberellin receptors in land plants and elucidation ofgibberellin-driven transcriptional programs during soybean (Glycine max)germination.\u201d<\/p>\n<p><strong>Orientador:<\/strong> Dr. Thiago Motta Venancio \u2013 LQFPP\/CBB<\/p>\n<p><strong>Banca:<\/strong><br \/>\nDr. Robson Francisco de Souza\u2013 LEEP\/ICB\/USP<br \/>\nDr. Gon\u00e7alo Apolin\u00e1rio de Souza Filho \u2013 UENF<br \/>\nDr<sup>a<\/sup>K\u00e1tia ValevskiSales Fernandes \u2013 UENF<br \/>\nDr. Rodrigo Nunes da Fonseca \u2013 NUPEM\/UFRJ<\/p>\n<p>_______________________________________________________________________<\/p>\n<p><strong>2- <a href=\"https:\/\/uenf.br\/posgraduacao\/biociencias-biotecnologia\/wp-content\/uploads\/sites\/12\/2020\/07\/Tese-Saulo.pdf\">Saulo Pireda Fernandes<\/a><br \/>\n<\/strong><br \/>\n<strong>Data:<\/strong> 22\/02\/2019<strong><br \/>\n<\/strong><br \/>\n<strong>T\u00edtulo:<\/strong> \u201cATRIBUTOS FUNCIONAIS DA FOLHA E DO LENHO DE ESP\u00c9CIES VEGETAIS CO- OCORRENTES EM ECOSSISTEMAS DE RESTINGA E FLORESTA ESTACIONAL SEMIDECIDUAL.\u201d<br \/>\n<strong><br \/>\nOrientador:<\/strong> Dr\u00aa Maura da Cunha \u2013 LBCT\/CBB<br \/>\n<strong><br \/>\nBanca:<\/strong><br \/>\nDr. F\u00e1bio Lopes Olivares \u2013 UENF<br \/>\nDr\u00aa Claudete Santa-Catarina \u2013 UENF<br \/>\nDr\u00aa Germana Bueno Dias \u00a0\u2013 UFRR<\/p>\n<p>______________________________________________________________________<\/p>\n<p><strong>3- <a href=\"https:\/\/uenf.br\/posgraduacao\/biociencias-biotecnologia\/wp-content\/uploads\/sites\/12\/2020\/07\/Tese-LAIS-versao-final-1.zip\">\u00a0La\u00eds Pessanha de Carvalho\u00a0<\/a><\/strong><\/p>\n<p><strong>Data:<\/strong> 22\/03\/2019<\/p>\n<p><strong>T\u00edtulo:<\/strong>\u201cInfec\u00e7\u00e3o com <em>Trypanosoma cruzi in vitro <\/em>como modelo de estudo da toxicologia celular de metais.\u201d<\/p>\n<p><strong>Orientador: <\/strong>Dr. Ed\u00e9sio Jos\u00e9 Ten\u00f3rio de Melo \u2013 LBCT\/CBB<\/p>\n<p><strong>Banca:<\/strong><\/p>\n<p>Dr\u00aa Valdirene Moreira Gomes \u2013 UENF<\/p>\n<p>Dr\u00aaAntoniaElenirAmancio Oliveira \u2013 UENF<\/p>\n<p>Dr\u00aaTha\u00edsa Lucas Sandri \u2013 Inst. de Medic. Tropical\/Alemanha<\/p>\n<p>_______________________________________________________________________<\/p>\n<p><strong>4- <a href=\"https:\/\/uenf.br\/posgraduacao\/biociencias-biotecnologia\/wp-content\/uploads\/sites\/12\/2020\/07\/TESE-VERSAO-gabriel.pdf\">\u00a0Gabriel Rabello de Abreu Cabral<\/a><\/strong><\/p>\n<p><strong>Data: <\/strong>22\/02\/2019<\/p>\n<p><strong>T\u00edtulo: <\/strong>\u201cParadigma \u00f3xido n\u00edtrico sintase induzida versus arginase1 em distintas linhagens de macr\u00f3fagos infectadas com <em>Toxoplasma gondii<\/em>.\u201d<\/p>\n<p><strong>Orientador: <\/strong>Dr. Renato Augusto DaMatta \u2013 LBCT\/CBB<\/p>\n<p><strong>Banca:<\/strong><\/p>\n<p>Dr\u00aa Alba Luc\u00ednia Peixoto Rangel\u2013 UENF<\/p>\n<p>Dr. Milton Masahiko Kanashiro \u2013 UENF<\/p>\n<p>Dr\u00aa Suzana Passos Chaves\u2013 UFRJ\/Maca\u00e9<\/p>\n<p>_______________________________________________________________________<\/p>\n<p><strong>5- <a href=\"https:\/\/uenf.br\/posgraduacao\/biociencias-biotecnologia\/wp-content\/uploads\/sites\/12\/2020\/07\/Tese-Doutorado-Leide-Laura-Figueiredo-Maciel-Vers\u00e3o-final-com-ficha-catalogr\u00e1fica.pdf\">Leide Laura Figueiredo Maciel\u00a0<\/a><\/strong><\/p>\n<p><strong> Data: <\/strong>26\/04\/2019<\/p>\n<p><strong>T\u00edtulo: <\/strong>\u201cAvalia\u00e7\u00e3o da Atividade Antineopl\u00e1sica de Compostos de Coordena\u00e7\u00e3o de Platina (II) e de Cobre (II).\u201d<\/p>\n<p><strong>Orientador: <\/strong>Dr. Jo\u00e3o Carlos de Aquino Almeida \u2013 LFBM\/CBB<\/p>\n<p><strong>Banca:<\/strong><\/p>\n<p>Dr\u00aa Anna LvovnaOkorokova Fa\u00e7anha\u2013 UENF<\/p>\n<p>Dr\u00aaSamila Ribeiro Morcelli \u2013 SEDU\/ES<\/p>\n<p>Dr\u00aa Tha\u00eds Rigueti Brasil Borges\u2013 UENF\/CEDERJ<\/p>\n<p>_______________________________________________________________________<\/p>\n<p><strong>6- <a href=\"https:\/\/uenf.br\/posgraduacao\/biociencias-biotecnologia\/wp-content\/uploads\/sites\/12\/2020\/07\/Vargas-2019-Rela\u00e7\u00f5es-h\u00eddricas-em-ovos-de-hex\u00e1podas.pdf\">Helena Carolina Martins Vargas<\/a><\/strong><\/p>\n<p><strong>Data:<\/strong> 27\/05\/2019<\/p>\n<p><strong>T\u00edtulo: <\/strong>\u201cRela\u00e7\u00f5es h\u00eddricas hex\u00e1podas: A prote\u00e7\u00e3o contra a perda de \u00e1gua em ovos conferida pelo gene <em>elovl-4 <\/em>em <em>Triboliumcastaneum<\/em>(Coleoptera: Tenebrionidae) e pela cut\u00edcula blastodermal em <em>Orchesellacincta<\/em>(Collembola: Entomobrydae) e <em>Folsomiac\u00e2ndida<\/em>(Collembola: Isotomidae).\u201d<\/p>\n<p><strong>Orientador:<\/strong>Dr. Gustavo Lazzaro Rezende \u2013 LQFPP\/CBB<\/p>\n<p><strong>Banca:<\/strong><\/p>\n<p>Dr. Jos\u00e9 Roberto da Silva\u2013 UFRJ\/MACA\u00c9<\/p>\n<p>Dr\u00aa Olga Lima Tavares Machado \u2013 UENF<\/p>\n<p>Dr. Thiago Motta Venancio\u2013 UENF<\/p>\n<p>_______________________________________________________________________<\/p>\n<p><strong>7-\u00a0 <a href=\"https:\/\/uenf.br\/posgraduacao\/biociencias-biotecnologia\/wp-content\/uploads\/sites\/12\/2020\/07\/TESE-CORRIGIDO-BANCA-PRONTA-PARA-CD-pdf.pdf\">Juc\u00e9lia da Silva Ara\u00fajo<\/a>\u00a0\u00a0<\/strong><\/p>\n<p><strong>Data:<\/strong> 28\/05\/2019<\/p>\n<p><strong>T\u00edtulo: \u201c<\/strong>ISOLAMENTO E CARACTERIZA\u00c7\u00c3O DE ALBUMINAS 2S DE SEMENTES DE CRAMBE (CAMBRE ABYSSINICA HOCHST) E AVALIA\u00c7\u00c3O DAS PROPRIEDADES ALERG\u00caNICAS E POTENCIAL BIOTECNOL\u00d3GICO).\u201d<\/p>\n<p><strong>Orientador: <\/strong>Dr\u00aa Olga Lima Tavares Machado \u2013 LQFPP\/CBB<\/p>\n<p><strong>Banca:<\/strong><\/p>\n<p>Dr. Salvatore Giovanni de Simone \u2013 FIOCRUZ<\/p>\n<p>Dr. Renato Augusto DaMatta \u2013 UENF<\/p>\n<p>Dr\u00aa \u00c9rica de Oliveira Mello\u2013 UENF<\/p>\n<p>_______________________________________________________________________<\/p>\n<p><strong>8-\u00a0 <a href=\"https:\/\/uenf.br\/posgraduacao\/biociencias-biotecnologia\/wp-content\/uploads\/sites\/12\/2020\/07\/TeseJoao.pdf\">Jo\u00e3o Luiz de Almeida Filho<\/a> \u00a0<\/strong><\/p>\n<p><strong>Data:<\/strong> 29\/07\/2019<\/p>\n<p><strong>T\u00edtulo:<\/strong> \u201cRIGEL: PLATAFORMA EM NUVEM PARA APLICA\u00c7\u00d5ES BIOL\u00d3GICAS DE ALTO DESEMPENHO.\u201d<\/p>\n<p><strong>Orientador:<\/strong>Dr. Jorge Hernandez Fernandez\u2013 LQFPP\/CBB<\/p>\n<p><strong>Banca:<\/strong><\/p>\n<p>Dr\u00aaAnnabell Del Real Tamariz\u2013 UENF<\/p>\n<p>Dr. Evenilton Pessoa Costa \u2013 UFRJ\/Maca\u00e9<\/p>\n<p>Dr. Thiago Motta Ven\u00e2ncio\u2013 UENF<\/p>\n<p>_______________________________________________________________________<\/p>\n<p><strong>9- <a href=\"https:\/\/uenf.br\/posgraduacao\/biociencias-biotecnologia\/wp-content\/uploads\/sites\/12\/2020\/07\/tese-vers\u00e3o-final-Fl\u00e1via-Camila.pdf\">Fl\u00e1via Camila Vieira da Silva<\/a><\/strong><\/p>\n<p><strong>Data:<\/strong> 30\/07\/2019<\/p>\n<p><strong>T\u00edtulo: <\/strong>\u201cRela\u00e7\u00e3o entre estrutura e atividade biol\u00f3gica da prote\u00edna transportadora de lip\u00eddios de Vignaunguiculata L Walp, feij\u00e3o-de-corda:inibi\u00e7\u00e3o de \u03b1-amilase, do crescimento de fungos leveduriformes e descri\u00e7\u00e3o de amino\u00e1cidos determinantes para estas atividades.\u201d<\/p>\n<p><strong>Orientador:<\/strong> Dr. Andr\u00e9 de Oliveira Carvalho \u2013 LFBM\/CBB<\/p>\n<p><strong>Banca:<\/strong><\/p>\n<p>Dr\u00aa Anna LvovnaOkorokova Fa\u00e7anha \u2013 UENF<\/p>\n<p>Dr. Francisco Jos\u00e9 Alves Lemos \u2013 UENF<\/p>\n<p>Dr\u00aaDesiely Silva Gusm\u00e3o\u2013 IFF<\/p>\n<p>_______________________________________________________________________<\/p>\n<p><strong>10-\u00a0 <a href=\"https:\/\/uenf.br\/posgraduacao\/biociencias-biotecnologia\/wp-content\/uploads\/sites\/12\/2020\/07\/Tese-de-doutorado-Graziele-Fonseca-de-Sousa.pdf\">Graziele Fonseca de Sousa<\/a> \u00a0<\/strong><\/p>\n<p><strong>Data:<\/strong> 26\/09\/2019<\/p>\n<p><strong>T\u00edtulo: <\/strong>\u201cMECANISMOS CELULARES ENVOLVIDOS NO EFEITO NEUROPROTETOR DOGLICOSAMINOGLICANO DERMATAN SULFATO DE ASC\u00cdDIAS EM MODELO <em>in vitro<\/em>.\u201d<\/p>\n<p><strong>Orientador:<\/strong><\/p>\n<p>Dr\u00aa Cintia Monteiro de Barros \u2013 UFRJ\/MACA\u00c9<\/p>\n<p>Dr. Arthur GiraldiGuimar\u00e3es \u2013 LBCT\/UENF<\/p>\n<p><strong>Banca:<\/strong><\/p>\n<p>Dr.Mauro S\u00e9rgio Gon\u00e7alves Pav\u00e3o \u2013 UFRJ<\/p>\n<p>Dr. Henrique Rocha Mendon\u00e7a \u2013 UFRJ<\/p>\n<p>Dr. Renato Augusto DaMatta \u2013 LBCT\/UENF<\/p>\n<p>_______________________________________________________________________<\/p>\n<p><strong>11-\u00a0 <a href=\"https:\/\/uenf.br\/posgraduacao\/biociencias-biotecnologia\/wp-content\/uploads\/sites\/12\/2020\/07\/Tese-PGBB-Andreza-Linhares-Rezende.pdf\">\u00a0Andreza Linhares Rezende<\/a> \u00a0<\/strong><\/p>\n<p><strong>Data:<\/strong> 11\/12\/2019<\/p>\n<p><strong>T\u00edtulo: <\/strong>\u201cPapel das Metaloproteinases de Matriz na patogenia da tuberculose pulmonar: um potencial alvo para interven\u00e7\u00e3o terap\u00eautica.\u201d<\/p>\n<p><strong>Orientador:<\/strong> Dr\u00aaElena Lassounskaia\u2013 UENF<\/p>\n<p><strong>Banca:<\/strong><\/p>\n<p>Dr\u00aa Andrea Cristina Vet\u00f6Arnholdt\u2013 UENF<\/p>\n<p>Dr. Eul\u00f3gio Carlos Queiroz de Carvalho \u2013 UENF<\/p>\n<p>Dr\u00aa Michelle Fraz\u00e3o Muzitano \u2013 UFRJ<\/p>\n<p>_______________________________________________________________________<\/p>\n<p><strong>12-\u00a0 <a href=\"https:\/\/uenf.br\/posgraduacao\/biociencias-biotecnologia\/wp-content\/uploads\/sites\/12\/2020\/07\/Tese_Rodrigo-feitozaFINAL.pdf\">Rodrigo Barbosa Braga Feitoza<\/a><\/strong><\/p>\n<p><strong>Data:<\/strong> <strong>17\/12\/2019<\/strong><\/p>\n<p><strong>T\u00edtulo: &#8220;AVALIA\u00c7\u00c3O DO POTENCIAL ALELOP\u00c1TICO DE\u00a0<em>Urochloahumidicola<\/em>\u00a0(RENDLE) MORRONE &amp; ZULOAGA.\u201d<\/strong><\/p>\n<p><strong>Orientador:<\/strong><\/p>\n<p>Dr\u00aaMaura da Cunha\u2013 UENF<\/p>\n<p>Dr\u00aa Helena Regina Pinto Lima (UFRRJ) \u2013 Co-orientadora<\/p>\n<p><strong>Banca:<\/strong><\/p>\n<p>Dr\u00aaSarah Christina Caldas Oliveira\u2013 UnB<\/p>\n<p>Dr\u00aa K\u00e1tia Valevski Sales Fernandes \u2013 UENF\/LQFPP<\/p>\n<p>Dr\u00aaDulce Gilson Mantuano \u2013 UFRJ<\/p>\n<p>_______________________________________________________________________<\/p>\n<p><strong>13- <a href=\"https:\/\/uenf.br\/posgraduacao\/biociencias-biotecnologia\/wp-content\/uploads\/sites\/12\/2025\/09\/RAUL-FERRAZ-ARRUDA.pdf\">RAUL FERRAZ ARRUDA<\/a><\/strong><\/p>\n<p><strong>Data:<\/strong> 20\/12\/2019<\/p>\n<p><strong>T\u00edtulo: <\/strong>&#8220;An\u00e1lise da A\u00e7\u00e3o de derivados com atividade quimioter\u00e1pica sobre os Sistemas Transdutores de Energia na Conten\u00e7\u00e3o do Processo de Met\u00e1stase.&#8221;<\/p>\n<p><strong>Orientador:<\/strong><\/p>\n<p>Dr. Arnoldo Rocha Fa\u00e7anha\u2013 UENF<\/p>\n<p>Dr. Adolfo Horn Junior \u2013 UENF \u2013 Co-orientador<\/p>\n<p><strong>Banca:<\/strong><\/p>\n<p>Dr. Wagner da Silva Terra\u2013 IFF<\/p>\n<p>Dr. Andr\u00e9 Lacerda de Abreu Oliveira \u2013 UENF\/CCTA<\/p>\n<p>Dr. Hassan Jerdy Leandro \u2013 UFRJ<\/p>\n<p>&nbsp;<\/p>\n","protected":false},"excerpt":{"rendered":"<p>TESE DE DOUTORADO Clique no autor para acessar a tese completa _______________________________________________________________________ 1- Rajesh Kumar Gazara Data: 18\/02\/2019 T\u00edtulo: \u201cAnalysis&#8230;<\/p>\n","protected":false},"author":25,"featured_media":0,"parent":1229,"menu_order":0,"comment_status":"closed","ping_status":"closed","template":"","meta":{"footnotes":""},"class_list":["post-1233","page","type-page","status-publish","hentry"],"_links":{"self":[{"href":"https:\/\/uenf.br\/posgraduacao\/biociencias-biotecnologia\/wp-json\/wp\/v2\/pages\/1233","targetHints":{"allow":["GET"]}}],"collection":[{"href":"https:\/\/uenf.br\/posgraduacao\/biociencias-biotecnologia\/wp-json\/wp\/v2\/pages"}],"about":[{"href":"https:\/\/uenf.br\/posgraduacao\/biociencias-biotecnologia\/wp-json\/wp\/v2\/types\/page"}],"author":[{"embeddable":true,"href":"https:\/\/uenf.br\/posgraduacao\/biociencias-biotecnologia\/wp-json\/wp\/v2\/users\/25"}],"replies":[{"embeddable":true,"href":"https:\/\/uenf.br\/posgraduacao\/biociencias-biotecnologia\/wp-json\/wp\/v2\/comments?post=1233"}],"version-history":[{"count":0,"href":"https:\/\/uenf.br\/posgraduacao\/biociencias-biotecnologia\/wp-json\/wp\/v2\/pages\/1233\/revisions"}],"up":[{"embeddable":true,"href":"https:\/\/uenf.br\/posgraduacao\/biociencias-biotecnologia\/wp-json\/wp\/v2\/pages\/1229"}],"wp:attachment":[{"href":"https:\/\/uenf.br\/posgraduacao\/biociencias-biotecnologia\/wp-json\/wp\/v2\/media?parent=1233"}],"curies":[{"name":"wp","href":"https:\/\/api.w.org\/{rel}","templated":true}]}}