{"id":1261,"date":"2020-07-31T19:21:23","date_gmt":"2020-07-31T22:21:23","guid":{"rendered":"http:\/\/uenf.br\/posgraduacao\/biociencias-biotecnologia\/?page_id=1261"},"modified":"2025-09-03T09:22:54","modified_gmt":"2025-09-03T12:22:54","slug":"ano-2018","status":"publish","type":"page","link":"https:\/\/uenf.br\/posgraduacao\/biociencias-biotecnologia\/teses-defendidas\/ano-2018\/","title":{"rendered":"Ano 2018"},"content":{"rendered":"<p><strong>TESE DE DOUTORADO<\/strong><\/p>\n<ul>\n<li>Clique no autor para acessar a tese completa<\/li>\n<\/ul>\n<p><strong>1- Kathlyn Vasconcelos Gevu<\/strong><\/p>\n<p><strong>Data: <\/strong>20\/02\/2018<\/p>\n<p><strong>T\u00edtulo: <\/strong>\u201cAn\u00e1lise estrutural, qu\u00edmica e biol\u00f3gica dos \u00f3rg\u00e3os vegetativos de esp\u00e9cies de\u00a0<em>Renealmia<\/em>\u00a0L. f. ocorrentes nas regi\u00f5es Sudeste e Norte do Brasil..\u201d<\/p>\n<p><strong>Orientador:<\/strong><\/p>\n<p>Dr. Maura da Cunha \u2013 LBCT\/CBB<\/p>\n<p>Dr\u00aa Helena Regina Pinto Lima (Co-orientadora)<\/p>\n<p><strong>Banca:<\/strong><\/p>\n<p>HELENA REGINA PINTO LIMA<\/p>\n<p>ROSANA RODRIGUES<\/p>\n<p>CLAUDIA FRANCA BARROS<\/p>\n<p>VALDIRENE MOREIRA GOMES<\/p>\n<p>_______________________________________________________________________<\/p>\n<p><strong>2- <a href=\"https:\/\/uenf.br\/posgraduacao\/biociencias-biotecnologia\/wp-content\/uploads\/sites\/12\/2020\/07\/thais.pdf\">Tha\u00eds Pacheco Soares<\/a><\/strong><\/p>\n<p><strong>Data:<\/strong>21\/02\/2018<\/p>\n<p><strong>T\u00edtulo: <\/strong>\u201cAVALIA\u00c7\u00c3O BIOL\u00d3GICA DE PROTE\u00cdNA RECOMBINANTE MUTANTE DE\u00a0<em>RicinusCommunis<\/em>: (mrRic c 1) PARA O DESENVOLVIMENTO DE\u00a0\u00a0IMUNOTERAPIA AL\u00c9RGENO-ESPEC\u00cdFICA.\u201d<\/p>\n<p>Orientador:Dr\u00aa Olga Lima Tavares Machado \u2013 LQFPP\/CBB<\/p>\n<p><strong>Banca:<\/strong><\/p>\n<p>BRUNO LOURENCO DIAZ<\/p>\n<p>MILTON MASAHIKO KANASHIRO<\/p>\n<p>GUSTAVO LAZZARO REZENDE<\/p>\n<p>______________________________________________________________________<\/p>\n<p><strong>3- <a href=\"https:\/\/uenf.br\/posgraduacao\/biociencias-biotecnologia\/wp-content\/uploads\/sites\/12\/2020\/07\/Warlen-Silva-da-Costa-2018-Tese-de-doutorado-PGBB_UENF-1.pdf\">Warlen Silva da Costa\u00a0<\/a><\/strong><\/p>\n<p><strong>Data:<\/strong>21\/02\/2018<\/p>\n<p><strong>T\u00edtulo:<\/strong>\u201cDendrocronologia e Estrat\u00e9gias adaptativas do Lenho de Esp\u00e9cies Arb\u00f3reas em uma Floresta Ombr\u00f3fila Densa.\u201d<\/p>\n<p><strong>Orientador:<\/strong><\/p>\n<p>Dr\u00aaMaura da Cunha \u2013 LBCT\/CBB<\/p>\n<p>Dr\u00aa Cl\u00e1udia Franca Barros (Co-orientadora)<\/p>\n<p><strong>Banca:<\/strong><\/p>\n<p>CLAUDIA FRANCA BARROS<\/p>\n<p>KATIA VALEVSKI SALES FERNANDES<\/p>\n<p>ARNO FRITZ DAS NEVES BRANDES<\/p>\n<p>VALDIRENE MOREIRA GOMES<\/p>\n<p>______________________________________________________________________<\/p>\n<p><strong>4- <a href=\"https:\/\/uenf.br\/posgraduacao\/biociencias-biotecnologia\/wp-content\/uploads\/sites\/12\/2020\/07\/Domingues-Dalvania-2018-1.pdf\">Dalvania Pinho Domingues<\/a><\/strong><\/p>\n<p><strong>Data:<\/strong>26\/02\/2018<\/p>\n<p><strong>T\u00edtulo: <\/strong>\u201cAn\u00e1lise da express\u00e3o de cinco cDNAs de inibidores de tripsina do tipo Kunitz envolvidos na resposta de defesa do maracujazeiro (<em>Passiflora edulis<\/em>\u00a0Sims) via jasmonatos.\u201d<\/p>\n<p><strong>Orientador:<\/strong><\/p>\n<p>Dr\u00aaT\u00e2nia Jacinto F. da Silva\u2013LBT\/CBB(N\u00e3o compareceu)<\/p>\n<p>Dr. Arnoldo Rocha Fa\u00e7anha \u2013 LBCT\/CBB (Presidente)<\/p>\n<p><strong>Banca:<\/strong><\/p>\n<p>VICTOR PAULO MESQUITA ARAGAO<\/p>\n<p>JOAO CARLOS DE AQUINO ALMEIDA<\/p>\n<p>HERIKA CHAGAS MADUREIRA<\/p>\n<p>_______________________________________________________________________<\/p>\n<p><strong>5- <a href=\"https:\/\/uenf.br\/posgraduacao\/biociencias-biotecnologia\/wp-content\/uploads\/sites\/12\/2020\/07\/tese-Fernanda-Silva-de-Souza.pdf\">Fernanda Silva de Souza<\/a><\/strong><\/p>\n<p><strong>Data:<\/strong>28\/02\/2018<\/p>\n<p><strong>T\u00edtulo:<\/strong>\u201cAtividade de ectoATPases em subpopula\u00e7\u00f5es de fosfatidilserina de\u00a0<em>Toxoplasma gondii<\/em>\u00a0e seu efeito na produ\u00e7\u00e3o de \u00f3xido n\u00edtrico em macr\u00f3fagos murinos ativados.\u201d<\/p>\n<p><strong>Orientador:<\/strong>Dr. Renato Augusto DaMatta \u2013 LBCT\/CBB<\/p>\n<p><strong>Banca:<\/strong><\/p>\n<p>SUZANA PASSOS CHAVES<\/p>\n<p>MILTON MASAHIKO KANASHIRO<\/p>\n<p>ALBA LUCINIA PEIXOTO RANGEL GAMA<\/p>\n<p>______________________________________________________________________<\/p>\n<p><strong>6- <a href=\"https:\/\/uenf.br\/posgraduacao\/biociencias-biotecnologia\/wp-content\/uploads\/sites\/12\/2020\/07\/Tese_Filipe_FINAL.pdf\">Filipe Pereira Mateolli_<\/a> \u00a0<\/strong><\/p>\n<p><strong>Data:<\/strong>26\/03\/2018<\/p>\n<p><strong>T\u00edtulo:<\/strong>\u201cGen\u00f4mica de bact\u00e9rias promotoras do crescimento vegetal isoladas deVermicompostos.\u201d<\/p>\n<p><strong>Orientador:<\/strong><\/p>\n<p>Dr. Thiago Motta Ven\u00e2ncio \u2013 LQFPP\/CBB<\/p>\n<p>Dr. F\u00e1bio Lopes Olivares \u2013 LBCT\/CBB<\/p>\n<p><strong>Banca:<\/strong><\/p>\n<p>RENATO AUGUSTO DAMATTA<\/p>\n<p>FABIO LOPES OLIVARES<\/p>\n<p>JOSE ROBERTO DA SILVA<\/p>\n<p>MARILIA AMORIM BERBERT DE MOLINA<\/p>\n<p>_____________________________________________________________________<\/p>\n<p><strong>7- <a href=\"https:\/\/uenf.br\/posgraduacao\/biociencias-biotecnologia\/wp-content\/uploads\/sites\/12\/2020\/07\/TESE_JULIANA-DO-COUTO-VIEIRA-CARVALHO-DOS-SANTOS.pdf\">JULIANA DO COUTO VIEIRA CARVALHO DOS SANTOS<\/a> \u00a0 \u00a0<\/strong><\/p>\n<p><strong>Data:<\/strong>27\/03\/2018<\/p>\n<p><strong>T\u00edtulo:<\/strong>\u201cEXPRESS\u00c3O DIFERENCIAL DAS ISOFORMAS DE SUBUNIDADE C DA V-ATPase NO CARCINOMA EPIDERM\u00d3IDE DE ES\u00d4FAGO.\u201d<\/p>\n<p><strong>Orientador: <\/strong>Dr. Arnoldo Rocha Fa\u00e7anha \u2013 LBCT\/CBB<\/p>\n<p><strong>Banca:<\/strong><\/p>\n<p>NATHALIA DE OLIVEIRA MEIRELES DA COSTA<\/p>\n<p>ELENA LASSOUNSKAIA<\/p>\n<p>THIAGO MOTTA VENANCIO<\/p>\n<p>_______________________________________________________________________<\/p>\n<p><strong>8- <a href=\"https:\/\/uenf.br\/posgraduacao\/biociencias-biotecnologia\/wp-content\/uploads\/sites\/12\/2020\/07\/Tese-DS-Maria-de-Fatima_encaminhado-\u00e0-banca.pdf\">Maria de F\u00e1tima dos Santos Sampaio<\/a><\/strong><\/p>\n<p><strong>Data:<\/strong>19\/04\/2018<\/p>\n<p><strong>T\u00edtulo:<\/strong>\u201cEfeito do transplante com c\u00e9lulas-tronco mesenquimais e mononucleares de medula \u00f3ssea na neuroplasticidade das proje\u00e7\u00f5es c\u00f3rtico-corticais e c\u00f3rtico-estriatais ap\u00f3s les\u00e3o cortical aguda e cr\u00f4nica.\u201d<\/p>\n<p><strong>Orientador:<\/strong><\/p>\n<p>Dr. Arthur GiraldiGuimar\u00e3es \u2013 LBCT\/CBB<\/p>\n<p>Dr. Norberto Cysne Coimbra (Co-orientador) &#8211; USP\/SP<\/p>\n<p><strong>Banca:<\/strong><\/p>\n<p>AMELIA MIRANDA GOMES RODRIGUES<\/p>\n<p>MARINETE PINHEIRO CARRERA<\/p>\n<p>NORBERTO CYSNE COIMBRA<\/p>\n<p>ANA BARBARA FREITAS RODRIGUES GODINHO<\/p>\n<p>_______________________________________________________________________<\/p>\n<p><strong>9- <a href=\"https:\/\/uenf.br\/posgraduacao\/biociencias-biotecnologia\/wp-content\/uploads\/sites\/12\/2020\/07\/gessika.pdf\">G\u00e9ssika Silva Souza<\/a><\/strong><\/p>\n<p><strong>Data:<\/strong>26\/04\/2018<\/p>\n<p><strong>T\u00edtulo:<\/strong>\u201cDesenho de um pept\u00eddeo sint\u00e9tico baseado no y-core da defensina de feij\u00e3o-de- corda (<em>Vignaunguiculata<\/em>\u00a0L. Walp.) e o estudo da intera\u00e7\u00e3o desse pept\u00eddeo com promastigotas de\u00a0<em>Leishmaniaamazonensis<\/em>.\u201d<\/p>\n<p><strong>Orientador:<\/strong>Dr. Andr\u00e9 de Oliveira carvalho \u2013 LFBM\/CBB<\/p>\n<p><strong>Banca:<\/strong><\/p>\n<p>DESIELY SILVA GUSMAO TAOUIL<\/p>\n<p>VICTOR MARTIN QUINTANA FLORES<\/p>\n<p>MILTON MASAHIKO KANASHIRO<\/p>\n<p>_______________________________________________________________________<\/p>\n<p><strong>10-<a href=\"https:\/\/uenf.br\/posgraduacao\/biociencias-biotecnologia\/wp-content\/uploads\/sites\/12\/2020\/07\/Tese.PGBB_GLAZIELE-CAMPBELL-DA-SILVA..2018.pdf\">GLAZIELE CAMPBELL DA SILVA<\/a>\u00a0<\/strong><\/p>\n<p><strong>Data:<\/strong>25\/05\/2018<\/p>\n<p><strong>T\u00edtulo:<\/strong>Din\u00e2mica do crescimento radial do lenho de <em>Paratecoma peroba<\/em> (Record) Kuhlm. (Bignoniaceae) em Floresta Estacional Semidecidual.<\/p>\n<p><strong>Orientador:<\/strong><\/p>\n<p>Dr\u00aa Maura da Cunha\u00a0 \u2013 LBCT\/CBB<\/p>\n<p>Dr\u00aa C\u00e1tia Henriques Callado \u2013 UERJ<\/p>\n<p><strong>Banca:<\/strong><\/p>\n<p>CLAUDIA FRANCA BARROS<\/p>\n<p>TAHYSA MOTA MACEDO<\/p>\n<p>CATIA HENRIQUES CALLADO<\/p>\n<p>MARCELO TRINDADE NASCIMENTO<\/p>\n<p>_____________________________________________________________________<\/p>\n<p><strong>11-<a href=\"https:\/\/uenf.br\/posgraduacao\/biociencias-biotecnologia\/wp-content\/uploads\/sites\/12\/2020\/07\/Tese-de-doutorado_final_S\u00e2mella_Machado.pdf\">S\u00e2mella da Hora Machado<\/a><\/strong><\/p>\n<p><strong>Data:<\/strong>08\/07\/2018<\/p>\n<p><strong>T\u00edtulo:<\/strong>\u201cAN\u00c1LISE PROTE\u00d4MICA EM BACT\u00c9RIAS DO INTESTINO M\u00c9DIO DO MOSQUITO\u00a0<em>Aedes aegypti<\/em>\u00a0RESISTENTES AO ESTRESSE OXIDATIVO.\u201d<\/p>\n<p><strong>Orientador:<\/strong>Dr. Francisco Jos\u00e9 Alves Lemos\u00a0 \u2013 LBT\/CBB<\/p>\n<p><strong>Banca:<\/strong><\/p>\n<p>DESIELY SILVA GUSMAO TAOUIL<\/p>\n<p>MARILIA AMORIM BERBERT DE MOLINA<\/p>\n<p>JOSE ROBERTO DA SILVA<\/p>\n<p>_____________________________________________________________________<\/p>\n<p><strong>12-<a href=\"https:\/\/uenf.br\/posgraduacao\/biociencias-biotecnologia\/wp-content\/uploads\/sites\/12\/2020\/07\/Tese-Thiago-Barbosa-corrigida-24022019.pdf\"> Thiago Barbosa de Souza<\/a><\/strong><\/p>\n<p><strong>Data:<\/strong>07\/12\/2018<\/p>\n<p><strong>T\u00edtulo:<\/strong>\u201cASPECTOS FARMACOGEN\u00c9TICOS E EPIGEN\u00c9TICOS DO DESENVOLVIMENTO DEANTICORPOS INIBIDORES DO FATOR FVIII EM PORTADORES DE HEMOFILIA A.\u201d<\/p>\n<p><strong>Orientador:<\/strong>Dr. Enrique Medina-Acosta\u00a0 \u2013 LBT\/CBB<\/p>\n<p><strong>Banca:<\/strong><\/p>\n<p>GLAUBER MONTEIRO DIAS<\/p>\n<p>ANDREA CRISTINA VETO ARNHOLDT<\/p>\n<p>ANTONIO JESUS DORIGHETTO COGO<\/p>\n<p>ENRIQUE MEDINA ACOSTA<\/p>\n<p>_______________________________________________________________________<\/p>\n<p><strong>13-<a href=\"https:\/\/uenf.br\/posgraduacao\/biociencias-biotecnologia\/wp-content\/uploads\/sites\/12\/2025\/09\/TESE-FERNANDA-TRINDADE.pdf\">FERNANDA GOMES TRINDADE<\/a><\/strong><\/p>\n<p><strong>Data:<\/strong>28\/12\/2018<\/p>\n<p><strong>T\u00edtulo:<\/strong>\u201cCARACTERIZA\u00c7\u00c3O ESTRUTURAL DE <em>WUNDERLICHIA AZULENSIS<\/em> MAGUIRE &amp; G. M. BARROSO (ASTERACEAE): ANATOMIA, COMPOSI\u00c7\u00c3O QU\u00cdMICA E ATIVIDADE BIOL\u00d3GICA\u201d<\/p>\n<p><strong>Orientador:<\/strong>D<span style=\"font-family: inherit;font-size: inherit\">r\u00aa Maura da Cunha\u2013 LBCT\/CBB<\/span><\/p>\n<p><strong>Banca:<\/strong><\/p>\n<p>HELENA REGINA PINTO LIMA<\/p>\n<p>TARSILA MARIA DA SILVA MORAES<\/p>\n<p>VALDIRENE MOREIRA GOMES<\/p>\n<p>______________________________________________________________________<\/p>\n","protected":false},"excerpt":{"rendered":"<p>TESE DE DOUTORADO Clique no autor para acessar a tese completa 1- Kathlyn Vasconcelos Gevu Data: 20\/02\/2018 T\u00edtulo: \u201cAn\u00e1lise estrutural,&#8230;<\/p>\n","protected":false},"author":25,"featured_media":0,"parent":1229,"menu_order":0,"comment_status":"closed","ping_status":"closed","template":"","meta":{"footnotes":""},"class_list":["post-1261","page","type-page","status-publish","hentry"],"_links":{"self":[{"href":"https:\/\/uenf.br\/posgraduacao\/biociencias-biotecnologia\/wp-json\/wp\/v2\/pages\/1261","targetHints":{"allow":["GET"]}}],"collection":[{"href":"https:\/\/uenf.br\/posgraduacao\/biociencias-biotecnologia\/wp-json\/wp\/v2\/pages"}],"about":[{"href":"https:\/\/uenf.br\/posgraduacao\/biociencias-biotecnologia\/wp-json\/wp\/v2\/types\/page"}],"author":[{"embeddable":true,"href":"https:\/\/uenf.br\/posgraduacao\/biociencias-biotecnologia\/wp-json\/wp\/v2\/users\/25"}],"replies":[{"embeddable":true,"href":"https:\/\/uenf.br\/posgraduacao\/biociencias-biotecnologia\/wp-json\/wp\/v2\/comments?post=1261"}],"version-history":[{"count":0,"href":"https:\/\/uenf.br\/posgraduacao\/biociencias-biotecnologia\/wp-json\/wp\/v2\/pages\/1261\/revisions"}],"up":[{"embeddable":true,"href":"https:\/\/uenf.br\/posgraduacao\/biociencias-biotecnologia\/wp-json\/wp\/v2\/pages\/1229"}],"wp:attachment":[{"href":"https:\/\/uenf.br\/posgraduacao\/biociencias-biotecnologia\/wp-json\/wp\/v2\/media?parent=1261"}],"curies":[{"name":"wp","href":"https:\/\/api.w.org\/{rel}","templated":true}]}}