{"id":1263,"date":"2020-07-31T19:22:11","date_gmt":"2020-07-31T22:22:11","guid":{"rendered":"http:\/\/uenf.br\/posgraduacao\/biociencias-biotecnologia\/?page_id=1263"},"modified":"2023-10-18T00:13:30","modified_gmt":"2023-10-18T03:13:30","slug":"ano-2017","status":"publish","type":"page","link":"https:\/\/uenf.br\/posgraduacao\/biociencias-biotecnologia\/teses-defendidas\/ano-2017\/","title":{"rendered":"Ano 2017"},"content":{"rendered":"<p><strong>TESE DE DOUTORADO<\/strong><\/p>\n<ul>\n<li>Clique no autor para acessar a tese completa<\/li>\n<\/ul>\n<p><strong>1-<a href=\"https:\/\/uenf.br\/posgraduacao\/biociencias-biotecnologia\/wp-content\/uploads\/sites\/12\/2020\/08\/Tese-Doutorado-Jonas-de-Brito-Campolina-Marques.pdf\">\u00a0Jonas de Brito Campolina Marques<\/a> <\/strong><\/p>\n<p><strong>Data: <\/strong>16\/01\/2017<\/p>\n<p><strong>T\u00edtulo:<\/strong>\u201cAnatomia foliar e do lenho de <em>Cnidoscoluspubescens<\/em> (Euphorbiaceae), ontogenia e ultraestrutura de gl\u00e2ndulas secretoras foliares e prospec\u00e7\u00e3o fitoqu\u00edmica da folha e casca.\u201d<\/p>\n<p><strong>Orientador:<\/strong><\/p>\n<p>Dr. Maura da Cunha \u2013 LBCT\/CBB<\/p>\n<p>Dr. Guilherme Rodrigues Rabelo \u2013 LBCT\/CBB<\/p>\n<p><strong>Banca:<\/strong><\/p>\n<p>Dr\u00aa C\u00e1tia Henriques Calado\u2013 UERJ<\/p>\n<p>Dr. F\u00e1bio Lopes Olivares \u2013 LBCT\/CBB<\/p>\n<p>Dr<sup>a<\/sup> Valdirene Moreira Gomes \u2013 LFBM\/CBB<\/p>\n<p>_______________________________________________________________________________<\/p>\n<p><strong>2-<a href=\"https:\/\/uenf.br\/posgraduacao\/biociencias-biotecnologia\/wp-content\/uploads\/sites\/12\/2020\/08\/TESE-VivianeGomesVers\u00e3oFINAL.pdf\">Viviane Gomes da Silva<\/a><\/strong><\/p>\n<p><strong>Data:<\/strong>06\/04\/2017<\/p>\n<p><strong>T\u00edtulo:<\/strong>\u201cAN\u00c1LISE PROTE\u00d4MICA DA REGI\u00c3O PERILESIONAL AP\u00d3S O TRATAMENTO COM C\u00c9LULAS MONONUCLEARES DE MEDULA \u00d3SSEA EM DOIS MODELOS DE LES\u00c3O FOCAL CORTICAL.\u201d<\/p>\n<p><strong>Orientador:<\/strong>Dr. Arthur GiraldiGuimar\u00e3es \u2013 LBCT\/CBB<\/p>\n<p><strong>Banca:<\/strong><\/p>\n<p>GoncaloApolinario de Souza Filho \u2013 LBT\/CBB<\/p>\n<p>Renato Augusto da Matta \u2013 LBCT\/CBB<\/p>\n<p>Wagner Baetas da Cruz \u2013 UFRJ<\/p>\n<p>________________________________________________________________________________<\/p>\n<p><strong>3- <a href=\"https:\/\/uenf.br\/posgraduacao\/biociencias-biotecnologia\/wp-content\/uploads\/sites\/12\/2020\/08\/tese-para-impress\u00e3o-pronta.pdf\">LEONARDO FIGUEIRA REIS DE SA<\/a>\u00a0<\/strong><\/p>\n<p><strong>Data:<\/strong>12\/04\/2017<\/p>\n<p><strong>T\u00edtulo:<\/strong>\u201cEFEITOS T\u00d3XICOS DO TEGUMENTO DE <em>Canavaliaensiformis<\/em>SOBRE O<\/p>\n<p>DESENVOLVIMENTO EMBRION\u00c1RIO E LARVAL DO INSETO <em>Callosobruchusmaculatus<\/em>.\u201d<\/p>\n<p><strong>Orientador:<\/strong>Dr\u00aa Ant\u00f4nia ElenirAmancio Oliveira \u2013 LQFPP\/CBB<\/p>\n<p><strong>Banca:<\/strong><\/p>\n<p>Dr\u00aa Valdirene Moreira Gomes\u2013 LFBM\/CBB<\/p>\n<p>Dr. Evenilton Pessoa Costa\u2013 LQFPP\/CBB<\/p>\n<p>Dr\u00aa Luciana Belarmindo da Silva \u2013 IFF\/CAMPOS<\/p>\n<p>________________________________________________________________________________<\/p>\n<p><strong>4-<a href=\"https:\/\/uenf.br\/posgraduacao\/biociencias-biotecnologia\/wp-content\/uploads\/sites\/12\/2020\/08\/TESE-FINAL.pdf\">EDUARDO ALVES GAMOSA DE OLIVEIRA<\/a><\/strong><\/p>\n<p><strong>Data:<\/strong>18\/04\/2017<\/p>\n<p><strong>T\u00edtulo:<\/strong>\u201cA prote\u00edna quinase monopolar spindle1 (mps1) de plantas: papel na<\/p>\n<p>germina\u00e7\u00e3o e desenvolvimento p\u00f3s-germinativo de sementes.\u201d<\/p>\n<p><strong>Orientador:<\/strong>Dr\u00aa Ant\u00f4nia ElenirAmancio Oliveira \u2013 LQFPP\/CBB<\/p>\n<p><strong>Banca:<\/strong><\/p>\n<p>Dr\u00aaCl\u00edciaGrativol Gaspar\u2013 LQFPP\/CBB<\/p>\n<p>Dr. Thiago Motta Ven\u00e2ncio\u2013 LQFPP\/CBB<\/p>\n<p>Dr. Marco Ant\u00f4nio Lopes Cruz\u2013 UFRJ<\/p>\n<p>Dr. Daniel Bas\u00edlio Zandonadi\u2013 UFRJ<\/p>\n<p>________________________________________________________________________________<\/p>\n<p><strong>5- <a href=\"https:\/\/uenf.br\/posgraduacao\/biociencias-biotecnologia\/wp-content\/uploads\/sites\/12\/2020\/08\/Tese-de-Doutorado-Brunna-Martins.pdf\">Brunna Xavier Martins<\/a>\u00a0 \u00a0<\/strong><\/p>\n<p><strong>Data:<\/strong>19\/04\/2017<\/p>\n<p><strong>T\u00edtulo:<\/strong>\u201cIntera\u00e7\u00f5es TGF-1 \u2013 Bombas I\u00f4nicas no Processo de Met\u00e1stase em Melanoma.\u201d<\/p>\n<p><strong>Orientador:<\/strong>Dr. Arnoldo Rocha Fa\u00e7anha \u2013 LBCT\/CBB<\/p>\n<p><strong>Banca:<\/strong><\/p>\n<p>Dr. Gustavo Lazzaro Rezende\u2013 LQFPP\/CBB<\/p>\n<p>Dr. Lu\u00eds Miguel MazorraMoralles\u2013 UH<\/p>\n<p>Dr. Franz Viana Borges \u2013 IFF<\/p>\n<p>_______________________________________________________________________________<\/p>\n<p><strong>6- <a href=\"https:\/\/uenf.br\/posgraduacao\/biociencias-biotecnologia\/wp-content\/uploads\/sites\/12\/2020\/08\/Tese_Deivid_Fran\u00e7a_Freitas.pdf\">Deivid Fran\u00e7a Freitas<\/a><\/strong><\/p>\n<p><strong>Data:<\/strong>07\/06\/2017<\/p>\n<p><strong>T\u00edtulo:<\/strong>\u201cCaracteriza\u00e7\u00e3o e produ\u00e7\u00e3o de melanina pelo fungo nemat\u00f3fago<em>Duddingtoniaflagrans<\/em> e avalia\u00e7\u00e3o da sua participa\u00e7\u00e3o na atividade predat\u00f3ria.\u201d<\/p>\n<p><strong>Orientador:<\/strong>Dr. Cl\u00f3vis de Paula Santos \u2013 LBCT\/CBB<\/p>\n<p><strong>Banca:<\/strong><\/p>\n<p>Dr. Olney Vieira da Motta \u2013 UENF<\/p>\n<p>Dr\u00aa Valdirene Moreira Gomes\u2013 UENF<\/p>\n<p>Dr. Marcelo Beltr\u00e3o Molento \u2013 UFPR<\/p>\n<p>________________________________________________________________________________<\/p>\n<p><strong>7-<a href=\"https:\/\/uenf.br\/posgraduacao\/biociencias-biotecnologia\/wp-content\/uploads\/sites\/12\/2020\/08\/Tese-Lupis-Ribeiro-2017.pdf\">LUPIS RIBEIRO GOMES NETO<\/a><\/strong><\/p>\n<p><strong>Data:<\/strong>21\/06\/2017<\/p>\n<p><strong>T\u00edtulo:<\/strong>\u201cFun\u00e7\u00f5es do fator de transcri\u00e7\u00e3o Zelda em insetos.\u201d<\/p>\n<p><strong>Orientador:<\/strong><\/p>\n<p>Dr. Thiago Motta Ven\u00e2ncio \u2013 LQFPP\/CBB<\/p>\n<p>Dr. Rodrigo Nunes da Fonseca<\/p>\n<p><strong>Banca:<\/strong><\/p>\n<p>Dr. Pedro Lagerblad de Oliveira \u2013 UFRJ<\/p>\n<p>Dr. Carlos Jorge Logullo de Oliveira\u2013 UENF<\/p>\n<p>Dr\u00aa Ant\u00f4nia Elenir Am\u00e2ncio Oliveira \u2013 UENF<\/p>\n<p>________________________________________________________________________________<\/p>\n<p><b>8- <a href=\"https:\/\/uenf.br\/posgraduacao\/biociencias-biotecnologia\/wp-content\/uploads\/sites\/12\/2020\/08\/TESE-LARA-MENEGUELLI.pdf\">LARA CARVALHO MENEGUELLI DE SOUZA<\/a><\/b><\/p>\n<p><strong>Data:<\/strong>30\/06\/2017<\/p>\n<p><strong>T\u00edtulo:<\/strong>\u201cAvalia\u00e7\u00e3o da inativa\u00e7\u00e3o da ricina por \u00f3xido de c\u00e1lcio.\u201d<\/p>\n<p><strong>Orientador:<\/strong>Dr\u00aa Olga Lima Tavares Machado \u2013 LQFPP\/CBB<\/p>\n<p><strong>Banca:<\/strong><\/p>\n<p>Dr. Renato Augusto DaMatta \u2013 UENF<\/p>\n<p>Dr. Cl\u00f3vis de Paula Santos\u2013 UENF<\/p>\n<p>Dr. Mateus Gomes de Godoy \u2013 UFRJ<\/p>\n<p>________________________________________________________________________________<\/p>\n<p><b>9- <a href=\"https:\/\/uenf.br\/posgraduacao\/biociencias-biotecnologia\/wp-content\/uploads\/sites\/12\/2020\/08\/Gustavo-Lemos-Rocha-Tese.pdf\">Gustavo Lemos Rocha\u00a0<\/a><\/b><\/p>\n<p><strong>Data:<\/strong>24\/07\/2017<\/p>\n<p><strong>T\u00edtulo: <\/strong>\u201cAtividades Proteol\u00edticas e Eventos Bioqu\u00edmicos Ligados \u00e0 Morte Celular Programada em Tegumentos de Sementes de <em>Glycinemax<\/em> em germina\u00e7\u00e3o.\u201d<\/p>\n<p><strong>Orientador:<\/strong>Dr\u00aaK\u00e1tia Valevski Sales Fernandes \u2013 LQFPP\/CBB<\/p>\n<p><strong>Banca:<\/strong><\/p>\n<p>Dr\u00aa Olga Lima Tavares Machado\u2013 UENF<\/p>\n<p>Dr. F\u00e1bio Lopes Olivares\u2013 UENF<\/p>\n<p>Dr. Francisco de Assis de Paiva Campos \u2013 UFC<\/p>\n<p>________________________________________________________________________________<\/p>\n<p><b>10- <a href=\"https:\/\/uenf.br\/posgraduacao\/biociencias-biotecnologia\/wp-content\/uploads\/sites\/12\/2020\/08\/AN\u00c1LISE-ANATOMOPATOL\u00d3GICA-EM-PROVENTR\u00cdCULO-E-VENTR\u00cdCULO-DE-AVESTRUZES-INFECTADOS-EXPERIMENTALMENT.pdf\">LARA PEREIRA DE SOUZA<\/a><strong>\u00a0 \u00a0<\/strong><\/b><\/p>\n<p><strong>Data:<\/strong>08\/08\/2017<\/p>\n<p><strong>T\u00edtulo: <\/strong>\u201cANATOMOPATOLOGIA EM PROVENTR\u00cdCULO E VENTR\u00cdCULO DE AVESTRUZES INFECTADOS EXPERIMENTALMENTE POR <em>Libyostrongylusdentatus<\/em> e <em>L. douglassii.<\/em>\u201d<\/p>\n<p><strong>Orientador:<\/strong><\/p>\n<p>Dr. Cl\u00f3vis de Paula Santos \u2013 LBCT\/CBB<\/p>\n<p>Dr. Renato Augusto DaMatta \u2013 LBCT\/CBB (Co-Orientador)<\/p>\n<p><strong>Banca:<\/strong><\/p>\n<p>Dr. Ant\u00f4nio Peixoto Albernaz\u2013 UENF<\/p>\n<p>Dr\u00aaLouisiane de Carvalho Nunes\u2013 UFES<\/p>\n<p>Dr. Adolpho Marlon Ant\u00f4nio de Moura \u2013 FIOCRUZ<\/p>\n<p>_______________________________________________________________________________<\/p>\n<p><b>11- <a href=\"https:\/\/uenf.br\/posgraduacao\/biociencias-biotecnologia\/wp-content\/uploads\/sites\/12\/2020\/08\/Tese-Gilde\u00edde-Costa.pdf\">Gilde\u00edde Aparecida Costa<\/a><\/b><\/p>\n<p><strong>Data:<\/strong>23\/08\/2017<\/p>\n<p><strong>T\u00edtulo:<\/strong>\u201cDEPLE\u00c7\u00c3O DE COLESTEROL E INATIVA\u00c7\u00c3O da V-ATPase COMO MECANISMO DE INIBI\u00c7\u00c3O DA MIGRA\u00c7\u00c3O E INVAS\u00c3O CELULAR EM MELANOMA<em>.<\/em>\u201d<\/p>\n<p><strong>Orientador:<\/strong>Dr. Arnoldo Rocha Fa\u00e7anha \u2013 LBCT\/CBB<\/p>\n<p><strong>Banca:<\/strong><\/p>\n<p>Dr. Franz Viana Borges\u2013 IFF<\/p>\n<p>Dr\u00aaAndrea Cristina Vet\u00f6Arnholdt \u2013 UENF<\/p>\n<p>Dr. Andr\u00e9 Lacerda de Abreu Oliveira \u2013 UENF<\/p>\n<p>________________________________________________________________________________________<\/p>\n<p><b>12- <a href=\"https:\/\/uenf.br\/posgraduacao\/biociencias-biotecnologia\/wp-content\/uploads\/sites\/12\/2020\/08\/TESE-THA\u00cdS-BRASIL.pdf\">THA\u00cdS \u00a0RIGUETI BRASIL BORGES<\/a><\/b><\/p>\n<p><strong>Data:30\/08\/2017<\/strong><\/p>\n<p><strong>T\u00edtulo:\u201cEnvolvimento de MT1-MMP, ADAM-10 e CD147 na migra\u00e7\u00e3o de macr\u00f3fagos infectados por <em>Toxoplasma gondii<\/em><em>.<\/em>\u201d<\/strong><\/p>\n<p><strong>Orientador:<\/strong><\/p>\n<p>Dr\u00aa Andrea Cristina Vet\u00f6Arnholdt \u2013 LBR\/CBB<\/p>\n<p>Dr\u00aa Elena Lassounskaia \u2013 LBR\/CBB (Co-Orientadora)<\/p>\n<p><strong>Banca:<\/strong><\/p>\n<p>Dr\u00aa Alba Luc\u00ednia Peixoto Rangel\u2013 UENF<\/p>\n<p>Dr\u00aaK\u00e1tia Valevski Sales Fernandes\u2013 UENF<\/p>\n<p>Dr\u00aa Luciana Belarmindo da Silva \u2013 IFF<\/p>\n<p>______________________________________________________________________________________<\/p>\n<p><b>13- <a href=\"https:\/\/uenf.br\/posgraduacao\/biociencias-biotecnologia\/wp-content\/uploads\/sites\/12\/2020\/08\/TESE-THIAGO-VERS\u00c3O-FINAL.pdf\">THIAGO ALVES TEIXEIRA DOS SANTOS<\/a><\/b><\/p>\n<p><strong>Data:<\/strong>02\/10\/2017<\/p>\n<p><strong>T\u00edtulo: <\/strong>\u201cMecanismo de evas\u00e3o da resposta imune do hospedeiro utilizado por <em>Toxoplasma gondii<\/em> ocorre de maneira ciclo celular dependente.\u201d<\/p>\n<p><strong>Orientador:<\/strong><\/p>\n<p>Dr.S\u00e9rgio Henrique Seabra \u2013 UEZO<\/p>\n<p>Dr. Renato Augusto DaMatta \u2013UENF (Co-orientador)<\/p>\n<p><strong>Banca:<\/strong><\/p>\n<p>Dr. Cl\u00f3vis de Paula Santos\u2013 UENF<\/p>\n<p>Dr. Milton Masahiko Kanashiro\u2013 UENF<\/p>\n<p>Dr. F\u00e1bio S. A. Fortes\u2013 UEZO<\/p>\n<p>________________________________________________________________________________________<\/p>\n<p><b>14- <a href=\"https:\/\/uenf.br\/posgraduacao\/biociencias-biotecnologia\/wp-content\/uploads\/sites\/12\/2020\/08\/Tese-de-Doutorado-Graziela-de-S\u00e1-Machado-Ara\u00fajo.pdf\">Graziela de S\u00e1 Machado Ara\u00fajo<\/a><\/b><\/p>\n<p><strong>Data:<\/strong>05\/10\/2017<\/p>\n<p><strong>T\u00edtulo:<\/strong>\u201cIdentifica\u00e7\u00e3o de regi\u00f5es hemimetiladas e a predi\u00e7\u00e3o de regi\u00f5es diferencialmente metiladasimprintadas no genoma humano.\u201d<\/p>\n<p><strong>Orientador:<\/strong><\/p>\n<p>Dr. Enrique Medina-Acosta \u2013 LBT\/CBB<\/p>\n<p>Dr. Filipe Brum Machado \u2013 LBT\/CBB (Co-orientador)<\/p>\n<p><strong>Banca:<\/strong><\/p>\n<p>Dr. Victor Martin Quintana Flores \u2013 LBT\/CBB<\/p>\n<p>Dr. Fabr\u00edcio Moreira Almeida \u2013 UFRJ<\/p>\n<p>Dr\u00aaRegina C\u00e9lia de Souza Campos Fernandes \u2013 FMC<\/p>\n<p>_________________________________________________________________________________________<\/p>\n<p><b>15-<a href=\"https:\/\/uenf.br\/posgraduacao\/biociencias-biotecnologia\/wp-content\/uploads\/sites\/12\/2020\/08\/Final_Tese-Nath\u00e1lia-Duarte-da-Silva.pdf\">Nath\u00e1lia Duarte da Silva<\/a><\/b><\/p>\n<p><strong>Data:<\/strong>08\/11\/2017<\/p>\n<p><strong>T\u00edtulo:<\/strong>\u201cGEN\u00d4MICA E PROTE\u00d4MICA DE <em>Enterobactercloacae<\/em> UENF P7: UMA BACT\u00c9RIA RESISTENTE A ESTRESSES ISOLADA DE PLANTA AQU\u00c1TICA.\u201d<\/p>\n<p><strong>Orientador:<\/strong><\/p>\n<p>Dr\u00aa Mar\u00edlia Amorim Berbert de Molina \u2013 LBT\/CBB<\/p>\n<p>Dr\u00aa Aline Chaves Intorne \u2013 LFBM\/CBB (Co-orientadora)<\/p>\n<p><strong>Banca:<\/strong><\/p>\n<p>Dr. Francisco Jos\u00e9 Alves Lemos \u2013 LBT\/CBB<\/p>\n<p>Dr. Alessandro Coutinho Ramos \u2013 LFBM\/CBB<\/p>\n<p>Dr. Alan Trindade Branco \u2013 UFES<\/p>\n<p>________________________________________________________________________________________<\/p>\n","protected":false},"excerpt":{"rendered":"<p>TESE DE DOUTORADO Clique no autor para acessar a tese completa 1-\u00a0Jonas de Brito Campolina Marques Data: 16\/01\/2017 T\u00edtulo:\u201cAnatomia foliar&#8230;<\/p>\n","protected":false},"author":25,"featured_media":0,"parent":1229,"menu_order":0,"comment_status":"closed","ping_status":"closed","template":"","meta":{"footnotes":""},"class_list":["post-1263","page","type-page","status-publish","hentry"],"_links":{"self":[{"href":"https:\/\/uenf.br\/posgraduacao\/biociencias-biotecnologia\/wp-json\/wp\/v2\/pages\/1263","targetHints":{"allow":["GET"]}}],"collection":[{"href":"https:\/\/uenf.br\/posgraduacao\/biociencias-biotecnologia\/wp-json\/wp\/v2\/pages"}],"about":[{"href":"https:\/\/uenf.br\/posgraduacao\/biociencias-biotecnologia\/wp-json\/wp\/v2\/types\/page"}],"author":[{"embeddable":true,"href":"https:\/\/uenf.br\/posgraduacao\/biociencias-biotecnologia\/wp-json\/wp\/v2\/users\/25"}],"replies":[{"embeddable":true,"href":"https:\/\/uenf.br\/posgraduacao\/biociencias-biotecnologia\/wp-json\/wp\/v2\/comments?post=1263"}],"version-history":[{"count":0,"href":"https:\/\/uenf.br\/posgraduacao\/biociencias-biotecnologia\/wp-json\/wp\/v2\/pages\/1263\/revisions"}],"up":[{"embeddable":true,"href":"https:\/\/uenf.br\/posgraduacao\/biociencias-biotecnologia\/wp-json\/wp\/v2\/pages\/1229"}],"wp:attachment":[{"href":"https:\/\/uenf.br\/posgraduacao\/biociencias-biotecnologia\/wp-json\/wp\/v2\/media?parent=1263"}],"curies":[{"name":"wp","href":"https:\/\/api.w.org\/{rel}","templated":true}]}}