{"id":1267,"date":"2020-07-31T19:23:36","date_gmt":"2020-07-31T22:23:36","guid":{"rendered":"http:\/\/uenf.br\/posgraduacao\/biociencias-biotecnologia\/?page_id=1267"},"modified":"2025-02-11T16:12:49","modified_gmt":"2025-02-11T19:12:49","slug":"ano-2020","status":"publish","type":"page","link":"https:\/\/uenf.br\/posgraduacao\/biociencias-biotecnologia\/teses-defendidas\/ano-2020\/","title":{"rendered":"Ano 2020"},"content":{"rendered":"<p><strong>TESES DE DOUTORADO<\/strong><\/p>\n<ul>\n<li>Clique no autor para acessar a tese completa<\/li>\n<\/ul>\n<p><strong>1-<\/strong> <a href=\"https:\/\/uenf.br\/posgraduacao\/biociencias-biotecnologia\/wp-content\/uploads\/sites\/12\/2020\/12\/Moharana_KC_Thesis-final.pdf\"><strong>KANHU CHARAN MOHARANA<\/strong><\/a><\/p>\n<p><strong>Data:<\/strong> 17\/02\/2020<\/p>\n<p><strong>T\u00edtulo:<\/strong> \u201cPolyploidization events shaped the transcription factor repertoires in legumes (Fabaceae).\u201d<\/p>\n<p><strong>Orientador: <\/strong>Dr. Thiago Motta Venancio \u2013 LQFPP\/CBB<\/p>\n<p><strong>Banca:<\/strong><\/p>\n<p>Dr. Rodrigo Nunes da Fonseca \u2013 UFRJ<\/p>\n<p>Dr. Vanildo Silveira \u2013 UENF<\/p>\n<p>Dr. Gustavo Lazzaro Rezende \u2013 UENF<\/p>\n<p>_______________________________________________________________________<\/p>\n<p><strong>2-<\/strong> <a href=\"https:\/\/uenf.br\/posgraduacao\/biociencias-biotecnologia\/wp-content\/uploads\/sites\/12\/2020\/09\/Tese_vers\u00e3o-final_Cristina-dos-Santos-Ferreira.pdf\">Cristina dos Santos Ferreira<\/a><strong>\u00a0\u00a0<\/strong><\/p>\n<p><strong>Data:<\/strong> 21\/03\/2020<\/p>\n<p><strong>T\u00edtulo:<\/strong> \u201cVARIA\u00c7\u00c3O INTERINDIVIDUAL PERVASIVA NA EXPRESS\u00c3O ALELO-ESPEC\u00cdFICA EM G\u00caMEOS MONOZIG\u00d3TICOS.\u201d<\/p>\n<p><strong>Orientador:<\/strong>Dr. Enrique Medina-Acosta \u2013 UENF<\/p>\n<p><strong>Banca:<\/strong><\/p>\n<p>Dr. Victor Martin Quintana Flores \u2013 UENF<\/p>\n<p>Dr\u00aa Cl\u00e1udia Caixeta Franco Andrade Col\u00e9te \u2013 FAMESC<\/p>\n<p>Dr. Ant\u00f4nio Jesus Dorighetto Cogo \u2013 UENF<\/p>\n<p>_______________________________________________________________________<\/p>\n<p><strong>3- <a href=\"https:\/\/uenf.br\/posgraduacao\/biociencias-biotecnologia\/wp-content\/uploads\/sites\/12\/2020\/08\/Tese-Pedro-SoutoFinal.pdf\">Pedro Souto Rodrigues<\/a><\/strong><\/p>\n<p><strong>Data:<\/strong> 26\/03\/2020<\/p>\n<p><strong>T\u00edtulo:<\/strong> \u201cMerozo\u00edtos de <em>Plasmodium chabaudi<\/em> obtidos atrav\u00e9s de um m\u00e9todo melhorado n\u00e3o sobrevivem em macr\u00f3fagos ativados: correla\u00e7\u00e3o com a exposi\u00e7\u00e3o de fosfatidilserina.\u201d<\/p>\n<p><strong>Orientador:<\/strong><\/p>\n<p>Dr. S\u00e9rgio Henrique Seabra \u2013 UEZO<\/p>\n<p>Dr. Renato Augusto-DaMatta &#8211; UENF (Co-orientador)<\/p>\n<p><strong>Banca:<\/strong><\/p>\n<p>Dr. Milton Masahiko Kanashiro \u2013 UENF<\/p>\n<p>Dr. Jo\u00e3o Carlos de Aquino Almeida \u2013 UENF<\/p>\n<p>Dr. Marco Cesar Cunegundes Guimar\u00e3es \u2013 UFES<\/p>\n<p>_______________________________________________________________________<\/p>\n<p>4- <strong><a href=\"https:\/\/uenf.br\/posgraduacao\/biociencias-biotecnologia\/wp-content\/uploads\/sites\/12\/2020\/08\/Tese-p\u00f3s-defesanayarainocenciomachado.pdf\">Nayara Inoc\u00eancio Machado<\/a>\u00a0<\/strong><\/p>\n<p><strong>Data:\u00a0\u00a0 <\/strong>24\/03\/2020<\/p>\n<p><strong>T\u00edtulo:<\/strong>\u201cMelatonina reduz o desenvolvimento de <em>Toxoplama gondii<\/em> em c\u00e9lulas LLC-MK2.\u201d<\/p>\n<p><strong>Orientador:<\/strong><\/p>\n<p>Dr. S\u00e9rgio Henrique Seabra \u2013 UEZO<\/p>\n<p>Dr. Renato Augusto-DaMatta &#8211; UENF (Co-orientador)<\/p>\n<p><strong>Banca:<\/strong><\/p>\n<p>Dr. Cl\u00f3vis de Paula Santos \u2013 UENF<\/p>\n<p>Dr. Jorge Hernandez Fernandez \u2013 UENF<\/p>\n<p>Dr\u00aa J\u00e9ssica Manya Dias Bittencourt Vieira \u2013 UEZO<\/p>\n<p>_______________________________________________________________________<\/p>\n<p><strong>5- <a href=\"https:\/\/uenf.br\/posgraduacao\/biociencias-biotecnologia\/wp-content\/uploads\/sites\/12\/2020\/12\/Deborah-Mothe.pdf\">D\u00c9BORA MOTH\u00c9 DE CAMPOS MESQUITA<\/a><\/strong><\/p>\n<p><strong>Data: <\/strong>26\/03\/2020<\/p>\n<p><strong>T\u00edtulo:<\/strong>\u201cAvalia\u00e7\u00e3o do bloqueio de IgE com \u00e1cido L-glut\u00e2mico como abordagem alternativa para o tratamento de doen\u00e7as al\u00e9rgica.&#8221;<\/p>\n<p><strong>Orientador: <\/strong>Dr\u00aa Olga Lima Tavares Machado \u2013 UENF<\/p>\n<p><strong>Banca:<\/strong><\/p>\n<p>Dr. Milton Masahiko Kanashiro \u2013 UENF<\/p>\n<p>Dr\u00aa Antonia Elenir Amancio Oliveira \u2013 UENF<\/p>\n<p>Dr. Maur\u00edcio Afonso Ver\u00edcimo \u2013 UFFRJ<\/p>\n<p>_______________________________________________________________________<\/p>\n<p><strong>6- <a href=\"https:\/\/uenf.br\/posgraduacao\/biociencias-biotecnologia\/wp-content\/uploads\/sites\/12\/2020\/12\/Tese-Marina-Barreto-Silva.pdf\">Marina Barreto Silva<\/a><\/strong><\/p>\n<p><strong>Data:<\/strong>29\/05\/2020<\/p>\n<p><strong>T\u00edtulo:<\/strong>\u201c\u201cAVALIA\u00c7\u00c3O DA ATIVIDADE ANTINEOPL\u00c1SICA <em>IN VITRO<\/em> E <em>IN VIVO<\/em> DE COMPLEXOS DE COBRE II COM LIGANTES N,O-DOADORES.&#8221;<\/p>\n<p><strong>Orientador:<\/strong>Dr. Milton Masahiko Kanashiro \u2013 UENF<\/p>\n<p><strong>Banca:<\/strong><\/p>\n<p>Dr. S\u00e9rgio Henrique Seabra \u2013 UEZO<\/p>\n<p>Dr. Franz Viana Borges \u2013 IFF<\/p>\n<p>Dr\u00aa Brunna Xavier Martins \u2013 UENF<\/p>\n<p>_______________________________________________________________________<\/p>\n<p><strong>7-<\/strong> <a href=\"https:\/\/uenf.br\/posgraduacao\/biociencias-biotecnologia\/wp-content\/uploads\/sites\/12\/2020\/12\/Tese-Dayanni-versao-final.pdf\">DAYANNI DE SOUZA PADUA<\/a><\/p>\n<p><strong>Data:<\/strong>04\/06\/2020<\/p>\n<p><strong>T\u00edtulo: <\/strong>\u201cAtividade antif\u00fangica de cistatinas isoladas de sementes de <em>Clitoria fairchildiana<\/em> R.A Howard com atividade antif\u00fangica e a\u00e7\u00e3o bioinseticida&#8221;<\/p>\n<p><strong>Orientador:<\/strong>Dr\u00aa K\u00e1tia Valesvski Sales Fernandes \u2013 UENF<\/p>\n<p><strong>Banca:<\/strong><\/p>\n<p>Dr. Andr\u00e9 de Oliveira Carvalho \u2013 UENF<\/p>\n<p>Dr\u00aa Juc\u00e9lia da Silva Ara\u00fajo \u2013 UENF<\/p>\n<p>Dr\u00aa Nath\u00e1lia Bastos Lima \u2013 IFF<\/p>\n<p>_______________________________________________________________________<\/p>\n<p>&nbsp;<\/p>\n","protected":false},"excerpt":{"rendered":"<p>TESES DE DOUTORADO Clique no autor para acessar a tese completa 1- KANHU CHARAN MOHARANA Data: 17\/02\/2020 T\u00edtulo: \u201cPolyploidization events&#8230;<\/p>\n","protected":false},"author":25,"featured_media":0,"parent":1229,"menu_order":5,"comment_status":"closed","ping_status":"closed","template":"","meta":{"footnotes":""},"class_list":["post-1267","page","type-page","status-publish","hentry"],"_links":{"self":[{"href":"https:\/\/uenf.br\/posgraduacao\/biociencias-biotecnologia\/wp-json\/wp\/v2\/pages\/1267","targetHints":{"allow":["GET"]}}],"collection":[{"href":"https:\/\/uenf.br\/posgraduacao\/biociencias-biotecnologia\/wp-json\/wp\/v2\/pages"}],"about":[{"href":"https:\/\/uenf.br\/posgraduacao\/biociencias-biotecnologia\/wp-json\/wp\/v2\/types\/page"}],"author":[{"embeddable":true,"href":"https:\/\/uenf.br\/posgraduacao\/biociencias-biotecnologia\/wp-json\/wp\/v2\/users\/25"}],"replies":[{"embeddable":true,"href":"https:\/\/uenf.br\/posgraduacao\/biociencias-biotecnologia\/wp-json\/wp\/v2\/comments?post=1267"}],"version-history":[{"count":0,"href":"https:\/\/uenf.br\/posgraduacao\/biociencias-biotecnologia\/wp-json\/wp\/v2\/pages\/1267\/revisions"}],"up":[{"embeddable":true,"href":"https:\/\/uenf.br\/posgraduacao\/biociencias-biotecnologia\/wp-json\/wp\/v2\/pages\/1229"}],"wp:attachment":[{"href":"https:\/\/uenf.br\/posgraduacao\/biociencias-biotecnologia\/wp-json\/wp\/v2\/media?parent=1267"}],"curies":[{"name":"wp","href":"https:\/\/api.w.org\/{rel}","templated":true}]}}