{"id":1290,"date":"2020-07-31T20:41:10","date_gmt":"2020-07-31T23:41:10","guid":{"rendered":"http:\/\/uenf.br\/posgraduacao\/biociencias-biotecnologia\/?page_id=1290"},"modified":"2023-10-18T15:29:44","modified_gmt":"2023-10-18T18:29:44","slug":"ano-2017","status":"publish","type":"page","link":"https:\/\/uenf.br\/posgraduacao\/biociencias-biotecnologia\/teses-defendidas-2\/ano-2017\/","title":{"rendered":"Ano 2017"},"content":{"rendered":"<p><strong>Disserta\u00e7\u00e3o de Mestrado<\/strong><\/p>\n<ul>\n<li>Clique no autor para acessar a disserta\u00e7\u00e3o completa<\/li>\n<\/ul>\n<p>1-<a href=\"https:\/\/uenf.br\/posgraduacao\/biociencias-biotecnologia\/wp-content\/uploads\/sites\/12\/2021\/09\/DISSERTACAO_MARIANA-mendonca-final.pdf\">MARIANA DA SILVA MENDON\u00c7A<\/a><\/p>\n<p><strong>Data<\/strong>:20\/03\/2017<\/p>\n<p><strong>T\u00edtulo<\/strong>:<strong>\u201c<\/strong>Associa\u00e7\u00e3o da metila\u00e7\u00e3o do DNA e dos polimorfismos gen\u00e9ticos 5-HTTLPR e STin2 no gene SLC6A4 em bin\u00f4mios m\u00e3e-filho com depress\u00e3o.<strong>\u201d<\/strong><\/p>\n<p><strong>Orientador:<\/strong><\/p>\n<p>Dr. Milton Masahiko Kanashiro \u2013 LBR\/CBB<\/p>\n<p>Dr. \u00c1lvaro Fabr\u00edcio Lopes Rios \u2013 LBT\/CBB (Co-Orientador)<\/p>\n<p><strong>Banca:<\/strong><\/p>\n<p>Dr\u00aa Marcela Santana Bastos Boechat \u2013 LBR\/CBB<\/p>\n<p>Dr. Filipe Brum Machado \u2013 LBT\/CBB<\/p>\n<p>Dr. Jos\u00e9 Alexandre de Souza Crippa \u2013 USP<\/p>\n<p>_______________________________________________<\/p>\n<p>2-<a href=\"https:\/\/uenf.br\/posgraduacao\/biociencias-biotecnologia\/wp-content\/uploads\/sites\/12\/2020\/09\/DISSERTA\u00c7\u00c3O-KAYAN-E.-VENTURY-BAPTISTA.pdf\">KAYAN EUDORICO VENTURY BAPTISTA\u00a0<\/a><\/p>\n<p><strong>Data<\/strong>:30\/03\/2017<\/p>\n<p><strong>T\u00edtulo<\/strong>:<strong>\u201c<\/strong>Avalia\u00e7\u00e3o do conte\u00fado nutricional de ovos de <em>Callosobruchus maculatus <\/em>durante a embriog\u00eanese.<strong>\u201d<\/strong><\/p>\n<p><strong>Orientador:<\/strong>Dr\u00aa Ant\u00f4nia Elenir Am\u00e2ncio Oliveira \u2013 LQFPP\/CBB<\/p>\n<p><strong>Banca:<\/strong><\/p>\n<p>Dr\u00aa Cl\u00edcia Grativol Gaspar \u2013 LQFPP\/CBB<\/p>\n<p>Dr. Leonardo Ara\u00fajo de Abreu \u2013 UFRJ<\/p>\n<p>Dr. Francisco Jos\u00e9 Alves Lemos \u2013 LBT\/CBB<\/p>\n<p>_______________________________________________<\/p>\n<p>3-<a href=\"https:\/\/uenf.br\/posgraduacao\/biociencias-biotecnologia\/wp-content\/uploads\/sites\/12\/2020\/09\/Disserta\u00e7\u00e3o-finalestephanuy.pdf\">ESTEFANY BRAZ TOLEDO\u00a0<\/a><\/p>\n<p><strong>Data<\/strong>:31\/03\/2017<\/p>\n<p><strong>T\u00edtulo<\/strong>:<strong>\u201c<\/strong>Avalia\u00e7\u00e3o da Atividade Antibacteriana e Altera\u00e7\u00f5es Ultraestruturais Promovidas por Compostos deCoordena\u00e7\u00e3o em <em>Staphylococcus aureus <\/em>e <em>Pseudomonas aeruginosa<\/em>.<strong>\u201d<\/strong><\/p>\n<p><strong>Orientador:<\/strong>Dr. Jo\u00e3o Carlos de Aquino Almeida \u2013 LFBM\/CBB<\/p>\n<p><strong>Banca:<\/strong><\/p>\n<p>Dr\u00aa Rossana Mara da Silva Moreira Thir\u00e9 \u2013 UFRJ<\/p>\n<p>Dr. Olney Vieira da Motta \u2013 LSA\/UENF<\/p>\n<p>Dr. Alessandro Coutinho Ramos \u2013 LFBM\/CBB<\/p>\n<p>___________________________________________________<\/p>\n<p>4-<a href=\"https:\/\/uenf.br\/posgraduacao\/biociencias-biotecnologia\/wp-content\/uploads\/sites\/12\/2020\/09\/Disserta\u00e7\u00e3o-Paula-vers\u00e3o-4-final.pdf\">\u00a0PAULA MACEDO CUNHA<\/a><\/p>\n<p><strong>Data<\/strong>:13\/04\/2017<\/p>\n<p><strong>T\u00edtulo<\/strong>:<strong>\u201c<\/strong>A\u00e7\u00e3o inibit\u00f3ria de pept\u00eddeo antagonista de integrina na ades\u00e3o e migra\u00e7\u00e3o de B16F10.<strong>\u201d<\/strong><\/p>\n<p><strong>Orientador:<\/strong><\/p>\n<p>Dr. Jorge Hernandez Fernandez \u2013 LQFPP\/CBB<\/p>\n<p>Dr. Milton Masahiko Kanashiro \u2013 LBR\/CBB<\/p>\n<p><strong>Banca:<\/strong><\/p>\n<p>Dr. Renato Augusto DaMatta \u2013 LBCT\/CBB<\/p>\n<p>Dr\u00aa Heloisa Alves Guimar\u00e3es \u2013 IFF<\/p>\n<p>Dr. Israel Nunes Alecrin \u2013 FMC<\/p>\n<p>______________________________________________<\/p>\n<p>5-<a href=\"https:\/\/uenf.br\/posgraduacao\/biociencias-biotecnologia\/wp-content\/uploads\/sites\/12\/2020\/09\/Disserta\u00e7\u00e3o-Gisela-Final.pdf\">GISELA GARCIA CABRAL GALAXE DE ALMEIDA<\/a><\/p>\n<p><strong>Data<\/strong>:17\/04\/2017<\/p>\n<p><strong>T\u00edtulo<\/strong>:<strong>\u201c<\/strong>Cultivo de C\u00e9lulas-Tronco Mesenquimais em Matriz Tridimensional de Col\u00e1geno: An\u00e1lise de Express\u00e3o G\u00eanica de subunidades de integrina por PCR Quantitativo.<strong>\u201d<\/strong><\/p>\n<p><strong>Orientador:<\/strong>Dr. Arthur Giraldi Guimar\u00e3es \u2013 LBCT\/CBB<\/p>\n<p><strong>Banca:<\/strong><\/p>\n<p>Dr. Renato Augusto DaMatta \u2013 LBCT\/CBB<\/p>\n<p>Dr\u00aa H\u00e9rika Chagas Madureira \u00a0\u2013 IFES<\/p>\n<p>Dr\u00aa Cristiane dos Santos Verg\u00edlio \u2013 UFES<\/p>\n<p>_________________________________________________<\/p>\n<p>6-<a href=\"https:\/\/uenf.br\/posgraduacao\/biociencias-biotecnologia\/wp-content\/uploads\/sites\/12\/2020\/09\/Disserta\u00e7\u00e3o-Evellinne-Pessanha-de-Padua-dos-Santos-VERS\u00c3O-FINAL.pdf\">Evellinne Pessanha de Padua dos Santos\u00a0<\/a><\/p>\n<p><strong>Data<\/strong>:19\/04\/2017<\/p>\n<p><strong>T\u00edtulo<\/strong>:<strong>\u201c<\/strong>Comportamento de c\u00e9lulas epiteliais associadas \u00e0 Nanotubos de Carbono M\u00faltiplas paredesfuncionalizados ou n\u00e3o com Fibronectina e Laminina-111.<strong>\u201d<\/strong><\/p>\n<p><strong>Orientador:<\/strong>Dr. Fernando Costa e Silva Filho \u2013 LBCT\/CBB<\/p>\n<p><strong>Banca:<\/strong><\/p>\n<p>Dr\u00aa Ta\u00eds Fontoura de Almeida \u2013 UFRJ<\/p>\n<p>Dr. Jo\u00e3o Carlos de Aquino de Almeida \u00a0\u2013 LFBM\/CBB<\/p>\n<p>Dr. Renato Augusto DaMatta \u2013 LBCT\/CBB<\/p>\n<p>__________________________________________________<\/p>\n<p>7-<a href=\"https:\/\/uenf.br\/posgraduacao\/biociencias-biotecnologia\/wp-content\/uploads\/sites\/12\/2020\/09\/Disserta\u00e7\u00e3o.pdf\">J\u00daLIA RESENDE DE OLIVEIRA<\/a><\/p>\n<p><strong>Data<\/strong>:28\/04\/2017<\/p>\n<p><strong>T\u00edtulo<\/strong>:<strong>\u201c<\/strong>Inibi\u00e7\u00e3o sist\u00eamica do proteossomo retarda o crescimento de <em>Toxoplasma gondii <\/em>em camundongosC57BL\/6.<strong>\u201d<\/strong><\/p>\n<p><strong>Orientador:<\/strong>Dr. Renato Augusto DaMatta \u2013 LBCT\/CBB<\/p>\n<p><strong>Banca:<\/strong><\/p>\n<p>Dr\u00aa Alba Luc\u00ednia Peixoto Rangel \u2013 LBR\/CBB<\/p>\n<p>Dr. Jo\u00e3o Luiz Mendes Wanderley \u00a0\u2013 UFRJ<\/p>\n<p>Dr. Milton Masahiko Kanashiro \u2013 LBR\/CBB<\/p>\n<p>_____________________________________________________<\/p>\n<p>8-<a href=\"https:\/\/uenf.br\/posgraduacao\/biociencias-biotecnologia\/wp-content\/uploads\/sites\/12\/2020\/09\/Disserta\u00e7\u00e3o-vers\u00e3o-final-1.pdf\">VIN\u00cdCIUS DE OLIVEIRA MUSSI<\/a><\/p>\n<p><strong>Data<\/strong>:10\/07\/2017<\/p>\n<p><strong>T\u00edtulo<\/strong>:<strong>\u201c<\/strong>CARACTERIZA\u00c7\u00c3O DA\u00a0 VIRUL\u00caNCIA EM CARATER IMUNOL\u00d3GICO DAS CEPAS DE <em>Mycobacterium kansasii <\/em>ISOLADAS DE PACIENTES COM DOEN\u00c7A PULMONAR N\u00c3O TUBERCULOSA.<strong>\u201d<\/strong><\/p>\n<p><strong>Orientador:<\/strong><\/p>\n<p>Dr\u00aa Elena Lassounskaia \u2013 LBR\/CBB<\/p>\n<p>Dr\u00aa Thatiana Lopes Bi\u00e1 Ventura Sim\u00e3o \u2013 LBR\/CBB<\/p>\n<p><strong>Banca:<\/strong><\/p>\n<p>Dr\u00aa Alba Luc\u00ednia Peixoto Rangel \u2013 LBR\/CBB<\/p>\n<p>Dr\u00aa Mar\u00edlia Amorim Berbert de Molina \u00a0\u2013 LBT\/CBB<\/p>\n<p>Dr. Philip Noel Suffys \u2013 FIOCRUZ<\/p>\n<p>________________________________________________<\/p>\n<p>9-<a href=\"https:\/\/uenf.br\/posgraduacao\/biociencias-biotecnologia\/wp-content\/uploads\/sites\/12\/2020\/09\/Disserta\u00e7\u00e3o-Final-1m.pdf\">MATHEUS LESSA CARDOZO<\/a><\/p>\n<p><strong>Data<\/strong>:11\/07\/2017<\/p>\n<p><strong>T\u00edtulo<\/strong>:\u201cPADR\u00d5ES DE EXPRESS\u00c3O DE DIFERENTES ISOFORMAS DO GENE GRAINYHEAD EM OVOS DOBESOURO <em>Tribolium castaneum<\/em>.\u201d<\/p>\n<p><strong>Orientador:<\/strong>Dr. Gustavo Lazzaro Rezende \u2013 LQFPP\/CBB<\/p>\n<p><strong>Banca:<\/strong><\/p>\n<p>Dr\u00aa Luana Cristina Farnesi Ferreira \u2013 FIOCRUZ\/RJ<\/p>\n<p>Dr. Thiago Motta Ven\u00e2ncio \u00a0\u2013 LQFPP\/CBB<\/p>\n<p>Dr. Rodrigo Nunes da Fonseca \u2013 UFRJ\/RJ<\/p>\n<p>_____________________________________________<\/p>\n<p>10-<a href=\"https:\/\/uenf.br\/posgraduacao\/biociencias-biotecnologia\/wp-content\/uploads\/sites\/12\/2020\/09\/reb.pdf\">REBEKA DA CONCEI\u00c7\u00c3O SOUZA<\/a><\/p>\n<p><strong>Data<\/strong>:10\/10\/2017<\/p>\n<p><strong>T\u00edtulo<\/strong>:\u201cIMPLICA\u00c7\u00c3O DE VARIANTES GEN\u00c9TICAS NA MANIFESTA\u00c7\u00c3O DA HANSEN\u00cdASE <em>PER SE <\/em>OU NA GRAVIDADE CL\u00cdNICA DE PACIENTES PORTADORES DE HANSEN\u00cdASE DO MUNIC\u00cdPIO DE CAMPOS DOS GOYTACAZES.\u201d<\/p>\n<p><strong>Orientador:<\/strong>Dr\u00aa Alba Luc\u00ednia Peixoto Rangel \u2013 LBR\/CBB<\/p>\n<p><strong>Banca:<\/strong><\/p>\n<p>Dr. Edilbert Pellegrini Nahn Junior \u2013 FMC<\/p>\n<p>Dr. Milton Masahiko Kanashiro \u2013 LBR\/UENF<\/p>\n<p>Dr\u00aa. Marcela Santana Bastos Boechat \u2013 UENF<\/p>\n<p>_________________________________________<\/p>\n<p>&nbsp;<\/p>\n","protected":false},"excerpt":{"rendered":"<p>Disserta\u00e7\u00e3o de Mestrado Clique no autor para acessar a disserta\u00e7\u00e3o completa 1-MARIANA DA SILVA MENDON\u00c7A Data:20\/03\/2017 T\u00edtulo:\u201cAssocia\u00e7\u00e3o da metila\u00e7\u00e3o do&#8230;<\/p>\n","protected":false},"author":25,"featured_media":0,"parent":277,"menu_order":0,"comment_status":"closed","ping_status":"closed","template":"","meta":{"footnotes":""},"class_list":["post-1290","page","type-page","status-publish","hentry"],"_links":{"self":[{"href":"https:\/\/uenf.br\/posgraduacao\/biociencias-biotecnologia\/wp-json\/wp\/v2\/pages\/1290","targetHints":{"allow":["GET"]}}],"collection":[{"href":"https:\/\/uenf.br\/posgraduacao\/biociencias-biotecnologia\/wp-json\/wp\/v2\/pages"}],"about":[{"href":"https:\/\/uenf.br\/posgraduacao\/biociencias-biotecnologia\/wp-json\/wp\/v2\/types\/page"}],"author":[{"embeddable":true,"href":"https:\/\/uenf.br\/posgraduacao\/biociencias-biotecnologia\/wp-json\/wp\/v2\/users\/25"}],"replies":[{"embeddable":true,"href":"https:\/\/uenf.br\/posgraduacao\/biociencias-biotecnologia\/wp-json\/wp\/v2\/comments?post=1290"}],"version-history":[{"count":0,"href":"https:\/\/uenf.br\/posgraduacao\/biociencias-biotecnologia\/wp-json\/wp\/v2\/pages\/1290\/revisions"}],"up":[{"embeddable":true,"href":"https:\/\/uenf.br\/posgraduacao\/biociencias-biotecnologia\/wp-json\/wp\/v2\/pages\/277"}],"wp:attachment":[{"href":"https:\/\/uenf.br\/posgraduacao\/biociencias-biotecnologia\/wp-json\/wp\/v2\/media?parent=1290"}],"curies":[{"name":"wp","href":"https:\/\/api.w.org\/{rel}","templated":true}]}}