{"id":1293,"date":"2020-07-31T20:42:21","date_gmt":"2020-07-31T23:42:21","guid":{"rendered":"http:\/\/uenf.br\/posgraduacao\/biociencias-biotecnologia\/?page_id=1293"},"modified":"2023-10-18T15:29:25","modified_gmt":"2023-10-18T18:29:25","slug":"ano-2018","status":"publish","type":"page","link":"https:\/\/uenf.br\/posgraduacao\/biociencias-biotecnologia\/teses-defendidas-2\/ano-2018\/","title":{"rendered":"Ano 2018"},"content":{"rendered":"<p><strong>Disserta\u00e7\u00e3o de Mestrado<\/strong><\/p>\n<ul>\n<li>Clique no autor para acessar a disserta\u00e7\u00e3o completa<\/li>\n<\/ul>\n<h4><strong>1-<a href=\"https:\/\/uenf.br\/posgraduacao\/biociencias-biotecnologia\/wp-content\/uploads\/sites\/12\/2020\/08\/VERS\u00c3O-FINAL-EFRANCI-OK-1.pdf\"> EFRANCI SELIPRANDY RIBEIRO\u00a0<\/a><\/strong><\/h4>\n<h4><strong>Data:<\/strong>\u00a0 <strong>06\/02\/2018\u00a0<\/strong><\/h4>\n<p><strong>T\u00edtulo:<\/strong>\u201cDetec\u00e7\u00e3o do ant\u00edgeno apa de micobact\u00e9ria em leite de vaca para imunodiagn\u00f3stico da paratuberculose em rebanho leiteiro.\u201d<\/p>\n<h4><strong>Orientador:<\/strong><\/h4>\n<p>Dr\u00aaElena Lassounskaia \u2013 LBR\/CBB<\/p>\n<p>Dr\u00aaGiliane Silva de Souza Cabral \u2013 LBR\/CBB (Co-orientadora)<\/p>\n<h4><strong>Banca:<\/strong><\/h4>\n<p>Dr\u00aa Alba Luc\u00ednia Peixoto Rangel \u2013 LBR\/CBB<\/p>\n<p>Dr. Milton Masahiko Kanashiro \u2013 LBR\/UENF<\/p>\n<p>Dr\u00aa.Regina C\u00e9lia de Souza Campos Fernandes \u2013 FMC<\/p>\n<p>_______________________________________________________________________<\/p>\n<h4><strong>2-<a href=\"https:\/\/uenf.br\/posgraduacao\/biociencias-biotecnologia\/wp-content\/uploads\/sites\/12\/2020\/08\/vDISSERTA\u00c7\u00c3O-VVNCAMPOS-Vers\u00e3o-FinalImpressa.pdf\">VIVIANE SOUZA DE CAMPOS<\/a><\/strong><\/h4>\n<h4><strong>Data:<\/strong>\u00a0 <strong>06\/02\/2018\u00a0<\/strong><\/h4>\n<p><strong>T\u00edtulo:<\/strong>\u201cAvalia\u00e7\u00e3o <em>in vivo<\/em> do efeito de <em>Cymbopogoncitratus<\/em>(DC) Stapf (Capim lim\u00e3o) sobre nematoides gastrintestinais de ovinos e camundongos.\u201d<\/p>\n<h4><strong>Orientador:<\/strong><\/h4>\n<p>Dr. Cl\u00f3vis de Paula Santos \u2013 LBCT\/CBB<\/p>\n<p>Dr\u00aa Let\u00edcia Oliveira da Rocha \u2013 LBCT\/CBB (Co-orientadora)<\/p>\n<h4><strong>Banca:<\/strong><\/h4>\n<p>Dr. Eul\u00f3gio Carlos Queiroz Carvalho \u2013 UENF<\/p>\n<p>Dr\u00aa Isabella Vilhena Freire Martins \u2013 UFES<\/p>\n<p>Dr. \u00c2ngelo Jos\u00e9 Burla Dias \u2013 UENF<\/p>\n<p>_____________________________________________________________________<\/p>\n<p><strong>3<\/strong>&#8211;<a href=\"https:\/\/uenf.br\/posgraduacao\/biociencias-biotecnologia\/wp-content\/uploads\/sites\/12\/2020\/08\/vDISSERTA\u00c7\u00c3O-MARIANA-GIAROLA-B-BARTHOLAZZI.pdf\"><strong> MARIANA GIAROLA BENEDITO BARTHOLAZZI<\/strong>\u00a0<\/a><\/p>\n<p><strong>Data<\/strong>:20\/02\/2018<\/p>\n<p><strong>\u00a0T\u00edtulo<\/strong>: \u201cPRODU\u00c7\u00c3O DE AL\u00c9RGENO MUTANTE RECOMBINANTE DE\u00a0Ricinuscommunis, Ric c 3, E AVALIA\u00c7\u00c3O DA DESGRANULA\u00c7\u00c3O DE MAST\u00d3CITOS E DO DESENVOLVIMENTO DE LARVAS DE\u00a0Callosobruchusmaculatus.\u201d<\/p>\n<p><strong>Orientador<\/strong>: Dr\u00aa Olga Lima Tavares Machado \u2013 LQFPP\/CBB<\/p>\n<h4><strong>Banca:<\/strong><\/h4>\n<p>Dr\u00aaGiliane Silva de Souza Cabral \u2013 UENF<\/p>\n<p>Dr\u00aa Alba Luc\u00ednia Peixoto Rangel \u2013 UENF<\/p>\n<p>Dr. Bruno Louren\u00e7o Dias \u2013 UFRJ<\/p>\n<p>_______________________________________________________________________<\/p>\n<p><strong>4<\/strong>&#8211;<strong><a href=\"https:\/\/uenf.br\/posgraduacao\/biociencias-biotecnologia\/wp-content\/uploads\/sites\/12\/2020\/08\/vDisserta\u00e7\u00e3o-de-Mestrado-Vers\u00e3o-Final.pdf\">LEANDRO DE OLIVEIRA SILVA<\/a><\/strong><\/p>\n<p><strong>Data<\/strong>:21\/02\/2018<\/p>\n<p><strong>\u00a0T\u00edtulo<\/strong>: \u201cO Despertar da For\u00e7a de Defesa: An\u00e1lise Gen\u00f4mica e Transcript\u00f4mica de Defensinas e LTPs em Esp\u00e9cies Selvagens e Cultivares Comerciais de Cana-de-A\u00e7\u00facar.\u201d<\/p>\n<p><strong>Orientador<\/strong>: Dr\u00aaCl\u00edciaGrativol Gaspar \u2013 LQFPP\/CBB<\/p>\n<h4><strong>Banca:<\/strong><\/h4>\n<p>Dr. Felipe Klein Ricachenevsky \u2013 UFSM<\/p>\n<p>Dr\u00aaK\u00e1tia Valevski Sales Fernandes \u2013 UENF<\/p>\n<p>Dr. Andr\u00e9 de Oliveira Carvalho \u2013 UENF<\/p>\n<p>_______________________________________________________________________<\/p>\n<p><strong>5-<a href=\"https:\/\/uenf.br\/posgraduacao\/biociencias-biotecnologia\/wp-content\/uploads\/sites\/12\/2020\/08\/vdisserta\u00e7\u00e3o-GLR_final_PDF.pdf\">GUSTAVO LIMA RODRIGUES<\/a><\/strong><\/p>\n<p><strong>Data<\/strong>:22\/02\/2018<\/p>\n<p><strong>\u00a0T\u00edtulo<\/strong>: \u201cAn\u00e1lises gen\u00f4micas de duas rizobact\u00e9ries promotoras do crescimento vegetal isoladas de fruteiras.\u201d<\/p>\n<p><strong>Orientador<\/strong>:<\/p>\n<p>Dr. Thiago Motta Venancio\u2013 LQFPP\/CBB<\/p>\n<p>Dr. F\u00e1bio Lopes Olivares (Co-orientador)<\/p>\n<h4><strong>Banca:<\/strong><\/h4>\n<p>Dr. Cleiton de Paula Soares \u2013 UENF<\/p>\n<p>Dr. Daniel Bas\u00edlio Zadonadi \u2013 UFRJ<\/p>\n<p>Dr. \u00c1lvaro Fabr\u00edcio Lopes Rios \u2013 UENF<\/p>\n<p>_______________________________________________________________________<\/p>\n<p><strong>6-<a href=\"https:\/\/uenf.br\/posgraduacao\/biociencias-biotecnologia\/wp-content\/uploads\/sites\/12\/2020\/08\/vDisserta\u00e7\u00e3o_SDC_vers\u00e3o-final.pdf\">SANDERSON DIAS CALIXTO<\/a><\/strong><\/p>\n<p><strong>Data<\/strong>:22\/02\/2018<\/p>\n<p><strong>\u00a0T\u00edtulo<\/strong>: \u201cEstudo da atividade antimicobacteriana e anti-inflamat\u00f3ria de produtos naturais de fungos endof\u00edticos com \u00eanfase no g\u00eanero\u00a0<em>Sordaria<\/em>.<\/p>\n<p><strong>Orientador<\/strong>:<\/p>\n<p>Dr\u00aa Elena Lassounskaia\u2013 LBR\/CBB<\/p>\n<p>Dr\u00aa Michelle Fraz\u00e3o Muzitano (Co-orientadora)<\/p>\n<h4><strong>Banca:<\/strong><\/h4>\n<p>Dr. Willian JonisAndrioli \u2013 UFRJ<\/p>\n<p>Dr\u00aa Alba Luc\u00ednia Peixoto Rangel \u2013 UENF<\/p>\n<p>Dr. Milton Masahiko Kanashiro \u2013 UENF<\/p>\n<p>_______________________________________________________________________<\/p>\n<p><strong>7- <a href=\"https:\/\/uenf.br\/posgraduacao\/biociencias-biotecnologia\/wp-content\/uploads\/sites\/12\/2020\/08\/FernandaCoelho.pdf\">FERNANDA SILVA COELHO<\/a><\/strong><\/p>\n<p><strong>Data<\/strong>: 22\/02\/2018<\/p>\n<p><strong>\u00a0T\u00edtulo<\/strong>: \u201cAn\u00e1lise da Express\u00e3o de Genes Relacionada a Eventos de Morte Celular Programada em Semente de Soja.\u201d<\/p>\n<p><strong>Orientador<\/strong>:<\/p>\n<p>Dr\u00aaK\u00e1tia Valevski Sales Fernandes \u2013 LQFPP\/CBB<\/p>\n<p>Dr\u00aaCl\u00edciaGrativol Gaspar (Co-orientadora)<\/p>\n<h4><strong>Banca:<\/strong><\/h4>\n<p>Dr. Luiz Mors Cabral \u2013 UFF<\/p>\n<p>Dr. Thiago Mota Ven\u00e2ncio \u2013 UENF<\/p>\n<p>Dr. Ricardo Enrique Bressan-Smith \u2013 UENF<\/p>\n<p>_______________________________________________________________________<\/p>\n<p><strong>8-<a href=\"https:\/\/uenf.br\/posgraduacao\/biociencias-biotecnologia\/wp-content\/uploads\/sites\/12\/2020\/08\/zDhiego-Disserta\u00e7\u00e3o-Vers\u00e3o-Final.pdf\">DHIEGO DA SILVA OLIVEIRA\u00a0<\/a><\/strong><\/p>\n<p><strong>Data<\/strong>:26\/02\/2018<\/p>\n<p><strong>\u00a0T\u00edtulo<\/strong>: \u201cRespostas adaptativas de\u00a0<em>M y r c i a r i a f l o r i b u n d a<\/em>\u00a0(West exWilld.) O.berg (Myrtaceae) coexistente em dois ecossistemas de Mata Atl\u00e2ntica: Afloramento Rochoso e Restinga.\u201d<\/p>\n<p><strong>Orientador<\/strong>: Dr\u00aaMaura da Cunha \u2013 LBCT\/CBB<\/p>\n<h4><strong>Banca:<\/strong><\/h4>\n<p>Dr\u00aa Tarsila Maria da Silva Moraes \u2013 IFF<\/p>\n<p>Dr. F\u00e1bio Lopes Olivares \u2013 UENF<\/p>\n<p>Dr\u00aa \u00c2ngela Pierre Vit\u00f3ria\u2013 UENF<\/p>\n<p>__________________________________________________________________<\/p>\n<p><strong>9- <a href=\"https:\/\/uenf.br\/posgraduacao\/biociencias-biotecnologia\/wp-content\/uploads\/sites\/12\/2020\/08\/zDisserta\u00e7\u00e3o-Vers\u00e3o-final.pdf\">MARIA APARECIDA ARIDE BERTONCELI\u00a0<\/a><\/strong><\/p>\n<p><strong>Data<\/strong>:26\/02\/2018<\/p>\n<p><strong>\u00a0T\u00edtulo<\/strong>: \u201cProte\u00ednas com Potencial Inseticida de Sementes de\u00a0<em>Clitoriafairchildiana<\/em>.\u201d<\/p>\n<p><strong>Orientador<\/strong>: Dr\u00aaK\u00e1tia Valevski Sales Fernandes \u2013 LQFPP\/CBB<\/p>\n<h4><strong>Banca:<\/strong><\/h4>\n<p>Dr. Francisco Jos\u00e9 Alves Lemos \u2013 LBT,\/CBB<\/p>\n<p>Dr. Andr\u00e9 de Oliveira Carvalho \u2013 LFBM\/CBB<\/p>\n<p>Dr\u00aaLuciana Belarmindo da Silva\u2013 IFF<\/p>\n<p>_______________________________________________________________________<\/p>\n<p><strong>10-<a href=\"https:\/\/uenf.br\/posgraduacao\/biociencias-biotecnologia\/wp-content\/uploads\/sites\/12\/2020\/08\/zDisserta\u00e7\u00e3o-Yrexam-R.-de-S.-Ribeiro.pdf\">YREXAM RODRIGUES DE SOUZA RIBEIRO\u00a0<\/a><\/strong><\/p>\n<p><strong>Data<\/strong>:26\/02\/2018<\/p>\n<p><strong>\u00a0T\u00edtulo<\/strong>:\u201cEnvolvimento da Auxina e Poliaminas no Enraizamento Ex Vitro de brota\u00e7\u00f5es Micropropagadas de\u00a0<em>Cedrelafissilis<\/em>\u00a0Vell. (Meliaceae).\u201d<\/p>\n<p><strong>Orientador<\/strong>:<\/p>\n<p>Dr\u00aaClaudete Santa-Catarina \u2013 LBCT\/CBB (v\u00eddeo-confer\u00eancia)<\/p>\n<p>Dr\u00aa Maura da Cunha (Presidente)<\/p>\n<h4><strong>Banca:<\/strong><\/h4>\n<p>Dr\u00aa Tatiana Santos Barroso \u2013 SEEDUC<\/p>\n<p>Dr\u00aa Virg\u00ednia Silva Carvalho \u2013 UENF<\/p>\n<p>Dr\u00aa Deborah Guerra Barroso\u2013 UENF<\/p>\n<p>________________________________________________________________<\/p>\n<p><strong>11-<a href=\"https:\/\/uenf.br\/posgraduacao\/biociencias-biotecnologia\/wp-content\/uploads\/sites\/12\/2020\/08\/Disserta\u00e7\u00e3o-de-mestrado-Francianne-Galossi-de-Souza.pdf\">Francianne Galossi de Souza<\/a><\/strong><\/p>\n<p><strong>Data<\/strong>:27\/02\/2018<\/p>\n<p><strong>\u00a0T\u00edtulo<\/strong>:\u201cEFEITO DE COMPONENTES PROTEICOS E DO \u00d3LEO DAS SEMENTES DE\u00a0<em>Ricinuscommunis<\/em>\u00a0CONTRA\u00a0<em>Leishmaniaamazonensis, Trypanosoma cruzi, Toxoplasma gondii<\/em><em>\u00a0<\/em>E<em>\u00a0<\/em><em>Aedes aegypti.<\/em>\u201d<\/p>\n<p><strong>Orientador<\/strong>: Dr\u00aa Olga Lima Tavares Machado \u2013 LQFPP\/CBB<\/p>\n<h4><strong>Banca:<\/strong><\/h4>\n<p>Dr. Francisco Jos\u00e9 Alves Lemos \u2013 LBT,\/CBB<\/p>\n<p>Dr. Renato Augusto DaMatta \u2013 LBCT\/CBB<\/p>\n<p>Dr. Jos\u00e9 Roberto da Silva\u2013 UFRJ<\/p>\n<p>________________________________________________________________<\/p>\n<p><strong>12-<a href=\"https:\/\/uenf.br\/posgraduacao\/biociencias-biotecnologia\/wp-content\/uploads\/sites\/12\/2020\/08\/Disserta\u00e7\u00e3o_Laura_Final.pdf\">LAURA MATHIAS BARROSO<\/a><\/strong><\/p>\n<p><strong>Data<\/strong>:27\/02\/2018<\/p>\n<p><strong>\u00a0T\u00edtulo<\/strong>:\u201cIntera\u00e7\u00e3o de planta aqu\u00e1tica e microrganismos promotores do crescimento vegetal resistentes a cobre.\u201d<\/p>\n<p><strong>Orientador<\/strong>: Dr\u00aaAline Chaves Intorne \u2013 LFBM\/CBB<\/p>\n<h4><strong>Banca:<\/strong><\/h4>\n<p>Dr\u00aa Marcela Bianchessi da Cunha Santino \u2013 LCA,\/UFSCar<\/p>\n<p>Dr. Arnoldo Rocha Fa\u00e7anha \u2013 LBCT\/CBB<\/p>\n<p>Dr. F\u00e1bio Lopes Olivares\u2013 LBCT<\/p>\n<p>_______________________________________________________________________<\/p>\n<p><strong>13-<a href=\"https:\/\/uenf.br\/posgraduacao\/biociencias-biotecnologia\/wp-content\/uploads\/sites\/12\/2020\/08\/zDisserta\u00e7\u00e3o_Pedro.pdf\">PEDRO THYAGO MOZER RODRIGUES<\/a><\/strong><\/p>\n<p><strong>Data<\/strong>:27\/02\/2018<\/p>\n<p><strong>\u00a0T\u00edtulo<\/strong>:\u201cAlgoritmo computacional integrativo de regi\u00f5es diferencialmente metiladas polim\u00f3rficas espec\u00edficas da placenta humana revela regi\u00f5es com assimetrias gam\u00e9tica e som\u00e1tica da metila\u00e7\u00e3o.\u201d<\/p>\n<p><strong>Orientador<\/strong>:<\/p>\n<p>Dr. Enrique Medina-Acosta \u2013 LBT\/CBB (N\u00e3o compareceu)<\/p>\n<p>Dr. Filipe Brum Machado (Co-orientador)<\/p>\n<p>Dr\u00aaAna Beatriz Garcia (Presidente)<\/p>\n<h4><strong>Banca:<\/strong><\/h4>\n<p>Dr. Ant\u00f4nio Jesus DorighettoCogo \u2013 UENF<\/p>\n<p>Dr. Victor Martin Quintana Flores \u2013 UENF<\/p>\n<p>Dr. Fabr\u00edcio Moreira de Almeida\u2013 UFRJ<\/p>\n<p>____________________________________________________________________<\/p>\n<p><strong>14-<a href=\"https:\/\/uenf.br\/posgraduacao\/biociencias-biotecnologia\/wp-content\/uploads\/sites\/12\/2020\/08\/Neilor-Disserta\u00e7\u00e3o-Final.pdf\">NEILOR LACORTE BORGES<\/a><\/strong><\/p>\n<p><strong>Data<\/strong>:28\/02\/2018<\/p>\n<p><strong>\u00a0T\u00edtulo<\/strong>:\u201cAlgoritmo computacional integrativo de regi\u00f5es diferencialmente metiladas polim\u00f3rficas espec\u00edficas da placenta humana revela regi\u00f5es com assimetrias gam\u00e9tica e som\u00e1tica da metila\u00e7\u201cAtributos funcionais foliares de\u00a0<em>Myrciainsularis<\/em>\u00a0Gardner O. Berg (Myrtaceae) em Floresta Estacional semidecidual sobre Afloramento Rochoso e Restinga.\u201d\u00e3o.\u201d<\/p>\n<p><strong>Orientador<\/strong>: Dr\u00aa Maura da Cunha \u2013 LBCT\/CBB<\/p>\n<h4><strong>Banca:<\/strong><\/h4>\n<p>Dr\u00aaC\u00e1tia Henriques Callado \u2013 UERJ<\/p>\n<p>Dr. Luis Miguel Mazorra Morales \u2013 UENF<\/p>\n<p>Dr. Cl\u00f3vis de Paula Santos\u2013 UENF<\/p>\n<p>_____________________________________________________________________<\/p>\n<p><strong>15-<a href=\"https:\/\/uenf.br\/posgraduacao\/biociencias-biotecnologia\/wp-content\/uploads\/sites\/12\/2020\/08\/zDisserta\u00e7\u00e3o-Alan-Tardin-da-Silva.pdf\">Alan Tardin da Silva<\/a><\/strong><\/p>\n<p><strong>Data<\/strong>:28\/02\/2018<\/p>\n<p><strong>\u00a0T\u00edtulo<\/strong>:\u201cAltera\u00e7\u00f5es nos padr\u00f5es de express\u00e3o alelo-espec\u00edfico sugerem perda ou ganho de <em>impritimg<\/em> em neoplasias.\u201d<\/p>\n<p><strong>Orientador<\/strong>:<\/p>\n<p>Dr. Enrique Medina-Acosta \u2013 LBT\/CBB (N\u00e3o compareceu)<\/p>\n<p>Dr\u00aa Ana Beatriz Garcia (Presidente)<\/p>\n<h4><strong>Banca:<\/strong><\/h4>\n<p>Dr\u00aa Regina C\u00e9lia de Souza Campos Fernandes \u2013 FMC<\/p>\n<p>Dr. Victor Martin Quintana Flores \u2013 LBT\/CBB<\/p>\n<p>Dr\u00aa Elena Lassounskaia\u2013 LBR\/CBB<\/p>\n<p>_______________________________________________________________________<\/p>\n<p><strong>16-<a href=\"https:\/\/uenf.br\/posgraduacao\/biociencias-biotecnologia\/wp-content\/uploads\/sites\/12\/2020\/08\/zDissertac-a-o_Priscila-de-Sousa-Ferreira.pdf\">Priscila de Sousa Ferreira<\/a><\/strong><\/p>\n<p><strong>Data<\/strong>:28\/02\/2018<\/p>\n<p><strong>\u00a0T\u00edtulo<\/strong>:\u201cCaracteriza\u00e7\u00e3o\u00a0<em>in silico<\/em>\u00a0de regi\u00f5es diferencialmente metiladas em genes associados ao c\u00e2ncer de mama.\u201d<\/p>\n<p><strong>Orientador<\/strong>:<\/p>\n<p>Dr. Milton Masahiko Kanashiro \u2013 LBR\/CBB<\/p>\n<p>Dr. \u00c1lvaro Fabr\u00edcio Lopes Rios (Co-orientador)<\/p>\n<h4><strong>Banca:<\/strong><\/h4>\n<p>Dr. Arnoldo Rocha Fa\u00e7anha \u2013 LBCT\/CBB<\/p>\n<p>Dr. Victor Martin Quintana Flores \u2013 LBT\/CBB<\/p>\n<p>Dr. Filipe Brum Machado\u2013 UEMG<\/p>\n<p>_______________________________________________________________________<\/p>\n<p><strong>17-<a href=\"https:\/\/uenf.br\/posgraduacao\/biociencias-biotecnologia\/wp-content\/uploads\/sites\/12\/2020\/08\/zzDISSERTA\u00c7\u00c3O-DE-MESTRADO-GABRIELA-VERS\u00c3O-FINAL.pdf\">GABRIELA PETROCELI MOTA<\/a><\/strong><\/p>\n<p><strong>Data<\/strong>:28\/02\/2018<\/p>\n<p><strong>\u00a0T\u00edtulo<\/strong>:\u201cInternaliza\u00e7\u00e3o de ferro e heme por bact\u00e9rias isoladas do intestino m\u00e9dio de\u00a0<em>Aedes Aegypti<\/em>.\u201d<\/p>\n<p><strong>Orientador<\/strong>:<\/p>\n<p>Dr\u00aa Mar\u00edlia Amorim Berbert de Molina \u2013 LBT\/CBB<\/p>\n<h4><strong>Banca:<\/strong><\/h4>\n<p>Dr. Francisco Jos\u00e9 Alves Lemos \u2013 LBT\/CBB<\/p>\n<p>Dr. Ad\u00e3o Valmir dos Santos \u2013 UENF<\/p>\n<p>Dr\u00aa Aline Chaves Intorne\u2013 LFBM\/CBB<\/p>\n<p>_______________________________________________________________________<\/p>\n<p><strong>18-<\/strong>NOEMI OLIVEIRA MONTEIRO<\/p>\n<p><strong>Data<\/strong>:28\/02\/2018<\/p>\n<p><strong>\u00a0T\u00edtulo<\/strong>:\u201cUTILIZA\u00c7\u00c3O DE BIOPOL\u00cdMERO COM NANOPART\u00cdCULAS DE PRATA COMO INIBIDOR DO CRESCIMENTO DE BACT\u00c9RIAS PRODUTORAS DE BIOFILME.\u201d<\/p>\n<p><strong>Orientador<\/strong>:Dr. Jo\u00e3o Carlos Aquino de Almeida\u2013 LFBM\/CBB<\/p>\n<h4><strong>Banca:<\/strong><\/h4>\n<p>Dr\u00aa Nayara Gusm\u00e3o Tessarollo\u2013 UFES<\/p>\n<p>Dr. Olney Vieira Motta \u2013 UENF<\/p>\n<p>Dr\u00aaRossana Mara da Silva Moreira Thir\u00e9\u2013 UFRJ<\/p>\n<p>______________________________________________________________________<\/p>\n<p><strong>19-<a href=\"https:\/\/uenf.br\/posgraduacao\/biociencias-biotecnologia\/wp-content\/uploads\/sites\/12\/2020\/08\/wDisserta\u00e7\u00e3o-final-Teresa.pdf\">TERESA PONTES<\/a><\/strong><\/p>\n<p><strong>Data<\/strong>:28\/02\/2018<\/p>\n<p><strong>\u00a0T\u00edtulo<\/strong>:\u201cIdentifica\u00e7\u00e3o molecular, crescimento micelial e capacidade predat\u00f3ria\u00a0<em>in vivo<\/em>\u00a0e\u00a0<em>in vitro<\/em>\u00a0de isolados de fungos nemat\u00f3fagos da Esta\u00e7\u00e3o Ecol\u00f3gica de Guaxindiba, RJ.\u201d<\/p>\n<p><strong>Orientador<\/strong>:<\/p>\n<p>Dr. Cl\u00f3vis de Paula Santos \u2013 LBCT\/CBB<\/p>\n<p>Dr\u00aaJosiana Gomes de Andrade (Co-orientadora)<\/p>\n<h4><strong>Banca:<\/strong><\/h4>\n<p>Dr\u00aaAlekssandra Menezes de Oliveira \u2013 UFRJ<\/p>\n<p>Dr. Ricardo Moreira Souza \u2013 UENF<\/p>\n<p>Dr. Francimar Fernandes Gomes\u2013 UENF<\/p>\n<p>___________________________________________________________________<\/p>\n<p><strong>20-<a href=\"https:\/\/uenf.br\/posgraduacao\/biociencias-biotecnologia\/wp-content\/uploads\/sites\/12\/2020\/08\/Disserta\u00e7\u00e3o-de-mestrado-Gislane-de-Almeida-Santos.pdf\">Gislane de Almeida Santos<\/a><\/strong><\/p>\n<p><strong>Data<\/strong>:01\/03\/2018<\/p>\n<p><strong>\u00a0T\u00edtulo<\/strong>:\u201cEfeito das c\u00e9lulas-tronco mesenquimais imaturas da polpa de dente humano na modula\u00e7\u00e3o da resposta inflamat\u00f3ria induzida por\u00a0<em>Mycobacterium tuberculosis<\/em>.\u201d<\/p>\n<p><strong>Orientador<\/strong>:<\/p>\n<p>Dr. Elena Lassounskaia \u2013 LBR\/CBB<\/p>\n<p>Dr. Fabr\u00edcio Moreira Almeida (Co-orientador)<\/p>\n<h4><strong>Banca:<\/strong><\/h4>\n<p>Dr. Renato Augusto DaMatta \u2013 UENF<\/p>\n<p>Dr\u00aa Andrea Cristina Veto Arnholdt \u2013 UENF<\/p>\n<p>Dr\u00aa Regina C\u00e9lia de Souza Campos Fernandes\u2013 FMC<\/p>\n<p>_______________________________________________________________________<\/p>\n<p><strong>21-<a href=\"https:\/\/uenf.br\/posgraduacao\/biociencias-biotecnologia\/wp-content\/uploads\/sites\/12\/2020\/08\/Janaina-C.-M.-Silva-Disserta\u00e7\u00e3o.-2018.pdf\">JANAINA DE CAMPOS MACEDO DA SILVA\u00a0<\/a><\/strong><\/p>\n<p><strong>Data<\/strong>:01\/03\/2018<\/p>\n<p><strong>\u00a0T\u00edtulo<\/strong>:\u201cInibidores de proteases de sementes de\u00a0<em>Glycinemax<\/em>\u00a0e os efeitos na inibi\u00e7\u00e3o de proteases intestinais de insetos praga da agricultura.\u201d<\/p>\n<p><strong>Orientador<\/strong>:Dr. AntoniaElenirAmancio Oliveira \u2013 LQFPP\/CBB<\/p>\n<h4><strong>Banca:<\/strong><\/h4>\n<p>Dr. Evenilton Pessoa Costa \u2013 UENF<\/p>\n<p>Dr\u00aaLuciana Belarmindo da Silva \u2013 IFF<\/p>\n<p>Dr\u00aaAline Teixeira Carolino\u2013 UENF<\/p>\n<p>_______________________________________________________________________<\/p>\n<p><strong>22-<a href=\"https:\/\/uenf.br\/posgraduacao\/biociencias-biotecnologia\/wp-content\/uploads\/sites\/12\/2020\/08\/Disserta\u00e7\u00e3o-Evillyn-Final-cd.pdf\">EVILLYN JACINTO TOFANELLI\u00a0<\/a><\/strong><\/p>\n<p><strong>Data<\/strong>:26\/04\/2018<\/p>\n<p><strong>\u00a0T\u00edtulo<\/strong>:\u201cATIVIDADE ANTIMICROBIANA DA DEFENSINA DE PLANTA PvD<sub>1<\/sub>\u00a0EM COMBINA\u00c7\u00c3O COM FLUCONAZOL SOBRE AS LEVEDURAS\u00a0<em>Candidatropicalis<\/em>\u00a0E\u00a0<em>Candidaalbicans<\/em>.\u201d<\/p>\n<p><strong>Orientador<\/strong>:<\/p>\n<p>Dr\u00aa Valdirene Moreira Gomes \u2013 LFBM\/CBB<\/p>\n<p>Dr\u00aa \u00c9rica de Oliveira Mello (Co-orientadora) \u2013 LFBM\/CBB<\/p>\n<h4><strong>Banca:<\/strong><\/h4>\n<p>Dr\u00aa Luciana Belarmindo da Silva \u2013 IFF<\/p>\n<p>Dr\u00aaMaura da Cunha \u2013 LBCT\/CBB<\/p>\n<p>Dr\u00aa Ant\u00f4nia Elenir Am\u00e2ncio Oliveira\u00a0 \u2013 LQFPP\/CBB<\/p>\n<p>__________________________________________________________________<\/p>\n<p><strong>22-<a href=\"https:\/\/uenf.br\/posgraduacao\/biociencias-biotecnologia\/wp-content\/uploads\/sites\/12\/2020\/12\/DISSERTACAO-LUISA-MIGNONE-PAIXAO-3.pdf\">LU\u00cdSA MIGNONE PAIX\u00c3O\u00a0<\/a><\/strong><\/p>\n<p><strong>Data<\/strong>:17\/07\/2018<\/p>\n<p><strong>\u00a0T\u00edtulo<\/strong>:\u201cAN\u00c1LISE COMPARATIVA DE POPULA\u00c7\u00d5ES DISS\u00d4MICA E<br \/>\nTRISS\u00d4MICA UTILIZANDO DUPLICA\u00c7\u00d5ES SEGMENTARES:<br \/>\nRELA\u00c7\u00c3O ENTRE O CROMOSSOMO CHRISTCHURCH (CH\u00b9) E A<br \/>\nTRISSOMIA 21.\u201d<\/p>\n<p><strong>Orientador<\/strong>: ENRIQUE MEDINA ACOSTA<\/p>\n<div class=\"form-container\">\n<div class=\"form-grid-3\"><strong>Banca:<\/strong><\/div>\n<\/div>\n<p>FILIPE BRUM MACHADO<\/p>\n<p>VICTOR MARTIN QUINTANA FLORES<\/p>\n<p>FABRICIO MOREIRA ALMEIDA<\/p>\n<p>REGINA CELIA DE SOUZA CAMPOS FERNANDES<\/p>\n<p>__________________________________________________________________<\/p>\n","protected":false},"excerpt":{"rendered":"<p>Disserta\u00e7\u00e3o de Mestrado Clique no autor para acessar a disserta\u00e7\u00e3o completa 1- EFRANCI SELIPRANDY RIBEIRO\u00a0 Data:\u00a0 06\/02\/2018\u00a0 T\u00edtulo:\u201cDetec\u00e7\u00e3o do ant\u00edgeno&#8230;<\/p>\n","protected":false},"author":25,"featured_media":0,"parent":277,"menu_order":0,"comment_status":"closed","ping_status":"closed","template":"","meta":{"footnotes":""},"class_list":["post-1293","page","type-page","status-publish","hentry"],"_links":{"self":[{"href":"https:\/\/uenf.br\/posgraduacao\/biociencias-biotecnologia\/wp-json\/wp\/v2\/pages\/1293","targetHints":{"allow":["GET"]}}],"collection":[{"href":"https:\/\/uenf.br\/posgraduacao\/biociencias-biotecnologia\/wp-json\/wp\/v2\/pages"}],"about":[{"href":"https:\/\/uenf.br\/posgraduacao\/biociencias-biotecnologia\/wp-json\/wp\/v2\/types\/page"}],"author":[{"embeddable":true,"href":"https:\/\/uenf.br\/posgraduacao\/biociencias-biotecnologia\/wp-json\/wp\/v2\/users\/25"}],"replies":[{"embeddable":true,"href":"https:\/\/uenf.br\/posgraduacao\/biociencias-biotecnologia\/wp-json\/wp\/v2\/comments?post=1293"}],"version-history":[{"count":0,"href":"https:\/\/uenf.br\/posgraduacao\/biociencias-biotecnologia\/wp-json\/wp\/v2\/pages\/1293\/revisions"}],"up":[{"embeddable":true,"href":"https:\/\/uenf.br\/posgraduacao\/biociencias-biotecnologia\/wp-json\/wp\/v2\/pages\/277"}],"wp:attachment":[{"href":"https:\/\/uenf.br\/posgraduacao\/biociencias-biotecnologia\/wp-json\/wp\/v2\/media?parent=1293"}],"curies":[{"name":"wp","href":"https:\/\/api.w.org\/{rel}","templated":true}]}}