{"id":1296,"date":"2020-07-31T20:43:05","date_gmt":"2020-07-31T23:43:05","guid":{"rendered":"http:\/\/uenf.br\/posgraduacao\/biociencias-biotecnologia\/?page_id=1296"},"modified":"2025-02-13T16:11:32","modified_gmt":"2025-02-13T19:11:32","slug":"ano-2019","status":"publish","type":"page","link":"https:\/\/uenf.br\/posgraduacao\/biociencias-biotecnologia\/teses-defendidas-2\/ano-2019\/","title":{"rendered":"Ano 2019"},"content":{"rendered":"<p><strong>Disserta\u00e7\u00e3o de Mestrado 2019<\/strong><\/p>\n<ul>\n<li>Clique no autor para acessar a disserta\u00e7\u00e3o completa:<\/li>\n<\/ul>\n<p><strong>1- <a href=\"https:\/\/uenf.br\/posgraduacao\/biociencias-biotecnologia\/wp-content\/uploads\/sites\/12\/2020\/08\/Disserta\u00e7\u00e3o-RODRIGO-DA-SILVA-GEBARA.pdf\">\u00a0RODRIGO DA SILVA GEBARA<\/a> \u00a0 \u00a0<\/strong><\/p>\n<p><strong>Data: <\/strong>26\/02\/2019<\/p>\n<p><strong>T\u00edtulo: <\/strong>\u201cPEPT\u00cdDEOS ANTIMICROBIANOS DE FRUTOS <em>Capsicumannuum<\/em>: CARACTERIZA\u00c7\u00c3O<\/p>\n<p>BIOQU\u00cdMICA, ATIVIDADE ANTIF\u00daNGICA E ANTIMICOBACTERIANA COM \u00caNFASE<\/p>\n<p>NO MECANISMO DE A\u00c7\u00c3O SOBRE LEVEDURAS DO G\u00caNERO <em>Candida<\/em>.\u201d<\/p>\n<p><strong>Orientador:<\/strong><\/p>\n<p>Dr\u00aaValdirene Moreira Gomes \u2013 LFBM\/CBB<\/p>\n<p>Dr. Gabriel Bonan Taveira \u2013 (Co-orientador)<\/p>\n<p><strong>Banca:<\/strong><\/p>\n<p>Dr\u00aa Anna LvovnaOkorokova Fa\u00e7anha \u2013 UENF<\/p>\n<p>Dr\u00aa Maura da Cunha\u2013UENF<\/p>\n<p>Dr\u00aa.Thatiana Lopes Bi\u00e1 Ventura Sim\u00e3o \u2013 UFRJ<\/p>\n<p>_______________________________________________________________________<\/p>\n<p><strong>2-<a href=\"https:\/\/uenf.br\/posgraduacao\/biociencias-biotecnologia\/wp-content\/uploads\/sites\/12\/2020\/08\/Disserta\u00e7\u00e3o-de-Mestrado-Felipe-Moreira.pdf\">FELIPE FIGUEIR\u00d4A MOREIRA<\/a> \u00a0<\/strong><\/p>\n<p><strong>Data: <\/strong>26\/02\/2019<\/p>\n<p><strong>T\u00edtulo: <\/strong>\u201c\u201cEFEITOS ANTI-\u00a0<em>Trypanosoma cruzi<\/em>\u00a0<em> IN VITRO<\/em>\u00a0DE NOVOS COMPOSTOS METALOCOMPLEXOS.\u201d<\/p>\n<p><strong>Orientador:<\/strong><\/p>\n<p>Dr. S\u00e9rgio Henrique Seabra\u2013 UEZO<\/p>\n<p>Dr\u00aa Juliana de Ara\u00fajo Portes (Co-Orientadora)<\/p>\n<p><strong>Banca:<\/strong><\/p>\n<p>Dr. Thiago Alves Teixeira dos Santos \u2013 IBMR<\/p>\n<p>Dr. Cl\u00f3vis de Paula Santos\u2013UENF<\/p>\n<p>Dr. Jorge Hudson Petretski \u2013 UENF<\/p>\n<p>_______________________________________________________________________<\/p>\n<p><strong>3- <a href=\"https:\/\/uenf.br\/posgraduacao\/biociencias-biotecnologia\/wp-content\/uploads\/sites\/12\/2020\/08\/disserta\u00e7\u00e3o-Deise-final-corrigida.pdf\">DEISE FERREIRA FERNANDES PAES<\/a><\/strong><\/p>\n<p><strong>Data: <\/strong>27\/02\/2019<\/p>\n<p><strong>T\u00edtulo:<\/strong> \u201cMONTAGEM, CARACTERIZA\u00c7\u00c3O E COMPARA\u00c7\u00c3O DO GENOMA ORGANELAR DE ESP\u00c9CIES SELVAGENS E CULTIVARES H\u00cdBRIDOS DE CANA-DE-A\u00c7\u00daCAR.\u201d<\/p>\n<p><strong>Orientador: <\/strong>Dr\u00aaCl\u00edciaGrativol Gaspar de Matos \u2013 LQFPP\/CBB<\/p>\n<p><strong>Banca:<\/strong><\/p>\n<p>Dr. Regis Lopes Corr\u00eaa \u2013 UFRJ<\/p>\n<p>Dr. Jorge Hernandez Fernandez\u2013UENF<\/p>\n<p>Dr. F\u00e1bio Lopes Olivares \u2013 UENF<\/p>\n<p>_______________________________________________________________________<\/p>\n<p><strong>4- <a href=\"https:\/\/uenf.br\/posgraduacao\/biociencias-biotecnologia\/wp-content\/uploads\/sites\/12\/2020\/08\/Disserta\u00e7\u00e3o_de_Mestrado_Francisnei_Pedrosa_CBB_UENF_2019.pdf\">FRANCISNEI PEDROSA DA SILVA<\/a><\/strong><\/p>\n<p><strong>Data: <\/strong>28\/02\/2019<\/p>\n<p><strong>T\u00edtulo:<\/strong>\u201cAn\u00e1lises gen\u00f4micas de tr\u00eas isolados do g\u00eanero <em>Stenotrophomonas<\/em> oriundos de vermicomposto.\u201d<\/p>\n<p><strong>Orientador:<\/strong>Dr. Thiago Motta Venancio\u2013 LQFPP\/CBB<\/p>\n<p><strong>Banca:<\/strong><\/p>\n<p>Dr. Daniel Bas\u00edlio Zandonadi \u2013 UFRJ<\/p>\n<p>Dr. Evenilton Pessoa Costa\u2013UENF<\/p>\n<p>Dr\u00aa Aline Chaves Intorne.\u2013 UENF<\/p>\n<p>_______________________________________________________________________<\/p>\n<p><strong>5- <a href=\"https:\/\/uenf.br\/posgraduacao\/biociencias-biotecnologia\/wp-content\/uploads\/sites\/12\/2020\/08\/Disserta\u00e7\u00e3o-Arieli-vers\u00e3o-final-ficha.pdf\">ARIELI BERNARDO PORTUGAL\u00a0<\/a><\/strong><\/p>\n<p><strong>Data: <\/strong>28\/02\/2019<\/p>\n<p><strong>T\u00edtulo:<\/strong>\u201cAn\u00e1lises gen\u00f4micas de tr\u00eas isolados do g\u00eanero <em>Stenotrophomonas<\/em> oriundos de vermicomposto.\u201cEfeito de anticorpos bloqueadores de fosfatidilserina na infec\u00e7\u00e3o por <em>Leishmania amazonenses.<\/em>\u201d<\/p>\n<p><strong>Orientador:<\/strong><\/p>\n<p>Dr. Jo\u00e3o Luiz Mendes Wanderley \u2013 UFRJ<\/p>\n<p>Dr. Renato Augusto DaMatta \u2013 UENF (Co Orientador)<\/p>\n<p><strong>Banca:<\/strong><\/p>\n<p>Dr\u00aa Elena Lassounskaia \u2013 UENF<\/p>\n<p>Dr\u00aa Alba Luc\u00ednia Peixoto Rangel\u2013UENF<\/p>\n<p>Dr\u00aa Ta\u00eds Fontoura de Almeida \u2013 UFRJ<\/p>\n<p>_______________________________________________________________________<\/p>\n<p><strong>6-<a href=\"https:\/\/uenf.br\/posgraduacao\/biociencias-biotecnologia\/wp-content\/uploads\/sites\/12\/2020\/08\/Disserta\u00e7\u00e3o-Final-Elisa.pdf\">ELISA MAROZZI CRUZ<\/a><\/strong><\/p>\n<p><strong>Data:<\/strong>29\/03\/2019<\/p>\n<p><strong>T\u00edtulo:<\/strong>\u201cEfeito do tratamento com c\u00e9lulas mononucleares de medula \u00f3ssea em modelos de les\u00e3o cortical unilateral: an\u00e1lise da densidade neuronal na camada V do c\u00f3rtex motor prim\u00e1rio contralateral<em>.\u201d<\/em><\/p>\n<p><strong>Orientador:<\/strong>Dr. Arthur Giraldi Guimar\u00e3es \u2013 UENF<\/p>\n<p><strong>Banca:<\/strong><\/p>\n<p>Dr. Jo\u00e3o Carlos de Aquino Almeida \u2013 UENF<\/p>\n<p>Dr. Renato Augusto DaMatta \u2013UENF<\/p>\n<p>Dr\u00aaViviane Gomes da Silva \u2013 UFRJ<\/p>\n<p>_______________________________________________________________________<\/p>\n<p><strong>7-<a href=\"https:\/\/uenf.br\/posgraduacao\/biociencias-biotecnologia\/wp-content\/uploads\/sites\/12\/2020\/08\/disserta\u00e7\u00e3o-final-com-ficha-catalografica-certa.pdf\">ELAINE GIMENEZ GUIMAR\u00c3ES<\/a><\/strong><\/p>\n<p><strong>Data:<\/strong> 29\/03\/2019<\/p>\n<p><strong>T\u00edtulo:<\/strong>\u201cAvalia\u00e7\u00e3o\u00a0<em>in vitro<\/em>\u00a0da atividade antineopl\u00e1sica da associa\u00e7\u00e3oentre um composto de coordena\u00e7\u00e3o de cobre e o f\u00e1rmacocisplatina<em>.\u201d<\/em><\/p>\n<p><strong>Orientador:<\/strong>Dr. Milton Masahiko Kanashiro \u2013 UENF<\/p>\n<p><strong>Banca:<\/strong><\/p>\n<p>Dr. Franz Viana Borges \u2013 IFF<\/p>\n<p>Dr\u00aaBrunna Xavier Martins\u2013UENF<\/p>\n<p>Dr\u00aaAlba Luc\u00ednia Peixoto Rangel \u2013 UENF<\/p>\n<p>_______________________________________________________________________<\/p>\n<p><strong>8-<a href=\"https:\/\/uenf.br\/posgraduacao\/biociencias-biotecnologia\/wp-content\/uploads\/sites\/12\/2020\/08\/Disserta\u00e7\u00e3oLeticia_Nascimento_VFinal.pdf\">LETICIA SILVA NASCIMENTO<\/a><\/strong><\/p>\n<p><strong>Data:<\/strong>01\/04\/2019<\/p>\n<p><strong>T\u00edtulo:&#8221;<\/strong>Utiliza\u00e7\u00e3o da t\u00e9cnica SNAP para an\u00e1lise de variantes gen\u00e9ticas de\u00a0<em>CR1<\/em>\u00a0em pacientes com hansen\u00edase.\u201d<\/p>\n<p><strong>Orientador: <\/strong>Dr\u00aa Alba Luc\u00edniaPeixoto Rangel\u2013 UENF<\/p>\n<p><strong>Banca:<\/strong><\/p>\n<p>Dr\u00aa Elena Lassounskaia \u2013 UENF<\/p>\n<p>Dr\u00aaThais louvain de Souza\u2013UENF<\/p>\n<p>Dr\u00aaThatiana Lopes Bi\u00e1 Ventura Sim\u00e3o \u2013 UFRJ<\/p>\n<p>_______________________________________________________________________<\/p>\n<p><strong>9-<a href=\"https:\/\/uenf.br\/posgraduacao\/biociencias-biotecnologia\/wp-content\/uploads\/sites\/12\/2020\/08\/Disserta\u00e7\u00e3o-Rita-de-Kassia-Xavier-Pereira.pdf\">Rita de Kassia Xavier Pereira<\/a><\/strong><\/p>\n<p><strong>Data:<\/strong>\u00a0 30\/04\/2019<\/p>\n<p><strong>T\u00edtulo:<\/strong>\u201cExpress\u00e3o G\u00eanica De Metaloproteinases Em C\u00e9lulas-Tronco Mesenquimais De Rato Cultivadas Em Matriz Tridimensional De Col\u00e1geno.<em>\u201d<\/em><\/p>\n<p><strong>Orientador:<\/strong>Dr. Arthur Giraldi Guimar\u00e3es \u2013 UENF<\/p>\n<p><strong>Banca:<\/strong><\/p>\n<p>Dr. Renato Augusto DaMatta \u2013 UENF<\/p>\n<p>Dr\u00aa Luciana Belarmindo da Silva\u2013 IFF<\/p>\n<p>Dr\u00aa Nat\u00e1lia Deus de Oliveira Crespo \u2013 IFF<\/p>\n<p>_______________________________________________________________________<\/p>\n<p><strong>10-<a href=\"https:\/\/uenf.br\/posgraduacao\/biociencias-biotecnologia\/wp-content\/uploads\/sites\/12\/2020\/08\/Disserta\u00e7\u00e3o-de-mestrado-Vers\u00e3o-Final-leonardo-3.docx\">\u00a0LEONARDO APERIBENSE<\/a><\/strong><\/p>\n<p><strong>Data:<\/strong>04\/06\/2019<\/p>\n<p><strong>T\u00edtulo:<\/strong>\u201cConstru\u00e7\u00e3o de um painel de epitopos ligantes de IgE de prote\u00ednas alerg\u00eanicas do leite de vaca e imuniza\u00e7\u00e3o oral de camundongos.<em>\u201d<\/em><\/p>\n<p><strong>Orientador:<\/strong>Dr\u00aa Olga Lima Tavares Machado\u2013 UENF<\/p>\n<p><strong>Banca:<\/strong><\/p>\n<p>Dr\u00aa Alba Luc\u00ednia Peixoto Rangel \u2013 UENF<\/p>\n<p>Dr\u00aaNat\u00e1lia Deus de Oliveira\u2013IFF<\/p>\n<p>Dr\u00aaAnt\u00f4nia Elenir Am\u00e2ncio Oliveira \u2013 UENF<\/p>\n<p>_______________________________________________________________________<\/p>\n<p><strong>11-<a href=\"https:\/\/uenf.br\/posgraduacao\/biociencias-biotecnologia\/wp-content\/uploads\/sites\/12\/2020\/08\/Disserta\u00e7\u00e3o-Yago-Moreira-Rodrigues.pdf\">YAGO MOREIRA RODRIGUES<\/a><\/strong><\/p>\n<p><strong>Data:<\/strong>27\/09\/2019<\/p>\n<p><strong>T\u00edtulo:<\/strong>\u201cExtrato de alga marinha de\u00a0<em>Dictyotacaribeae<\/em>\u00a0rica em polissacarideos sulfatados reduz o crescimento do\u00a0<em>Toxoplasma gondii in vitro<\/em>.<em>\u201d<\/em><\/p>\n<p><strong>Orientador:<\/strong><\/p>\n<p>Dr. S\u00e9rgio Henrique Seabra\u2013 UEZO<\/p>\n<p>Dr. Renato Augusto DaMatta \u2013 UENF (Co-Orientador)<\/p>\n<p><strong>Banca:<\/strong><\/p>\n<p>Dr. Fabio da Silva de Azevedo Fortes \u2013 UEZO<\/p>\n<p>Dr. Cl\u00f3vis de Paula Santos \u2013UENF<\/p>\n<p>Dr. Milton Masahiko Kanashiro\u2013 UENF<\/p>\n<p>_______________________________________________________________________<\/p>\n<p><strong>12-<a href=\"https:\/\/uenf.br\/posgraduacao\/biociencias-biotecnologia\/wp-content\/uploads\/sites\/12\/2020\/08\/Dissertacao-final-Amanda.pdf\">AMANDA DE OLIVEIRA FERREIRA<\/a><\/strong><\/p>\n<p><strong>Data:<\/strong>\u00a0 29\/11\/2019<\/p>\n<p><strong>T\u00edtulo:<\/strong>\u201cAspectos estruturais da folha de <em>Tillandsiastricta<\/em> Sol (Bromeliaceae).<em>\u201d<\/em><\/p>\n<p><strong>Orientador:<\/strong><\/p>\n<p>Dr. Arnoldo Rocha Fa\u00e7anha\u2013 UENF\/LBCT<\/p>\n<p><strong>Banca:<\/strong><\/p>\n<p>Dr. Manildo Marci\u00e3o de Oliveira \u2013 IFF \/ Cabo Frio<\/p>\n<p>Dr. Carlos Eduardo Veiga de Carvalho \u2013UENF\/LCA<\/p>\n<p>Dr\u00aa Camilla Ribeiro Alexandrino \u2013 UENF\/LBCT<\/p>\n<p>_______________________________________________________________________<\/p>\n<p><strong>13-<a href=\"https:\/\/uenf.br\/posgraduacao\/biociencias-biotecnologia\/wp-content\/uploads\/sites\/12\/2020\/08\/Disserta\u00e7\u00e3o-vers\u00e3o-final-Juliana.pdf\">Juliana Silva Ribas<\/a><\/strong><\/p>\n<p><strong>Data:<\/strong>19\/12\/2019<\/p>\n<p><strong>T\u00edtulo:<\/strong>\u201cEFEITO DE ALBUMINAS 2S DE PLANTAS OLEAGINOSAS SOBRE OS NEMATOIDES <em>PANAGRELLUS <\/em>SPP E GASTRINTESTINAIS DE OVINOS.<em>\u201d<\/em><\/p>\n<p><strong>Orientador:<\/strong><\/p>\n<p>Dr. Cl\u00f3vis de Paula Santos\u2013 UENF\/LBCT<\/p>\n<p>Dr\u00aa Olga Lima Tavares Machado \u2013 UENF\/LQFPP (Co-orientadora)<\/p>\n<p><strong>Banca:<\/strong><\/p>\n<p>Dr. Renato Augusto DaMatta \u2013 UENF \/ LBCT<\/p>\n<p>Dr\u00aa Nat\u00e1lia Deus de Oliveira Crespo \u2013 IFF<\/p>\n<p>Dr. Francimar Fernandes Gomes \u2013 UENF<\/p>\n<p>_______________________________________________________________________<\/p>\n<p>&nbsp;<\/p>\n","protected":false},"excerpt":{"rendered":"<p>Disserta\u00e7\u00e3o de Mestrado 2019 Clique no autor para acessar a disserta\u00e7\u00e3o completa: 1- \u00a0RODRIGO DA SILVA GEBARA \u00a0 \u00a0 Data:&#8230;<\/p>\n","protected":false},"author":25,"featured_media":0,"parent":277,"menu_order":0,"comment_status":"closed","ping_status":"closed","template":"","meta":{"footnotes":""},"class_list":["post-1296","page","type-page","status-publish","hentry"],"_links":{"self":[{"href":"https:\/\/uenf.br\/posgraduacao\/biociencias-biotecnologia\/wp-json\/wp\/v2\/pages\/1296","targetHints":{"allow":["GET"]}}],"collection":[{"href":"https:\/\/uenf.br\/posgraduacao\/biociencias-biotecnologia\/wp-json\/wp\/v2\/pages"}],"about":[{"href":"https:\/\/uenf.br\/posgraduacao\/biociencias-biotecnologia\/wp-json\/wp\/v2\/types\/page"}],"author":[{"embeddable":true,"href":"https:\/\/uenf.br\/posgraduacao\/biociencias-biotecnologia\/wp-json\/wp\/v2\/users\/25"}],"replies":[{"embeddable":true,"href":"https:\/\/uenf.br\/posgraduacao\/biociencias-biotecnologia\/wp-json\/wp\/v2\/comments?post=1296"}],"version-history":[{"count":0,"href":"https:\/\/uenf.br\/posgraduacao\/biociencias-biotecnologia\/wp-json\/wp\/v2\/pages\/1296\/revisions"}],"up":[{"embeddable":true,"href":"https:\/\/uenf.br\/posgraduacao\/biociencias-biotecnologia\/wp-json\/wp\/v2\/pages\/277"}],"wp:attachment":[{"href":"https:\/\/uenf.br\/posgraduacao\/biociencias-biotecnologia\/wp-json\/wp\/v2\/media?parent=1296"}],"curies":[{"name":"wp","href":"https:\/\/api.w.org\/{rel}","templated":true}]}}