{"id":1298,"date":"2020-07-31T20:43:45","date_gmt":"2020-07-31T23:43:45","guid":{"rendered":"http:\/\/uenf.br\/posgraduacao\/biociencias-biotecnologia\/?page_id=1298"},"modified":"2025-02-11T11:22:19","modified_gmt":"2025-02-11T14:22:19","slug":"ano-2020","status":"publish","type":"page","link":"https:\/\/uenf.br\/posgraduacao\/biociencias-biotecnologia\/teses-defendidas-2\/ano-2020\/","title":{"rendered":"Ano 2020"},"content":{"rendered":"<p><strong>Disserta\u00e7\u00e3o de Mestrado 2020<\/strong><\/p>\n<ul>\n<li>Clique no autor para acessar a disserta\u00e7\u00e3o completa:<\/li>\n<\/ul>\n<p><strong>1-<a href=\"https:\/\/uenf.br\/posgraduacao\/biociencias-biotecnologia\/wp-content\/uploads\/sites\/12\/2020\/08\/Vers\u00e3o-final-da-disserta\u00e7\u00e3o-Paula-Machado.pdf\">PAULA MACHADO DE ARA\u00daJO<\/a><\/strong><\/p>\n<p><strong>Data: <\/strong>18\/02\/2020<\/p>\n<p><strong>T\u00edtulo: <\/strong>\u201cIdentifica\u00e7\u00e3o de microRNAs envolvidos no desenvolvimento de sementes de\u00a0<em>Glycine max<\/em>\u00a0(L.) Merrill.\u201d<\/p>\n<p><strong>Orientador: <\/strong>Dr\u00aa Cl\u00edcia Grativol Gaspar de Matos \u2013 LQFPP\/CBB<\/p>\n<p><strong>Banca:<\/strong><\/p>\n<p>Dr. Douglas Silva Domingues \u2013 UNESP<\/p>\n<p>Dr\u00aa Claudete Santa-Catarina\u00a0 \u2013UENF<\/p>\n<p>Dr\u00aa K\u00e1tia Valevski Sales Fernandes \u2013 UENF<\/p>\n<p>_______________________________________________________________________<\/p>\n<p><strong>2- <a href=\"https:\/\/uenf.br\/posgraduacao\/biociencias-biotecnologia\/wp-content\/uploads\/sites\/12\/2020\/12\/VERSAO-FINAL-Jaqueline.pdf\">JAQUELINE MAXIMIANO RESENDE SATURNINO ALVES<\/a><\/strong><\/p>\n<p><strong>Data: <\/strong>19\/02\/2020<\/p>\n<p><strong>T\u00edtulo:<\/strong>\u201cPARTICIPA\u00c7\u00c3O DE FITOCISTATINAS INDUZIDAS POR LES\u00c3O MEC\u00c2NICA NA PROTE\u00c7\u00c3O A SENESC\u00caNCIA FOLIAR POR AUS\u00caNCIA DE LUZ EM FOLHAS DE FEIJ\u00c3O DE CORDA (<em>Vignaunguiculata<\/em> (L.) Walp).\u201d<\/p>\n<p><strong>Orientador: <\/strong>Dr\u00aa K\u00e1tia Valevski Sales Fernandes \u2013 LQFPP\/CBB<\/p>\n<p><strong>Banca:<\/strong><\/p>\n<p>Dr\u00aa Nath\u00e1lia Bastos Lima de Andrade &#8211; IFF &#8211; FLUMINENSE<\/p>\n<p>Dr. Eliemar Campostrini &#8211; UENF<\/p>\n<p>Dr. Ant\u00f4nio Jesus Dorighetto Cogo &#8211; UENF<\/p>\n<p>_______________________________________________________________________<\/p>\n<p><strong>3- <a href=\"https:\/\/uenf.br\/posgraduacao\/biociencias-biotecnologia\/wp-content\/uploads\/sites\/12\/2020\/09\/Dissertac\u0327a\u0303o-Luiza-Gonc\u0327alves-Ayres-18.08.2020.pdf\">\u00a0LUIZA GONC\u0327ALVES AYRES<\/a>\u00a0 \u00a0<\/strong><\/p>\n<p><strong>Data:<\/strong> 19\/02\/2020<\/p>\n<p><strong>T\u00edtulo: <\/strong>\u201cNeurotoxoplasmose murina: delineamento experimental e padroniza\u00e7\u00e3o de t\u00e9cnicas de avalia\u00e7\u00e3o de par\u00e2metros imunofisiol\u00f3gicos sist\u00eamicos e cerebrais.\u201d<\/p>\n<p><strong>Orientador: <\/strong>Dr\u00aa Alba Luc\u00ednia Peixoto Rangel \u2013 LBR\/CBB<\/p>\n<p><strong>Banca:<\/strong><\/p>\n<p>Dr. Jorge Hudson Petretski &#8211; UENF<\/p>\n<p>Dr. Fabr\u00edcio Moreira Almeida &#8211; UENF<\/p>\n<p>Dr\u00aa L\u00edvia Mattos Martins &#8211; FAMESC<\/p>\n<p>_______________________________________________________________________<\/p>\n<p><strong>4- <a href=\"https:\/\/uenf.br\/posgraduacao\/biociencias-biotecnologia\/wp-content\/uploads\/sites\/12\/2020\/09\/Disserta\u00e7\u00e3o-Yuri-Scheidegger-de-Castro-VFinal-para-impimir.pdf\">YURI SCHEIDEGGER DE CASTRO\u00a0<\/a><\/strong><\/p>\n<p><strong>Data: <\/strong>19\/02\/2020<\/p>\n<p><strong>T\u00edtulo: <\/strong>\u201cCaracteriza\u00e7\u00e3o da express\u00e3o de CR1 nas principais subclasses linfocit\u00e1rias de indiv\u00edduos acometidos com hansen\u00edase: associa\u00e7\u00e3o com as formas cl\u00ednicas.\u201d<\/p>\n<p><strong>Orientador: <\/strong>Dr\u00aa Alba Luc\u00ednia Peixoto Rangel \u2013 LBR\/CBB<\/p>\n<p><strong>Banca:<\/strong><\/p>\n<p>Dr. Milton Masahiko Kanashiro &#8211; UENF<\/p>\n<p>Dr\u00aa Elena Lassounskaia &#8211; UENF<\/p>\n<p>Dr\u00aa Thatiana Lopes Bi\u00e1 Ventura Sim\u00e3o &#8211; UFRJ<\/p>\n<p>_______________________________________________________________________<\/p>\n<p><strong>5- <a href=\"https:\/\/uenf.br\/posgraduacao\/biociencias-biotecnologia\/wp-content\/uploads\/sites\/12\/2020\/09\/Vers\u00e3o-final-Leticia-Lanes-Ms..pdf\">LETICIA LANES FERREIRA<\/a><\/strong><\/p>\n<p><strong>Data: <\/strong>28\/02\/2020<\/p>\n<p><strong>T\u00edtulo:<\/strong>\u201cCARACTERIZA\u00c7\u00c3O ESTRUTURAL DA FOLHA E DO LENHO DE<em> Manilkara zapota<\/em> (L.)<\/p>\n<ol>\n<li>ROYEN, AN\u00c1LISE QU\u00cdMICA E ATIVIDADE ANTIF\u00daNGICA DO EXTRATO PROTEICO FOLIAR.\u201d<\/li>\n<\/ol>\n<p><strong>Orientador:<\/strong><\/p>\n<p>Dr\u00aa Maura da Cunha \u2013 LBCT\/CBB<\/p>\n<p>Dr. Gabriel Bonan Taveira &#8211; UENF<\/p>\n<p><strong>Banca:<\/strong><\/p>\n<p>Dr\u00aa Let\u00edcia Oliveira da Rocha &#8211; UENF<\/p>\n<p>Dr\u00aa Luciana Belarmindo da Silva &#8211; IFF<\/p>\n<p>Dr\u00aa Valdirene Moreira Gomes &#8211; UENF<\/p>\n<p>_______________________________________________________________________<\/p>\n<p><strong>6- <a href=\"https:\/\/uenf.br\/posgraduacao\/biociencias-biotecnologia\/wp-content\/uploads\/sites\/12\/2020\/12\/paula-ribeiro.pdf\">PAULA RIBEIRO SIQUEIRA <\/a>\u00a0 \u00a0 \u00a0 \u00a0 \u00a0 \u00a0 \u00a0 \u00a0 \u00a0 \u00a0 \u00a0 \u00a0 \u00a0 \u00a0 \u00a0 \u00a0 \u00a0 \u00a0 \u00a0 \u00a0 \u00a0 \u00a0 \u00a0 \u00a0 \u00a0 \u00a0 \u00a0\u00a0<\/strong><\/p>\n<p><strong>Data: <\/strong>28\/02\/2020<\/p>\n<p><strong>T\u00edtulo: <\/strong>\u201cAVALIA\u00c7\u00c3O IN VITRO DA ATIVIDADE ANTINEOPL\u00c1SICA DOS COMPOSTOS DE COORDENA\u00c7\u00c3O DE COBALTO E DE FERRO.\u201d<\/p>\n<p><strong>Orientador: <\/strong>Dr. Milton Masahiko Kanashiro &#8211; UENF<\/p>\n<p><strong>Banca:<\/strong><\/p>\n<p>Dr\u00aa Giliane da Silva de Souza Cabral &#8211; UENF<\/p>\n<p>Dr\u00aa Izabela Silva dos Santos &#8211; UFRJ<\/p>\n<p>Dr. Renato Augusto DaMatta &#8211; UENF<\/p>\n<p>_______________________________________________________________________<\/p>\n<p><strong>7- <a href=\"https:\/\/uenf.br\/posgraduacao\/biociencias-biotecnologia\/wp-content\/uploads\/sites\/12\/2023\/05\/DISSERTACAO_-ALINE-LICURGO_PDF.pdf\">ALINE DA GAMA MELILA LICURGO<\/a><\/strong><\/p>\n<p><strong>Data: <\/strong>02\/03\/2020<\/p>\n<p><strong>T\u00edtulo: <\/strong>\u201cToxicidade de sementes de\u00a0<em>Canavalia rosea<\/em>\u00a0(Sw) DC para o bruqu\u00eddeo\u00a0<em>Callosobruchus maculatus<\/em>\u00a0(F)\u201d<\/p>\n<p><strong>Orientador: <\/strong>Dr\u00aa Ant\u00f4nia Elenir Amancio Oliveira \u2013 UENF<\/p>\n<p><strong>Banca:<\/strong><\/p>\n<p>Dr. Evenilton Pessoa Costa &#8211; UENF<\/p>\n<p>Dr\u00aa K\u00e1tia Valevski Sales Fernandes &#8211; UENF<\/p>\n<p>Dr\u00aa Luciana Belarmindo da Silva &#8211; IFF<\/p>\n<p>_______________________________________________________________________<\/p>\n<p><strong>8- <a href=\"https:\/\/uenf.br\/posgraduacao\/biociencias-biotecnologia\/wp-content\/uploads\/sites\/12\/2020\/12\/tese-Dissertacao-Natalia-Almeida-03-2020.pdf\">NAT\u00c1LIA DE SOUZA ALMEIDA\u00a0<\/a><\/strong><\/p>\n<p><strong>Data: <\/strong>17\/03\/2020<\/p>\n<p><strong>T\u00edtulo: <\/strong>\u201cEfeito de anticorpos anti-fosfatidilserina na infec\u00e7\u00e3o por <em>Toxoplasma gondii.<\/em>\u201d<\/p>\n<p><strong>Orientador: <\/strong>Dr. Renato Augusto DaMatta \u2013 UENF<\/p>\n<p><strong>Banca:<\/strong><\/p>\n<p>Dr. Cl\u00f3vis de Paula Santos\u00a0 &#8211; UENF<\/p>\n<p>Dr. Jo\u00e3o Luiz Mendes Wanderley &#8211; UFRJ<\/p>\n<p>Dr\u00aa Suzana Passos Chaves &#8211; UFRJ<\/p>\n<p>_______________________________________________________________________<\/p>\n<p><strong>9- <a href=\"https:\/\/uenf.br\/posgraduacao\/biociencias-biotecnologia\/wp-content\/uploads\/sites\/12\/2020\/12\/Dissertacao-MS-final-odara.pdf\">ODARA ARA\u00daJO DE OLIVEIRA<\/a><\/strong><\/p>\n<p><strong>Data:<\/strong> 26\/06\/2020<\/p>\n<p><strong>T\u00edtulo:<\/strong>\u201cAtividade inseticida de frutos de Schinus terebinthifolius para o inseto <em>Callosobruchus maculatus<\/em>.\u201d<\/p>\n<p><strong>Orientador:<\/strong>Dr\u00aa Ant\u00f4nia Elenir Amancio Oliveira \u2013 UENF<\/p>\n<p><strong>Banca:<\/strong><\/p>\n<p>Dr. Evenilton Pessoa Costa &#8211; UENF<\/p>\n<p>Dr\u00aa K\u00e1tia Valevski Sales Fernandes &#8211; UENF<\/p>\n<p>Dr\u00aa Luciana Belarmindo da Silva &#8211; IFF<\/p>\n<p>_______________________________________________________________________<\/p>\n<p>&nbsp;<\/p>\n","protected":false},"excerpt":{"rendered":"<p>Disserta\u00e7\u00e3o de Mestrado 2020 Clique no autor para acessar a disserta\u00e7\u00e3o completa: 1-PAULA MACHADO DE ARA\u00daJO Data: 18\/02\/2020 T\u00edtulo: \u201cIdentifica\u00e7\u00e3o&#8230;<\/p>\n","protected":false},"author":25,"featured_media":0,"parent":277,"menu_order":0,"comment_status":"closed","ping_status":"closed","template":"","meta":{"footnotes":""},"class_list":["post-1298","page","type-page","status-publish","hentry"],"_links":{"self":[{"href":"https:\/\/uenf.br\/posgraduacao\/biociencias-biotecnologia\/wp-json\/wp\/v2\/pages\/1298","targetHints":{"allow":["GET"]}}],"collection":[{"href":"https:\/\/uenf.br\/posgraduacao\/biociencias-biotecnologia\/wp-json\/wp\/v2\/pages"}],"about":[{"href":"https:\/\/uenf.br\/posgraduacao\/biociencias-biotecnologia\/wp-json\/wp\/v2\/types\/page"}],"author":[{"embeddable":true,"href":"https:\/\/uenf.br\/posgraduacao\/biociencias-biotecnologia\/wp-json\/wp\/v2\/users\/25"}],"replies":[{"embeddable":true,"href":"https:\/\/uenf.br\/posgraduacao\/biociencias-biotecnologia\/wp-json\/wp\/v2\/comments?post=1298"}],"version-history":[{"count":0,"href":"https:\/\/uenf.br\/posgraduacao\/biociencias-biotecnologia\/wp-json\/wp\/v2\/pages\/1298\/revisions"}],"up":[{"embeddable":true,"href":"https:\/\/uenf.br\/posgraduacao\/biociencias-biotecnologia\/wp-json\/wp\/v2\/pages\/277"}],"wp:attachment":[{"href":"https:\/\/uenf.br\/posgraduacao\/biociencias-biotecnologia\/wp-json\/wp\/v2\/media?parent=1298"}],"curies":[{"name":"wp","href":"https:\/\/api.w.org\/{rel}","templated":true}]}}