{"id":1300,"date":"2020-07-31T20:44:22","date_gmt":"2020-07-31T23:44:22","guid":{"rendered":"http:\/\/uenf.br\/posgraduacao\/biociencias-biotecnologia\/?page_id=1300"},"modified":"2023-10-18T15:02:21","modified_gmt":"2023-10-18T18:02:21","slug":"ano-2016","status":"publish","type":"page","link":"https:\/\/uenf.br\/posgraduacao\/biociencias-biotecnologia\/teses-defendidas-2\/ano-2016\/","title":{"rendered":"Ano 2016"},"content":{"rendered":"<p><strong>Disserta\u00e7\u00e3o de Mestrado<\/strong><\/p>\n<ul>\n<li>Clique no autor para acessar a disserta\u00e7\u00e3o completa<\/li>\n<\/ul>\n<p>1-<a href=\"https:\/\/uenf.br\/posgraduacao\/biociencias-biotecnologia\/wp-content\/uploads\/sites\/12\/2020\/09\/Disserta\u00e7\u00e3o-Leide-Laura-vers\u00e3o-final.pdf\">\u00a0LEIDE LAURA FIGUEIREDO MACIEL<\/a><\/p>\n<p><strong>Data<\/strong>:12\/02\/2016<\/p>\n<p><strong>T\u00edtulo:<\/strong>\u201cEstudo <em>in vitro<\/em> das altera\u00e7\u00f5es morfo-funcionais de c\u00e9lulas de c\u00e2ncer de pulm\u00e3o, tratadas com composto de coordena\u00e7\u00e3o de cobre\u201d<\/p>\n<p><strong>Orientador:<\/strong>Dr. Jo\u00e3o Carlos de Aquino Almeida \u2013 LFBM\/CBB<\/p>\n<p><strong>Banca:<\/strong><\/p>\n<p>Dr<sup>a<\/sup>. Rafaela Oliveira Moreira \u2013 IFF Nova Friburgo<\/p>\n<p>Dr. Fernando Costa e Silva \u2013 LBCT\/CBB<\/p>\n<p>Dr. Alessandro Coutinho Ramos \u2013 LFBM\/CBB<\/p>\n<p>_______________________________________________<\/p>\n<p>2-<a href=\"https:\/\/uenf.br\/posgraduacao\/biociencias-biotecnologia\/wp-content\/uploads\/sites\/12\/2020\/09\/Disserta\u00e7\u00e3o-Debora-REVISADA-NATALIA-1.pdf\">D\u00c9BORA MOTH\u00c9 DE CAMPOS MESQUITA<\/a><\/p>\n<p><strong>Data<\/strong>:16\/02\/2016<\/p>\n<p><strong>T\u00edtulo:<\/strong>\u201cAbordagens alternativas para o tratamento da alergia: investiga\u00e7\u00e3o de agentes bloqueadores de IgE<em>\u201d<\/em><\/p>\n<p><strong>Orientador:<\/strong>Dr<sup>a<\/sup>. Olga Lima Tavares Machado \u2013 LQFPP\/CBB<\/p>\n<p><strong>Banca:<\/strong><\/p>\n<p>Dr. Milton Masahiko Kanashiro \u2013 LBR\/CBB<\/p>\n<p>Dr. Ed\u00e9sio Jos\u00e9 Ten\u00f3rio de Melo \u2013 LBCT\/CBB<\/p>\n<p>Dr. Willian Jonis Andrioli &#8211; UFRJ &#8211; Maca\u00e9<\/p>\n<p>__________________________________________________<\/p>\n<p>3-<a href=\"https:\/\/uenf.br\/posgraduacao\/biociencias-biotecnologia\/wp-content\/uploads\/sites\/12\/2020\/09\/Rodrigo-Feitoza-Disserta\u00e7\u00e3o-2016.pdf\">RODRIGO BARBOSA BRAGA FEITOZA\u00a0<\/a><\/p>\n<p><strong>Data<\/strong>:26\/02\/2016<\/p>\n<p><strong>T\u00edtulo:<\/strong>\u201cGERMINA\u00c7\u00c3O E ESTRUTURA DAS RA\u00cdZES DE <em>Calopogoniummucunoides<\/em> DESV. EXPOSTAS A SUBST\u00c2NCIAS FEN\u00d3LICAS DE <em>Urochloahumidicola<\/em> (RENDLE) MORRONE &amp; ZULOAGA E A PADR\u00d5ES FEN\u00d3LICOS COMERCIAIS\u201d<\/p>\n<p><strong>Orientador:<\/strong>Dr<sup>a<\/sup>. Maura da Cunha \u2013 LBCT\/CBB<\/p>\n<p><strong>Banca:<\/strong><\/p>\n<p>Dr<sup>a<\/sup>. Helena Regina Pinto Lima \u2013 UFRRJ (Co-orientadora)<\/p>\n<p>Dr<sup>a<\/sup>. Sarah Christina Caldas Oliveira \u2013 UnB<\/p>\n<p>Dr<sup>a<\/sup>. Claudete Santa Catarina \u2013 LBCT\/CBB<\/p>\n<p>Dr<sup>a<\/sup>. Katia Valevski Sales Fernandes \u2013 LQFPP\/CBB<\/p>\n<p>________________________________________________________<\/p>\n<p>4-<a href=\"https:\/\/uenf.br\/posgraduacao\/biociencias-biotecnologia\/wp-content\/uploads\/sites\/12\/2020\/09\/Disserta\u00e7\u00e3o-Nayara-Inocencio-Machado.pdf\">\u00a0Nayara Inocencio Machado<\/a><\/p>\n<p><strong>Data<\/strong>:26\/02\/2016<\/p>\n<p><strong>T\u00edtulo:<\/strong>\u201cTratamento com melatonina de infec\u00e7\u00f5es de infec\u00e7\u00f5es <em>in vitro <\/em>e<em> in vivo<\/em> pelo <em>Toxoplasma gondii<\/em>\u201d<\/p>\n<p><strong>Orientador:<\/strong>Dr. Sergio Henrique Seabra \u2013 UEZO<\/p>\n<p><strong>Banca:<\/strong><\/p>\n<p>Dr. Renato Augusto DaMatta \u2013 LBCT\/CBB (Co-orientador)<\/p>\n<p>Dr. Thiago Motta Ven\u00e2ncio \u2013 LQFPP\/CBB<\/p>\n<p>Dr.Clovis de Paula Santos \u2013 LBCT\/CBB<\/p>\n<p>Dr<sup>a<\/sup>. Jessica Manya Bittencourt Dias Vieira \u2013 UEZO<\/p>\n<p>__________________________________________________<\/p>\n<p>5-<a href=\"https:\/\/uenf.br\/posgraduacao\/biociencias-biotecnologia\/wp-content\/uploads\/sites\/12\/2020\/09\/Disserta\u00e7\u00e3o-Pedro-Souto-Rodrigues.pdf\">\u00a0Pedro Souto Rodrigues<\/a><\/p>\n<p><strong>Data<\/strong>:26\/02\/2016<\/p>\n<p><strong>T\u00edtulo<\/strong>:\u201cSubpopula\u00e7\u00f5es positivas para fosfatidilserina de <em>Plasmodiumchabaudi<\/em> modulam negativamente a produ\u00e7\u00e3o de \u00f3xido n\u00edtrico em macr\u00f3fagos ativados.\u201d<\/p>\n<p><strong>Orientador:<\/strong>Dr. Sergio Henrique Seabra \u2013 UEZO<\/p>\n<p><strong>Banca:<\/strong><\/p>\n<p>Dr. Renato Augusto DaMatta \u2013 LBCT\/CBB (Co-orientador)<\/p>\n<p>Dr. Clovis de Paula Santos \u2013 LBCT\/CBB<\/p>\n<p>Dr.Milton Masahiko Kanashiro &#8211; LBR\/CBB<\/p>\n<p>Dr<sup>a<\/sup>. Jessica Manya Bittencourt Dias Vieira \u2013 UEZO<\/p>\n<p>______________________________________________<\/p>\n<p>6-<a href=\"https:\/\/uenf.br\/posgraduacao\/biociencias-biotecnologia\/wp-content\/uploads\/sites\/12\/2020\/09\/Disserta\u00e7\u00e3o_Frederico-FINAL.pdf\">\u00a0FREDERICO FIRME FIGUEIRA<\/a><\/p>\n<p><strong>Data<\/strong>:29\/02\/2016<\/p>\n<p><strong>T\u00edtulo<\/strong>:\u201cMODULA\u00c7\u00c3O DAS H<sup>+ <\/sup>-ATPases POR FeCl<sub>3 <\/sub>E Fe-SIDER\u00d3FOROS NOS FUNGOS ECTOMICORR\u00cdZICOS <em>Pisolithustinctorius e Pisolithusalbus.\u201d<\/em><\/p>\n<p><strong>Orientador:\u00a0<\/strong>Dr. Arnoldo Rocha Fa\u00e7anha \u2013 LBCT\/CBB<\/p>\n<p><strong>Banca:<\/strong><\/p>\n<p>Dr. Alessandro Coutinho Ramos \u2013 LFBM\/CBB (Co-orientador)<\/p>\n<p>Dr. Carlos Eduardo Tadokoro \u2013 UVV-ES<\/p>\n<p>Dr<sup>a<\/sup>Inga Gon\u00e7alves de Azevedo \u2013 LBCT\/CBB<\/p>\n<p>Dr\u00aa Marta Simone Mendon\u00e7a Freitas \u2013 CCTA\/UENF<\/p>\n<p>_______________________________________________<\/p>\n<p>7-<a href=\"https:\/\/uenf.br\/posgraduacao\/biociencias-biotecnologia\/wp-content\/uploads\/sites\/12\/2020\/09\/DISSERTA\u00c7\u00c3O-JOSIANE.pdf\">JOSIANE PESSANHA RIBEIRO<\/a><\/p>\n<p><strong>Data<\/strong>:24\/05\/2016<\/p>\n<p><strong>T\u00edtulo<\/strong>:\u201cIdentifica\u00e7\u00e3o e an\u00e1lise de prote\u00ednas heme-reguladas da bact\u00e9ria <em>Pseudomonasputida<\/em> isolada do mosquito <em>Aedes aegypti<\/em>(D\u00edptera: Culicidae).\u201d<\/p>\n<p><strong>Orientador:<\/strong>Dr. Francisco Jos\u00e9 Alves Lemos \u2013 LBT\/CBB<\/p>\n<p><strong>Banca:<\/strong><\/p>\n<p>Dr\u00aa Tatiana Santos Barroso \u2013 LBT\/CBB<\/p>\n<p>Dr\u00aaTatiane Sanches Soares \u2013 LBCT\/CBB<\/p>\n<p>Dr. Jos\u00e9 Roberto da Silva \u2013 UFRJ\/MACA\u00c9<\/p>\n<p>__________________________________________________<\/p>\n<p>8-MILENA MANGEFESTE MAGALH\u00c3ES<\/p>\n<p><strong>Data<\/strong>:24\/06\/2016<\/p>\n<p><strong>T\u00edtulo<\/strong>: \u201cEfeito de fontes org\u00e2nicas e inorg\u00e2nicas de nitrog\u00eanio e do pH do meio de cultivo sobre a cin\u00e9tica de crescimento de\u00a0<em>Gluconacetobacterdiazotrophicus<\/em>\u00a0PAL5.\u201d<\/p>\n<p><strong>Orientador:<\/strong>Dr<sup>a<\/sup> Mar\u00edlia Amorim Berbert de Molina \u2013 LBT\/CBB<\/p>\n<p><strong>Banca:<\/strong><\/p>\n<p>Dr. Raphael Cardoso Rodrigues \u2013 Centro Univers. S\u00e3o Camilo\/ES<\/p>\n<p>Dr. Fabr\u00edzio Siqueira Boniolo &#8211; Corbion<\/p>\n<p>Dr. Ad\u00e3o Valmir Santos \u2013 LBT\/CBB<\/p>\n<p>_______________________________________________________<\/p>\n<p>9-<a href=\"https:\/\/uenf.br\/posgraduacao\/biociencias-biotecnologia\/wp-content\/uploads\/sites\/12\/2020\/09\/PARA-SALVAR-EM-PDF-AMANDA.pdf\">AMANDA NOGUEIRA GALV\u00c3O HEMERLY<\/a><\/p>\n<p><strong>Data<\/strong>:18\/07\/2016<\/p>\n<p><strong>T\u00edtulo<\/strong>: \u201cIntera\u00e7\u00e3o de <em>Trichomonasvaginalis<\/em> com IEC-6 ativadas com interferon-gamma: mimetismo apopt\u00f3tico contra a a\u00e7\u00e3o microbicida do \u00f3xido n\u00edtrico.\u201d<\/p>\n<p><strong>Orientador:<\/strong><\/p>\n<p>Dr. Sergio Henrique Seabra \u2013 UEZO (Orientador)<\/p>\n<p>Dr. Renato Augusto DaMatta \u2013 LBCT\/CBB (Co-orientador)<\/p>\n<p><strong>Banca:<\/strong><\/p>\n<p>Dr. F\u00e1bio Lopes Olivares \u2013 LBCT\/CBB<\/p>\n<p>Dr.Jorge Hudson Petretski \u2013 LBR\/CBB<\/p>\n<p>Dr<sup>a<\/sup> Jessica Manya Bittencourt Dias Vieira \u2013 UEZO<\/p>\n<p>______________________________________________________<\/p>\n<p>10-<a href=\"https:\/\/uenf.br\/posgraduacao\/biociencias-biotecnologia\/wp-content\/uploads\/sites\/12\/2020\/09\/GUSMAN-CUNHA-IA-Disserta\u00e7\u00e3o-de-mestrado.pdf\">IGOR AUGUSTO GUSMAN CUNHA<\/a><\/p>\n<p><strong>Data<\/strong>:29\/07\/2016<\/p>\n<p><strong>T\u00edtulo<\/strong>:\u201cAn\u00e1lise de express\u00e3o g\u00eanica por PCR quantitativo em c\u00e9lulas-tronco mesenquimais cultivadas em matriz tridimensional de col\u00e1geno: citocinas e neurotrofinas.\u201d<\/p>\n<p><strong>Orientador: <\/strong>Dr. Arthur Giraldi Guimar\u00e3es \u2013 LBCT\/CBB (Orientador)<\/p>\n<p><strong>Banca:<\/strong><\/p>\n<p>Dr\u00aa Elena Lassounskaia \u2013 LBR\/CBB<\/p>\n<p>Dr\u00aa Beatriz dos Santos Ferreira \u2013 CEDERJ<\/p>\n<p>Dr\u00aaH\u00e9rika Chagas Madureira \u2013 IFES<\/p>\n<p>_______________________________________________________<\/p>\n<p>11-<a href=\"https:\/\/uenf.br\/posgraduacao\/biociencias-biotecnologia\/wp-content\/uploads\/sites\/12\/2020\/09\/Disserta\u00e7\u00e3o-de-Mestrado-Segunda-Parte-2016-j\u00e1-aprovada-C\u00f3pia.pdf\">MARIA NUBIA ALENCAR COUTO\u00a0<\/a><\/p>\n<p><strong>Data<\/strong>:20\/10\/2016<\/p>\n<p><strong>T\u00edtulo<\/strong>:<strong>\u201c<\/strong>DESENVOLVIMENTO DE ANTICORPO MONOCLONAL ANTI-FOSFOLIPASE A2 DO VENENO DA SERPENTE <em>BITIS ARIETANS.<\/em><strong>\u201d<\/strong><\/p>\n<p><strong>Orientador:<\/strong><\/p>\n<p>Dr. Wilmar Dias da Silva \u2013 LBR\/CBB (Orientador)<\/p>\n<p>Dr. Milton Masahiko Kanashiro \u2013 LBR\/CBB (Co-Orientador)<\/p>\n<p><strong>Banca:<\/strong><\/p>\n<p>Dr\u00aaAlba Luc\u00ednia Peixoto Rangel \u2013 LBR\/CBB<\/p>\n<p>Dr. Renato Augusto DaMatta \u2013 LBCT\/CBB<\/p>\n<p>Dr\u00aaMariana Novo Nunes Campos \u2013 HGG<\/p>\n<p>________________________________________________<\/p>\n<p>12-<a href=\"https:\/\/uenf.br\/posgraduacao\/biociencias-biotecnologia\/wp-content\/uploads\/sites\/12\/2020\/09\/Felipe-Astolpho-Disserta\u00e7\u00e3o.pdf\">FELIPE ASTOLPHO DE ALMEIDA\u00a0<\/a><\/p>\n<p><strong>Data<\/strong>:29\/11\/2016<\/p>\n<p><strong>T\u00edtulo<\/strong>:\u201cEfeitos da qualidade da luz na matura\u00e7\u00e3o de embri\u00f5es som\u00e1ticos de mamoeiro e na regula\u00e7\u00e3o diferencial de prote\u00ednas associadas \u00e0 morfog\u00eanese in vitro.\u201d<\/p>\n<p><strong>Orientador:<\/strong><\/p>\n<p>Dr. Vanildo Silveira \u2013 LBT\/CBB (Orientador)<\/p>\n<p><strong>Banca:<\/strong><\/p>\n<p>Dr\u00aaCl\u00edciaGrativol Gaspar \u2013 LQFPP\/CBB<\/p>\n<p>Dr. Gon\u00e7alo Apolin\u00e1rio de Souza Filho \u2013 LBT\/CBB<\/p>\n<p>Dr. Marco Ant\u00f4nio Lopes Cruz \u2013 UFRJ<\/p>\n<p>________________________________________________<\/p>\n<p>&nbsp;<\/p>\n<p>&nbsp;<\/p>\n<p>&nbsp;<\/p>\n<p>&nbsp;<\/p>\n<p>&nbsp;<\/p>\n<p>&nbsp;<\/p>\n","protected":false},"excerpt":{"rendered":"<p>Disserta\u00e7\u00e3o de Mestrado Clique no autor para acessar a disserta\u00e7\u00e3o completa 1-\u00a0LEIDE LAURA FIGUEIREDO MACIEL Data:12\/02\/2016 T\u00edtulo:\u201cEstudo in vitro das&#8230;<\/p>\n","protected":false},"author":25,"featured_media":0,"parent":277,"menu_order":0,"comment_status":"closed","ping_status":"closed","template":"","meta":{"footnotes":""},"class_list":["post-1300","page","type-page","status-publish","hentry"],"_links":{"self":[{"href":"https:\/\/uenf.br\/posgraduacao\/biociencias-biotecnologia\/wp-json\/wp\/v2\/pages\/1300","targetHints":{"allow":["GET"]}}],"collection":[{"href":"https:\/\/uenf.br\/posgraduacao\/biociencias-biotecnologia\/wp-json\/wp\/v2\/pages"}],"about":[{"href":"https:\/\/uenf.br\/posgraduacao\/biociencias-biotecnologia\/wp-json\/wp\/v2\/types\/page"}],"author":[{"embeddable":true,"href":"https:\/\/uenf.br\/posgraduacao\/biociencias-biotecnologia\/wp-json\/wp\/v2\/users\/25"}],"replies":[{"embeddable":true,"href":"https:\/\/uenf.br\/posgraduacao\/biociencias-biotecnologia\/wp-json\/wp\/v2\/comments?post=1300"}],"version-history":[{"count":0,"href":"https:\/\/uenf.br\/posgraduacao\/biociencias-biotecnologia\/wp-json\/wp\/v2\/pages\/1300\/revisions"}],"up":[{"embeddable":true,"href":"https:\/\/uenf.br\/posgraduacao\/biociencias-biotecnologia\/wp-json\/wp\/v2\/pages\/277"}],"wp:attachment":[{"href":"https:\/\/uenf.br\/posgraduacao\/biociencias-biotecnologia\/wp-json\/wp\/v2\/media?parent=1300"}],"curies":[{"name":"wp","href":"https:\/\/api.w.org\/{rel}","templated":true}]}}