{"id":137,"date":"2014-02-07T18:04:25","date_gmt":"2014-02-07T20:04:25","guid":{"rendered":"http:\/\/uenf.br\/pos-graduacao\/biociencias-biotecnologia\/?page_id=137"},"modified":"2026-04-17T10:45:51","modified_gmt":"2026-04-17T13:45:51","slug":"disciplinas","status":"publish","type":"page","link":"https:\/\/uenf.br\/posgraduacao\/biociencias-biotecnologia\/disciplinas\/","title":{"rendered":"Disciplinas PGBB"},"content":{"rendered":"<h4><span style=\"color: #528fd1\">\u21d2<\/span><span style=\"color: #528fd1\"> Procedimentos Administrativos para cadastro de Programa Anal\u00edtico de novas disciplinas da P\u00f3s-Gradua\u00e7\u00e3o: <span style=\"color: #ff0000\"><a style=\"color: #ff0000\" href=\"https:\/\/uenf.br\/reitoria\/secacad\/files\/2025\/06\/ORIENTACAO-SECACAD-01-%E2%80%93-Programa-analitico-de-disciplinas-da-Pos-Graduacao-atualizacao-novo-regimento.pdf\">download aqui<\/a><\/span><\/span><\/h4>\n<h4><span style=\"color: #528fd1\">\u21d2<\/span><span style=\"color: #528fd1\"> Formul\u00e1rio para Programa Anal\u00edtico de novas disciplinas da P\u00f3s-Gradua\u00e7\u00e3o: <span style=\"color: #ff0000\"><a style=\"color: #ff0000\" href=\"https:\/\/uenf.br\/reitoria\/secacad\/files\/2025\/06\/PROGRAMA-ANALITICO-DE-DISCIPLINA-modelo-para-Docente.docx\">download aqui<\/a><\/span><\/span><\/h4>\n<h4><span style=\"color: #528fd1\">\u21d2 <span style=\"color: #ff0000\"><a style=\"color: #ff0000\" href=\"https:\/\/uenf.br\/posgraduacao\/biociencias-biotecnologia\/disciplinas-2o-semestre2014\/disciplinas-obrigatorias\/\">DISCIPLINAS OBRIGAT\u00d3RIAS<\/a><\/span> \u00a0para Mestrado e Doutorado PGBB<\/span><\/h4>\n<h4><span style=\"color: #528fd1\">\u21d2 <a style=\"color: #528fd1\" href=\"https:\/\/uenf.br\/posgraduacao\/biociencias-biotecnologia\/wp-content\/uploads\/sites\/12\/2026\/04\/PROGRAMA-ANALITICO-DAS-DISCIPLINAS-PGBB-OFERECIDAS-EM-2026.1.pdf\"><span style=\"color: #ff0000\">PROGRAMA ANAL\u00cdTICO<\/span> DAS DISCIPLINAS PGBB OFERECIDAS EM<span style=\"color: #ff0000\"> 2026.1<\/span><\/a><\/span><\/h4>\n<p>&nbsp;<\/p>\n<h4><span style=\"color: #528fd1\">\u21d2<a style=\"color: #528fd1\" href=\"https:\/\/uenf.br\/posgraduacao\/biociencias-biotecnologia\/wp-content\/uploads\/sites\/12\/2026\/04\/Disciplinas-Oferecidas-PGBB-1o-semestre-2026.pdf\">Disciplinas-Oferecidas-PGBB-1\u00ba-semestre-2026<\/a><\/span><\/h4>\n<h4><span style=\"color: #528fd1\">\u21d2 <a style=\"color: #528fd1\" href=\"https:\/\/uenf.br\/posgraduacao\/biociencias-biotecnologia\/wp-content\/uploads\/sites\/12\/2025\/09\/Disciplinas-Oferecidas-PGBB-2o-semestre-2025.pdf\">Disciplinas-Oferecidas-PGBB-2\u00ba-semestre-2025<\/a><\/span><\/h4>\n<h4><span style=\"color: #528fd1\">\u21d2 Disciplinas-Oferecidas-PGBB-1\u00ba-semestre-2025<\/span><\/h4>\n<h4><span style=\"color: #528fd1\">\u21d2\u00a0<a style=\"color: #528fd1\" href=\"https:\/\/uenf.br\/posgraduacao\/biociencias-biotecnologia\/wp-content\/uploads\/sites\/12\/2024\/07\/Disciplinas-Oferecidas-PGBB-2o-semestre-2024.pdf\">Disciplinas-Oferecidas-PGBB-2\u00ba-semestre-2024<\/a><\/span><\/h4>\n<h4><span style=\"color: #528fd1\">\u00a0\u21d2 <a style=\"color: #528fd1\" href=\"https:\/\/uenf.br\/posgraduacao\/biociencias-biotecnologia\/wp-content\/uploads\/sites\/12\/2024\/07\/Disciplinas-Oferecidas-PGBB-1o-semestre-2024.pdf\">Disciplinas-Oferecidas-PGBB-1\u00ba-semestre-2024<\/a><\/span><\/h4>\n<div class=\"entry clr\">\n<h4><span style=\"color: #528fd1\">\u21d2<a style=\"color: #528fd1\" href=\"https:\/\/uenf.br\/posgraduacao\/biociencias-biotecnologia\/wp-content\/uploads\/sites\/12\/2023\/07\/Disciplinas-Oferecidas-PGBB-2o-semestre-2023-2.pdf\">Disciplinas-Oferecidas-PGBB-2\u00ba-semestre-2023<\/a><\/span><\/h4>\n<h4><span style=\"color: #528fd1\">\u21d2<a style=\"color: #528fd1\" href=\"https:\/\/uenf.br\/posgraduacao\/biociencias-biotecnologia\/wp-content\/uploads\/sites\/12\/2023\/03\/Disciplinas-Oferecidas-PGBB-1o-semestre-2023.pdf\">Disciplinas-Oferecidas-PGBB-1\u00ba-semestre-2023<\/a><\/span><\/h4>\n<\/div>\n<h4><span style=\"color: #528fd1\">\u21d2<a style=\"color: #528fd1\" href=\"https:\/\/uenf.br\/posgraduacao\/biociencias-biotecnologia\/wp-content\/uploads\/sites\/12\/2022\/07\/Disciplinas-Oferecidas-PGBB-2o-semestre-2022-2.pdf\">Disciplinas-Oferecidas-PGBB-2\u00ba-semestre-2022<\/a><\/span><\/h4>\n<h4><span style=\"color: #528fd1\">\u21d2<a style=\"color: #528fd1\" href=\"https:\/\/uenf.br\/posgraduacao\/biociencias-biotecnologia\/wp-content\/uploads\/sites\/12\/2019\/12\/Disciplinas-Oferecidas-PGBB-1\u00ba-semestre-2020-1.doc\">Disciplinas Oferecidas PGBB 1\u00ba semestre 2020<\/a><\/span><\/h4>\n<h4><span style=\"color: #528fd1\">\u21d2<a style=\"color: #528fd1\" href=\"https:\/\/uenf.br\/posgraduacao\/biociencias-biotecnologia\/wp-content\/uploads\/sites\/12\/2019\/07\/Disciplinas-Oferecidas-PGBB-2\u00ba-semestre-2019-1.doc\">Disciplinas Oferecidas PGBB 2\u00ba semestre 2019<\/a><\/span><\/h4>\n<h4><span style=\"color: #528fd1\">\u21d2<a style=\"color: #528fd1\" href=\"https:\/\/uenf.br\/posgraduacao\/biociencias-biotecnologia\/wp-content\/uploads\/sites\/12\/2019\/02\/Disciplinas-Oferecidas-PGBB-1\u00ba-semestre-2019.doc\">Disciplinas-Oferecidas-PGBB-1\u00ba-semestre-2019<\/a><\/span><\/h4>\n<h4><span style=\"color: #528fd1\">\u21d2<a style=\"color: #528fd1\" href=\"https:\/\/uenf.br\/posgraduacao\/biociencias-biotecnologia\/wp-content\/uploads\/sites\/12\/2018\/07\/Disciplinas-Oferecidas-PGBB-2\u00ba-semestre-2018-3.doc\">Disciplinas Oferecidas PGBB 2\u00ba semestre 2018<\/a><\/span><\/h4>\n<h4><span style=\"color: #528fd1\">\u21d2<a style=\"color: #528fd1\" href=\"https:\/\/uenf.br\/posgraduacao\/biociencias-biotecnologia\/wp-content\/uploads\/sites\/12\/2014\/02\/Disciplinas-Oferecidas-PGBB-1\u00ba-semestre-2018-1.doc\">Disciplinas Oferecidas PGBB 1\u00ba semestre 2018<\/a><\/span><\/h4>\n<h4><span style=\"color: #528fd1\">\u21d2<a style=\"color: #528fd1\" href=\"https:\/\/uenf.br\/posgraduacao\/biociencias-biotecnologia\/wp-content\/uploads\/sites\/12\/2014\/02\/Disciplinas-Oferecidas-PGBB-1\u00ba-semestre-2017.doc\">Disciplinas-oferecidas-pgbb-1o-semestre-2017<\/a><\/span><\/h4>\n<h4><span style=\"color: #528fd1\">\u21d2\u00a0<a style=\"color: #528fd1\" href=\"https:\/\/uenf.br\/posgraduacao\/biociencias-biotecnologia\/wp-content\/uploads\/sites\/12\/2013\/11\/Disciplinas-Oferecidas-PGBB-2\u00ba-semestre-2017.doc\">Disciplinas Oferecidas PGBB 2\u00ba semestre 2017<\/a><\/span><\/h4>\n<h4><span style=\"color: #528fd1\">\u21d2\u00a0<a style=\"color: #528fd1\" href=\"https:\/\/uenf.br\/posgraduacao\/biociencias-biotecnologia\/wp-content\/uploads\/sites\/12\/2014\/02\/Disciplinas-Oferecidas-PGBB-2\u00ba-semestre-2016-2.doc\">Disciplinas-oferecidas-pgbb-2o-semestre-2016<\/a><\/span><\/h4>\n<div class=\"entry clr\">\n<p>&nbsp;<\/p>\n<\/div>\n","protected":false},"excerpt":{"rendered":"<p>\u21d2 Procedimentos Administrativos para cadastro de Programa Anal\u00edtico de novas disciplinas da P\u00f3s-Gradua\u00e7\u00e3o: download aqui \u21d2 Formul\u00e1rio para Programa Anal\u00edtico&#8230;<\/p>\n","protected":false},"author":25,"featured_media":0,"parent":0,"menu_order":8,"comment_status":"closed","ping_status":"closed","template":"","meta":{"footnotes":""},"class_list":["post-137","page","type-page","status-publish","hentry"],"_links":{"self":[{"href":"https:\/\/uenf.br\/posgraduacao\/biociencias-biotecnologia\/wp-json\/wp\/v2\/pages\/137","targetHints":{"allow":["GET"]}}],"collection":[{"href":"https:\/\/uenf.br\/posgraduacao\/biociencias-biotecnologia\/wp-json\/wp\/v2\/pages"}],"about":[{"href":"https:\/\/uenf.br\/posgraduacao\/biociencias-biotecnologia\/wp-json\/wp\/v2\/types\/page"}],"author":[{"embeddable":true,"href":"https:\/\/uenf.br\/posgraduacao\/biociencias-biotecnologia\/wp-json\/wp\/v2\/users\/25"}],"replies":[{"embeddable":true,"href":"https:\/\/uenf.br\/posgraduacao\/biociencias-biotecnologia\/wp-json\/wp\/v2\/comments?post=137"}],"version-history":[{"count":0,"href":"https:\/\/uenf.br\/posgraduacao\/biociencias-biotecnologia\/wp-json\/wp\/v2\/pages\/137\/revisions"}],"wp:attachment":[{"href":"https:\/\/uenf.br\/posgraduacao\/biociencias-biotecnologia\/wp-json\/wp\/v2\/media?parent=137"}],"curies":[{"name":"wp","href":"https:\/\/api.w.org\/{rel}","templated":true}]}}