{"id":1433,"date":"2020-08-04T14:10:45","date_gmt":"2020-08-04T17:10:45","guid":{"rendered":"http:\/\/uenf.br\/posgraduacao\/biociencias-biotecnologia\/?page_id=1433"},"modified":"2025-09-03T09:43:27","modified_gmt":"2025-09-03T12:43:27","slug":"ano-2014","status":"publish","type":"page","link":"https:\/\/uenf.br\/posgraduacao\/biociencias-biotecnologia\/teses-defendidas\/ano-2014\/","title":{"rendered":"Ano 2014"},"content":{"rendered":"<p>TESE DE DOUTORADO 2014:<br \/>\n\u2022 Clique no autor para acessar a tese completa<\/p>\n<p><strong>1- <a href=\"https:\/\/uenf.br\/posgraduacao\/biociencias-biotecnologia\/wp-content\/uploads\/sites\/12\/2025\/09\/FARLEN-JOSE-BEBBER-MIRANDA.pdf\">FARLEN JOSE BEBBER MIRANDA<\/a><\/strong><br \/>\n<strong>Data:<\/strong> 18\/02\/2014<br \/>\n<strong>T\u00edtulo:<\/strong> \u201cA\u00c7\u00c3O DO \u00d3XIDO N\u00cdTRICO NA MAL\u00c1RIA AVI\u00c1RIA EM GALLUS GALLUS DOMESTICUS CAUSADA POR PLASMODIUM GALLINACEUM\u201d<br \/>\n<strong>Orientador:<\/strong> Renato Augusto Damatta<br \/>\n<strong>Banca:<\/strong><br \/>\nNadia Regina Pereira Almosny<br \/>\nJoao Luiz Mendes Wanderley<br \/>\nClovis De Paula Santos<br \/>\n__________________________________________________________<\/p>\n<p><strong>2- <a href=\"https:\/\/uenf.br\/posgraduacao\/biociencias-biotecnologia\/wp-content\/uploads\/sites\/12\/2025\/09\/Arianne-Fabres-de-Jesus.pdf\">ARIANNE FABRES DE JESUS<\/a><\/strong><br \/>\n<strong>Data:<\/strong> 26\/02\/2014<br \/>\n<strong>T\u00edtulo:<\/strong> \u201cSEMENTES COMO FONTE DE COMPOSTOS QU\u00cdMICOS COM POTENCIAL PARA O CONTROLE DO BESOURO TRIBOLIUM CASTANEUM\u201d<br \/>\n<strong>Orientador:<\/strong> Antonia Elenir Amancio Oliveira<br \/>\n<strong>Banca:<\/strong><br \/>\nFrancisco Jose Alves Lemos<br \/>\nJose Roberto Da Silva<br \/>\nGustavo Lazzaro Rezende<br \/>\nAndre De Oliveira Carvalho<br \/>\n_________________________________________________________<\/p>\n<p><strong>3- <a href=\"https:\/\/uenf.br\/posgraduacao\/biociencias-biotecnologia\/wp-content\/uploads\/sites\/12\/2025\/09\/KEYSSON-VIEIRA-FERNANDES.pdf\">KEYSSON VIEIRA FERNANDES<\/a><\/strong><br \/>\n<strong>Data:<\/strong> 25\/02\/2014<br \/>\n<strong>T\u00edtulo:<\/strong> \u201cDESTOXIFICA\u00c7\u00c3O DA TORTA DE MAMONA POR TRATAMENTO BIOL\u00d3GICO E QU\u00cdMICO E ESTUDO DA INATIVA\u00c7\u00c3O DA RICINA UTILIZANDO ENSAIOS DE CITOTOXICIDADE\u201d<br \/>\n<strong>Orientador:<\/strong> Olga Lima Tavares Machado<br \/>\n<strong>Banca:<\/strong><br \/>\nManuel Vazquez Vidal Junior<br \/>\nElias Walter Alves<br \/>\n_________________________________________________________<\/p>\n<p><strong>4- <a href=\"https:\/\/uenf.br\/posgraduacao\/biociencias-biotecnologia\/wp-content\/uploads\/sites\/12\/2025\/09\/MARCELA-SANTANA-BASTOS-BOECHAT.pdf\">MARCELA SANTANA BASTOS BOECHAT<\/a><\/strong><br \/>\n<strong>Data:<\/strong> 29\/04\/2014<br \/>\n<strong>T\u00edtulo:<\/strong> \u201cPERFIL FENOT\u00cdPICO E GENOT\u00cdPICO REFERENTE \u00c0S MOL\u00c9CULAS IFN-\uf067, IL-13 E CXCL10 ASSOCIADO \u00c0 TOXOPLASMOSE OCULAR\u201d<br \/>\n<strong>Orientador<\/strong>: Lilian Maria Garcia Bahia De Oliveira<br \/>\n<strong>Banca:<\/strong><br \/>\nRenato Augusto Damatta<br \/>\nMaria Luiza Petzl Erler<br \/>\nMilton Masahiko Kanashiro<br \/>\n_________________________________________________________<\/p>\n<p><strong>5- <a href=\"https:\/\/uenf.br\/posgraduacao\/biociencias-biotecnologia\/wp-content\/uploads\/sites\/12\/2025\/09\/ERICA-DE-OLIVEIRA-MELLO.pdf\">\u00c9RICA DE OLIVEIRA MELLO<\/a><\/strong><br \/>\n<strong>Data:<\/strong> 29\/04\/2014<br \/>\n<strong>T\u00edtulo:<\/strong> \u201cDEFENSINA DE SEMENTES DE PHASEOLUS VULGARIS L.: SUPEREXPRESS\u00c3O E ESTUDO DA ATIVIDADE ANTIMICROBIANA E DO MECANISMO DE A\u00c7\u00c3O\u201d<br \/>\n<strong>Orientador:<\/strong> Valdirene Moreira Gomes<br \/>\n<strong>Banca:<\/strong><br \/>\nKatia Valevski Sales Fernandes<br \/>\nMaura Da Cunha<br \/>\nJose Roberto Da Silva<br \/>\n_________________________________________________________<\/p>\n<p><strong>6- <a href=\"https:\/\/uenf.br\/posgraduacao\/biociencias-biotecnologia\/wp-content\/uploads\/sites\/12\/2025\/09\/JULIANA-DA-CRUZ-PADRAO.pdf\">JULIANA DA CRUZ PADR\u00c3O<\/a><\/strong><br \/>\n<strong>Data:<\/strong> 11\/06\/2014<br \/>\n<strong>T\u00edtulo:<\/strong> \u201cINIBI\u00c7\u00c3O DO \u00d3XIDO N\u00cdTRICO POR MACR\u00d3FAGOS INFECTADOS POR TOXOPLASMA GONDII: VIAS DE DEGRADA\u00c7\u00c3O DA \u00d3XIDO NITRICO SINTASE INDUZIDA E FORMA\u00c7\u00c3O DE AGROSSOMO\u201d<br \/>\n<strong>Orientador:<\/strong> Renato Augusto Damatta<br \/>\n<strong>Banca:<\/strong><br \/>\nLilian Maria Garcia Bahia De Oliveira<br \/>\nAlba Lucinia Peixoto Rangel Gama<br \/>\nFrancisco Jose Rocha De Sousa<br \/>\n_________________________________________________________<\/p>\n<p><strong>7- <a href=\"https:\/\/uenf.br\/posgraduacao\/biociencias-biotecnologia\/wp-content\/uploads\/sites\/12\/2025\/09\/JULIANNA-MARIA-DA-CUNHA-DE-OLIVEIRA-SANTOS.pdf\">JULIANNA MARIA DA CUNHA DE OLIVEIRA SANTOS<\/a><\/strong><br \/>\n<strong>Data:<\/strong> 24\/06\/2014<br \/>\n<strong>T\u00edtulo:<\/strong> \u201cCARACTERIZA\u00c7\u00c3O MORFOL\u00d3GICA E BIOQU\u00cdMICA DE LINHAGENS E TUMORES DE MELANOMA E C\u00c2NCER DE PR\u00d3STATA COM DIFERENTES POTENCIAIS METAST\u00c1TICOS\u201d<br \/>\n<strong>Orientador:<\/strong> Arnoldo Rocha Facanha<br \/>\n<strong>Banca:<\/strong><br \/>\nLivia Marini Palma<br \/>\nRenato Augusto Damatta<br \/>\nTatiana De Almeida Simao<br \/>\n_________________________________________________________<\/p>\n<p><strong>8-<a href=\"https:\/\/uenf.br\/posgraduacao\/biociencias-biotecnologia\/wp-content\/uploads\/sites\/12\/2025\/09\/SYLVIO-BOTELHO-JUNIOR.pdf\">SYLVIO BOTELHO J\u00daNIOR<\/a><\/strong><br \/>\n<strong>Data:<\/strong> 26\/06\/2014<br \/>\n<strong>T\u00edtulo:<\/strong> \u201cPURIFICA\u00c7\u00c3O, CARACTERIZA\u00c7\u00c3O E AVALIA\u00c7\u00c3O DO POTENCIAL BIOPESTICIDA DE SETE INIBIDORES DE PROTEINASE DO TIPO KUNITZ INDUZIDOS POR METIL JASMONATO EM FOLHAS DE MARACUJ\u00c1 (PASSIFLORA EDULIS SIMS)\u201d<br \/>\n<strong>Orientador:<\/strong> Tania Jacinto Freitas Da Silva<br \/>\n<strong>Banca:<\/strong><br \/>\nKatia Valevski Sales Fernandes<br \/>\nMaura Da Cunha<br \/>\nFrancisco Jose Alves Lemos<br \/>\nFlavia Borges Mury<br \/>\n_________________________________________________________<\/p>\n<p><strong>9-<a href=\"https:\/\/uenf.br\/posgraduacao\/biociencias-biotecnologia\/wp-content\/uploads\/sites\/12\/2025\/09\/RENAN-MODESTO-MONTEIRO.pdf\">RENAN MODESTO MONTEIRO<\/a><\/strong><br \/>\n<strong>Data:<\/strong> 21\/07\/2014<br \/>\n<strong>T\u00edtulo:<\/strong> \u201cNOVA VIS\u00c3O SOBRE A REGULA\u00c7\u00c3O DE V H+-ATPASE DE LEVEDURA\u201d<br \/>\n<strong>Orientador:<\/strong> Lev Alexandrovitch Okorokov<br \/>\n<strong>Banca:<\/strong><br \/>\nCarlos Eduardo De Souza Teodoro<br \/>\nCarlos Eduardo De Souza Teodoro<br \/>\nAlessandro Coutinho Ramos<br \/>\n_________________________________________________________<\/p>\n<p><strong>10-<a href=\"https:\/\/uenf.br\/posgraduacao\/biociencias-biotecnologia\/wp-content\/uploads\/sites\/12\/2025\/09\/WILLIAM-RODRIGUES-DE-FREITAS.pdf\">WILLIAM RODRIGUES DE FREITAS<\/a><\/strong><br \/>\n<strong>Data:<\/strong> 29\/07\/2014<br \/>\n<strong>T\u00edtulo:<\/strong> \u201cEFEITOS ANTINEOPL\u00c1SICOS IN VITRO DA CAULIBUGULONA A E IN VIVO DO COMPLEXO DE COORDENA\u00c7\u00c3O DE COBRE [Cu(L1)Cl]Cl.2H2O\u201d<br \/>\n<strong>Orientador:<\/strong> Milton Masahiko Kanashiro<br \/>\n<strong>Banca:<\/strong><br \/>\nMichelle Fraz\u00e3o Muzitano<br \/>\nElena Lassounskaia<br \/>\nLuciana Ferreira Romao<br \/>\n_________________________________________________________<\/p>\n<p><strong>11-<a href=\"https:\/\/uenf.br\/posgraduacao\/biociencias-biotecnologia\/wp-content\/uploads\/sites\/12\/2025\/09\/NATHALIA-BASTOS-LIMA-DE-ANDRADE.pdf\">NATH\u00c1LIA BASTOS LIMA DE ANDRADE<\/a><\/strong><br \/>\n<strong>Data:<\/strong> 04\/09\/2014<br \/>\n<strong>T\u00edtulo:<\/strong> \u201cESTUDO DO DESENVOLVIMENTO DO TEGUMENTO E EVENTOS DE MORTE CELULAR PROGRAMADA, ENVOLVENDO CASPASES-S\u00cdMILE, METACASPASES E CISTATINAS DE SEMENTES DE Vigna unguiculata\u201d<br \/>\n<strong>Orientador:<\/strong> Katia Valevski Sales Fernandes<br \/>\n<strong>Banca:<\/strong><br \/>\nPaulo Cavalcanti Gomes Ferreira<br \/>\nValdirene Moreira Gomes<br \/>\nElena Lassounskaia<br \/>\n_________________________________________________________<\/p>\n<p><strong>12-<a href=\"https:\/\/uenf.br\/posgraduacao\/biociencias-biotecnologia\/wp-content\/uploads\/sites\/12\/2025\/09\/LAURA-AZEREDO-MIRANDA-MOTA.pdf\">LAURA AZEREDO MIRANDA MOTA<\/a><\/strong><br \/>\n<strong>Data:<\/strong> 30\/09\/2014<br \/>\n<strong>T\u00edtulo:<\/strong> \u201cINDU\u00c7\u00c3O DE CORPOS LIP\u00cdDICOS EM MACR\u00d3FAGOS POR SORO DE CAMUNDONGO E SEUS EFEITOS NA INFEC\u00c7\u00c3O PELO Toxoplasma gondii\u201d<br \/>\n<strong>Orientador:<\/strong> Renato Augusto Damatta<br \/>\n<strong>Banca:<\/strong><br \/>\nAndrea Cristina Veto Arnholdt<br \/>\nAntonia Elenir Amancio Oliveira<br \/>\nMariana Caldas Waghabi<br \/>\n_________________________________________________________<\/p>\n","protected":false},"excerpt":{"rendered":"<p>TESE DE DOUTORADO 2014: \u2022 Clique no autor para acessar a tese completa 1- FARLEN JOSE BEBBER MIRANDA Data: 18\/02\/2014&#8230;<\/p>\n","protected":false},"author":25,"featured_media":0,"parent":1229,"menu_order":0,"comment_status":"closed","ping_status":"closed","template":"","meta":{"footnotes":""},"class_list":["post-1433","page","type-page","status-publish","hentry"],"_links":{"self":[{"href":"https:\/\/uenf.br\/posgraduacao\/biociencias-biotecnologia\/wp-json\/wp\/v2\/pages\/1433","targetHints":{"allow":["GET"]}}],"collection":[{"href":"https:\/\/uenf.br\/posgraduacao\/biociencias-biotecnologia\/wp-json\/wp\/v2\/pages"}],"about":[{"href":"https:\/\/uenf.br\/posgraduacao\/biociencias-biotecnologia\/wp-json\/wp\/v2\/types\/page"}],"author":[{"embeddable":true,"href":"https:\/\/uenf.br\/posgraduacao\/biociencias-biotecnologia\/wp-json\/wp\/v2\/users\/25"}],"replies":[{"embeddable":true,"href":"https:\/\/uenf.br\/posgraduacao\/biociencias-biotecnologia\/wp-json\/wp\/v2\/comments?post=1433"}],"version-history":[{"count":0,"href":"https:\/\/uenf.br\/posgraduacao\/biociencias-biotecnologia\/wp-json\/wp\/v2\/pages\/1433\/revisions"}],"up":[{"embeddable":true,"href":"https:\/\/uenf.br\/posgraduacao\/biociencias-biotecnologia\/wp-json\/wp\/v2\/pages\/1229"}],"wp:attachment":[{"href":"https:\/\/uenf.br\/posgraduacao\/biociencias-biotecnologia\/wp-json\/wp\/v2\/media?parent=1433"}],"curies":[{"name":"wp","href":"https:\/\/api.w.org\/{rel}","templated":true}]}}