{"id":1437,"date":"2020-08-04T14:11:09","date_gmt":"2020-08-04T17:11:09","guid":{"rendered":"http:\/\/uenf.br\/posgraduacao\/biociencias-biotecnologia\/?page_id=1437"},"modified":"2025-07-10T16:25:12","modified_gmt":"2025-07-10T19:25:12","slug":"ano-2013","status":"publish","type":"page","link":"https:\/\/uenf.br\/posgraduacao\/biociencias-biotecnologia\/teses-defendidas\/ano-2013\/","title":{"rendered":"Ano 2013"},"content":{"rendered":"<p>TESE DE DOUTORADO 2013:<\/p>\n<ul>\n<li>Clique no autor para acessar a tese completa<\/li>\n<\/ul>\n<p><strong>1-<a href=\"https:\/\/uenf.br\/posgraduacao\/biociencias-biotecnologia\/wp-content\/uploads\/sites\/12\/2020\/11\/TESE-DE-DOUTORADO-TATIANA-BARROSO-CHIQUIERI.pdf\">\u00a0TATIANA BARROSO CHIQUIERI<\/a><\/strong><\/p>\n<p><strong>Data:<\/strong>06\/03\/2013<\/p>\n<p><strong>T\u00edtulo:<\/strong> \u201cANALISE PROTEOMICA E DETERMINA\u00c7\u00c3O DE CARBOIDRATOS NA EMBRIOGENESE SOMATICA DE CANA-DE-A\u00c7UCAR\u201d<\/p>\n<p><strong>Orientador<\/strong>: Vanildo Silveira<\/p>\n<p><strong>Banca:<\/strong><\/p>\n<p>Marcelo De Freitas Lima<\/p>\n<p>Tania Jacinto Freitas Da Silva<\/p>\n<p>Antonia Elenir Amancio Oliveira<\/p>\n<p>__________________________________________________________<\/p>\n<p><strong>2-<a href=\"https:\/\/uenf.br\/posgraduacao\/biociencias-biotecnologia\/wp-content\/uploads\/sites\/12\/2020\/11\/evenilton-tese.pdf\">EVENILTON PESSOA COSTA<\/a><\/strong><\/p>\n<p><strong>Data<\/strong>:16\/05\/2013<\/p>\n<p><strong>T\u00edtulo:<\/strong> \u201cMODULA\u00c7\u00c3O CIN\u00c9TICA POR EQUIL\u00cdBRIO REDOX DE UMA PIROFOSFATASE INORG\u00c3NICA SOL\u00daVEL\u201d<\/p>\n<p><strong>Orientador<\/strong>: Carlos Jorge Logullo De Oliveira<\/p>\n<p><strong>Banca:<\/strong><\/p>\n<p>Arnoldo Rocha Facanha<\/p>\n<p>Rafael Dias Mesquita<\/p>\n<p>Nelilma Correia Romeiro<\/p>\n<p>Lev Alexandrovitch Okorokov<\/p>\n<p>__________________________________________________________<\/p>\n<p><strong>3-<a href=\"https:\/\/uenf.br\/posgraduacao\/biociencias-biotecnologia\/wp-content\/uploads\/sites\/12\/2020\/11\/Tese-Doutorado-Cristiane-Vergilio.pdf\">CRISTIANE DOS SANTOS VERGILIO<\/a><\/strong><\/p>\n<p><strong>Data:<\/strong> 23\/05\/2013<\/p>\n<p><strong>T\u00edtulo:<\/strong> \u201cASPECTOS CELULARES DA A\u00c7AO DOS METAIS CADMIO E MERCURIO EM CULTURA DE CELULAS E NOS ORGAOS DO PEIXE TELEOSTEO gYMNOTUS CARAPO (LINNAEUS 1758)\u201d<\/p>\n<p><strong>Orientador:<\/strong> Edesio Jose Tenorio De Melo<\/p>\n<p><strong>Banca:<\/strong><\/p>\n<p>Flavio Costa Miguens<\/p>\n<p>Olaf Malm<\/p>\n<p>Olga Lima Tavares Machado<\/p>\n<p>__________________________________________________________<\/p>\n<p><strong>4-<a href=\"https:\/\/uenf.br\/posgraduacao\/biociencias-biotecnologia\/wp-content\/uploads\/sites\/12\/2020\/11\/Tese_doutorado_Natalia-VERSAO-FINAL1.pdf\">NAT\u00c1LIA DEUS DE OLIVEIRA CRESPO<\/a><\/strong><\/p>\n<p><strong>Data:\u00a0<\/strong> 29\/05\/2013<\/p>\n<p><strong>T\u00edtulo:<\/strong> \u201cAL\u00c9RGENOS DE OLEAGINOSAS: TRATAMENTO QU\u00cdMICO PARAREDU\u00c7\u00c3O DA ALERGENICIDADE, DETEC\u00c7\u00c3O NO AR E RESPOSTAIMUNE\u201d<\/p>\n<p><strong>Orientador:<\/strong> Olga Lima Tavares Machado<\/p>\n<p><strong>Banca:<\/strong><\/p>\n<p>Gilberto Barbosa Domont<\/p>\n<p>Elena Lassounskaia<\/p>\n<p>Edesio Jose Tenorio De Melo<\/p>\n<p>__________________________________________________________<\/p>\n<p><strong>5-<a href=\"https:\/\/uenf.br\/posgraduacao\/biociencias-biotecnologia\/wp-content\/uploads\/sites\/12\/2020\/11\/Tese-Doutorado-Thiago-Silva-Frauches.pdf\">\u00a0THIAGO SILVA FRAUCHES<\/a><\/strong><\/p>\n<p><strong>Data:<\/strong> 01\/08\/2013<\/p>\n<p><strong>T\u00edtulo:<\/strong> \u201cNEUTRALIZA\u00c7\u00c3O DA TOXICIDADE DO VENENO DE BOTHROPS ATROX POR ANTICORPOS MONOCLONAIS E EXTRATOS DA PLANTA ANNONA MURICATA\u201d<\/p>\n<p><strong>Orientador:<\/strong> Milton Masahiko Kanashiro<\/p>\n<p><strong>Banca:<\/strong><\/p>\n<p>Mauricio Afonso Vericimo<\/p>\n<p>Maria Raquel Garcia Vega<\/p>\n<p>Elizangela Costa Da Silva<\/p>\n<p>__________________________________________________________<\/p>\n<p><strong>6-<a href=\"https:\/\/uenf.br\/posgraduacao\/biociencias-biotecnologia\/wp-content\/uploads\/sites\/12\/2020\/11\/Tese-de-Doutorado-Joao-Claudio-Damasceno-de-Sa.pdf\">\u00a0JO\u00c3O CL\u00c1UDIO DAMASCENO DE S\u00c1<\/a><\/strong><\/p>\n<p><strong>Data<\/strong>: 29\/08\/2013<\/p>\n<p><strong>T\u00edtulo:<\/strong> \u201cA\u00c7\u00c3O DA FOSFATIDILSERINA NO PROCESSO DE INFEC\u00c7\u00c3O DE TOXOPLASMA GONDII EM MACR\u00d3FAGOS MURINOS ATIVADOS\u201d<\/p>\n<p><strong>Orientador:<\/strong> Renato Augusto Damatta<\/p>\n<p><strong>Banca:<\/strong><\/p>\n<p>Tiago Wilson Patriarca Mineo<\/p>\n<p>Lilian Maria Garcia Bahia De Oliveira<\/p>\n<p>Gustavo Lazzaro Rezende<\/p>\n<p>__________________________________________________________<\/p>\n","protected":false},"excerpt":{"rendered":"<p>TESE DE DOUTORADO 2013: Clique no autor para acessar a tese completa 1-\u00a0TATIANA BARROSO CHIQUIERI Data:06\/03\/2013 T\u00edtulo: \u201cANALISE PROTEOMICA E&#8230;<\/p>\n","protected":false},"author":25,"featured_media":0,"parent":1229,"menu_order":0,"comment_status":"closed","ping_status":"closed","template":"","meta":{"footnotes":""},"class_list":["post-1437","page","type-page","status-publish","hentry"],"_links":{"self":[{"href":"https:\/\/uenf.br\/posgraduacao\/biociencias-biotecnologia\/wp-json\/wp\/v2\/pages\/1437","targetHints":{"allow":["GET"]}}],"collection":[{"href":"https:\/\/uenf.br\/posgraduacao\/biociencias-biotecnologia\/wp-json\/wp\/v2\/pages"}],"about":[{"href":"https:\/\/uenf.br\/posgraduacao\/biociencias-biotecnologia\/wp-json\/wp\/v2\/types\/page"}],"author":[{"embeddable":true,"href":"https:\/\/uenf.br\/posgraduacao\/biociencias-biotecnologia\/wp-json\/wp\/v2\/users\/25"}],"replies":[{"embeddable":true,"href":"https:\/\/uenf.br\/posgraduacao\/biociencias-biotecnologia\/wp-json\/wp\/v2\/comments?post=1437"}],"version-history":[{"count":0,"href":"https:\/\/uenf.br\/posgraduacao\/biociencias-biotecnologia\/wp-json\/wp\/v2\/pages\/1437\/revisions"}],"up":[{"embeddable":true,"href":"https:\/\/uenf.br\/posgraduacao\/biociencias-biotecnologia\/wp-json\/wp\/v2\/pages\/1229"}],"wp:attachment":[{"href":"https:\/\/uenf.br\/posgraduacao\/biociencias-biotecnologia\/wp-json\/wp\/v2\/media?parent=1437"}],"curies":[{"name":"wp","href":"https:\/\/api.w.org\/{rel}","templated":true}]}}