{"id":144,"date":"2014-02-11T17:37:39","date_gmt":"2014-02-11T17:37:39","guid":{"rendered":"http:\/\/uenf.br\/pos-graduacao\/biociencias-biotecnologia\/?page_id=144"},"modified":"2025-07-10T17:03:25","modified_gmt":"2025-07-10T20:03:25","slug":"normas-para-defesas","status":"publish","type":"page","link":"https:\/\/uenf.br\/posgraduacao\/biociencias-biotecnologia\/normas-para-defesas-2\/normas-para-defesas\/","title":{"rendered":"Disserta\u00e7\u00e3o e Tese"},"content":{"rendered":"<p><strong><span style=\"color: #a60303\">As novas <a style=\"color: #a60303\" href=\"https:\/\/uenf.br\/posgraduacao\/biociencias-biotecnologia\/wp-content\/uploads\/sites\/12\/2025\/02\/25_02_25_p31_a_35_Resolucao_COLAC_no_43_2025_dispoe_sobre_normas_gerais_de_pos_graduacao_strictu_sensu_da_UENF-1.pdf\" target=\"_blank\" rel=\"noopener\">Normas de P\u00f3s-Gradua\u00e7\u00e3o da UENF <\/a><\/span><\/strong><span style=\"color: #a60303\">(DOERJ de 25.02.2025)<\/span><strong><span style=\"color: #a60303\"> estabelecem, no CAPI\u0301TULO VI, sobre os requisitos das teses e \u00a0disserta\u00e7\u00f5es, e banca examinadora.<\/span><\/strong><\/p>\n<p style=\"text-align: justify\"><span style=\"text-align: left\">De acordo com o Regimento de P\u00f3s-Gradua\u00e7\u00e3o da UENF, a Coordena\u00e7\u00e3o de P\u00f3s-Gradua\u00e7\u00e3o em Bioci\u00eancias e Biotecnologia\/CBB estabelece os seguintes procedimentos para a <span style=\"color: #006199\"><strong>Realiza\u00e7\u00e3o de Defesas de Disserta\u00e7\u00f5es de Mestrado e Tese de Doutorado<\/strong>:<\/span><\/span><\/p>\n<p><span style=\"text-decoration: underline;color: #016c8a\"><b>Procedimentos do Aluno:<\/b>\u00a0<\/span><\/p>\n<ol>\n<li>Retirar na Secretaria Acad\u00eamica (solicitar pelo Acad\u00eamico) um <em>Nada Consta<\/em> para iniciar o processo para realiza\u00e7\u00e3o da defesa da disserta\u00e7\u00e3o\/tese, e entregar todos os formul\u00e1rios na PGBB, devidamente preenchidos (*para defesa de DS \u00e9 necess\u00e1rio encaminhar c\u00f3pia do artigo referente a tese de Doutorado);<\/li>\n<li>Entregar a disserta\u00e7\u00e3o\/tese a ser revisada ao revisor com no m\u00ednimo 45 dias de anteced\u00eancia \u00e0 data prevista para a defesa;<\/li>\n<li>Ap\u00f3s o retorno da tese do revisor, realizar as modifica\u00e7\u00f5es sugeridas (caso haja alguma) dando ci\u00eancia ao orientador, tirar c\u00f3pias e encaminhar a este para que e encaminhe posteriormente aos membros da banca, que ter\u00e3o no m\u00ednimo, 15 dias para leitura.<\/li>\n<li>Divulgar e apresentar a pr\u00e9via da disserta\u00e7\u00e3o\/tese, com no m\u00ednimo, 15 dias antes da defesa da mesma, e encaminhar a listagem das assinaturas a PGBB;<\/li>\n<li>Preparar 2 c\u00f3pias da subcapa da disserta\u00e7\u00e3o\/tese para assinatura dos membros da banca no dia da defesa;<\/li>\n<li>Fazer a marca\u00e7\u00e3o da sala para a Pr\u00e9via e Defesa;<\/li>\n<li>Confirmar com a Banca a realiza\u00e7\u00e3o da Defesa;<\/li>\n<li>Preencher, no Sistema Acad\u00eamico, um formul\u00e1rio contendo informa\u00e7\u00f5es para o preparo da Ficha Catalogr\u00e1fica que ser\u00e1 anexada \u00e0s 2 c\u00f3pias da sua disserta\u00e7\u00e3o\/tese final;<\/li>\n<li>Encaminhar 2 c\u00f3pias da disserta\u00e7\u00e3o\/tese final encadernada no modelo padr\u00e3o da Universidade \u00e0 PGBB.<\/li>\n<\/ol>\n<p><strong><span style=\"text-decoration: underline;color: #016c8a\">Procedimentos do Orientador:\u00a0<\/span><\/strong><b><br \/>\n<\/b>1. Encaminhar para PGBB <b>pela plataforma SEI<\/b> (com 20 dias \u00fateis de anteced\u00eancia) a solicita\u00e7\u00e3o de da defesa, anexando os documentos:<\/p>\n<ul>\n<li><a href=\"https:\/\/uenf.br\/posgraduacao\/biociencias-biotecnologia\/wp-content\/uploads\/sites\/12\/2024\/08\/FORMULARIO-DE-DEFESA-DE-TESE-ATUALIZADO-final-1.doc\">FORMUL\u00c1RIO-DE-DEFESA-DE-TESE-ATUALIZADO <\/a> contendo nomes de professores que far\u00e3o parte da Banca Examinadora:<\/li>\n<\/ul>\n<p style=\"padding-left: 40px\">&#8211; O(a) orientador(a) do(a) discente \u00e9 membro titular da banca, da qual lhe cabe a Presid\u00eancia;<\/p>\n<p style=\"padding-left: 40px\">&#8211; as bancas de <span style=\"text-decoration: underline\">disserta\u00e7\u00f5es<\/span> s\u00e3o constitu\u00eddas por, no m\u00ednimo, 03 (tr\u00eas) membros titulares e 02 (dois) suplentes, dos quais pelo menos 01 (um) membro titular e 01 (um) suplente n\u00e3o vinculados ao PPG nem \u00e0 UENF;<\/p>\n<p style=\"padding-left: 40px\">&#8211; as bancas de <span style=\"text-decoration: underline\">teses<\/span> s\u00e3o constitu\u00eddas por, no m\u00ednimo, 04 (quatro) membros titulares e 02 (dois) suplentes, dos quais pelo menos 01 (um) titular e 01 (um) suplente n\u00e3o vinculados ao PPG nem \u00e0 UENF.<\/p>\n<ul>\n<li>A crit\u00e9rio do programa, mediante autoriza\u00e7\u00e3o da CCP, as defesas de disserta\u00e7\u00f5es, teses, projetos ou exames de qualifica\u00e7\u00e3o poder\u00e3o ser nos formatos presencial, h\u00edbrido ou remoto por meio de sistemas de intera\u00e7\u00e3o \u00e1udio e v\u00eddeo, em tempo real ou videoconfer\u00eancia (Art. 62 da <a href=\"https:\/\/uenf.br\/posgraduacao\/biociencias-biotecnologia\/wp-content\/uploads\/sites\/12\/2025\/02\/25_02_25_p31_a_35_Resolucao_COLAC_no_43_2025_dispoe_sobre_normas_gerais_de_pos_graduacao_strictu_sensu_da_UENF-1.pdf\" target=\"_blank\" rel=\"noopener\">Normas PG UNF<\/a>);<\/li>\n<\/ul>\n<div class=\"page\" title=\"Page 5\">\n<div class=\"layoutArea\">\n<div class=\"column\">\n<p style=\"padding-left: 40px\">\u00a0&#8211; No caso de defesa em formato remoto, o(a) discente devera\u0301 justificar a opc\u0327a\u0303o desta modalidade de defesa a\u0300 CCP com anue\u0302ncia do orientador.<\/p>\n<p style=\"padding-left: 40px\">Art. 58 &#8211; A defesa dever\u00e1 ser realizada em sess\u00e3o p\u00fablica em que o(a) discente apresentar\u00e1 os<br \/>\nresultados de seu trabalho no <strong>tempo m\u00e1ximo de 40 (quarenta) minutos para disserta\u00e7\u00e3o de mestrado e<\/strong><br \/>\n<strong>de 50 (cinquenta) minutos para tese de doutorado<\/strong>, podendo ser prorrogado a crit\u00e9rio do presidente da<br \/>\nbanca.<\/p>\n<\/div>\n<\/div>\n<\/div>\n<ul>\n<li>para defesa de DS \u00e9 necess\u00e1rio encaminhar c\u00f3pia do artigo referente a tese de Doutorado do discente;<\/li>\n<li>Formul\u00e1rio de <a href=\"https:\/\/uenf.br\/posgraduacao\/biociencias-biotecnologia\/wp-content\/uploads\/sites\/12\/2024\/08\/INFORMACOES-COMPLEMENTARES-PARA-DEFESA.doc\">INFORMA\u00c7\u00d5ES-COMPLEMENTARES-PARA-DEFESA<\/a>\u00a0;<\/li>\n<li>Nada Consta do aluno;<\/li>\n<li><a href=\"https:\/\/uenf.br\/posgraduacao\/biociencias-biotecnologia\/wp-content\/uploads\/sites\/12\/2024\/07\/declaracao-do-revisor-atualizada-PGBB.docx\">declara\u00e7\u00e3o do revisor PGBB<\/a>;<\/li>\n<li>Resumo da disserta\u00e7\u00e3o\/tese em portugu\u00eas e o Abstract em ingl\u00eas;<\/li>\n<li>Extrato escolar do discente;<\/li>\n<li>Lista de presen\u00e7a da Pr\u00e9via da Tese.<\/li>\n<\/ul>\n<p>2. Receber a disserta\u00e7\u00e3o\/tese corrigida do revisor e encaminhar ao aluno para as devidas corre\u00e7\u00f5es;<\/p>\n<p>3. Ap\u00f3s a revis\u00e3o feita pelo aluno, encaminhar num prazo m\u00ednimo de 30 dias antes da defesa prevista, as c\u00f3pias finalizadas para os membros da banca examinadora.<\/p>\n<p><span style=\"text-decoration: underline;color: #016c8a\"><b>Procedimentos da PGBB<\/b>\u00a0<\/span><\/p>\n<ol>\n<li>Homologar a Banca, via e-mail aos membros da Comiss\u00e3o Coordenadora da PGBB;<\/li>\n<li>Gerar no Sistema Acad\u00eamico da UENF a Ata da Defesa (formul\u00e1rio 10) e enviar para docente orientador;<\/li>\n<li>Gerar no Sistema Acad\u00eamico da UENF as declara\u00e7\u00f5es de participa\u00e7\u00e3o para os membros da banca;<\/li>\n<li>Encaminhar a Ata da Defesa (formul\u00e1rio 10), devidamente assinada, a Secretaria Acad\u00eamica pelo SEI.<\/li>\n<\/ol>\n<p><span style=\"text-decoration: underline;color: #016c8a\"><b>Procedimentos do Revisor:<\/b><\/span><\/p>\n<ol>\n<li>Revisar e corrigir a disserta\u00e7\u00e3o\/tese num prazo m\u00e1ximo de 15 dias;<\/li>\n<li>Encaminhar a disserta\u00e7\u00e3o\/tese revisada ao Orientador (que deve posteriormente repassar ao aluno) e enviar uma <a href=\"https:\/\/uenf.br\/posgraduacao\/biociencias-biotecnologia\/wp-content\/uploads\/sites\/12\/2024\/07\/declaracao-do-revisor-atualizada-PGBB.docx\">declara\u00e7\u00e3o do revisor PGBB<\/a>\u00a0sobre a disserta\u00e7\u00e3o\/tese \u00e0 PGBB com c\u00f3pia para o aluno;<br \/>\nCaso considerar necess\u00e1rio, o Revisor ter\u00e1 o direito de verificar se as altera\u00e7\u00f5es e\/ou corre\u00e7\u00f5es sugeridas por ele foram feitas pelo aluno, antes que a 2\u00aa vers\u00e3o da disserta\u00e7\u00e3o\/tese seja enviada aos membros da banca.<\/li>\n<\/ol>\n<p>&nbsp;<\/p>\n","protected":false},"excerpt":{"rendered":"<p>As novas Normas de P\u00f3s-Gradua\u00e7\u00e3o da UENF (DOERJ de 25.02.2025) estabelecem, no CAPI\u0301TULO VI, sobre os requisitos das teses e&#8230;<\/p>\n","protected":false},"author":25,"featured_media":0,"parent":169,"menu_order":1,"comment_status":"closed","ping_status":"open","template":"","meta":{"footnotes":""},"class_list":["post-144","page","type-page","status-publish","hentry"],"_links":{"self":[{"href":"https:\/\/uenf.br\/posgraduacao\/biociencias-biotecnologia\/wp-json\/wp\/v2\/pages\/144","targetHints":{"allow":["GET"]}}],"collection":[{"href":"https:\/\/uenf.br\/posgraduacao\/biociencias-biotecnologia\/wp-json\/wp\/v2\/pages"}],"about":[{"href":"https:\/\/uenf.br\/posgraduacao\/biociencias-biotecnologia\/wp-json\/wp\/v2\/types\/page"}],"author":[{"embeddable":true,"href":"https:\/\/uenf.br\/posgraduacao\/biociencias-biotecnologia\/wp-json\/wp\/v2\/users\/25"}],"replies":[{"embeddable":true,"href":"https:\/\/uenf.br\/posgraduacao\/biociencias-biotecnologia\/wp-json\/wp\/v2\/comments?post=144"}],"version-history":[{"count":0,"href":"https:\/\/uenf.br\/posgraduacao\/biociencias-biotecnologia\/wp-json\/wp\/v2\/pages\/144\/revisions"}],"up":[{"embeddable":true,"href":"https:\/\/uenf.br\/posgraduacao\/biociencias-biotecnologia\/wp-json\/wp\/v2\/pages\/169"}],"wp:attachment":[{"href":"https:\/\/uenf.br\/posgraduacao\/biociencias-biotecnologia\/wp-json\/wp\/v2\/media?parent=144"}],"curies":[{"name":"wp","href":"https:\/\/api.w.org\/{rel}","templated":true}]}}