{"id":1440,"date":"2020-08-04T14:11:30","date_gmt":"2020-08-04T17:11:30","guid":{"rendered":"http:\/\/uenf.br\/posgraduacao\/biociencias-biotecnologia\/?page_id=1440"},"modified":"2025-09-03T10:37:25","modified_gmt":"2025-09-03T13:37:25","slug":"ano-2012","status":"publish","type":"page","link":"https:\/\/uenf.br\/posgraduacao\/biociencias-biotecnologia\/teses-defendidas\/ano-2012\/","title":{"rendered":"Ano 2012"},"content":{"rendered":"<p><strong>TESE DE DOUTORADO 2012:<\/strong><\/p>\n<p><strong>1- FABR\u00cdZIO SIQUEIRA BONIOLO<\/strong><br \/>\n<strong>Data:<\/strong> 16\/03\/2012<br \/>\n<strong>T\u00edtulo:<\/strong> \u201dOTIMIZA\u00c7\u00c3O DA TRANSFER\u00caNCIA DE OXIG\u00caNIO NAS DIFERENTES FASES DO CULTIVO DE BACILLUS THURINGIENSIS VAR. ISRAELENSIS VISANDO MAXIMIZAR A S\u00cdNTESE DE D-ENDOTOXINAS.\u201d<br \/>\n<strong>Orientador:<\/strong> Dr\u00aa Mar\u00edlia Amorim Berbert de Molina<br \/>\n<strong>Banca:<\/strong><br \/>\nDr. Arnaldo M\u00e1rcio Ramalho Prata (EEL\/USP)<br \/>\nDr. Francisco Jos\u00e9 Alves Lemos (LBT\/CBB)<br \/>\nDr. Richard Ian Samuels (CCTA)<br \/>\n__________________________________________________________<\/p>\n<p><strong>2- UMBERTO ZOTTICH PEREIRA<\/strong><br \/>\n<strong>Data:<\/strong> 30\/03\/2012<br \/>\n<strong>T\u00edtulo:<\/strong> \u201dPEPT\u00cdDEOS DE SEMENTES DE COFFEA CANEPHORA: PURIFICA\u00c7\u00c3O E CARACTERIZA\u00c7\u00c3O DAS ATIVIDADES ANTIMICROBIANAS E INSETICIDA.\u201d<br \/>\n<strong>Orientador:<\/strong> Dr\u00aa Valdirene Moreira Gomes (LFBM \u2013 Orientadora) \/ Dr\u00aa Maura da Cunha (LBCT\/CBB \u2013 Co-Orientadora)<br \/>\n<strong>Banca:<\/strong><br \/>\nDr\u00aa K\u00e1tia Valevski Sales Fernandes (LQFPP\/CBB)<br \/>\nDr. Alessandro Coutinho Ramos (UVV)<br \/>\nDr. Jos\u00e9 Roberto da Silva (UFRJ-Maca\u00e9)<br \/>\n__________________________________________________________<\/p>\n<p><strong>3-FL\u00c1VIA DE AZEVEDO LOB\u00c3O<\/strong><br \/>\n<strong>Data:<\/strong> 04\/06\/2012<br \/>\n<strong>T\u00edtulo:<\/strong> \u201cMODULA\u00c7\u00c3O DA TRANSI\u00c7\u00c3O DIM\u00d3RFICA DE Yarrowia lipolyticaVIA SISTEMAS DE TRANSPORTE PRIM\u00c1RIO DE PR\u00d3TONS:REGULA\u00c7\u00c3O POR AUXINA E ALUM\u00cdNIO<br \/>\n<strong>Orientador:<\/strong> Dr\u00aa Anna Lvovna Okorokova Fa\u00e7anha (LFBM \u2013 Orientadora)<br \/>\n<strong>Banca:<\/strong><br \/>\nDr. Daniel Basilio Zandonadi (EMBRAPA\/DF)<br \/>\nDr. Ricardo Enrique Bressan-Smith (LMGV\/CCTA)<br \/>\nDr. Andr\u00e9 de Oliveira Carvalho (LFBM\/CBB)<br \/>\n__________________________________________________________<\/p>\n<p><strong>4-GLAUBER MONTEIRO DIAS<\/strong><br \/>\n<strong>Data<\/strong>: 03\/08\/2012<br \/>\n<strong>T\u00edtulo:<\/strong> \u201dAN\u00c1LISE DE PROTE\u00cdNAS TI\u00d3IS EM ESPERMATOZ\u00d3IDES EPIDIM\u00c1RIOS DE EQUINOS (EQUUS CABALLUS).\u201d<br \/>\n<strong>Orientador:<\/strong> Dr. Cl\u00e1udio Andr\u00e9s Retamal Mart\u00ednez (LBCT \u2013 Orientador) \/ Dr\u00aa Maria Luisa L\u00f3pez Alvarez (LBCT \u2013 Co-Orientadora)<br \/>\n<strong>Banca:<\/strong><br \/>\nDr\u00aa Annelise Maria de Oliveira Wilken de Abreu (FMC)<br \/>\nDr. Elias Walter Alves (LQFPP\/CBB)<br \/>\nDr. Jorge Hernandez Fernandez (LQFPP\/CBB)<br \/>\n__________________________________________________________<\/p>\n<p><strong>5-ALINE CHAVES INTORNE<\/strong><br \/>\n<strong>Data:<\/strong> 03\/08\/2012<br \/>\n<strong>T\u00edtulo:<\/strong> \u201cMECANISMOS DE RESIST\u00caNCIA A C\u00c1DMIO, COBALTO E ZINCO EM GLUCONACETOBACTER DIAZOTROPHICUS, UMA BACT\u00c9RIA PROMOTORA DO CRESCIMENTO VEGETAL.\u201d<br \/>\n<strong>Orientador:<\/strong> Dr. Gon\u00e7alo Apolin\u00e1rio de Souza Filho (LBT \u2013 Orientador)<br \/>\n<strong>Banca:<\/strong><br \/>\nDr. Jean Luiz Sim\u00f5es de Ara\u00fajo (EMBRAPA)<br \/>\nDr\u00aa Mar\u00edlia Amorim Berbert de Molina (LBT\/CBB)<br \/>\nDr. F\u00e1bio Lopes Olivares (LBCT\/CBB)<br \/>\n__________________________________________________________<\/p>\n<p><strong>6-MARCELLE RIBEIRO MANH\u00c3ES DE ANDRADE<\/strong><br \/>\n<strong>Data:<\/strong> 09\/08\/2012<br \/>\n<strong>T\u00edtulo:<\/strong> \u201cPERFIL DE ATIVA\u00c7\u00c3O CL\u00c1SSICA OU ALTERNATIVA DOS MACR\u00d3FAGOS E SEU IMPACTO NA PATOGENIA DA TUBERCULOSE.\u201d<br \/>\n<strong>Orientador:<\/strong> Dr\u00aa Elena Lassounskaia (LBR \u2013 Orientadora)<br \/>\n<strong>Banca:<\/strong><br \/>\nDr\u00aa Andrea Cristina Vet\u00f6 Arnholdt (LBR\/CBB)<br \/>\nDr. Eul\u00f3gio Carlos Queiroz de Carvalho (LSA\/CCTA)<br \/>\nDr\u00aa Maria Helena F\u00e9res Saad (FIOCRUZ)<br \/>\n__________________________________________________________<\/p>\n<p><strong>7-MARCOS VIN\u00cdCIUS VIANA DE OLIVEIRA<\/strong><br \/>\n<strong>Data:<\/strong> 17\/09\/2012<br \/>\n<strong>T\u00edtulo:<\/strong> \u201cAN\u00c1LISE DA RESPOSTA DE G. diazotrophicus PAI5 AOS EXTRESSES OSM\u00d3TICO E I\u00d4NICO: ASPECTOS FISIOL\u00d3GICOS E MOLECULARES.\u201d<br \/>\n<strong>Orientador:<\/strong> Dr. Gon\u00e7alo Apolin\u00e1rio de Souza Filho (LBT \u2013 Orientador)<br \/>\n<strong>Banca:<\/strong><br \/>\nDr. Luc Felicianus Marie Rouws (EMBRAPA)<br \/>\nDr\u00aa Mar\u00edlia Amorim Berbert de Molina (LBT\/CBB)<br \/>\nDr. F\u00e1bio Lopes Olivares (LBCT\/CBB)<br \/>\n__________________________________________________________<\/p>\n<p><strong>8- <a href=\"https:\/\/uenf.br\/posgraduacao\/biociencias-biotecnologia\/wp-content\/uploads\/sites\/12\/2025\/09\/GERMANA-BUENO-DIAS.pdf\">GERMANA BUENO DIAS<\/a><\/strong><br \/>\n<strong>Data:<\/strong> 25\/10\/2012<br \/>\n<strong>T\u00edtulo:<\/strong> \u201cCARACTERIZA\u00c7\u00c3O ESTRUTURAL E QU\u00cdMICA DAS SEMENTES, FOLHAS E FRUTOS DE<br \/>\nDIFERENTES ESP\u00c9CIES DO G\u00caNERO CAPSICUM L. E SUA RELA\u00c7\u00c3O COM MECANISMO DE DEFESA\u201d<br \/>\n<strong>Orientador:<\/strong> Dr\u00aa Maura da Cunha (LBCT \u2013 Orientadora) \/ Dr\u00aa Valdirene Moreira Gomes (LFBM \u2013 Co-Orientadora)<br \/>\n<strong>Banca:<\/strong><br \/>\nDr\u00aa K\u00e1tia Valevski Sales Fernandes (LQFPP\/CBB)<br \/>\nDr\u00aa Rosana Rodrigues (LMGV\/CCTA)<br \/>\nDr\u00aa Helena Regina Pinto Lima (UFRRJ)<br \/>\n__________________________________________________________<\/p>\n","protected":false},"excerpt":{"rendered":"<p>TESE DE DOUTORADO 2012: 1- FABR\u00cdZIO SIQUEIRA BONIOLO Data: 16\/03\/2012 T\u00edtulo: \u201dOTIMIZA\u00c7\u00c3O DA TRANSFER\u00caNCIA DE OXIG\u00caNIO NAS DIFERENTES FASES DO&#8230;<\/p>\n","protected":false},"author":25,"featured_media":0,"parent":1229,"menu_order":0,"comment_status":"closed","ping_status":"closed","template":"","meta":{"footnotes":""},"class_list":["post-1440","page","type-page","status-publish","hentry"],"_links":{"self":[{"href":"https:\/\/uenf.br\/posgraduacao\/biociencias-biotecnologia\/wp-json\/wp\/v2\/pages\/1440","targetHints":{"allow":["GET"]}}],"collection":[{"href":"https:\/\/uenf.br\/posgraduacao\/biociencias-biotecnologia\/wp-json\/wp\/v2\/pages"}],"about":[{"href":"https:\/\/uenf.br\/posgraduacao\/biociencias-biotecnologia\/wp-json\/wp\/v2\/types\/page"}],"author":[{"embeddable":true,"href":"https:\/\/uenf.br\/posgraduacao\/biociencias-biotecnologia\/wp-json\/wp\/v2\/users\/25"}],"replies":[{"embeddable":true,"href":"https:\/\/uenf.br\/posgraduacao\/biociencias-biotecnologia\/wp-json\/wp\/v2\/comments?post=1440"}],"version-history":[{"count":0,"href":"https:\/\/uenf.br\/posgraduacao\/biociencias-biotecnologia\/wp-json\/wp\/v2\/pages\/1440\/revisions"}],"up":[{"embeddable":true,"href":"https:\/\/uenf.br\/posgraduacao\/biociencias-biotecnologia\/wp-json\/wp\/v2\/pages\/1229"}],"wp:attachment":[{"href":"https:\/\/uenf.br\/posgraduacao\/biociencias-biotecnologia\/wp-json\/wp\/v2\/media?parent=1440"}],"curies":[{"name":"wp","href":"https:\/\/api.w.org\/{rel}","templated":true}]}}