{"id":1443,"date":"2020-08-04T14:11:56","date_gmt":"2020-08-04T17:11:56","guid":{"rendered":"http:\/\/uenf.br\/posgraduacao\/biociencias-biotecnologia\/?page_id=1443"},"modified":"2025-07-10T16:08:39","modified_gmt":"2025-07-10T19:08:39","slug":"ano-2011","status":"publish","type":"page","link":"https:\/\/uenf.br\/posgraduacao\/biociencias-biotecnologia\/teses-defendidas\/ano-2011\/","title":{"rendered":"Ano 2011"},"content":{"rendered":"<p><strong>TESE DE DOUTORADO 2011:<\/strong><\/p>\n<p><strong>1- TARSILA MARIA DA SILVA MORAES<\/strong><br \/>\n<strong>Data:<\/strong> 25\/02\/2011<br \/>\n<strong>T\u00edtulo:<\/strong> \u201cCARACTERIZA\u00c7\u00c3O ANAT\u00d4MICA E MICROMORFOL\u00d3GICA DA FOLHA DE ESP\u00c9CIES DA FAM\u00cdLIA RUBIACEAE, PROSPEC\u00c7\u00c3O ALCALO\u00cdDICA E ATIVIDADE BIOL\u00d3GICA DE EXTRATOS FOLIARES DE PSYCHOTRIA\u201d<br \/>\n<strong>Orientador:<\/strong> Maura Da Cunha<br \/>\n__________________________________________________________<\/p>\n<p><strong>2- JOSIANA GOMES DE ANDRADE<\/strong><br \/>\n<strong>Data:<\/strong> 24\/03\/2011<br \/>\n<strong>T\u00edtulo:<\/strong> \u201cOCORR\u00caNCIA, HISTOPATOLOGIA, FILOGENIA E DIAGN\u00d3STICO MOLECULAR DE LIBYOSTRONGYLUS DOUGLASSII E L. DENTATUS (NEMAT\u00d3IDES PARASITAS DE AVESTRUZES)\u201d<br \/>\n<strong>Orientador:<\/strong> Renato Augusto DaMatta<br \/>\n__________________________________________________________<\/p>\n<p><strong>3- ELANE DA SILVA RIBEIRO<\/strong><br \/>\n<strong>Data:<\/strong> 29\/04\/2011<br \/>\n<strong>T\u00edtulo:<\/strong> \u201cINVESTIGA\u00c7\u00c3O DAS A\u00c7\u00d5ES DE D-PINITOL DURANTE A GERMINA\u00c7\u00c3O E DESENVOLVIMENTO P\u00d3S-GERMINATIVO DE PL\u00c2NTULAS\u201d<br \/>\n<strong>Orientador:<\/strong> Ant\u00f4nia Elenir Am\u00e2ncio Oliveira<br \/>\n__________________________________________________________<\/p>\n<p><strong>4- DANIELA GUEDES DA CRUZ<\/strong><br \/>\n<strong>Data:<\/strong> 09\/05\/2011<br \/>\n<strong>T\u00edtulo:<\/strong> \u201cCIN\u00c9TICA DA INFEC\u00c7\u00c3O E ATIVIDADE DE PEPTIDASES E FOSFATASES \u00c1CIDAS DURANTE A INTERA\u00c7\u00c3O DO FUNGO NEMAT\u00d3FAGO DUDDINGTONIA FLAGRANS COM AS LARVAS INFECTANTES DE NEMAT\u00d3IDES TRICHOSTRONGILIDEOS E COM OS NEMAT\u00d3IDES DE VIDA LIVRE PANAGRELLUS SP\u201d<br \/>\nOrientador: Cl\u00f3vis de Paula Santos<br \/>\n__________________________________________________________<\/p>\n<p><strong>5- GUILHERME RODRIGUES RABELO<\/strong><br \/>\n<strong>Data<\/strong>: 20\/05\/2011<br \/>\n<strong>T\u00edtulo:<\/strong> \u201cASPECTOS ADAPTATIVOS ESTRUTURAIS E ECOFISIOL\u00d3GICOS DE DIFERENTES GRUPOS SUCESSIONAIS EM UMA MATA DE TABULEIROS\u201d<br \/>\n<strong>Orientador:<\/strong> Maura Da Cunha<br \/>\n__________________________________________________________<\/p>\n<p><strong>6-FL\u00c1VIA PAIVA DE FREITAS<\/strong><br \/>\n<strong>Data:<\/strong> 20\/07\/2011<br \/>\n<strong>T\u00edtulo:<\/strong> \u201cESTUDO DE V H+-ATPASE DE LARVAS DE AEDES AEGYPTI: EFEITO DE SUBST\u00c2NCIAS LARVICIDAS, REGULA\u00c7\u00c3O E LOCALIZA\u00c7\u00c3O\u201d<br \/>\n<strong>Orientador:<\/strong> Olga Lima Tavares Machado<br \/>\n__________________________________________________________<\/p>\n<p><strong>7-ANALIZ DE OLIVEIRA GAIO<\/strong><br \/>\n<strong>Data:<\/strong> 22\/07\/2011<br \/>\n<strong>T\u00edtulo:<\/strong> \u201cESTUDO DA MICROBIOTA INTESTINAL DE AEDES AEGYPTI E SUA CONTRIBUI\u00c7\u00c3O PARA A DIGEST\u00c3O DE SANGUE\u201d<br \/>\n<strong>Orientador:<\/strong> Paulo Filemon Paolucci Pimenta<br \/>\n__________________________________________________________<\/p>\n<p><strong>8-SUZANNA DE F\u00c1TIMA FERREIRA RIBEIRO<\/strong><br \/>\n<strong>Data:<\/strong> 27\/07\/2011<br \/>\n<strong>T\u00edtulo:<\/strong> \u201cCARACTERIZA\u00c7\u00c3O E ATIVIDADE ANTIF\u00daNGICA DAS PROTE\u00cdNAS CaTI E Ca-Alb DE SEMENTES DE PIMENTA (Capsicum annuum L.): POTENCIAL ANTIMICROBIANO SOBRE LEVEDURAS PATOG\u00caNICAS\u201d<br \/>\n<strong>Orientador<\/strong>: Valdirene Moreira Gomes<br \/>\n__________________________________________________________<\/p>\n<p><strong>9-INGA GON\u00c7ALVES DE AZEVEDO<\/strong><br \/>\n<strong>Data:<\/strong> 30\/08\/2011<br \/>\n<strong>T\u00edtulo:<\/strong> \u201cSISTEMAS PRIM\u00c1RIOS DE TRANSPORTE DE PR\u00d3TONS, REGULA\u00c7\u00c3O HORMONAL E AC\u00daMULO DE A\u00c7\u00daCARES DURANTE O DESENVOLVIMENTO DE FRUTOS\u201d<br \/>\n<strong>Orientador:<\/strong> Olga Lima Tavares Machado<br \/>\n__________________________________________________________<\/p>\n<p><strong>10-L\u00cdVIA MARINI PALMA<\/strong><br \/>\n<strong>Data:<\/strong>19\/10\/2011<br \/>\n<strong>T\u00edtulo:<\/strong> \u201cA TOXICIDADE DO ALUM\u00cdNIO ASSOCIADA AO ESTRESSE DO RET\u00cdCULO ENDOPLASM\u00c1TICO, DISFUN\u00c7\u00c3O DA HOMEOSTASE DE C\u00c1LCIO E DA MITOC\u00d4NDRIA EM Schizosaccharomyces pombe\u201d<br \/>\n<strong>Orientador:<\/strong> Anna Lvovna Okorokova-Fa\u00e7anha.<br \/>\n__________________________________________________________<\/p>\n<p><strong>11-MARI\u00c2NGELA DE SOUSA SANTOS DIZ<\/strong><br \/>\n<strong>Data<\/strong>: 18\/11\/2011<br \/>\n<strong>T\u00edtulo:<\/strong> \u201cCARACTERIZ\u00c7\u00c3O E PAPEL FISIOL\u00d3GICO DE PROTE\u00cdNAS TRANSPORTADORAS DE LIP\u00cdDEOS(LTPS) EM SEMENTES DE PIMENTA\u201d<br \/>\n<strong>Orientador:<\/strong> Valdirene Moreira Gomes<br \/>\n__________________________________________________________<\/p>\n","protected":false},"excerpt":{"rendered":"<p>TESE DE DOUTORADO 2011: 1- TARSILA MARIA DA SILVA MORAES Data: 25\/02\/2011 T\u00edtulo: \u201cCARACTERIZA\u00c7\u00c3O ANAT\u00d4MICA E MICROMORFOL\u00d3GICA DA FOLHA DE&#8230;<\/p>\n","protected":false},"author":25,"featured_media":0,"parent":1229,"menu_order":0,"comment_status":"closed","ping_status":"closed","template":"","meta":{"footnotes":""},"class_list":["post-1443","page","type-page","status-publish","hentry"],"_links":{"self":[{"href":"https:\/\/uenf.br\/posgraduacao\/biociencias-biotecnologia\/wp-json\/wp\/v2\/pages\/1443","targetHints":{"allow":["GET"]}}],"collection":[{"href":"https:\/\/uenf.br\/posgraduacao\/biociencias-biotecnologia\/wp-json\/wp\/v2\/pages"}],"about":[{"href":"https:\/\/uenf.br\/posgraduacao\/biociencias-biotecnologia\/wp-json\/wp\/v2\/types\/page"}],"author":[{"embeddable":true,"href":"https:\/\/uenf.br\/posgraduacao\/biociencias-biotecnologia\/wp-json\/wp\/v2\/users\/25"}],"replies":[{"embeddable":true,"href":"https:\/\/uenf.br\/posgraduacao\/biociencias-biotecnologia\/wp-json\/wp\/v2\/comments?post=1443"}],"version-history":[{"count":0,"href":"https:\/\/uenf.br\/posgraduacao\/biociencias-biotecnologia\/wp-json\/wp\/v2\/pages\/1443\/revisions"}],"up":[{"embeddable":true,"href":"https:\/\/uenf.br\/posgraduacao\/biociencias-biotecnologia\/wp-json\/wp\/v2\/pages\/1229"}],"wp:attachment":[{"href":"https:\/\/uenf.br\/posgraduacao\/biociencias-biotecnologia\/wp-json\/wp\/v2\/media?parent=1443"}],"curies":[{"name":"wp","href":"https:\/\/api.w.org\/{rel}","templated":true}]}}