{"id":1446,"date":"2020-08-04T14:12:20","date_gmt":"2020-08-04T17:12:20","guid":{"rendered":"http:\/\/uenf.br\/posgraduacao\/biociencias-biotecnologia\/?page_id=1446"},"modified":"2025-07-10T16:02:33","modified_gmt":"2025-07-10T19:02:33","slug":"ano-2010","status":"publish","type":"page","link":"https:\/\/uenf.br\/posgraduacao\/biociencias-biotecnologia\/teses-defendidas\/ano-2010\/","title":{"rendered":"Ano 2010"},"content":{"rendered":"<p><strong>TESE DE DOUTORADO 2010:<\/strong><\/p>\n<p><strong>1-EM\u00cdLIO DE CASTRO MIGUEL<\/strong><br \/>\n<strong>Data:<\/strong> 04\/02\/2010<br \/>\n<strong>T\u00edtulo:<\/strong> \u201cMECANISMOS DE DEFESA DE PLANTAS: ESTRUTURAS SECRETORAS, PAREDE CELULAR E PROCESSOS QUE ENVOLVEM A SECRE\u00c7\u00c3O\u201d<br \/>\n<strong>Orientador<\/strong>: Dr\u00aa Maura da Cunha (LBCT\/CBB)<br \/>\n<strong>Banca:<\/strong><br \/>\nDr\u00aa Helena Regina Pinto Lima (UFRRJ)<br \/>\nDr. Cl\u00e1udio Andr\u00e9s Retamal Martinez (LBCT\/CBB)<br \/>\nDr\u00aa Claudia Franca Barros (JBRJ)<br \/>\n__________________________________________________________<\/p>\n<p><strong>2-FLAVIA BORGES MURY<\/strong><br \/>\n<strong>Data:<\/strong> 23\/02\/2010<br \/>\n<strong>T\u00edtulo:<\/strong>\u201cALFA-GLUCOSIDASE E SEU PAPEL NA FORMA\u00c7\u00c3O DE HEMOZO\u00cdNA.\u201d<br \/>\n<strong>Orientador:<\/strong> Dr\u00aa Mar\u00edlvia Dansa de Alencar Petretski (LQFPP\/CBB)<br \/>\n<strong>Banca:<\/strong><br \/>\nDr. Jos\u00e9 Roberto da Silva \u2013UFRJ \u2013Co-orientador)<br \/>\nDr. Pedro Lagerblad de Oliveira (UFRJ)<br \/>\nDr. Mario Alberto Cardoso da Silva Neto (UFRJ)<br \/>\nDr. Francisco Jos\u00e9 Alves Lemos (LBT)<br \/>\n__________________________________________________________<\/p>\n<p><strong>3-DARLI GRATIVOL KELLER<\/strong><br \/>\n<strong>Data:<\/strong>10\/03\/2010<br \/>\n<strong>T\u00edtulo:<\/strong> \u201cCULTIVO AX\u00caNICO E MORFOLOGIA DE TRIPANOSOMAT\u00cdDEOS FLOEM\u00c1TICOS DE COCOS NUCIFERA L.;UMA TRAJET\u00d3RIA.\u201d<br \/>\n<strong>Orientador<\/strong>: Dr. Fl\u00e1vio Costa Miguens (LBCT\/CBB)<br \/>\n<strong>Banca:<\/strong><br \/>\nDr\u00aa Maura da Cunha \u2013 LBCT<br \/>\nDr. Wanderley de Souza \u2013 UFRJ<br \/>\nDr\u00aa Marcia Attias \u2013 UFRJ<br \/>\n__________________________________________________________<\/p>\n<p><strong>4-JOSEPH ALBERT MEDEIROS EVARISTO<\/strong><br \/>\n<strong>Data:<\/strong> 11\/03\/2010<br \/>\n<strong>T\u00edtulo:<\/strong> \u201cABORDAGEM PROTEOMICA DE GLUCONACETOBACTER DIAZOTROPHICUS E CARACTERIZA\u00c7\u00c3O ESTRUTUAL E FUNCIONAL DA GLICOPROTE\u00cdNA MAJORIT\u00c1RIA DA MEMBRANA EXTERNA\u201d<br \/>\n<strong>Orientador:<\/strong> Dr. F\u00e1bio Lopes Olivares (LBCT\/CBB) \/ Dr. Elias Walter Alves (LQFPP\/CBB)<br \/>\n<strong>Banca:<\/strong><br \/>\nDr. Renato Augusto DaMatta (LBCT\/CBB)<br \/>\nDr. Gon\u00e7alo Apolin\u00e1rio de Souza Filho (LBT\/CBB)<br \/>\nDr. Jean Luiz Sim\u00f5es de Araujo (EMBRAPA)<br \/>\n__________________________________________________________<\/p>\n<p><strong>5-WAGNER DE OLIVEIRA VITAL<\/strong><br \/>\n<strong>Data:<\/strong> 25\/03\/2010<br \/>\n<strong>T\u00edtulo:<\/strong> \u201cCONTROLE DO METABOLISMO DE GLICOSE DURANTE A FORMA\u00c7\u00c3O DOS EMBRI\u00d5ES DO MOSQUITO AEDES AEGYPTI (DIPTERA: CULICIDAE)\u201d<br \/>\n<strong>Orientador:<\/strong> Dr. Carlos Jorge Logullo de Oliveira (LQFPP\/CBB)<br \/>\n<strong>Banca:<\/strong><br \/>\nDr. Richard Ian Samuels (CCTA)<br \/>\nDr. Francisco Jos\u00e9 Alves Lemos (LBT\/CBB)<br \/>\nDr\u00aa Helena Maria Marcolla Araujo (ICB\/UFRJ)<br \/>\n__________________________________________________________<\/p>\n<p><strong>6-ANA CRISTINA DIAS MACHADO LUSTOZA<\/strong><br \/>\n<strong>Data<\/strong>: 23\/07\/2010<br \/>\n<strong>T\u00edtulo:<\/strong> \u201cCTA 4 ATPASE E CALCINEURINA REGULAM COORDENADAMENTE A FUN\u00c7\u00c3O DO RET\u00cdCULO ENDOPLASM\u00c1TICO E AHOMEOSTASE DE CA2+ EM LEVEDURA DE FISS\u00c3O\u201d<br \/>\n<strong>Orientador:<\/strong> Dr. Anna L. Okorokova Fa\u00e7anha (LFBM\/CBB -orientadora)<br \/>\n<strong>Banca:<\/strong><br \/>\nDr. Andr\u00e9 de Oliveira Carvalho (LFBM\/CBB)<br \/>\nDr. Victor Haber Perez (LTA\/CCTA)<br \/>\nDr\u00aa Solange Silva Samar\u00e3o (FAETEC)<br \/>\n__________________________________________________________<\/p>\n<p><strong>7-CAMILA CRUZ RIBEIRO<\/strong><br \/>\n<strong>Data:<\/strong> 30\/07\/2010<br \/>\nT\u00edtulo: \u201cNOVA VIS\u00c3O SOBRE A REGULA\u00c7\u00c3O E AS PROPRIEDADES DOS TRANSPORTADORES DE H+ E CA2+ NA LEVEDURA SACCHAROMYCES CEREVISIAE\u201d.<br \/>\nOrientador: Dr. Lev Alexandrovitch Okorokov (LFBM\/CBB)<br \/>\nBanca:<br \/>\nDr. Carlos Eduardo de Souza Teodoro (UFF)<br \/>\nDr. Arnoldo Rocha Fa\u00e7anha (LBCT\/CBB)<br \/>\nDr. Alessandro Coutinho Ramos (UVV)<br \/>\n__________________________________________________________<\/p>\n<p><strong>8-HELGA FERNANDES GOMES<\/strong><br \/>\n<strong>Data:<\/strong> 03\/09\/2010<br \/>\n<strong>T\u00edtulo:<\/strong> \u201cINFLU\u00caNCIA DA VIA DE SINALIZA\u00c7\u00c3O POR INSULINA NA MATURA\u00c7\u00c3O E DESENVOLVIMENTO EMBRION\u00c1RIO INICIAL EM BOVINOS\u201d<br \/>\n<strong>Orientador:<\/strong> Dr. Carlos Jorge Logullo de Oliveira (LQFPP\/CBB-orientador)<br \/>\n<strong>Banca:<\/strong><br \/>\nDr. \u00c2ngelo Jos\u00e9 Burla Dias (CCTA- Co-orientador)<br \/>\nDr. Jos\u00e9 Garcia R. A. J\u00fanior (UFRJ)<br \/>\nDr. Alvaro Fabricio Lopes Rios (LBT\/CBB)<br \/>\nDr. Reginaldo da Silva Fontes (CCTA)<br \/>\n__________________________________________________________<\/p>\n<p><strong>9-THIAGO FREITAS DE SOUZA<\/strong><br \/>\n<strong>Data:<\/strong> 09\/12\/2010<br \/>\n<strong>T\u00edtulo:<\/strong> \u201cESTUDO DO ENVOLVIMENTO DE PROTE\u00cdNAS FOSFATASES E MAP QUINASES NA RESPOSTA \u00c0 INJ\u00daRIA MEC\u00c2NICA EM PLANTAS DE RICINUS COMMUNIS\u201d<br \/>\n<strong>Orientador:<\/strong> Dr\u00aa Olga Lima Tavares Machado (LQFPP\/CBB)<br \/>\n<strong>Banca:<\/strong><br \/>\nDr. Jos\u00e9 Roberto da SIlva (UFRJ\/Maca\u00e9)<br \/>\nDr. Vanildo Silveira (LBT\/CBB)<br \/>\nDr\u00aa Claudete Santa-Catarina (LBCT\/CBB)<br \/>\n__________________________________________________________<\/p>\n","protected":false},"excerpt":{"rendered":"<p>TESE DE DOUTORADO 2010: 1-EM\u00cdLIO DE CASTRO MIGUEL Data: 04\/02\/2010 T\u00edtulo: \u201cMECANISMOS DE DEFESA DE PLANTAS: ESTRUTURAS SECRETORAS, PAREDE CELULAR&#8230;<\/p>\n","protected":false},"author":25,"featured_media":0,"parent":1229,"menu_order":0,"comment_status":"closed","ping_status":"closed","template":"","meta":{"footnotes":""},"class_list":["post-1446","page","type-page","status-publish","hentry"],"_links":{"self":[{"href":"https:\/\/uenf.br\/posgraduacao\/biociencias-biotecnologia\/wp-json\/wp\/v2\/pages\/1446","targetHints":{"allow":["GET"]}}],"collection":[{"href":"https:\/\/uenf.br\/posgraduacao\/biociencias-biotecnologia\/wp-json\/wp\/v2\/pages"}],"about":[{"href":"https:\/\/uenf.br\/posgraduacao\/biociencias-biotecnologia\/wp-json\/wp\/v2\/types\/page"}],"author":[{"embeddable":true,"href":"https:\/\/uenf.br\/posgraduacao\/biociencias-biotecnologia\/wp-json\/wp\/v2\/users\/25"}],"replies":[{"embeddable":true,"href":"https:\/\/uenf.br\/posgraduacao\/biociencias-biotecnologia\/wp-json\/wp\/v2\/comments?post=1446"}],"version-history":[{"count":0,"href":"https:\/\/uenf.br\/posgraduacao\/biociencias-biotecnologia\/wp-json\/wp\/v2\/pages\/1446\/revisions"}],"up":[{"embeddable":true,"href":"https:\/\/uenf.br\/posgraduacao\/biociencias-biotecnologia\/wp-json\/wp\/v2\/pages\/1229"}],"wp:attachment":[{"href":"https:\/\/uenf.br\/posgraduacao\/biociencias-biotecnologia\/wp-json\/wp\/v2\/media?parent=1446"}],"curies":[{"name":"wp","href":"https:\/\/api.w.org\/{rel}","templated":true}]}}