{"id":1449,"date":"2020-08-04T14:12:47","date_gmt":"2020-08-04T17:12:47","guid":{"rendered":"http:\/\/uenf.br\/posgraduacao\/biociencias-biotecnologia\/?page_id=1449"},"modified":"2025-07-10T15:50:28","modified_gmt":"2025-07-10T18:50:28","slug":"ano-2009","status":"publish","type":"page","link":"https:\/\/uenf.br\/posgraduacao\/biociencias-biotecnologia\/teses-defendidas\/ano-2009\/","title":{"rendered":"Ano 2009"},"content":{"rendered":"<p><strong>TESE DE DOUTORADO 2009:<\/strong><\/p>\n<p><strong>1-FL\u00c1VIA EMENEGILDA DA SILVA<\/strong><br \/>\n<strong>Data:<\/strong> 13\/03\/2009<br \/>\n<strong>T\u00edtulo:<\/strong> \u201cHOMEOSTASE DE Ca2+ E H+ EM LEVEDURA SACCHAROMYCES CEREVISIAE: ESTRESSE POR ALTASCONCENTRA\u00c7\u00d5ES DE Ca2+ E O PAPEL DE CALCINEURINA.\u201d<br \/>\n<strong>Orientador:<\/strong> Prof. lev A.Okorokov (LFBM\/CBB)<br \/>\n<strong>Banca:<\/strong><br \/>\nDr. Lev A. Okorokov (LFBM\/CBB) \u2013 Orientador<br \/>\nDr. Alessandro Coutinho Ramos (UVV)<br \/>\nDr\u00aa Anna L. Okorokova Fa\u00e7anha (LFBM\/CBB)<br \/>\nDr\u00aa V\u00e2nia Margaret F. Paschoalin (UFRJ)<br \/>\n_______________________________________________________________<\/p>\n<p><strong>2-VIVIANE VEIGA DO NASCIMENTO<\/strong><br \/>\n<strong>Data:<\/strong> 23\/03\/2009<br \/>\n<strong>T\u00edtulo:<\/strong> \u201cCARACTERIZA\u00c7\u00c3O DE ALBUMINAS 2S DE RICINUS COMMUNIS L. COMO INIBIDORES DE A-AMILASE E RELA\u00c7\u00c3O ESTRUTURA-ATIVIDADE DE SUAS PRINCIPAIS ISOFORMAS, RIC C 1 E RIC C 3.\u201d<br \/>\n<strong>Orientador:<\/strong> Prof\u00aa Olga Lima Tavares Machado (LQFPP\/CBB)<br \/>\n<strong>Banca:<\/strong><br \/>\nDr\u00aa Olga Lima Tavares Machado (LQFPP\/CBB) \u2013 Orientadora<br \/>\nDr. Carlos Maur\u00edcio Rabello de Sant\u2019Anna (UFRRJ)<br \/>\nDr\u00aa Valdirene Moreira Gomes (LFBM\/CBB)<br \/>\nDr. Elias Walter Alves (UFF)<br \/>\n_______________________________________________________________<\/p>\n<p><strong>3-LEONARDO ARA\u00daJO DE ABREU<\/strong><br \/>\n<strong>Data:<\/strong> 29\/05\/2009<br \/>\n<strong>T\u00edtulo:<\/strong> \u201cSINALIZA\u00c7\u00c3O POR INSULINA EM C\u00c9LULAS EMBRION\u00c1RIAS DO CARRAPATO BOVINO Rhipicephalus (Boophilus) microplus (CANESTRINI, 1887).\u201d<br \/>\n<strong>Orientador:<\/strong> Prof. Carlos Jorge Logullo de Oliveira (LQFPP\/CBB)<br \/>\n<strong>Banca:<\/strong><br \/>\nDr. Carlos Jorge Logullo de Oliveira (LQFPP\/CBB) \u2013 Orientador<br \/>\nDr\u00aa Elena Lassounskaia (LBR\/CBB)<br \/>\nDr. Arnoldo Rocha Fa\u00e7anha (LBCT\/CBB)<br \/>\nDr\u00aa Clarissa Menezes Maya Monteiro (FIOCRUZ)<br \/>\n_______________________________________________________________<\/p>\n<p><strong>4-IZABELA SILVA DOS SANTOS<\/strong><br \/>\n<strong>Data:<\/strong>04\/08\/2009<br \/>\n<strong>T\u00edtulo:<\/strong> \u201cDEFENSINAS DE SEMENTES DE FEIJ\u00c3O: PURIFICA\u00c7\u00c3O, CLONAGEM MOLECULAR, EXPRESS\u00c3O FUNCIONAL E ATIVIDADE BIOL\u00d3GICA.\u201d<br \/>\n<strong>Orientador:<\/strong> Prof\u00aa Valdirene Moreira Gomes (LFBM\/CBB)\/ Prof. Andr\u00e9 de Oliveira Carvalho (LFBM\/CBB)<br \/>\n<strong>Banca:<\/strong><br \/>\nDr\u00aa Ilka Maria Vasconcelos (UFC)<br \/>\nDr. Jos\u00e9 Roberto da Silva (UFRJ)<br \/>\nDr\u00aa Claudete Santa Catarina (LBCT\/CBB)<br \/>\n_______________________________________________________________<\/p>\n<p><strong>5-CRISTIANE DE SOUZA CARVALHO<\/strong><br \/>\n<strong>Data:<\/strong> 29\/10\/2009<br \/>\n<strong>T\u00edtulo:<\/strong> \u201cAspectos celulares da a\u00e7\u00e3o anti-Toxoplasma gondii de compostos que interrompem o ciclo celular de taquizo\u00edtos e o papel do n\u00facleo da c\u00e9lula hospedeira na infec\u00e7\u00e3o\u201d<br \/>\n<strong>Orientador:<\/strong>Dr. Ed\u00e9sio Jos\u00e9 Ten\u00f3rio de Melo (LBCT\/CBB -orientador) \/ Dr. Michel Pinkus Rabinovitch (Universidade Federal de S\u00e3o Paulo)<br \/>\n<strong>Banca:<\/strong><br \/>\nDr. Cl\u00e1udio Vieira da Silva (Universidade Federal de Uberl\u00e2ndia)<br \/>\nDr\u00aa Andrea Cristina Vet\u00f6 Arnholdt (LBR\/CBB\/UENF)<br \/>\nDr\u00aa Antonia Elenir Amancio de Oliveira (LQFPP\/CBB\/UENF)<br \/>\n_______________________________________________________________<br \/>\n<strong>6-DANIELE SEIPEL DA SILVA<\/strong><br \/>\n<strong>Data:<\/strong> 30\/10\/2009<br \/>\n<strong>T\u00edtulo<\/strong>: \u201cEXPRESS\u00c3O E METALOPROTEINASES DE MATRIZ EXTRACELULAR E UTILIZA\u00c7\u00c3O DO COMPLEXO DE MIGRA\u00c7\u00c3O DA C\u00c9LULA HOSPEDEIRA EM MACR\u00d3FAGOS INFECTADOS COM TOXOPLASMA GONDII\u201d<br \/>\n<strong>Orientador:<\/strong> Dr\u00aa Andrea Cristina Vet\u00f6 Arnholdt (LBR\/CBB\/UENF \u2013 Orientadora)<br \/>\n<strong>Banca:<\/strong><br \/>\nDr. Ed\u00e9sio Jos\u00e9 Ten\u00f3rio de Melo (LBCT\/CBB\/UENF)<br \/>\nDr. Milton Masahiko Kanashiro (LBR\/CBB\/UENF)<br \/>\nDr\u00aa Annelise Wilken de Abreu (Faculdade de Medicina de Campos)<br \/>\n_______________________________________________________________<br \/>\n<strong>7-BRUNO DE CASTRO JARDIM <\/strong><br \/>\n<strong>Data:<\/strong> 30\/11\/2009<br \/>\n<strong>T\u00edtulo:<\/strong> \u201cAN\u00c1LISE DA INDU\u00c7\u00c3O DE LIPOXIGENASE DE MARACUJ\u00c1 (PASSIFLORA EDULIS SIMS) AP\u00d3S O USO DE METIL JASMONATO, FERIMENTO MEC\u00c2NICO E HERBIVORIA\u201d<br \/>\n<strong>Orientador:<\/strong> Tania Jacinto Freitas Da Silva<br \/>\n<strong>Banca:<\/strong><br \/>\nJose Roberto Da Silva<br \/>\nFrancisco Jose Alves Lemos<br \/>\nBeatriz Dos Santos Ferreira<br \/>\n__________________________________________________________<\/p>\n<p><strong>8-DANIEL BAS\u00cdLIO ZANDONADI<\/strong><br \/>\n<strong>Data:<\/strong> 07\/12\/2009<br \/>\n<strong>T\u00edtulo:<\/strong> \u201cMODULA\u00c7\u00c3O DE BOMBAS DE H+ POR \u00c1CIDOS H\u00daMICOS E FITOHORM\u00d4NIOS: ENERGIZA\u00c7\u00c3O E SINALIZA\u00c7\u00c3O DOS MECANISMOS DE REGULA\u00c7\u00c3O DO DESENVOLVIMENTO RADICULAR EM PLANTAS MUTANTES EM VIAS HORMONAIS.\u201d<br \/>\n<strong>Orientador:<\/strong> Dr. Arnoldo Rocha Fa\u00e7anha (LBCT\/CBB\/UENF \u2013 Orientador)<br \/>\n<strong>Banca:<\/strong><br \/>\nDr. Leonardo de Oliveira M\u00e9dici (UFRRJ)<br \/>\nDr. M\u00e1rcio Alves Ferreira (UFRJ)<br \/>\nDr\u00aa Anna L. Okorokova Fa\u00e7anha (LFBM\/CBB\/UENF)<br \/>\n_______________________________________________________________<\/p>\n<p>&nbsp;<\/p>\n","protected":false},"excerpt":{"rendered":"<p>TESE DE DOUTORADO 2009: 1-FL\u00c1VIA EMENEGILDA DA SILVA Data: 13\/03\/2009 T\u00edtulo: \u201cHOMEOSTASE DE Ca2+ E H+ EM LEVEDURA SACCHAROMYCES CEREVISIAE:&#8230;<\/p>\n","protected":false},"author":25,"featured_media":0,"parent":1229,"menu_order":0,"comment_status":"closed","ping_status":"closed","template":"","meta":{"footnotes":""},"class_list":["post-1449","page","type-page","status-publish","hentry"],"_links":{"self":[{"href":"https:\/\/uenf.br\/posgraduacao\/biociencias-biotecnologia\/wp-json\/wp\/v2\/pages\/1449","targetHints":{"allow":["GET"]}}],"collection":[{"href":"https:\/\/uenf.br\/posgraduacao\/biociencias-biotecnologia\/wp-json\/wp\/v2\/pages"}],"about":[{"href":"https:\/\/uenf.br\/posgraduacao\/biociencias-biotecnologia\/wp-json\/wp\/v2\/types\/page"}],"author":[{"embeddable":true,"href":"https:\/\/uenf.br\/posgraduacao\/biociencias-biotecnologia\/wp-json\/wp\/v2\/users\/25"}],"replies":[{"embeddable":true,"href":"https:\/\/uenf.br\/posgraduacao\/biociencias-biotecnologia\/wp-json\/wp\/v2\/comments?post=1449"}],"version-history":[{"count":0,"href":"https:\/\/uenf.br\/posgraduacao\/biociencias-biotecnologia\/wp-json\/wp\/v2\/pages\/1449\/revisions"}],"up":[{"embeddable":true,"href":"https:\/\/uenf.br\/posgraduacao\/biociencias-biotecnologia\/wp-json\/wp\/v2\/pages\/1229"}],"wp:attachment":[{"href":"https:\/\/uenf.br\/posgraduacao\/biociencias-biotecnologia\/wp-json\/wp\/v2\/media?parent=1449"}],"curies":[{"name":"wp","href":"https:\/\/api.w.org\/{rel}","templated":true}]}}