{"id":1452,"date":"2020-08-04T14:13:14","date_gmt":"2020-08-04T17:13:14","guid":{"rendered":"http:\/\/uenf.br\/posgraduacao\/biociencias-biotecnologia\/?page_id=1452"},"modified":"2025-07-10T15:41:54","modified_gmt":"2025-07-10T18:41:54","slug":"ano-2008","status":"publish","type":"page","link":"https:\/\/uenf.br\/posgraduacao\/biociencias-biotecnologia\/teses-defendidas\/ano-2008\/","title":{"rendered":"Ano 2008"},"content":{"rendered":"<p><strong>TESE DE DOUTORADO 2008:<\/strong><\/p>\n<p><strong>1-MICHELLE GUEDES CATUNDA<\/strong><br \/>\n<strong>Data:<\/strong> 22\/01\/2008<br \/>\n<strong>T\u00edtulo:<\/strong> \u201cCARACTERIZA\u00c7\u00c3O DAS BOMBAS DE PR\u00d3TONS VACUOLARES E SEU PAPEL NAS RESPOSTAS ADAPTATIVAS DE PLANTAS AO ESTRESSE H\u00cdDRICO) \u201d<br \/>\n<strong>Orientador:<\/strong> Prof. Arnoldo Rocha Fa\u00e7anha (LBCT\/CBB)<br \/>\n<strong>Banca:<\/strong><br \/>\nDr\u00aa \u00c2ngela Pierre Vit\u00f3ria (LCA\/CBB)<br \/>\nDr. Silv\u00e9rio de Paiva Freitas (LFIT\/CCTA)<br \/>\nDr. Carlos Eduardo de Souza Teodoro (UFF)<br \/>\n__________________________________________________________<\/p>\n<p><strong>2-BEATRIZ DOS SANTOS FERREIRA<\/strong><br \/>\n<strong>Data:<\/strong> 31\/01\/2008<br \/>\n<strong>T\u00edtulo:<\/strong> \u201cEXPRESS\u00c3O DIFERENCIAL DE GENES ENVOLVIDOS NA RESPOSTA AO ESTRESSE SALINO EM CANA-DE-A\u00c7\u00daCAR (SACCHARUM SP.) E ARROZ (ORYZA SATIVA) \u201d<br \/>\n<strong>Orientador<\/strong>: Prof. Gon\u00e7alo Apolin\u00e1rio de Souza Filho (LBT\/CBB)<br \/>\n<strong>Banca:<\/strong><br \/>\nDr\u00aa Valdirene Moreira Gomes (LFBM\/CBB)<br \/>\nDr. Vanildo Silveira (LBT\/CBB)<br \/>\nDr. M\u00e1rcio Alves Ferreira (UFRJ)<br \/>\n__________________________________________________________<\/p>\n<p><strong>3-C\u00cdNTIA NEVES BARRETO CARNEIRO<\/strong><br \/>\n<strong>Data:<\/strong> 14\/03\/2008<br \/>\n<strong>T\u00edtulo:<\/strong> \u201cESTUDO SOBRE INTERA\u00c7\u00c3O DA BACT\u00c9RIA PHOTORHABDUS TEMPERATA K122 COM INSETOS MODELO\u201d<br \/>\n<strong>Orientador:<\/strong> Prof. Carlos Peres Silva (LQFPP\/CBB)<br \/>\n<strong>Banca:<\/strong><br \/>\nDr. Richard Ian Samuels (LEF\/CCTA co-orientador)<br \/>\nDr. Francisco Jos\u00e9 Alves Lemos (LBT\/CBB)<br \/>\nDr. Milton Erthal J\u00fanior (FAETEC)<br \/>\nDr. Renato Augusto DaMatta (LBCT\/CBB)<br \/>\n__________________________________________________________<\/p>\n<p><strong>4-ERINEUDO DE LIMA CANUTO<\/strong><br \/>\n<strong>Data:<\/strong>18\/03\/2008<br \/>\n<strong>T\u00edtulo:<\/strong> \u201cAVALIA\u00c7\u00c3O DE METODOLOGIAS DE INOCULA\u00c7\u00c3O E PROSPEC\u00c7\u00c3O DE COMPOSTOS SECRETADOS POR BACT\u00c9RIAS DIAZOTR\u00d3FICAS ENDOF\u00cdTICAS NA PROMO\u00c7\u00c3O DE CRESCIMENTO DE PLANTAS DE CANA-DE-A\u00c7\u00daCAR\u201d<br \/>\n<strong>Orientador:<\/strong> Prof. F\u00e1bio Lopes Olivares (LBCT\/CBB)<br \/>\n<strong>Banca:<\/strong><br \/>\nDr\u00aa Rosana Rodrigues (LMGV\/CCTA)<br \/>\nDr\u00aa Ver\u00f4nica Massena Reis (EMBRAPA)<br \/>\nDr\u00aa L\u00facia Helena Boddey (LBCT\/CBB)<br \/>\n__________________________________________________________<\/p>\n<p><strong>5-M\u00c1RCIO DOS SANTOS TEIXEIRA PINTO<\/strong><br \/>\n<strong>Data:<\/strong> 09\/04\/2008<br \/>\n<strong>T\u00edtulo:<\/strong> \u201cCARACTERIZA\u00c7\u00c3O DAS RESPOSTAS DE DEFESA LOCAL E SIST\u00caMICA, INDUZIDAS POR LES\u00c3O MEC\u00c2NICA EM PL\u00c2NTULAS DE FEIJ\u00c3O-DE-CORDA (VIGNA UNGUICULATA L. WALP.)\u201d<br \/>\n<strong>Orientador:<\/strong> Prof\u00aa K\u00e1tia Valevski Sales Fernandes (LQFPP\/CBB)<br \/>\n<strong>Banca:<\/strong><br \/>\nDr\u00aa Olga Lima Tavares Machado (LQFPP\/CBB)<br \/>\nDr\u00aa Valdirene Moreira Gomes (LFBM\/CBB)<br \/>\nDr. C\u00e9sar Luis Siqueira J\u00fanior (CEFET\/Campos)<br \/>\n__________________________________________________________<\/p>\n<p><strong>6-TATIANA DE FELICE ELIAS<\/strong><br \/>\n<strong>Data:<\/strong> 16\/04\/2008<br \/>\n<strong>T\u00edtulo:<\/strong> \u201cEFEITO DE EST\u00cdMULOS F\u00cdSICOS SOBRE A ATIVIDADE DAS BOMBAS DE PR\u00d3TONS DE C\u00c9LULAS VEGETAIS E SUA PARTICIPA\u00c7\u00c3O NAS RESPOSTAS MORFO\u00caNICAS\u201d<br \/>\n<strong>Orientador:<\/strong> Prof. Arnoldo Rocha Fa\u00e7anha (LBCT\/CBB)<br \/>\n<strong>Banca:<\/strong><br \/>\nDr. Ricardo Enrique bressan-Smith (co-orientador LMGV\/CCTA)<br \/>\nDr\u00aa Claudete Santa Catarina (LBCT\/CBB)<br \/>\nDr\u00aa Solange Silva Samar\u00e3o (FAETEC \u2013 ISTCA)<br \/>\nDr. Marcelo Gomes da Silva (LCFIS\/CCT)<br \/>\n__________________________________________________________<\/p>\n<p><strong>7-ELDO CAMPOS<\/strong><br \/>\n<strong>Data:<\/strong> 25\/07\/2008<br \/>\n<strong>T\u00edtulo:<\/strong> \u201cMODULA\u00c7\u00c3O DIFERENCIAL DE EXOPOLIFOSFATASES NO METABOLISMO NUCLEAR E MITOCONDRIAL DURANTE A EMBRIOG\u00caNESE DO CARRAPATO RIPHICEPHALUS (BOOPHILUS) MICROPLUS\u201d<br \/>\n<strong>Orientador<\/strong>: Dr. Carlos Jorge Logullo de Oliveira (LQFPP)<br \/>\n<strong>Banca:<\/strong><br \/>\nProf. Carlos Jorge L. de Oliveira (LQFPP\/CBB\/UENF\u2013Orientador)<br \/>\nProf\u00aa Mar\u00edlvia D. de A. Petretski (LQFPP\/CBB\/UENF)<br \/>\nProf. J\u00falio Alberto Mignaco (UFRJ)<br \/>\nProf. Lev A. Okorokov (LFBM\/CBB\/UENF)<br \/>\n__________________________________________________________<\/p>\n<p><strong>8-ALBA LUC\u00cdNIA PEIXOTO RANGEL<\/strong><br \/>\n<strong>Data:<\/strong> 26\/09\/2008<br \/>\n<strong>T\u00edtulo:<\/strong> \u201cINVESTIGA\u00c7\u00c3O DE FATORES IMUNOGEN\u00c9TICOS ASSOCIADOS \u00c0 MANIFESTA\u00c7\u00c3O DE RETINOCOROIDITES TOXOPL\u00c1SMICAS EM \u00c1REA ALTAMENTE END\u00caMICA PARA TOXOPLASMOSE\u201d<br \/>\n<strong>Orientador:<\/strong> Prof\u00aa L\u00edlian Maria G. Bahia de Oliveira (LBR\/CBB\/UENF\u2013 Presidente)<br \/>\n<strong>Banca:<\/strong><br \/>\nProf\u00aa Elena Lassounskaia (LBR\/CBB\/UENF)<br \/>\nProf. Andr\u00e9 Lacerda de A. Oliveira (CCTA\/UENF)<br \/>\nProf. Adalberto Rezende Santos (IOC-FIOCRUZ)<br \/>\n__________________________________________________________<\/p>\n<p><strong>9-ALAN TRINDADE BRANCO<\/strong><br \/>\n<strong>Data:<\/strong> 03\/11\/2009<br \/>\n<strong>T\u00edtulo:<\/strong> \u201cEXPRESS\u00c3O DE GENES DE RESPOSTA A ESTRESSES AMBIENTAIS EM MUTANTES DEFECTIVOS DE MILHO E ARABIDOPSIS \u201d<br \/>\n<strong>Orientador:<\/strong> Prof. Gon\u00e7alo Apolin\u00e1rio de Souza Filho (LBT\/CBB \u2013 Orientador)<br \/>\n<strong>Banca:<\/strong><br \/>\nProf. Vanildo Silveira (LBT\/CBB \u2013 Co-orientador)<br \/>\nProf. Arnoldo Rocha Fa\u00e7anha (LBCT\/CBB)<br \/>\nProf. Victor Martin Quintana Flores (LBT\/CBB)<br \/>\nProf\u00aa Laura Jane Moreira Santiago (UNIRIO)<br \/>\n__________________________________________________________<\/p>\n<p><strong>10-SAMUEL TAVARES DOS SANTOS<\/strong><br \/>\n<strong>Data:<\/strong> 12\/12\/2008<br \/>\n<strong>T\u00edtulo:<\/strong> \u201cBIOGEOGRAFIA DE BACT\u00c9RIAS CULTUR\u00c1VEIS ASSOCIADAS \u00c0 FRUTEIRAS TROPICAIS\u201d<br \/>\n<strong>Orientador:<\/strong> Dr. F\u00e1bio Lopes Olivares (LBCT\/CBB\/UENF \u2013 Presidente)<br \/>\n<strong>Banca:<\/strong><br \/>\nDr\u00aa Adriane Nunes de Souza (LBT\/CBB\/UENF)<br \/>\nDr. Jos\u00e9 Ivo Baldani (EMBRAPA-CNPAB)<br \/>\nDr. Jean Luiz Sim\u00f5es de Ara\u00fajo (EMBRAPA-CNPAB)<br \/>\n__________________________________________________________<\/p>\n<p>&nbsp;<\/p>\n","protected":false},"excerpt":{"rendered":"<p>TESE DE DOUTORADO 2008: 1-MICHELLE GUEDES CATUNDA Data: 22\/01\/2008 T\u00edtulo: \u201cCARACTERIZA\u00c7\u00c3O DAS BOMBAS DE PR\u00d3TONS VACUOLARES E SEU PAPEL NAS&#8230;<\/p>\n","protected":false},"author":25,"featured_media":0,"parent":1229,"menu_order":0,"comment_status":"closed","ping_status":"closed","template":"","meta":{"footnotes":""},"class_list":["post-1452","page","type-page","status-publish","hentry"],"_links":{"self":[{"href":"https:\/\/uenf.br\/posgraduacao\/biociencias-biotecnologia\/wp-json\/wp\/v2\/pages\/1452","targetHints":{"allow":["GET"]}}],"collection":[{"href":"https:\/\/uenf.br\/posgraduacao\/biociencias-biotecnologia\/wp-json\/wp\/v2\/pages"}],"about":[{"href":"https:\/\/uenf.br\/posgraduacao\/biociencias-biotecnologia\/wp-json\/wp\/v2\/types\/page"}],"author":[{"embeddable":true,"href":"https:\/\/uenf.br\/posgraduacao\/biociencias-biotecnologia\/wp-json\/wp\/v2\/users\/25"}],"replies":[{"embeddable":true,"href":"https:\/\/uenf.br\/posgraduacao\/biociencias-biotecnologia\/wp-json\/wp\/v2\/comments?post=1452"}],"version-history":[{"count":0,"href":"https:\/\/uenf.br\/posgraduacao\/biociencias-biotecnologia\/wp-json\/wp\/v2\/pages\/1452\/revisions"}],"up":[{"embeddable":true,"href":"https:\/\/uenf.br\/posgraduacao\/biociencias-biotecnologia\/wp-json\/wp\/v2\/pages\/1229"}],"wp:attachment":[{"href":"https:\/\/uenf.br\/posgraduacao\/biociencias-biotecnologia\/wp-json\/wp\/v2\/media?parent=1452"}],"curies":[{"name":"wp","href":"https:\/\/api.w.org\/{rel}","templated":true}]}}