{"id":1455,"date":"2020-08-04T14:13:33","date_gmt":"2020-08-04T17:13:33","guid":{"rendered":"http:\/\/uenf.br\/posgraduacao\/biociencias-biotecnologia\/?page_id=1455"},"modified":"2025-07-10T15:37:26","modified_gmt":"2025-07-10T18:37:26","slug":"ano-2007","status":"publish","type":"page","link":"https:\/\/uenf.br\/posgraduacao\/biociencias-biotecnologia\/teses-defendidas\/ano-2007\/","title":{"rendered":"Ano 2007"},"content":{"rendered":"<p><strong>TESE DE DOUTORADO 2007:<\/strong><br \/>\n<strong>1-JORGE LUIZ DA CUNHA MORAES<\/strong><br \/>\n<strong>Data:<\/strong> 30\/03\/2007<br \/>\n<strong>T\u00edtulo:<\/strong> \u201cEMBRIOG\u00caNESE DO CARRAPATO BOVINO RHIPICEPHALUS (BOOPHILUS) MICROPLUS: UMA VIS\u00c3O INTEGRADA DO METABOLISMO ENERG\u00c9TICO E CARACTERIZA\u00c7\u00c3O DE UMA TRIOSE FOSFATO ISOMERASE\u201d.<br \/>\n<strong>Orientador:<\/strong> Prof. Carlos Jorge Logullo de Oliveira (LQFPP\/CBB)<br \/>\n<strong>Banca:<\/strong><br \/>\nProf\u00aa Mar\u00edlvia Dansa de Alencar Petretski (CBB\/UENF)<br \/>\nProf. Mauro Sola-Penna (UFRJ)<br \/>\nProf\u00aa Aparecida Sadae Tanaka (UNIFESP)<br \/>\n__________________________________________________________<br \/>\n<strong>2-MARIANA NOVO NUNES CAMPOS<\/strong><br \/>\n<strong>Data:<\/strong> 29\/06\/2007<br \/>\n<strong>T\u00edtulo:<\/strong> \u201cMECANISMOS DE MODULA\u00c7\u00c3O DA MORTE CELULAR PROGRAMADA E DA ATIVA\u00c7\u00c3O FUNCIONAL DOS MACR\u00d3FAGOS POR MICOBACT\u00c9RIAS VIRULENTAS E AVIRULENTAS\u201d<br \/>\n<strong>Orientador:<\/strong> Prof\u00aa Elena Lassounskaia (LBR\/CBB\/UENF)<br \/>\n<strong>Banca:<\/strong><br \/>\nProf\u00aa Andrea Cristina V.Arnholdt (LBR\/CBB\/UENF)<br \/>\nProf\u00aa Valdirene Moreira Gomes (LFBM\/CBB\/UENF)<br \/>\nProf. Afr\u00e2nio Lineu Kritski (UFRJ)<br \/>\n__________________________________________________________<br \/>\n<strong>3-MARCO ANTONIO LOPES CRUZ<\/strong><br \/>\n<strong>Data:<\/strong> 30\/07\/2007<br \/>\n<strong>T\u00edtulo:<\/strong> \u201cCLONAGEM MOLECULAR DE SEQ\u00dc\u00caNCIAS G\u00caNICAS RELACIONADAS A CICLO CELULAR EM CULTURAS DE C\u00c9LULAS E RA\u00cdZES DE ESP\u00c9CIES DE LEGUMINOSAS.\u201d<br \/>\n<strong>Orientador:<\/strong> Prof\u00aa K\u00e1tia Valevski Sales Fernandes (LQFPP\/CBB\/UENF)<br \/>\n<strong>Banca:<\/strong><\/p>\n<p>Prof. Francisco Jos\u00e9 Alves Lemos (LFBM\/CBB\/UENF)<br \/>\nProf. Vanildo Silveira (LBT\/CBB\/UENF)<br \/>\nProf. Aldo Shinoya (Pesagro\/Universo)<br \/>\n__________________________________________________________<br \/>\n<strong>4-C\u00c9SAR LU\u00cdS SIQUEIRA J\u00daNIOR<\/strong><br \/>\n<strong>Data:<\/strong> 26\/09\/2007<br \/>\n<strong>T\u00edtulo:<\/strong> \u201cCLONAGEM MOLECULAR E LOCALIZA\u00c7\u00c3O INTRACELULAR DA ALENO OXIDO SINTASE EM PLANTAS DE MARACUJ\u00c1 (PASSIFLORA EDULIS SIMS FLAVICARPA FLAVICARPA)\u201d<br \/>\n<strong>Orientador:<\/strong> Prof\u00aa T\u00e2nia Jacinto Freitas da Silva (LBT\/CBB\/UENF)<br \/>\n<strong>Banca:<\/strong><br \/>\nProf\u00aa Anna Lvovna Okorokova Fa\u00e7anha (LFBM\/CBB\/UENF)<br \/>\nProf\u00aa Ant\u00f4nia Elenir Am\u00e2ncio Oliveira (LQFPP\/CBB\/UENF)<br \/>\nProf. Jos\u00e9 Roberto da Silva (UNIG)<br \/>\n__________________________________________________________<br \/>\n<strong>5-DESIELY SILVA GUSM\u00c3O<\/strong><br \/>\n<strong>Data:<\/strong> 10\/10\/2007<br \/>\n<strong>T\u00edtulo:<\/strong> \u201cISOLAMENTO E IDENTIFICA\u00c7\u00c3O DE MICROORGANISMOS ASSOCIADOS AO TRATO INTESTINAL DE AEDES AEGYPTI E ESTUDOS PRELIMINARES SOBRE SEU PAPEL NA FISIOLOGIA DO INSETO\u201d<br \/>\n<strong>Orientador:<\/strong> Prof. Francisco Jos\u00e9 Alves Lemos (LBT\/CBB\/UENF)<br \/>\n<strong>Banca:<\/strong><br \/>\nProf\u00aa Valdirene Moreira Gomes (LFBM\/CBB\/UENF)<br \/>\nProf. M\u00e1rio Alberto Cardoso Silva Neto (UFRJ)<br \/>\nProf. Richard Ian Samuels (CCTA\/UENF)<br \/>\n__________________________________________________________<br \/>\n<strong>6-RODRIGO MACIEL LIMA<\/strong><br \/>\n<strong>Data:<\/strong> 14\/11\/2007<br \/>\n<strong>T\u00edtulo:<\/strong> \u201cUSO DA INTERNET PARA PESQUISA EDUCACIONAL EM BIOQU\u00cdMICA NOS ENSINOS DE N\u00cdVEIS M\u00c9DIO E SUPERIOR: ESTRAT\u00c9GIAS DE APERFEI\u00c7OAMENTO NA BUSCA DA QUALIDADE DE INFORMA\u00c7\u00d5ES\u201d<br \/>\n<strong>Orientador:<\/strong> Prof\u00aa K\u00e1tia Valevski Sales Fernandes (LQFPP\/CBB\/UENF)<br \/>\n<strong>Banca:<\/strong><br \/>\nProf\u00aa Antonia Elenir Am\u00e2ncio Oliveira (CBB\/UENF)<br \/>\nProf. Arnoldo Rocha Fa\u00e7anha (CBB\/UENF)<br \/>\nProf\u00aa Marl\u00facia Cereja de Alencar (CEFET-Campos)<\/p>\n<p>__________________________________________________________<br \/>\n<strong>7-DENISE ESPELLET KLEIN<\/strong><br \/>\n<strong>Data:<\/strong> 26\/11\/2007<br \/>\n<strong>T\u00edtulo:<\/strong> \u201cESTUDO DO SISTEMA HETEROM\u00d3RFICO DE AUTO-INCOMPATIBILIDADE EM UMA POPULA\u00c7\u00c3O DE PSYCHOTRIA NUDA (CHAM. &amp; SCHLECHT.) WAWRA (RUBIACEAE): MORFOLOGIA FLORAL; SUCESSO REPRODUTIVO; ASPECTOS CELULARES E TECIDUAIS; E AN\u00c1LISE DA COMPOSI\u00c7\u00c3O PROT\u00c9ICA DE PARTES FLORAIS\u201d.<br \/>\n<strong>Orientador:<\/strong> Prof\u00aa Maura da Cunha (CBB\/UENF)<br \/>\n<strong>Banca:<\/strong><br \/>\nProf\u00aa Maria Cristina Gaglianone (LCA\/CBB\/UENF)<br \/>\nProf. Fl\u00e1vio Costa Miguens (LBCT\/CBB\/UENF)<br \/>\nProf. Jorge Ernesto de Araujo Mariath (LaVeg\/UFRGS)<br \/>\n__________________________________________________________<\/p>\n<p>&nbsp;<\/p>\n","protected":false},"excerpt":{"rendered":"<p>TESE DE DOUTORADO 2007: 1-JORGE LUIZ DA CUNHA MORAES Data: 30\/03\/2007 T\u00edtulo: \u201cEMBRIOG\u00caNESE DO CARRAPATO BOVINO RHIPICEPHALUS (BOOPHILUS) MICROPLUS: UMA&#8230;<\/p>\n","protected":false},"author":25,"featured_media":0,"parent":1229,"menu_order":0,"comment_status":"closed","ping_status":"closed","template":"","meta":{"footnotes":""},"class_list":["post-1455","page","type-page","status-publish","hentry"],"_links":{"self":[{"href":"https:\/\/uenf.br\/posgraduacao\/biociencias-biotecnologia\/wp-json\/wp\/v2\/pages\/1455","targetHints":{"allow":["GET"]}}],"collection":[{"href":"https:\/\/uenf.br\/posgraduacao\/biociencias-biotecnologia\/wp-json\/wp\/v2\/pages"}],"about":[{"href":"https:\/\/uenf.br\/posgraduacao\/biociencias-biotecnologia\/wp-json\/wp\/v2\/types\/page"}],"author":[{"embeddable":true,"href":"https:\/\/uenf.br\/posgraduacao\/biociencias-biotecnologia\/wp-json\/wp\/v2\/users\/25"}],"replies":[{"embeddable":true,"href":"https:\/\/uenf.br\/posgraduacao\/biociencias-biotecnologia\/wp-json\/wp\/v2\/comments?post=1455"}],"version-history":[{"count":0,"href":"https:\/\/uenf.br\/posgraduacao\/biociencias-biotecnologia\/wp-json\/wp\/v2\/pages\/1455\/revisions"}],"up":[{"embeddable":true,"href":"https:\/\/uenf.br\/posgraduacao\/biociencias-biotecnologia\/wp-json\/wp\/v2\/pages\/1229"}],"wp:attachment":[{"href":"https:\/\/uenf.br\/posgraduacao\/biociencias-biotecnologia\/wp-json\/wp\/v2\/media?parent=1455"}],"curies":[{"name":"wp","href":"https:\/\/api.w.org\/{rel}","templated":true}]}}