{"id":1458,"date":"2020-08-04T14:13:50","date_gmt":"2020-08-04T17:13:50","guid":{"rendered":"http:\/\/uenf.br\/posgraduacao\/biociencias-biotecnologia\/?page_id=1458"},"modified":"2025-07-10T15:33:40","modified_gmt":"2025-07-10T18:33:40","slug":"ano-2006","status":"publish","type":"page","link":"https:\/\/uenf.br\/posgraduacao\/biociencias-biotecnologia\/teses-defendidas\/ano-2006\/","title":{"rendered":"Ano 2006"},"content":{"rendered":"<p><strong>TESE DE DOUTORADO 2006:<\/strong><br \/>\n<strong>1-JOS\u00c9 ROBERTO DA SILVA<\/strong><br \/>\n<strong>Data:<\/strong> 19\/01\/2006<br \/>\n<strong>T\u00edtulo:<\/strong> \u201cMETABOLISMO DE HEME E FERRO EM RHODNIUS PROLIXUS E DIATRAEA SACCHARALIS\u201d<br \/>\n<strong>Orientador:<\/strong> Mar\u00edlvia Dansa De Alencar Petretski<br \/>\n__________________________________________________________<br \/>\n<strong>2-ADRIANA FERREIRA UCH\u00d4A<\/strong><br \/>\n<strong>Data:<\/strong> 20\/01\/2006<br \/>\n<strong>T\u00edtulo:<\/strong> \u201cPRESEN\u00c7A SIST\u00caMICA DE VICILINAS DE SEMENTES DE LEGUMINOSAS NAS LARVAS DOS BRUQU\u00cdDEOS\u201d<br \/>\n<strong>Orientador:<\/strong> Carlos Peres Silva e Jos\u00e9 Xavier Filho<br \/>\n__________________________________________________________<br \/>\n<strong>3-JOS\u00c9 MANOEL L\u00daCIO GOMES<\/strong><br \/>\n<strong>Data:<\/strong> 15\/03\/2006<br \/>\n<strong>T\u00edtulo:<\/strong> \u201cREGENERA\u00c7\u00c3O NATURAL EM UMA FLORESTA OMBR\u00d3FILA DENSA ALUVIAL SOB DIFERENTES USOS DO SOLO NO DELTA DO RIO DOCE\u201d<br \/>\n<strong>Orientador:<\/strong> Marcelo Trindade Nascimento<br \/>\n__________________________________________________________<br \/>\n<strong>4-LUCIANA BELARMINDO DA SILVA<\/strong><br \/>\n<strong>Data:<\/strong> 17\/07\/2006<br \/>\n<strong>T\u00edtulo:<\/strong> \u201cESTUDO DOS EFEITOS DE INSULINA SOBRE PROCESSOS FISIOL\u00d3GICOS DE PLANTA\u201d<br \/>\n<strong>Orientador:<\/strong> Jos\u00e9 Xavier Filho<br \/>\n__________________________________________________________<br \/>\n<strong>5-ANDR\u00c9 TEIXEIRA DA SILVA FERREIRA<\/strong><br \/>\n<strong>Data:<\/strong> 31\/07\/2006<br \/>\n<strong>T\u00edtulo:<\/strong> \u201cCARACTERIZA\u00c7\u00c3O DAS NUCLEOTIDASES PRESENTES NO VENENO DA SERPENTE Bothrops jararaca &#8211; \u00caNFASE PARA AS ATIVIDADES ATPase e ADPase\u201d<br \/>\n<strong>Orientador:<\/strong> Elias Walter Alves<\/p>\n<p>__________________________________________________________<\/p>\n","protected":false},"excerpt":{"rendered":"<p>TESE DE DOUTORADO 2006: 1-JOS\u00c9 ROBERTO DA SILVA Data: 19\/01\/2006 T\u00edtulo: \u201cMETABOLISMO DE HEME E FERRO EM RHODNIUS PROLIXUS E&#8230;<\/p>\n","protected":false},"author":25,"featured_media":0,"parent":1229,"menu_order":0,"comment_status":"closed","ping_status":"closed","template":"","meta":{"footnotes":""},"class_list":["post-1458","page","type-page","status-publish","hentry"],"_links":{"self":[{"href":"https:\/\/uenf.br\/posgraduacao\/biociencias-biotecnologia\/wp-json\/wp\/v2\/pages\/1458","targetHints":{"allow":["GET"]}}],"collection":[{"href":"https:\/\/uenf.br\/posgraduacao\/biociencias-biotecnologia\/wp-json\/wp\/v2\/pages"}],"about":[{"href":"https:\/\/uenf.br\/posgraduacao\/biociencias-biotecnologia\/wp-json\/wp\/v2\/types\/page"}],"author":[{"embeddable":true,"href":"https:\/\/uenf.br\/posgraduacao\/biociencias-biotecnologia\/wp-json\/wp\/v2\/users\/25"}],"replies":[{"embeddable":true,"href":"https:\/\/uenf.br\/posgraduacao\/biociencias-biotecnologia\/wp-json\/wp\/v2\/comments?post=1458"}],"version-history":[{"count":0,"href":"https:\/\/uenf.br\/posgraduacao\/biociencias-biotecnologia\/wp-json\/wp\/v2\/pages\/1458\/revisions"}],"up":[{"embeddable":true,"href":"https:\/\/uenf.br\/posgraduacao\/biociencias-biotecnologia\/wp-json\/wp\/v2\/pages\/1229"}],"wp:attachment":[{"href":"https:\/\/uenf.br\/posgraduacao\/biociencias-biotecnologia\/wp-json\/wp\/v2\/media?parent=1458"}],"curies":[{"name":"wp","href":"https:\/\/api.w.org\/{rel}","templated":true}]}}