{"id":1464,"date":"2020-08-04T14:14:33","date_gmt":"2020-08-04T17:14:33","guid":{"rendered":"http:\/\/uenf.br\/posgraduacao\/biociencias-biotecnologia\/?page_id=1464"},"modified":"2025-08-29T16:38:33","modified_gmt":"2025-08-29T19:38:33","slug":"ano-2004","status":"publish","type":"page","link":"https:\/\/uenf.br\/posgraduacao\/biociencias-biotecnologia\/teses-defendidas\/ano-2004\/","title":{"rendered":"Ano 2004"},"content":{"rendered":"<p><strong>TESE DE DOUTORADO 2004:<\/strong><br \/>\n<strong>1- PABLO JOS\u00c9 FRANSCISCO PENA RODR\u00cdGUEZ<\/strong><\/p>\n<p><strong>Data:<\/strong> 16\/02\/2004<\/p>\n<p><strong>T\u00edtulo:<\/strong> &#8220;A VEGETA\u00c7\u00c3O NA RESERVA BIOL\u00d3GICA UNI\u00c3O E OS EFEITOS DA BORDA NA MATA ATL\u00c2NTICA FRAGMENTADA&#8221;<\/p>\n<p><strong>Orientador:<\/strong> Marcelo T. Nascimento &#8211; CBB\/UENF<\/p>\n<p><strong>Banca:<\/strong> Dora Maria Villela &#8211; CBB\/ UENF<\/p>\n<p>Maura da Cunha &#8211; CBB\/ UENF<\/p>\n<p>Haroldo Cavalcante Lima (JBRJ)<\/p>\n<p>__________________________________________________________<br \/>\n<strong>2- ALESSANDRA ROCHA MELO<\/strong><br \/>\n<strong>Data:<\/strong>19\/02\/2004<br \/>\n<strong>T\u00edtulo:<\/strong> \u201cBFPA: UM COMPONENTE DA E. COLI ? BFPA(+) ENVOLVIDO NA SINALIZA\u00c7\u00c3O EM C\u00c9LULAS HOSPEDEIRAS INDUZINDO APOPTOSE\u201d<br \/>\n<strong>Orientador:<\/strong> Wilmar Dias da Silva<br \/>\n__________________________________________________________<br \/>\n<strong>3- CARLOS EDUARDO DE SOUZA TEODORO<\/strong><br \/>\n<strong>Data:<\/strong> 23\/03\/2004<br \/>\n<strong>T\u00edtulo:<\/strong> \u201cBOMBAS PROT\u00d4NICAS DE ORGANELAS DA VIA SECRET\u00d3TIA: COMPARA\u00c7\u00c3O ENTRE LEVEDURAS E PLANTAS\u201d<br \/>\n<strong>Orientador:<\/strong> Lev Alexandrovitch Okorokov<br \/>\n__________________________________________________________<br \/>\n<strong>4- JA\u00cdLTON DIAS NOGUEIRA JUNIOR<\/strong><br \/>\n<strong>Data:<\/strong> 26\/04\/2004<br \/>\n<strong>T\u00edtulo:<\/strong> \u201cESTUDO DAS INTERA\u00c7\u00d5ES F\u00cdSICAS E BIOL\u00d3GICAS NA ESTRUTURA\u00c7\u00c3O DO FITAL DE SARGASSUM FURCATUM NA ILHA DE CABO FRIO\u201d<br \/>\n<strong>Orientador:<\/strong> Ricardo Coutinho<br \/>\n__________________________________________________________<br \/>\n<strong>5-MARCELO GOMES DE ALMEIDA<\/strong><br \/>\n<strong>Data:<\/strong> 06\/05\/2004<br \/>\n<strong>T\u00edtulo:<\/strong> \u201cACUMULA\u00c7\u00c3O, TRANSPORTE E MIGRA\u00c7\u00c3O DE MERC\u00daRIO NO CANAL FLUVIAL DA BACIA INFERIOR DO RIO PARA\u00cdBA DO SUL\u201d<br \/>\n<strong>Orientador:<\/strong> Cristina Maria Magalh\u00e3es de Souza<br \/>\n__________________________________________________________<br \/>\n<strong>6-FL\u00c1VIA LIMA RIBEIRO GOMES<\/strong><br \/>\n<strong>Data:<\/strong> 12\/05\/2004<br \/>\n<strong>T\u00edtulo:<\/strong> \u201cINFLUXO E REMO\u00c7\u00c3O DE NEUTR\u00d3FILOS NA POLARIZA\u00c7\u00c3O DA RESPOSTA IMUNE INATA CONTRA Leishmania major\u201d<br \/>\n<strong>Orientador:<\/strong> Andrea Cristina Vet\u00f6 Arnholdt\/ George Alexandre DosReis.<br \/>\n__________________________________________________________<br \/>\n<strong>7-ALEXANDRE GOMES FERREIRA<\/strong><br \/>\n<strong>Data:<\/strong> 01\/06\/2004<br \/>\n<strong>T\u00edtulo:<\/strong> \u201cEFEITOS ECOTOXICOL\u00d3GICOS DA CONTAMINA\u00c7\u00c3O AMBIENTAL POR MERC\u00daRIO EM HOPLIAS MALABARICUS (PISCES &#8211; ERYTHRINIDAE) DE QUATRO LAGOAS DO NORTE DO ESTADO DO RIO DE JANEIRO\u201d<br \/>\n<strong>Orientador:<\/strong> Carlos Eduardo Veiga de Carvalho.<br \/>\n__________________________________________________________<br \/>\n<strong>8-JOSANE MITTMANN<\/strong><br \/>\n<strong>Data:<\/strong> 25\/08\/2004<br \/>\n<strong>T\u00edtulo:<\/strong> \u201cOBTEN\u00c7\u00c3O E PRODU\u00c7\u00c3O DE PART\u00cdCULAS VIRAIS QUIM\u00c9RICAS DO V\u00cdRUS DO MOSAICO DO FEIJ\u00c3O-DE-CORDA QUE EXPRESSAM SEQ\u00dc\u00caNCIAS PEPT\u00cdDICAS DAS PROTE\u00cdNAS GP63, LACK E LDP23 DE LEISHMANIA CHAGASI\u201d<br \/>\n<strong>Orientador:<\/strong> Dr. Enrique Medina Acosta.<br \/>\n__________________________________________________________<br \/>\n<strong>9-REGIS BORGES<\/strong><br \/>\n<strong>Data:<\/strong>17\/09\/2004<br \/>\n<strong>T\u00edtulo<\/strong>: \u201cESTUDO DOS EFEITOS DO NACL EM CANA-DE-A\u00c7\u00daCAR (SACCHARUM SP) ATRAV\u00c9S DE AN\u00c1LISES FISIOL\u00d3GICAS E MOLECULARES E DOS EFEITOS DO KCLO3 EM ARROZ (ORYZA SATIVA L.) ATRAV\u00c9S DE AN\u00c1LISES FISIOL\u00d3GICAS, BIOQU\u00cdMICAS E ULTRAESTRUTURAIS\u201d<br \/>\n<strong>Orientador<\/strong>: Gon\u00e7alo Apolin\u00e1rio de Souza Filho.<br \/>\n__________________________________________________________<br \/>\n<strong>10-JORGE ANT\u00d4NIO DE ASSUMP\u00c7\u00c3O NUNES<\/strong><br \/>\n<strong>Data:<\/strong> 22\/10\/2004<br \/>\n<strong>T\u00edtulo:<\/strong> \u201cAN\u00c1LISE COMPARATIVA (1976 E 2000) DO PADR\u00c3O ESPACIAL DA PAISAGEM DE TR\u00caS ECOSSISTEMAS DE RESTINGA NO ESTADO DO RIO DE JANEIRO: ASPECTOS ED\u00c1FICOS, MICROCLIM\u00c1TICOS E ESPACIAIS DA VEGETA\u00c7\u00c3O EM MOITAS\u201d<br \/>\n<strong>Orientador:<\/strong> Carlos Eduardo de Rezende.<br \/>\n__________________________________________________________<br \/>\n<strong>11-LEONARDO GOMES DA SILVA<\/strong><br \/>\n<strong>Data:<\/strong> 19\/11\/2004<br \/>\n<strong>T\u00edtulo:<\/strong> \u201cALTERA\u00c7\u00d5ES NO PROTEOMA SANGU\u00cdNEO, NA GAMETOG\u00caNESE E NAS VARI\u00c1VEIS HEMATOL\u00d3GICAS DE CYPHOCARAX GILBERT PARASITADOS POR RIGGIA PARANENSIS: UMA VIS\u00c3O CELULAR E MOLECULAR DO PROCESSO DE CASTRA\u00c7\u00c3O PARASIT\u00c1RIA\u201d<br \/>\n<strong>Orientador:<\/strong> Marilvia Dansa de Alencar Petretski.<br \/>\n__________________________________________________________<\/p>\n","protected":false},"excerpt":{"rendered":"<p>TESE DE DOUTORADO 2004: 1- PABLO JOS\u00c9 FRANSCISCO PENA RODR\u00cdGUEZ Data: 16\/02\/2004 T\u00edtulo: &#8220;A VEGETA\u00c7\u00c3O NA RESERVA BIOL\u00d3GICA UNI\u00c3O E&#8230;<\/p>\n","protected":false},"author":25,"featured_media":0,"parent":1229,"menu_order":0,"comment_status":"closed","ping_status":"closed","template":"","meta":{"footnotes":""},"class_list":["post-1464","page","type-page","status-publish","hentry"],"_links":{"self":[{"href":"https:\/\/uenf.br\/posgraduacao\/biociencias-biotecnologia\/wp-json\/wp\/v2\/pages\/1464","targetHints":{"allow":["GET"]}}],"collection":[{"href":"https:\/\/uenf.br\/posgraduacao\/biociencias-biotecnologia\/wp-json\/wp\/v2\/pages"}],"about":[{"href":"https:\/\/uenf.br\/posgraduacao\/biociencias-biotecnologia\/wp-json\/wp\/v2\/types\/page"}],"author":[{"embeddable":true,"href":"https:\/\/uenf.br\/posgraduacao\/biociencias-biotecnologia\/wp-json\/wp\/v2\/users\/25"}],"replies":[{"embeddable":true,"href":"https:\/\/uenf.br\/posgraduacao\/biociencias-biotecnologia\/wp-json\/wp\/v2\/comments?post=1464"}],"version-history":[{"count":0,"href":"https:\/\/uenf.br\/posgraduacao\/biociencias-biotecnologia\/wp-json\/wp\/v2\/pages\/1464\/revisions"}],"up":[{"embeddable":true,"href":"https:\/\/uenf.br\/posgraduacao\/biociencias-biotecnologia\/wp-json\/wp\/v2\/pages\/1229"}],"wp:attachment":[{"href":"https:\/\/uenf.br\/posgraduacao\/biociencias-biotecnologia\/wp-json\/wp\/v2\/media?parent=1464"}],"curies":[{"name":"wp","href":"https:\/\/api.w.org\/{rel}","templated":true}]}}