{"id":1467,"date":"2020-08-04T14:14:52","date_gmt":"2020-08-04T17:14:52","guid":{"rendered":"http:\/\/uenf.br\/posgraduacao\/biociencias-biotecnologia\/?page_id=1467"},"modified":"2025-07-10T15:16:37","modified_gmt":"2025-07-10T18:16:37","slug":"ano-2003","status":"publish","type":"page","link":"https:\/\/uenf.br\/posgraduacao\/biociencias-biotecnologia\/teses-defendidas\/ano-2003\/","title":{"rendered":"Ano 2003"},"content":{"rendered":"<p>TESE DE DOUTORADO 2003:<br \/>\n<strong>1- LEONARDO MONTEIRO DA GAMA<\/strong><br \/>\n<strong>Data:<\/strong> 07\/04\/2003<br \/>\n<strong>T\u00edtulo:<\/strong> \u201cMODULA\u00c7\u00c3O DE MOL\u00c9CULAS ACESS\u00d3RIAS E APRESENTA\u00c7\u00c3O DE ANT\u00cdGENOS EM APCS MURINAS INFECTADAS POR TOXOPLASMA GONDII\u201d<br \/>\n<strong>Orientador<\/strong>: Andrea Cristina Vet\u00f6 Arnholdt<br \/>\n__________________________________________________________<br \/>\n<strong>2- CRISTIANE VARELLA LISB\u00d4A<\/strong><br \/>\n<strong>Data<\/strong>: 06\/06\/2003<br \/>\n<strong>T\u00edtulo:<\/strong> \u201cECOLOGIA DO CICLOS DE TRANSMISS\u00c3O DO TRYPANOSOMA CRUZI ENTRE PRIMATAS NEOTROPICAIS\u201d<br \/>\n<strong>Orientador:<\/strong> Ana Maria Jansen \/ Carlos Ramon Ruiz-Miranda.<br \/>\n__________________________________________________________<br \/>\n<strong>3-ALEX PURY MAZUREC<\/strong><br \/>\n<strong>Data:<\/strong> 07\/07\/2003<br \/>\n<strong>T\u00edtulo:<\/strong> \u201cALTERA\u00c7\u00d5ES NA FERTILIDADE E MAT\u00c9RIA ORG\u00c2NICA PRESENTE NOS SOLOS SOB DIFERENTES USOS DA TERRA: UMA REGI\u00c3O DE MATA ATL\u00c2NTICA NO NORTE FLUMINENSE\u201d<br \/>\n<strong>Orientador:<\/strong> Carlos Eduardo Rezende<br \/>\n__________________________________________________________<br \/>\n<strong>4- ANNELISE MARIA DE OLIVEIRA WILKEN DE ABREU<\/strong><br \/>\n<strong>Data:<\/strong> 24\/07\/2003<br \/>\n<strong>T\u00edtulo<\/strong>: \u201cESTUDO EPIDEMIOL\u00d3GICO DA TOXOPLASMOSE CONG\u00caNITA NO MUNIC\u00cdPIO DE CAMPOS DOS GOYTACAZES\u201d<br \/>\n<strong>Orientador:<\/strong> L\u00edlian Maria Bahia Garcia de Oliveira<br \/>\n__________________________________________________________<br \/>\n<strong>5- S\u00c9RGIO RICARDO FLOETER<\/strong><br \/>\n<strong>Data:<\/strong>13\/08\/2003<br \/>\n<strong>T\u00edtulo<\/strong>: \u201cPEIXES RECIFAIS DAS ILHAS DE GUARAPARI, SUDESTE DO BRASIL: COMPOSI\u00c7\u00c3O FAUN\u00cdSTICA, ECOLOGIA, BIOGEOGRAFIA &amp; CONSERVA\u00c7\u00c3O\u201d<br \/>\n<strong>Orientador:<\/strong> Ilana Rosental Zalmon<br \/>\n__________________________________________________________<br \/>\n<strong>6- SOLANGE SILVA SAMAR\u00c3O<\/strong><br \/>\n<strong>Data:<\/strong> 25\/08\/2003<br \/>\n<strong>T\u00edtulo:<\/strong> \u201cCARACTERIZA\u00c7\u00c3O DAS ATIVIDADES DAS V H+-ATPASES E P H+-ATPASE NAS ORGANELAS DA VIA SECRET\u00d3RIA DE LEVEDURA E DA REGULA\u00c7\u00c3O DESTAS ENZIMAS PELA GLICOSE EXTRACELULAR\u201d<br \/>\n<strong>Orientador<\/strong>: Lev Alexandrovitch Okorokov<br \/>\n__________________________________________________________<br \/>\n<strong>7- PATR\u00cdCIA DAMASCENO RIBEIRO<\/strong><br \/>\n<strong>Data:<\/strong> 18\/09\/2003<br \/>\n<strong>T\u00edtulo:<\/strong> \u201cPURIFICA\u00c7\u00c3O E CARACTERIZA\u00c7\u00c3O DE COMPOSTOS ENVOLVIDOS NA AUTOREGULA\u00c7\u00c3O DE FATORES DE VIRUL\u00caNCIA EM ESCHERICHIA COLI E STAPHYLOCOCCUS AUREUS\u201d<br \/>\n<strong>Orientador:<\/strong> Enrique Medina-Acosta<br \/>\n__________________________________________________________<br \/>\n<strong>8- SARAH JANE DE SOUZA DOMINGUES<\/strong><br \/>\n<strong>Data:<\/strong> 09\/10\/2003<br \/>\n<strong>T\u00edtulo:<\/strong> \u201cPURIFICA\u00c7\u00c3O E CARACTERIZA\u00c7\u00c3O DE DUAS PLA2 DE PLANTAS DE Ricinus communis SUBMETIDAS \u00c0 INJ\u00daRIA MEC\u00c4NICA\u201d<br \/>\n<strong>Orientador:<\/strong> Olga Lima Tavares Machado<br \/>\n__________________________________________________________<br \/>\n<strong>9-ELEONORA D\u2019AVILA ERBESDOBLER<\/strong><br \/>\n<strong>Data<\/strong>: 06\/11\/2003<br \/>\n<strong>T\u00edtulo:<\/strong> \u201cECOLOGIA NUTRICIONAL DE CALLITRICHIDAE (PRIMATES: ANTHROPOIDAE): COMPOSI\u00c7\u00c3O QU\u00cdMICO-BROMATOL\u00d3GICA, ASPECTOS DO COMPORTAMENTO ALIMENTAR, DIGESTIBILIDADE E METABOLISMO ENERG\u00c9TICO\u201d<br \/>\n<strong>Orientador<\/strong>: Carlos Ramon Ruiz-Miranda.<br \/>\n__________________________________________________________<br \/>\n<strong>10-ADRIANA DAUDT GRATIVOL<\/strong><br \/>\n<strong>Data:<\/strong> 09\/10\/2003<br \/>\n<strong>T\u00edtulo:<\/strong> \u201cDNA ANTIGO E GEN\u00c9TICA DA CONSERVA\u00c7\u00c3O DO MICO LE\u00c3O DOURADO (LEONTOPITHECUS ROSALIA): ESTRUTURA GEN\u00c9TICA EM DUAS ESCALAS DE TEMPO E SUA RELA\u00c7\u00c3O COM A FRAGMENTA\u00c7\u00c3O DA MATA ATL\u00c2NTICA\u201d<br \/>\n<strong>Orientador:<\/strong> Fernando Ant\u00f4nio dos Santos Fernandez.<br \/>\n__________________________________________________________<\/p>\n","protected":false},"excerpt":{"rendered":"<p>TESE DE DOUTORADO 2003: 1- LEONARDO MONTEIRO DA GAMA Data: 07\/04\/2003 T\u00edtulo: \u201cMODULA\u00c7\u00c3O DE MOL\u00c9CULAS ACESS\u00d3RIAS E APRESENTA\u00c7\u00c3O DE ANT\u00cdGENOS&#8230;<\/p>\n","protected":false},"author":25,"featured_media":0,"parent":1229,"menu_order":0,"comment_status":"closed","ping_status":"closed","template":"","meta":{"footnotes":""},"class_list":["post-1467","page","type-page","status-publish","hentry"],"_links":{"self":[{"href":"https:\/\/uenf.br\/posgraduacao\/biociencias-biotecnologia\/wp-json\/wp\/v2\/pages\/1467","targetHints":{"allow":["GET"]}}],"collection":[{"href":"https:\/\/uenf.br\/posgraduacao\/biociencias-biotecnologia\/wp-json\/wp\/v2\/pages"}],"about":[{"href":"https:\/\/uenf.br\/posgraduacao\/biociencias-biotecnologia\/wp-json\/wp\/v2\/types\/page"}],"author":[{"embeddable":true,"href":"https:\/\/uenf.br\/posgraduacao\/biociencias-biotecnologia\/wp-json\/wp\/v2\/users\/25"}],"replies":[{"embeddable":true,"href":"https:\/\/uenf.br\/posgraduacao\/biociencias-biotecnologia\/wp-json\/wp\/v2\/comments?post=1467"}],"version-history":[{"count":0,"href":"https:\/\/uenf.br\/posgraduacao\/biociencias-biotecnologia\/wp-json\/wp\/v2\/pages\/1467\/revisions"}],"up":[{"embeddable":true,"href":"https:\/\/uenf.br\/posgraduacao\/biociencias-biotecnologia\/wp-json\/wp\/v2\/pages\/1229"}],"wp:attachment":[{"href":"https:\/\/uenf.br\/posgraduacao\/biociencias-biotecnologia\/wp-json\/wp\/v2\/media?parent=1467"}],"curies":[{"name":"wp","href":"https:\/\/api.w.org\/{rel}","templated":true}]}}