{"id":1470,"date":"2020-08-04T14:15:08","date_gmt":"2020-08-04T17:15:08","guid":{"rendered":"http:\/\/uenf.br\/posgraduacao\/biociencias-biotecnologia\/?page_id=1470"},"modified":"2025-07-10T15:12:06","modified_gmt":"2025-07-10T18:12:06","slug":"ano-2002","status":"publish","type":"page","link":"https:\/\/uenf.br\/posgraduacao\/biociencias-biotecnologia\/teses-defendidas\/ano-2002\/","title":{"rendered":"Ano 2002"},"content":{"rendered":"<p><strong>TESE DE DOUTORADO 2002:<\/strong><br \/>\n<strong>1- \u00c2NGELO JOS\u00c9 BURLA DIAS<\/strong><br \/>\n<strong>Data:<\/strong> 05\/09\/2002<br \/>\n<strong>T\u00edtulo:<\/strong> \u201cDETEC\u00c7\u00c3O E CARACTERIZA\u00c7\u00c3O DE GLICOSIDASES NO EPID\u00cdDIMO E S\u00caMEN DE EQUINOS\u201d<br \/>\n<strong>Orientador:<\/strong> Maria Luisa L\u00f3pes Alvarez \/ Claudio Andr\u00e9s Retamal Mart\u00ednez<br \/>\n__________________________________________________________<br \/>\n<strong>2- MARCO ANT\u00d4NIO DE OLIVEIRA<\/strong><br \/>\n<strong>Data:<\/strong> 12\/11\/2002<br \/>\n<strong>T\u00edtulo:<\/strong> \u201cFASE HEMOLINFATICA DO CICLO DE VIDA DO TRYPANOSOMA RANGELI NO HOSPEDEIRO INVERTEBRADO RHODNIUS PROLIXUS\u201d<br \/>\n<strong>Orientador:<\/strong> Wanderley de Souza<br \/>\n__________________________________________________________<\/p>\n","protected":false},"excerpt":{"rendered":"<p>TESE DE DOUTORADO 2002: 1- \u00c2NGELO JOS\u00c9 BURLA DIAS Data: 05\/09\/2002 T\u00edtulo: \u201cDETEC\u00c7\u00c3O E CARACTERIZA\u00c7\u00c3O DE GLICOSIDASES NO EPID\u00cdDIMO E&#8230;<\/p>\n","protected":false},"author":25,"featured_media":0,"parent":1229,"menu_order":0,"comment_status":"closed","ping_status":"closed","template":"","meta":{"footnotes":""},"class_list":["post-1470","page","type-page","status-publish","hentry"],"_links":{"self":[{"href":"https:\/\/uenf.br\/posgraduacao\/biociencias-biotecnologia\/wp-json\/wp\/v2\/pages\/1470","targetHints":{"allow":["GET"]}}],"collection":[{"href":"https:\/\/uenf.br\/posgraduacao\/biociencias-biotecnologia\/wp-json\/wp\/v2\/pages"}],"about":[{"href":"https:\/\/uenf.br\/posgraduacao\/biociencias-biotecnologia\/wp-json\/wp\/v2\/types\/page"}],"author":[{"embeddable":true,"href":"https:\/\/uenf.br\/posgraduacao\/biociencias-biotecnologia\/wp-json\/wp\/v2\/users\/25"}],"replies":[{"embeddable":true,"href":"https:\/\/uenf.br\/posgraduacao\/biociencias-biotecnologia\/wp-json\/wp\/v2\/comments?post=1470"}],"version-history":[{"count":0,"href":"https:\/\/uenf.br\/posgraduacao\/biociencias-biotecnologia\/wp-json\/wp\/v2\/pages\/1470\/revisions"}],"up":[{"embeddable":true,"href":"https:\/\/uenf.br\/posgraduacao\/biociencias-biotecnologia\/wp-json\/wp\/v2\/pages\/1229"}],"wp:attachment":[{"href":"https:\/\/uenf.br\/posgraduacao\/biociencias-biotecnologia\/wp-json\/wp\/v2\/media?parent=1470"}],"curies":[{"name":"wp","href":"https:\/\/api.w.org\/{rel}","templated":true}]}}