{"id":1473,"date":"2020-08-04T14:15:24","date_gmt":"2020-08-04T17:15:24","guid":{"rendered":"http:\/\/uenf.br\/posgraduacao\/biociencias-biotecnologia\/?page_id=1473"},"modified":"2025-07-10T14:58:41","modified_gmt":"2025-07-10T17:58:41","slug":"ano-2001","status":"publish","type":"page","link":"https:\/\/uenf.br\/posgraduacao\/biociencias-biotecnologia\/teses-defendidas\/ano-2001\/","title":{"rendered":"Ano 2001"},"content":{"rendered":"<p><strong>TESE DE DOUTORADO 2001:<\/strong><br \/>\n<strong>1-ANT\u00d4NIA ELENIR AM\u00c2NCIO OLIVEIRA<\/strong><br \/>\n<strong>Data:<\/strong> 09\/03\/2001<br \/>\n<strong>T\u00edtulo:<\/strong> \u201cINSULINA DO TEGUMENTO DE SEMENTES DE CANAVALIA ENSIFORMIS\u201d<br \/>\nOrientador: Jos\u00e9 Xavier-Filho<br \/>\n__________________________________________________________<br \/>\n<strong>2-MAUR\u00cdCIO AFONSO VER\u00cdCIMO<\/strong><br \/>\n<strong>Data:<\/strong> 22\/08\/2001<br \/>\n<strong>T\u00edtulo:<\/strong> \u201cINDU\u00c7\u00c3O DE APOPTOSE NA PARACOCCIDIOIDOMICOSE EXPERIMENTAL MURINA\u201d<br \/>\n<strong>Orientador:<\/strong> Thereza Lieberman Kipnis.<br \/>\n__________________________________________________________<br \/>\n<strong>3-MILTON MASAHIKO KANASHIRO<\/strong><br \/>\n<strong>Data:<\/strong> 27\/08\/2001<br \/>\n<strong>T\u00edtulo:<\/strong> \u201cCARACTERIZA\u00c7\u00c3O IMUNOFARMACOL\u00d3GICA DE DUAS FOSFOLIPASES A2 DO VENENO DE BOTHROPS ATROX\u201d<br \/>\n<strong>Orientador:<\/strong> Thereza Liberman Kipnis<br \/>\n________________________________________________________<br \/>\n<strong>4-RENATA MARIA ARRUDA RAMOS<\/strong><br \/>\n<strong>Data:<\/strong> 06\/12\/2001<br \/>\n<strong>T\u00edtulo:<\/strong> \u201cVARIA\u00c7\u00c3O MORFOL\u00d3GICA EM PONTOPORIA BLAINVILLEI E SOTALIA FLUVIATILIS (CETACEA) NO SUDESTE DO BRASIL\u201d<br \/>\n<strong>Orientador:<\/strong> Neuza Rejane Wille Lima<br \/>\n__________________________________________________________<br \/>\n<strong>5-CL\u00c1UDIA MARIA COSTA DE ALMEIDA<\/strong><br \/>\n<strong>Data:<\/strong> 12\/12\/2001<br \/>\n<strong>T\u00edtulo:<\/strong> \u201cUTILIZA\u00c7\u00c3O DE IGY COMO IMUNOTER\u00c1PICO NAS GASTROENTERITES INFANTIS\u201d<br \/>\n<strong>Orientador:<\/strong> Wilmar Dias da Silva<br \/>\n__________________________________________________________<br \/>\n<strong>6-OLNEY VIEIRA DA MOTTA<\/strong><br \/>\n<strong>Data:<\/strong> 14\/12\/2001<br \/>\n<strong>T\u00edtulo:<\/strong> \u201cO QUORUM SENSING&#8221; DOS MECANISMOS DE EXPRESS\u00c3O DE ENTEROTOXINAS DE STAPHYLOCCOCUS AUREUS COMO FOCO DE TERAPIAS ALTERNATIVAS PARA MASTITE BOVINA\u201d<br \/>\n<strong>Orientador:<\/strong> Wilmar Dias da Silva.<br \/>\n__________________________________________________________<br \/>\n<strong>7-VICTOR MARTIN QUINTANA FLORES<\/strong><br \/>\n<strong>Data:<\/strong> 17\/12\/2001<br \/>\n<strong>T\u00edtulo:<\/strong> \u201cEXPRESS\u00c3O DE ANT\u00cdGENOS DE ESCHERICHIA COLI ENTEROPATOG\u00caNICA (EPEC) EM SISTEMAS HETER\u00d3LOGOS\u201d<br \/>\n<strong>Orientador<\/strong>: Enrique Medina-Acosta<br \/>\n__________________________________________________________<\/p>\n","protected":false},"excerpt":{"rendered":"<p>TESE DE DOUTORADO 2001: 1-ANT\u00d4NIA ELENIR AM\u00c2NCIO OLIVEIRA Data: 09\/03\/2001 T\u00edtulo: \u201cINSULINA DO TEGUMENTO DE SEMENTES DE CANAVALIA ENSIFORMIS\u201d Orientador:&#8230;<\/p>\n","protected":false},"author":25,"featured_media":0,"parent":1229,"menu_order":0,"comment_status":"closed","ping_status":"closed","template":"","meta":{"footnotes":""},"class_list":["post-1473","page","type-page","status-publish","hentry"],"_links":{"self":[{"href":"https:\/\/uenf.br\/posgraduacao\/biociencias-biotecnologia\/wp-json\/wp\/v2\/pages\/1473","targetHints":{"allow":["GET"]}}],"collection":[{"href":"https:\/\/uenf.br\/posgraduacao\/biociencias-biotecnologia\/wp-json\/wp\/v2\/pages"}],"about":[{"href":"https:\/\/uenf.br\/posgraduacao\/biociencias-biotecnologia\/wp-json\/wp\/v2\/types\/page"}],"author":[{"embeddable":true,"href":"https:\/\/uenf.br\/posgraduacao\/biociencias-biotecnologia\/wp-json\/wp\/v2\/users\/25"}],"replies":[{"embeddable":true,"href":"https:\/\/uenf.br\/posgraduacao\/biociencias-biotecnologia\/wp-json\/wp\/v2\/comments?post=1473"}],"version-history":[{"count":0,"href":"https:\/\/uenf.br\/posgraduacao\/biociencias-biotecnologia\/wp-json\/wp\/v2\/pages\/1473\/revisions"}],"up":[{"embeddable":true,"href":"https:\/\/uenf.br\/posgraduacao\/biociencias-biotecnologia\/wp-json\/wp\/v2\/pages\/1229"}],"wp:attachment":[{"href":"https:\/\/uenf.br\/posgraduacao\/biociencias-biotecnologia\/wp-json\/wp\/v2\/media?parent=1473"}],"curies":[{"name":"wp","href":"https:\/\/api.w.org\/{rel}","templated":true}]}}