{"id":1480,"date":"2020-08-04T14:16:06","date_gmt":"2020-08-04T17:16:06","guid":{"rendered":"http:\/\/uenf.br\/posgraduacao\/biociencias-biotecnologia\/?page_id=1480"},"modified":"2025-08-29T16:43:50","modified_gmt":"2025-08-29T19:43:50","slug":"ano-1999","status":"publish","type":"page","link":"https:\/\/uenf.br\/posgraduacao\/biociencias-biotecnologia\/teses-defendidas\/ano-1999\/","title":{"rendered":"Ano 1999"},"content":{"rendered":"<p><strong>TESE DE DOUTORADO 1999:<\/strong><br \/>\n<strong>1-PAULO PEDROSA ANDRADE<\/strong><br \/>\n<strong>Data:<\/strong>19\/03\/1999<\/p>\n<p>__________________________________________________________<br \/>\n<strong>2-RICARDO DE OLIVEIRA FIGUEIREDO<\/strong><br \/>\n<strong>Data:<\/strong> 24\/05\/1999<br \/>\n<strong>T\u00edtulo:<\/strong> \u201cTRANSPORTE DE CARBONO E NITROG\u00caNIO NO BAIXO PARA\u00cdBA DO SUL\u201d<br \/>\n<strong>Orientador<\/strong>: Alvaro Ramon Coelho Ovalle<br \/>\n_________________________________________________________<br \/>\n3<strong>-CL\u00c1UDIO ANDR\u00c9S RETAMAL MARTINEZ<\/strong><br \/>\n<strong>Data:<\/strong> 27\/09\/1999<\/p>\n<p><strong>T\u00edtulo: &#8220;<\/strong>CARACTERIZA\u00c7\u00c3O DE PROTE\u00cdNAS E GLICOPROTE\u00cdNAS DE ESPERMATOZOIDES OBITIDOS DE EJACULO E DAS DIFERENTES REGI\u00d5ES EPIDIDIMAIS DE EQUINO&#8221;<\/p>\n<p><strong>Orientador:<\/strong> Dr. Elias Walter Alves<\/p>\n<p><strong>Banca:<\/strong><\/p>\n<p>Profa. Olga Machado<\/p>\n<p>Profa. T\u00e9cia Maria Carvalho<\/p>\n<p>Prof. Jos\u00e9 Xavier Filho<\/p>\n<p>&nbsp;<\/p>\n<p>__________________________________________________________<\/p>\n","protected":false},"excerpt":{"rendered":"<p>TESE DE DOUTORADO 1999: 1-PAULO PEDROSA ANDRADE Data:19\/03\/1999 __________________________________________________________ 2-RICARDO DE OLIVEIRA FIGUEIREDO Data: 24\/05\/1999 T\u00edtulo: \u201cTRANSPORTE DE CARBONO E&#8230;<\/p>\n","protected":false},"author":25,"featured_media":0,"parent":1229,"menu_order":0,"comment_status":"closed","ping_status":"closed","template":"","meta":{"footnotes":""},"class_list":["post-1480","page","type-page","status-publish","hentry"],"_links":{"self":[{"href":"https:\/\/uenf.br\/posgraduacao\/biociencias-biotecnologia\/wp-json\/wp\/v2\/pages\/1480","targetHints":{"allow":["GET"]}}],"collection":[{"href":"https:\/\/uenf.br\/posgraduacao\/biociencias-biotecnologia\/wp-json\/wp\/v2\/pages"}],"about":[{"href":"https:\/\/uenf.br\/posgraduacao\/biociencias-biotecnologia\/wp-json\/wp\/v2\/types\/page"}],"author":[{"embeddable":true,"href":"https:\/\/uenf.br\/posgraduacao\/biociencias-biotecnologia\/wp-json\/wp\/v2\/users\/25"}],"replies":[{"embeddable":true,"href":"https:\/\/uenf.br\/posgraduacao\/biociencias-biotecnologia\/wp-json\/wp\/v2\/comments?post=1480"}],"version-history":[{"count":0,"href":"https:\/\/uenf.br\/posgraduacao\/biociencias-biotecnologia\/wp-json\/wp\/v2\/pages\/1480\/revisions"}],"up":[{"embeddable":true,"href":"https:\/\/uenf.br\/posgraduacao\/biociencias-biotecnologia\/wp-json\/wp\/v2\/pages\/1229"}],"wp:attachment":[{"href":"https:\/\/uenf.br\/posgraduacao\/biociencias-biotecnologia\/wp-json\/wp\/v2\/media?parent=1480"}],"curies":[{"name":"wp","href":"https:\/\/api.w.org\/{rel}","templated":true}]}}