{"id":1483,"date":"2020-08-04T14:16:27","date_gmt":"2020-08-04T17:16:27","guid":{"rendered":"http:\/\/uenf.br\/posgraduacao\/biociencias-biotecnologia\/?page_id=1483"},"modified":"2025-07-10T15:07:11","modified_gmt":"2025-07-10T18:07:11","slug":"ano-1998","status":"publish","type":"page","link":"https:\/\/uenf.br\/posgraduacao\/biociencias-biotecnologia\/teses-defendidas\/ano-1998\/","title":{"rendered":"Ano 1998"},"content":{"rendered":"<p><strong>TESE DE DOUTORADO 1998:<\/strong><br \/>\n<strong>1- GON\u00c7ALO APOLIN\u00c1RIO DE SOUZA FILHO<\/strong><br \/>\n<strong>Data:<\/strong> 23\/01\/1998<br \/>\n<strong>T\u00edtulo:<\/strong> \u201cRESPOSTA AO ESTRESSE AMBIENTAL EM PLANTAS DE ARROZ (Oryza sativa L): ATIVA\u00c7\u00c3O DO GENE SALT E DA CASCATA DE FOSFORILA\u00c7\u00c3O DE PROTE\u00cdNAS\u201d<br \/>\n<strong>Orientador:<\/strong> Ana Beatriz Garcia<br \/>\n__________________________________________________________<br \/>\n<strong>2- CRISTINA PACHECO SOARES<\/strong><br \/>\n<strong>Data<\/strong>: 29\/01\/1998<br \/>\n<strong>T\u00edtulo:<\/strong> \u201cESTUDO DA PARTICIPA\u00c7\u00c3O DE COMPONENTES DA SUPERFICIE DA C\u00c9LULA HOSPEDEIRA NA FORMA\u00c7\u00c3O DO VACUOLO PARASITOFORO NA INTERA\u00c7\u00c3O COM TOXOPLASMA GONDII\u201d<br \/>\n<strong>Orientador:<\/strong> Wanderley De Souza<br \/>\n__________________________________________________________<br \/>\n<strong>3- NEWTON SOARES DA SILVA<\/strong><br \/>\n<strong>Data:<\/strong> 29\/01\/1998<br \/>\n<strong>T\u00edtulo:<\/strong> \u201cLOCALIZA\u00c7\u00c3O, PROPRIEDADES, COMPOSI\u00c7\u00c3O QU\u00cdMICA E ESTRUTURAL DE MOL\u00c9CULAS ENVOLVIDAS NA ADES\u00c3O DE TRICOMONAD\u00cdDEOS\u201d<br \/>\n<strong>Orientador:<\/strong> Wanderley de Souza<br \/>\n__________________________________________________________<br \/>\n<strong>4- RONALDO NOVELLI<\/strong><br \/>\n<strong>Data:<\/strong> 10\/07\/1998<br \/>\n<strong>T\u00edtulo<\/strong>: \u201cREVIS\u00c3O TAXON\u00d4MICA DAS ESP\u00c9CIES DO G\u00caNERO STEGASTES JENYNS 1842 (POMACENTRIDAE &#8211; TELEOSTEI) OCORRENTES NO BRASIL\u201d<br \/>\n<strong>Orientador:<\/strong> Carlos Eduardo Rezende<br \/>\n__________________________________________________________<br \/>\n<strong>5- CL\u00c1UDIA CALASANS VEIGA DE CARVALHO<\/strong><br \/>\n<strong>Data:<\/strong> 18\/09\/1998<\/p>\n<p>__________________________________________________________<\/p>\n<p>&nbsp;<\/p>\n","protected":false},"excerpt":{"rendered":"<p>TESE DE DOUTORADO 1998: 1- GON\u00c7ALO APOLIN\u00c1RIO DE SOUZA FILHO Data: 23\/01\/1998 T\u00edtulo: \u201cRESPOSTA AO ESTRESSE AMBIENTAL EM PLANTAS DE&#8230;<\/p>\n","protected":false},"author":25,"featured_media":0,"parent":1229,"menu_order":0,"comment_status":"closed","ping_status":"closed","template":"","meta":{"footnotes":""},"class_list":["post-1483","page","type-page","status-publish","hentry"],"_links":{"self":[{"href":"https:\/\/uenf.br\/posgraduacao\/biociencias-biotecnologia\/wp-json\/wp\/v2\/pages\/1483","targetHints":{"allow":["GET"]}}],"collection":[{"href":"https:\/\/uenf.br\/posgraduacao\/biociencias-biotecnologia\/wp-json\/wp\/v2\/pages"}],"about":[{"href":"https:\/\/uenf.br\/posgraduacao\/biociencias-biotecnologia\/wp-json\/wp\/v2\/types\/page"}],"author":[{"embeddable":true,"href":"https:\/\/uenf.br\/posgraduacao\/biociencias-biotecnologia\/wp-json\/wp\/v2\/users\/25"}],"replies":[{"embeddable":true,"href":"https:\/\/uenf.br\/posgraduacao\/biociencias-biotecnologia\/wp-json\/wp\/v2\/comments?post=1483"}],"version-history":[{"count":0,"href":"https:\/\/uenf.br\/posgraduacao\/biociencias-biotecnologia\/wp-json\/wp\/v2\/pages\/1483\/revisions"}],"up":[{"embeddable":true,"href":"https:\/\/uenf.br\/posgraduacao\/biociencias-biotecnologia\/wp-json\/wp\/v2\/pages\/1229"}],"wp:attachment":[{"href":"https:\/\/uenf.br\/posgraduacao\/biociencias-biotecnologia\/wp-json\/wp\/v2\/media?parent=1483"}],"curies":[{"name":"wp","href":"https:\/\/api.w.org\/{rel}","templated":true}]}}