{"id":1486,"date":"2020-08-04T14:16:47","date_gmt":"2020-08-04T17:16:47","guid":{"rendered":"http:\/\/uenf.br\/posgraduacao\/biociencias-biotecnologia\/?page_id=1486"},"modified":"2025-07-10T15:09:54","modified_gmt":"2025-07-10T18:09:54","slug":"ano-1997","status":"publish","type":"page","link":"https:\/\/uenf.br\/posgraduacao\/biociencias-biotecnologia\/teses-defendidas\/ano-1997\/","title":{"rendered":"Ano 1997"},"content":{"rendered":"<p><strong>TESE DE DOUTORADO 1997:<\/strong><\/p>\n<p><strong>1- MARINA SATIKA SUZUKI<\/strong><br \/>\n<strong>Data<\/strong>: 19\/12\/1997<br \/>\n<strong>T\u00edtulo:<\/strong> \u201cABERTURA DA BARRA NA LAGOA DE GRUSSA\u00cd, S\u00c3O JO\u00c3O DA BARRA, RJ: ASPECTOS HIDROQU\u00cdMICOS, DIN\u00c2MICA DA COMUNIDADE FITOPLANCT\u00d4NICA E METABOLISMO\u201d<br \/>\n<strong>Orientador<\/strong>: Alvaro Ramon Coelho Ovalle.<br \/>\n__________________________________________________________<\/p>\n","protected":false},"excerpt":{"rendered":"<p>TESE DE DOUTORADO 1997: 1- MARINA SATIKA SUZUKI Data: 19\/12\/1997 T\u00edtulo: \u201cABERTURA DA BARRA NA LAGOA DE GRUSSA\u00cd, S\u00c3O JO\u00c3O&#8230;<\/p>\n","protected":false},"author":25,"featured_media":0,"parent":1229,"menu_order":0,"comment_status":"closed","ping_status":"closed","template":"","meta":{"footnotes":""},"class_list":["post-1486","page","type-page","status-publish","hentry"],"_links":{"self":[{"href":"https:\/\/uenf.br\/posgraduacao\/biociencias-biotecnologia\/wp-json\/wp\/v2\/pages\/1486","targetHints":{"allow":["GET"]}}],"collection":[{"href":"https:\/\/uenf.br\/posgraduacao\/biociencias-biotecnologia\/wp-json\/wp\/v2\/pages"}],"about":[{"href":"https:\/\/uenf.br\/posgraduacao\/biociencias-biotecnologia\/wp-json\/wp\/v2\/types\/page"}],"author":[{"embeddable":true,"href":"https:\/\/uenf.br\/posgraduacao\/biociencias-biotecnologia\/wp-json\/wp\/v2\/users\/25"}],"replies":[{"embeddable":true,"href":"https:\/\/uenf.br\/posgraduacao\/biociencias-biotecnologia\/wp-json\/wp\/v2\/comments?post=1486"}],"version-history":[{"count":0,"href":"https:\/\/uenf.br\/posgraduacao\/biociencias-biotecnologia\/wp-json\/wp\/v2\/pages\/1486\/revisions"}],"up":[{"embeddable":true,"href":"https:\/\/uenf.br\/posgraduacao\/biociencias-biotecnologia\/wp-json\/wp\/v2\/pages\/1229"}],"wp:attachment":[{"href":"https:\/\/uenf.br\/posgraduacao\/biociencias-biotecnologia\/wp-json\/wp\/v2\/media?parent=1486"}],"curies":[{"name":"wp","href":"https:\/\/api.w.org\/{rel}","templated":true}]}}