{"id":159,"date":"2014-02-11T17:48:32","date_gmt":"2014-02-11T17:48:32","guid":{"rendered":"http:\/\/uenf.br\/pos-graduacao\/biociencias-biotecnologia\/?page_id=159"},"modified":"2025-09-19T10:03:25","modified_gmt":"2025-09-19T13:03:25","slug":"exame-de-qualificacao","status":"publish","type":"page","link":"https:\/\/uenf.br\/posgraduacao\/biociencias-biotecnologia\/normas-para-defesas-2\/exame-de-qualificacao\/","title":{"rendered":"Exame de Qualifica\u00e7\u00e3o"},"content":{"rendered":"<div><strong><span style=\"color: #a60303\">As novas <a style=\"color: #a60303\" href=\"https:\/\/uenf.br\/posgraduacao\/biociencias-biotecnologia\/wp-content\/uploads\/sites\/12\/2025\/02\/25_02_25_p31_a_35_Resolucao_COLAC_no_43_2025_dispoe_sobre_normas_gerais_de_pos_graduacao_strictu_sensu_da_UENF-1.pdf\" target=\"_blank\" rel=\"noopener\">Normas de P\u00f3s-Gradua\u00e7\u00e3o da UENF <\/a><\/span><\/strong><span style=\"color: #a60303\">(DOERJ de 25.02.2025)<\/span><strong><span style=\"color: #a60303\"> estabelecem, no CAPI\u0301TULO VI, SE\u00c7\u00c3O II<br \/>\nsobre O EXAME DE QUALIFICA\u00c7\u00c3O<\/span><\/strong><span style=\"color: #a60303\">:<\/span><\/div>\n<div>\n<div class=\"page\" title=\"Page 4\">\n<div class=\"layoutArea\">\n<div class=\"column\">\n<p style=\"padding-left: 40px\"><span style=\"color: #9e0606\">&#8220;Art. 49 &#8211; O Exame de Qualificac\u0327a\u0303o tem por objetivo verificar a maturidade do(a) discente na a\u0301rea de concentrac\u0327a\u0303o do Programa em que desenvolve seu projeto.<\/span><\/p>\n<p style=\"padding-left: 40px\"><span style=\"color: #9e0606\">Art. 50 &#8211; Os procedimentos dos Exames de Qualificac\u0327a\u0303o sera\u0303o definidos nas Normas Internas dos PPGs.<\/span><\/p>\n<p style=\"padding-left: 40px\"><span style=\"color: #9e0606\">Art. 51 &#8211; A realizac\u0327a\u0303o do exame de qualificac\u0327a\u0303o no Doutorado deve ser feita em ate\u0301 30 (trinta) meses apo\u0301s a matri\u0301cula no curso.<\/span><\/p>\n<p style=\"padding-left: 40px\"><span style=\"color: #9e0606\">Para\u0301grafo U\u0301nico &#8211; Em caso de reprovac\u0327a\u0303o no primeiro exame de qualificac\u0327a\u0303o, o(a) discente pode realizar um segundo exame de qualificac\u0327a\u0303o que devera\u0301 ocorrer em ate\u0301 36 (trinta e seis) meses apo\u0301s a data da matri\u0301cula do(a) discente no curso.<\/span><\/p>\n<p style=\"padding-left: 40px\"><span style=\"color: #9e0606\">Art. 52 &#8211; Em casos em que o(a) discente deseje pedir uma prorrogac\u0327a\u0303o do prazo, esta devera\u0301 ser justificada e apresentada para julgamento na CCP com pelo menos 60 (sessenta) dias de antecede\u0302ncia de seu prazo ma\u0301ximo de qualificac\u0327a\u0303o.<\/span><\/p>\n<p style=\"padding-left: 40px\"><span style=\"color: #9e0606\">Art. 53 &#8211; O exame de qualificac\u0327a\u0303o sera\u0301 avaliado por uma comissa\u0303o composta por portadores de ti\u0301tulo de Doutor vinculados preferencialmente a um PPG ou instituto de pesquisa, sendo no mi\u0301nimo, 03 (tre\u0302s) membros titulares e 01 (um) suplente.<\/span><\/p>\n<p style=\"padding-left: 40px\"><span style=\"color: #9e0606\">\u00a7 1o &#8211; Todos os membros, incluindo o presidente, sa\u0303o designados pela CCP por indicac\u0327a\u0303o do orientador.<\/span><\/p>\n<p style=\"padding-left: 40px\"><span style=\"color: #9e0606\">\u00a7 2o &#8211; Fica a crite\u0301rio do PPG a decisa\u0303o sobre a participac\u0327a\u0303o do orien- tador na banca de qualificac\u0327a\u0303o.<\/span><\/p>\n<p style=\"padding-left: 40px\"><span style=\"color: #9e0606\">\u00a7 3o &#8211; E\u0301 facultado ao PPG atribuir cre\u0301dito pela atividade acade\u0302mica do exame de qualificac\u0327a\u0303o.<\/span><\/p>\n<p style=\"padding-left: 40px\"><span style=\"color: #9e0606\">\u00a7 4o &#8211; O resultado do exame de qualificac\u0327a\u0303o sera\u0301 comunicado a\u0300 Coordenac\u0327a\u0303o do PPG no prazo ma\u0301ximo de 15 (quinze) dias, pelo seu presidente.&#8221;<\/span><\/p>\n<\/div>\n<\/div>\n<\/div>\n<\/div>\n<div><\/div>\n<div style=\"text-align: justify\"><b>Acesse aqui o <a href=\"https:\/\/uenf.br\/posgraduacao\/biociencias-biotecnologia\/wp-content\/uploads\/sites\/12\/2025\/08\/FORMULARIO-PARA-EXAME-DE-QUALIFICACAO-1.doc\">FORMULARIO-PARA-EXAME-DE-QUALIFICACAO<\/a><\/b><\/div>\n<div style=\"text-align: justify\"><span style=\"color: #000000\">O Formul\u00e1rio\u00a0deve ser enviado pelo Orientador via Plataforma <\/span><a style=\"color: #000000\" href=\"https:\/\/sei.rj.gov.br\/sip\/login.php?sigla_orgao_sistema=ERJ&amp;sigla_sistema=SEI&amp;infra_url=L3NlaS8=\">SEI\/RJ<\/a><span style=\"color: #000000\"> com pelo menos <\/span><span style=\"color: #b30707\">10 dias \u00fateis de anteced\u00eancia. <\/span><\/div>\n<div style=\"text-align: justify\"><span style=\"color: #000000\">Orientador deve justificar e informar ao PPGBB quando a defesa for realizada atrav\u00e9s de videoconfer\u00eancia.<\/span><\/div>\n<div><\/div>\n<div style=\"text-align: justify\">\n<p>Para solicita\u00e7\u00e3o de <strong>Prorroga\u00e7\u00e3o de prazo para EXAME DE QUALIFICA\u00c7\u00c3O<\/strong> o orientador deve iniciar um processo pelo SEI-RJ para a Coordena\u00e7\u00e3o da PGBB, anexando o formul\u00e1rio que pode ser acessado no link: <a href=\"https:\/\/uenf.br\/posgraduacao\/biociencias-biotecnologia\/wp-content\/uploads\/sites\/12\/2025\/08\/Formulario_para_Prorrogacao_Exame_Qualificacao_Doutorado_PGBB_.docx\">Formulario_para_Prorrogacao_Exame_Qualificacao_Doutorado_PGBB_<\/a><\/p>\n<\/div>\n<div style=\"text-align: justify\"><span style=\"text-decoration: underline;color: #0568a1\"><strong>Normas do Exame de Qualifica\u00e7\u00e3o:<\/strong><\/span><\/div>\n<div id=\"tituloPrincipal\" style=\"text-align: justify\"><span style=\"text-align: justify\">Todo estudante candidato ao t\u00edtulo de Doutor em Bioci\u00eancias e Biotecnologia deve prestar Exame de Qualifica\u00e7\u00e3o para avalia\u00e7\u00e3o do conhecimento geral sobre o tema da pesquisa desenvolvida, englobando diferentes \u00e1reas de conhecimento do PGBB. Somente pode prestar Exame de Qualifica\u00e7\u00e3o o estudante que tiver obedecido \u00e0s normas definidas pelas Normas e Regimento Geral da P\u00f3s-Gradua\u00e7\u00e3o da UENF.<\/span><\/div>\n<div id=\"materiaPrincipal\">\n<div style=\"text-align: justify\">\n<p>&nbsp;<\/p>\n<p><b style=\"color: #0568a1\">Etapa de Elabora\u00e7\u00e3o do Manuscrito<\/b><\/p>\n<\/div>\n<div style=\"text-align: justify\">O exame consistir\u00e1 na Elabora\u00e7\u00e3o de um Manuscrito cientifico contendo resultados do projeto de tese. Uma proposta do manuscrito, contendo a sequ\u00eancia l\u00f3gica de t\u00f3picos a serem abordados, um resumo do artigo, e uma data proposta para o exame, deve ser encaminhada pelo aluno e seu orientador, a Comiss\u00e3o Coordenadora do PGBB via formul\u00e1rio pr\u00f3prio. A proposta deve tamb\u00e9m sugerir uma banca examinadora (Artigo 53), a qual dever\u00e1 ser homologada pela Comiss\u00e3o Coordenadora do PGBB. Os itens componentes do manuscrito devem contemplar duas das diferentes \u00e1reas do programa (Biologia Celular e Molecular Vegetal e Ecossist\u00eamica; Biotecnologia e Biologia Celular e Molecular em Sa\u00fade). O manuscrito dever\u00e1 ser entregue \u00e0 banca com anteced\u00eancia m\u00ednima de 30 dias em rela\u00e7\u00e3o \u00e0 data proposta de defesa, quando dever\u00e1 ser\u00e1 apresentado oralmente pelo candidato.\u00a0 O candidato, bem como a banca examinadora, dever\u00e3o estar atentos \u00e0 correta cita\u00e7\u00e3o de informa\u00e7\u00f5es autorais, e a possibilidades de plagiarismos, considerando que artigos de revis\u00e3o s\u00e3o mais propensos a tais incorre\u00e7\u00f5es \u00e9tico-acad\u00eamicas. A Manuscrito proposto deve ser considerado vi\u00e1vel para publica\u00e7\u00e3o em peri\u00f3dicos indexados com percentil no Web of Science ou Scopus (o maior entre os dois) maior ou igual a 50%:<\/div>\n<div style=\"text-align: justify\"><\/div>\n<div><span style=\"color: #0568a1\"><b>Etapa de Apresenta\u00e7\u00e3o Oral<\/b><\/span><\/div>\n<div>O candidato dever\u00e1 realizar uma apresenta\u00e7\u00e3o oral \u00e0 banca, com dura\u00e7\u00e3o entre 40 e 50 minutos, acerca do tema apresentada no Manuscrito. A argui\u00e7\u00e3o do candidato visa o dimensionamento de dois aspectos principais:<\/div>\n<div>&#8211; qualidade dos conhecimentos demonstrados pelo candidato no manuscrito elaborado e na apresenta\u00e7\u00e3o oral;<\/div>\n<div>&#8211; qualidade do manuscrito, com a subseq\u00fcente apresenta\u00e7\u00e3o de cr\u00edticas e sugest\u00f5es.<\/div>\n<p>&nbsp;<\/p>\n<\/div>\n","protected":false},"excerpt":{"rendered":"<p>As novas Normas de P\u00f3s-Gradua\u00e7\u00e3o da UENF (DOERJ de 25.02.2025) estabelecem, no CAPI\u0301TULO VI, SE\u00c7\u00c3O II sobre O EXAME DE&#8230;<\/p>\n","protected":false},"author":25,"featured_media":0,"parent":169,"menu_order":2,"comment_status":"closed","ping_status":"open","template":"","meta":{"footnotes":""},"class_list":["post-159","page","type-page","status-publish","hentry"],"_links":{"self":[{"href":"https:\/\/uenf.br\/posgraduacao\/biociencias-biotecnologia\/wp-json\/wp\/v2\/pages\/159","targetHints":{"allow":["GET"]}}],"collection":[{"href":"https:\/\/uenf.br\/posgraduacao\/biociencias-biotecnologia\/wp-json\/wp\/v2\/pages"}],"about":[{"href":"https:\/\/uenf.br\/posgraduacao\/biociencias-biotecnologia\/wp-json\/wp\/v2\/types\/page"}],"author":[{"embeddable":true,"href":"https:\/\/uenf.br\/posgraduacao\/biociencias-biotecnologia\/wp-json\/wp\/v2\/users\/25"}],"replies":[{"embeddable":true,"href":"https:\/\/uenf.br\/posgraduacao\/biociencias-biotecnologia\/wp-json\/wp\/v2\/comments?post=159"}],"version-history":[{"count":0,"href":"https:\/\/uenf.br\/posgraduacao\/biociencias-biotecnologia\/wp-json\/wp\/v2\/pages\/159\/revisions"}],"up":[{"embeddable":true,"href":"https:\/\/uenf.br\/posgraduacao\/biociencias-biotecnologia\/wp-json\/wp\/v2\/pages\/169"}],"wp:attachment":[{"href":"https:\/\/uenf.br\/posgraduacao\/biociencias-biotecnologia\/wp-json\/wp\/v2\/media?parent=159"}],"curies":[{"name":"wp","href":"https:\/\/api.w.org\/{rel}","templated":true}]}}