{"id":169,"date":"2014-02-11T18:06:04","date_gmt":"2014-02-11T20:06:04","guid":{"rendered":"http:\/\/uenf.br\/pos-graduacao\/biociencias-biotecnologia\/?page_id=169"},"modified":"2026-04-16T16:21:21","modified_gmt":"2026-04-16T19:21:21","slug":"normas-para-defesas-2","status":"publish","type":"page","link":"https:\/\/uenf.br\/posgraduacao\/biociencias-biotecnologia\/normas-para-defesas-2\/","title":{"rendered":"Disserta\u00e7\u00e3o, Tese, Projeto e Qualifica\u00e7\u00e3o"},"content":{"rendered":"<ul>\n<li><a href=\"https:\/\/uenf.br\/posgraduacao\/biociencias-biotecnologia\/normas-para-defesas-2\/marcacao-de-defesas\/\" target=\"_blank\" rel=\"noopener\"><strong><span style=\"color: #0363a3\">DEFESAS PROJETO, DISSERTA\u00c7\u00c3O, EXAME DE QUALIFICA\u00c7\u00c3O e TESE\u00a0 &#8211; procedimentos e marca\u00e7\u00e3o\u00a0<\/span><\/strong><\/a><\/li>\n<\/ul>\n<p>&nbsp;<\/p>\n<ul>\n<li><span style=\"color: #0363a3\"><strong><a style=\"color: #0363a3\" href=\"https:\/\/uenf.br\/posgraduacao\/biociencias-biotecnologia\/prorrogacao-de-prazos\/\" target=\"_blank\" rel=\"noopener\">Prorroga\u00e7\u00e3o de Prazos de Defesas<\/a><\/strong><\/span><\/li>\n<\/ul>\n<p>&nbsp;<\/p>\n<ul>\n<li><span style=\"color: #0363a3\"><strong><a style=\"color: #0363a3\" href=\"https:\/\/uenf.br\/posgraduacao\/biociencias-biotecnologia\/entrega-de-exemplar-de-tese\/\" target=\"_blank\" rel=\"noopener\">Entrega da Vers\u00e3o Final Tese\/Disserta\u00e7\u00e3o<\/a><\/strong><\/span><\/li>\n<\/ul>\n<p>&nbsp;<\/p>\n<ul>\n<li><a href=\"https:\/\/uenf.br\/posgraduacao\/biociencias-biotecnologia\/teses-defendidas\/\"><span style=\"color: #065e99\"><strong>Teses de Doutorado defendidas<\/strong><\/span><\/a><\/li>\n<\/ul>\n<p>&nbsp;<\/p>\n<ul>\n<li><a href=\"https:\/\/uenf.br\/posgraduacao\/biociencias-biotecnologia\/teses-defendidas-2\/\"><span style=\"color: #065e99\"><strong>Disserta\u00e7\u00f5es de Mestrado defendidas<\/strong><\/span><\/a><\/li>\n<\/ul>\n<p>&nbsp;<\/p>\n","protected":false},"excerpt":{"rendered":"<p>DEFESAS PROJETO, DISSERTA\u00c7\u00c3O, EXAME DE QUALIFICA\u00c7\u00c3O e TESE\u00a0 &#8211; procedimentos e marca\u00e7\u00e3o\u00a0 &nbsp; Prorroga\u00e7\u00e3o de Prazos de Defesas &nbsp; Entrega&#8230;<\/p>\n","protected":false},"author":25,"featured_media":0,"parent":0,"menu_order":7,"comment_status":"closed","ping_status":"closed","template":"","meta":{"footnotes":""},"class_list":["post-169","page","type-page","status-publish","hentry"],"_links":{"self":[{"href":"https:\/\/uenf.br\/posgraduacao\/biociencias-biotecnologia\/wp-json\/wp\/v2\/pages\/169","targetHints":{"allow":["GET"]}}],"collection":[{"href":"https:\/\/uenf.br\/posgraduacao\/biociencias-biotecnologia\/wp-json\/wp\/v2\/pages"}],"about":[{"href":"https:\/\/uenf.br\/posgraduacao\/biociencias-biotecnologia\/wp-json\/wp\/v2\/types\/page"}],"author":[{"embeddable":true,"href":"https:\/\/uenf.br\/posgraduacao\/biociencias-biotecnologia\/wp-json\/wp\/v2\/users\/25"}],"replies":[{"embeddable":true,"href":"https:\/\/uenf.br\/posgraduacao\/biociencias-biotecnologia\/wp-json\/wp\/v2\/comments?post=169"}],"version-history":[{"count":0,"href":"https:\/\/uenf.br\/posgraduacao\/biociencias-biotecnologia\/wp-json\/wp\/v2\/pages\/169\/revisions"}],"wp:attachment":[{"href":"https:\/\/uenf.br\/posgraduacao\/biociencias-biotecnologia\/wp-json\/wp\/v2\/media?parent=169"}],"curies":[{"name":"wp","href":"https:\/\/api.w.org\/{rel}","templated":true}]}}