{"id":174,"date":"2014-02-11T18:14:10","date_gmt":"2014-02-11T18:14:10","guid":{"rendered":"http:\/\/uenf.br\/pos-graduacao\/biociencias-biotecnologia\/?page_id=174"},"modified":"2024-08-08T11:53:20","modified_gmt":"2024-08-08T14:53:20","slug":"projeto-de-tese","status":"publish","type":"page","link":"https:\/\/uenf.br\/posgraduacao\/biociencias-biotecnologia\/normas-para-defesas-2\/projeto-de-tese\/","title":{"rendered":"Projeto de Tese"},"content":{"rendered":"<p>De acordo com o Regimento de P\u00f3s-Gradua\u00e7\u00e3o\/UENF, a Coordena\u00e7\u00e3o de P\u00f3s-Gradua\u00e7\u00e3o em Bioci\u00eancias e Biotecnologia estabelece os seguintes procedimentos para a realiza\u00e7\u00e3o de Defesa de Projeto de Tese de Mestrado e Doutorado.<\/p>\n<p><span style=\"color: #095e96\"><em><strong>Procedimentos do Orientador:<\/strong><\/em><\/span><\/p>\n<h4><b><i>\u00a0<\/i><\/b>1- Encaminhar, com <span style=\"text-decoration: underline\">10<\/span><b><span style=\"text-decoration: underline\">\u00a0dias <\/span><\/b><strong><span style=\"text-decoration: underline\"><span style=\"color: #ff0000;text-decoration: underline\">\u00daTEIS\u00a0<\/span><\/span><span style=\"text-decoration: underline\">de anteced\u00eancia<\/span><\/strong>, o <a href=\"https:\/\/uenf.br\/posgraduacao\/biociencias-biotecnologia\/wp-content\/uploads\/sites\/12\/2024\/08\/FORMULARIO-DE-PROJETO-DE-TESE-ATUALIZADO.doc\">FORMUL\u00c1RIO-DE-PROJETO-DE-TESE-ATUALIZADO<\/a><strong>\u00a0<\/strong>devidamente preenchido \u00e0 PGBB,\u00a0<span style=\"color: #ff0000\">digitalizado pela Plataforma <a href=\"https:\/\/sei.rj.gov.br\/sip\/login.php?sigla_orgao_sistema=ERJ&amp;sigla_sistema=SEI&amp;infra_url=L3NlaS8=\">SEI\/RJ<\/a><\/span>, sugerindo 2 (dois) professores para projeto de mestrado ou 3 (tr\u00eas) professores para projeto de doutorado, que far\u00e3o parte da Banca Examinadora (n\u00e3o \u00e9 obrigat\u00f3rio ter membro externo do programa\/IES), 1 (um) professor suplente, o t\u00edtulo do projeto da tese, data, hor\u00e1rio e sala (reservar com anteced\u00eancia).\u00a0 Informar quando a defesa for realizada por videoconfer\u00eancia;<\/h4>\n<p>2- Encaminhar, com\u00a0<span style=\"text-decoration: underline\"><strong>10<\/strong><b>\u00a0dias\u00a0<\/b><strong><span style=\"color: #ff0000;text-decoration: underline\">\u00daTEIS\u00a0<\/span>de anteced\u00eancia<\/strong><\/span>, as \u00a0c\u00f3pias do projeto de tese \u00a0aos membros da banca.<\/p>\n<p><span style=\"color: #095e96\"><em><strong>Procedimentos da PGBB\/CBB:<\/strong><\/em><\/span><br \/>\n1- Enviar os dados da banca examinadora, via e-mail, aos membros do Colegiado da PGBB, para homologa\u00e7\u00e3o;<br \/>\n2- Fazer declara\u00e7\u00f5es de participa\u00e7\u00e3o para os membros da banca;<br \/>\n3- Emitir o Formul\u00e1rio 8 \u2013 Defesa de Projeto de Tese, para assinatura dos membros da banca;<br \/>\n4- Encaminhar o Formul\u00e1rio 8 \u00e0 Secretaria Acad\u00eamica;<br \/>\n5- Ap\u00f3s a valida\u00e7\u00e3o dos formul\u00e1rios pela Secretaria Acad\u00eamica, emitir as declara\u00e7\u00f5es de participa\u00e7\u00e3o para os membros da banca e encaminhar ao aluno e ao Orientador.<\/p>\n<p><span style=\"color: #095e96\"><em><strong>Procedimentos do Aluno:<\/strong> <\/em><\/span><br \/>\n1- Encaminhar as c\u00f3pias do projeto da tese ao orientador;<br \/>\n2- Confirmar com a Banca a realiza\u00e7\u00e3o da Defesa.<\/p>\n<p>\u201c<span style=\"color: #095e96\"><strong><em>Instru\u00e7\u00f5es para a formata\u00e7\u00e3o dos projeto para defesa no PGBB<\/em><\/strong><\/span> \u00e9 o seguinte: Folha A4; m\u00e1ximo de 20 p\u00e1ginas; fonte\u00a0<i>Times New Romans<\/i>; tamanho 12; espa\u00e7amento 1,5; margens 2,5 cm; contendo os t\u00f3picos: t\u00edtulo; autores (aluno, orientador, coorientador e colaboradores); resumo (contendo 2000 caracteres com espa\u00e7o); abstract (contendo 2000 caracteres com espa\u00e7o); justificativa do projeto; introdu\u00e7\u00e3o; objetivos; metas; metodologia proposta; resultados esperados; refer\u00eancias bibliogr\u00e1ficas; cronograma de execu\u00e7\u00e3o; or\u00e7amento.\u201d<\/p>\n<p>&nbsp;<\/p>\n","protected":false},"excerpt":{"rendered":"<p>De acordo com o Regimento de P\u00f3s-Gradua\u00e7\u00e3o\/UENF, a Coordena\u00e7\u00e3o de P\u00f3s-Gradua\u00e7\u00e3o em Bioci\u00eancias e Biotecnologia estabelece os seguintes procedimentos para&#8230;<\/p>\n","protected":false},"author":25,"featured_media":0,"parent":169,"menu_order":0,"comment_status":"closed","ping_status":"open","template":"","meta":{"footnotes":""},"class_list":["post-174","page","type-page","status-publish","hentry"],"_links":{"self":[{"href":"https:\/\/uenf.br\/posgraduacao\/biociencias-biotecnologia\/wp-json\/wp\/v2\/pages\/174","targetHints":{"allow":["GET"]}}],"collection":[{"href":"https:\/\/uenf.br\/posgraduacao\/biociencias-biotecnologia\/wp-json\/wp\/v2\/pages"}],"about":[{"href":"https:\/\/uenf.br\/posgraduacao\/biociencias-biotecnologia\/wp-json\/wp\/v2\/types\/page"}],"author":[{"embeddable":true,"href":"https:\/\/uenf.br\/posgraduacao\/biociencias-biotecnologia\/wp-json\/wp\/v2\/users\/25"}],"replies":[{"embeddable":true,"href":"https:\/\/uenf.br\/posgraduacao\/biociencias-biotecnologia\/wp-json\/wp\/v2\/comments?post=174"}],"version-history":[{"count":0,"href":"https:\/\/uenf.br\/posgraduacao\/biociencias-biotecnologia\/wp-json\/wp\/v2\/pages\/174\/revisions"}],"up":[{"embeddable":true,"href":"https:\/\/uenf.br\/posgraduacao\/biociencias-biotecnologia\/wp-json\/wp\/v2\/pages\/169"}],"wp:attachment":[{"href":"https:\/\/uenf.br\/posgraduacao\/biociencias-biotecnologia\/wp-json\/wp\/v2\/media?parent=174"}],"curies":[{"name":"wp","href":"https:\/\/api.w.org\/{rel}","templated":true}]}}