{"id":1806,"date":"2020-12-01T14:55:13","date_gmt":"2020-12-01T17:55:13","guid":{"rendered":"http:\/\/uenf.br\/posgraduacao\/biociencias-biotecnologia\/?page_id=1806"},"modified":"2025-02-17T14:58:21","modified_gmt":"2025-02-17T17:58:21","slug":"ano-2013","status":"publish","type":"page","link":"https:\/\/uenf.br\/posgraduacao\/biociencias-biotecnologia\/teses-defendidas-2\/ano-2013\/","title":{"rendered":"Ano 2013"},"content":{"rendered":"<p><strong>Disserta\u00e7\u00e3o de Mestrado<\/strong><\/p>\n<ul>\n<li>Clique no autor para acessar a disserta\u00e7\u00e3o completa:<\/li>\n<\/ul>\n<p>1- <strong><a href=\"http:\/\/uenf.br\/posgraduacao\/biociencias-biotecnologia\/wp-content\/uploads\/sites\/12\/2020\/12\/DISSERTACAO_DE_MESTRADO_-_Paulo11-corrigido_p.impressao-1.-pdf.pdf\">JOS\u00c9 PAULO MOTA FILHO<\/a><\/strong><\/p>\n<p><strong>Data<\/strong>: 22\/01\/2013<\/p>\n<p><strong>T\u00edtulo<\/strong>: \u201cIDENTIFICA\u00c7\u00c3O DE NOVOS MECANISMOS DE TOLER\u00c2NCIAAOS ESTRESSES OSM\u00d3TICO E I\u00d4NICO EM Gluconacetobacterdiazotrophicus PAl 5.\u201d<\/p>\n<p><strong>Orientador: <\/strong>Goncalo Apolinario De Souza Filho<\/p>\n<p><strong>Banca:<\/strong><\/p>\n<p>Andre De Oliveira Carvalho<\/p>\n<p>Jose Roberto Da Silva<\/p>\n<p>Marilia Amorim Berbert De Molina<\/p>\n<p>_______________________________________________<\/p>\n<p>2- <strong><a href=\"http:\/\/uenf.br\/posgraduacao\/biociencias-biotecnologia\/wp-content\/uploads\/sites\/12\/2020\/12\/Dissertacao-Jackellinne.pdf\">JACKELLINNE CAETANO DOU\u00c9TTS PERES<\/a><\/strong><\/p>\n<p><strong>Data<\/strong>: 28\/02\/2013<\/p>\n<p><strong>T\u00edtulo<\/strong>: \u201cASPECTOS MORFOL\u00d3GICOS E BIOQU\u00cdMICOS DURANTE O CONTROLE DO CICLO CELULAR NA EMBRIOGENESE SOM\u00c1TICA EM Araucaria angustifolia (Bert.) O. Ktze.\u201d<\/p>\n<p><strong>Orientador: <\/strong>Claudete Santa Catarina<\/p>\n<p><strong>Banca:<\/strong><\/p>\n<p>Marco Antonio Lopes Cruz<\/p>\n<p>Flavio Couto Cordeiro<\/p>\n<p>Maura Da Cunha<\/p>\n<p>Inga Goncalves De Azevedo<\/p>\n<p>&nbsp;<\/p>\n<p>______________________________________________<\/p>\n<p>3- <strong><a href=\"http:\/\/uenf.br\/posgraduacao\/biociencias-biotecnologia\/wp-content\/uploads\/sites\/12\/2020\/12\/Dissertacao-de-Mestrado-Final-Graziela-de-Sa-Machado-Araujo.pdf\">GRAZIELA DE S\u00c1 MACHADO ARA\u00daJO<\/a><\/strong><\/p>\n<p><strong>Data<\/strong>: 25\/03\/2013<\/p>\n<p><strong>T\u00edtulo<\/strong>: \u201cIDENTIFICA\u00c7\u00c3O DE MARCADORES SNPSTRS NO GENE F8 E A SUA UTILIZA\u00c7\u00c3O PARA A DETERMINA\u00c7\u00c3O DA FASE GAM\u00c9TICA DE CROMOSSOMOS X EM MULHERES PORTADORAS DE MUTA\u00c7\u00d5ES CAUSADORAS DE HEMOFILIA A\u201d<\/p>\n<p><strong>Orientador: <\/strong>Enrique Medina Acosta<\/p>\n<p><strong>Banca:<\/strong><\/p>\n<p>&nbsp;<\/p>\n<p>Victor Martin Quintana Flores<\/p>\n<p>Regina Celia De Souza Campos Fernandes<\/p>\n<p>Alvaro Fabricio Lopes Rios<\/p>\n<p>_______________________________________________<\/p>\n<p>4- <strong><a href=\"http:\/\/uenf.br\/posgraduacao\/biociencias-biotecnologia\/wp-content\/uploads\/sites\/12\/2020\/12\/Daniel_B_Rabelo.pdf\">DANIEL BELLIENY RABELO<\/a><\/strong><\/p>\n<p><strong>Data<\/strong>: 01\/04\/2013<\/p>\n<p><strong>T\u00edtulo<\/strong>: \u201cAN\u00c1LISE EVOLUTIVA E FUNCIONAL DOS GENES DA FAM\u00cdLA F-BOX EM LEGUMINOSAS (FABACEAE)\u201d<\/p>\n<p><strong>Orientador: <\/strong>Thiago Motta Venancio<\/p>\n<p><strong>Banca:<\/strong><\/p>\n<p>Vanildo Silveira<\/p>\n<p>Adriana Silva Hemerly<\/p>\n<p>Jorge Hernandez Fernandez<\/p>\n<p>_______________________________________________<\/p>\n<p>5- <strong><a href=\"http:\/\/uenf.br\/posgraduacao\/biociencias-biotecnologia\/wp-content\/uploads\/sites\/12\/2020\/12\/Dissertacao-Brunna-Xavier-Martins-UENF2013.pdf\">BRUNNA XAVIER MARTINS<\/a><\/strong><\/p>\n<p><strong>Data<\/strong>: 02\/04\/2013<\/p>\n<p><strong>T\u00edtulo<\/strong>: \u201cA\u00c7\u00c3O INIBIT\u00d3RIA DE MONOTERPENOS SOBRE BOMBAS DE PR\u00d3TONS INDUZINDO MORTE CELULAR EM MELANOMA.\u201d<\/p>\n<p><strong>Orientador: <\/strong>Arnoldo Rocha Facanha<\/p>\n<p><strong>Banca:<\/strong><\/p>\n<p>Flavia Paiva De Freitas<\/p>\n<p>Milton Masahiko Kanashiro<\/p>\n<p>Israel Nunes Alecrin<\/p>\n<p>_______________________________________________<\/p>\n<p>6-<strong><a href=\"http:\/\/uenf.br\/posgraduacao\/biociencias-biotecnologia\/wp-content\/uploads\/sites\/12\/2020\/12\/DISSERTACAO-FERNANDA-TRINDADE-CD.pdf\">FERNANDA GOMES TRINDADE<\/a><\/strong><\/p>\n<p><strong>Data<\/strong>: 02\/04\/2013<\/p>\n<p><strong>T\u00edtulo<\/strong>: \u201cANATOMIA E ULTRAESTRUTURA COMPARADA DOS COL\u00c9TERES DE ESP\u00c9CIES DE PSYCHOTRIA L. (RUBIACEAE) EM REMANESCENTES FLORESTAIS DO ESTADO DO RIO DE JANEIRO\u201d<\/p>\n<p><strong>Orientador: <\/strong>Maura Da Cunha<\/p>\n<p><strong>Banca:<\/strong><\/p>\n<p>&nbsp;<\/p>\n<p>Valdirene Moreira Gomes<\/p>\n<p>Herika Chagas Madureira<\/p>\n<p>Denise Espellet Klein<\/p>\n<p>_____________________________________________<\/p>\n<p>7- <strong><a href=\"http:\/\/uenf.br\/posgraduacao\/biociencias-biotecnologia\/wp-content\/uploads\/sites\/12\/2020\/12\/Dissertacao-Mestrado-Thiago-Alves.pdf\">THIAGO ALVES TEIXEIRA DOS SANTOS<\/a><\/strong><\/p>\n<p><strong>Data<\/strong>: 02\/04\/2013<\/p>\n<p><strong>T\u00edtulo<\/strong>: \u201cAN\u00c1LISE DA INFEC\u00c7\u00c3O in vitro E in vivo POR SUBPOPULA\u00c7\u00d5ES DE Toxoplasma gondii QUE EXP\u00d5EM OU N\u00c3O FOSFATIDILSERINA\u201d<\/p>\n<p><strong>Orientador: <\/strong>Sergio Henrique Seabra<\/p>\n<p><strong>Banca:<\/strong><\/p>\n<p>Renato Augusto Damatta<\/p>\n<p>Fernando Costa E Silva Filho<\/p>\n<p>Rossiane Claudia Vommaro<\/p>\n<p>Thiago Motta Venancio<\/p>\n<p>_______________________________________________<\/p>\n<p>8- <strong><a href=\"http:\/\/uenf.br\/posgraduacao\/biociencias-biotecnologia\/wp-content\/uploads\/sites\/12\/2020\/12\/dissertacao-parte-III-Introducao-Metodologia-Resultados-Discussao-ereferencias.-Gabriela-da-.pdf\">GABRIELA DA COSTA VIEIRA BARD<\/a><\/strong><\/p>\n<p><strong>Data<\/strong>: 02\/04\/2013<\/p>\n<p><strong>T\u00edtulo<\/strong>: \u201cIsolamento de pept\u00eddeos de sementes de Capsicum baccatum e caracteriza\u00e7\u00e3o de suas atividades antimicrobianas e inibit\u00f3rias de \u03b1-amilases\u201d<\/p>\n<p><strong>Orientador: <\/strong>Valdirene Moreira Gomes<\/p>\n<p><strong>Banca:<\/strong><\/p>\n<p>Andre De Oliveira Carvalho<\/p>\n<p>Flavia Borges Mury<\/p>\n<p>Gustavo Lazzaro Rezende<\/p>\n<p>_______________________________________________<\/p>\n<p>9- <strong><a href=\"http:\/\/uenf.br\/posgraduacao\/biociencias-biotecnologia\/wp-content\/uploads\/sites\/12\/2020\/12\/Dissertacao-Gustavo.pdf\">GUSTAVO LEMOS ROCHA<\/a><\/strong><\/p>\n<p><strong>Data<\/strong>: 03\/04\/2013<\/p>\n<p><strong>T\u00edtulo<\/strong>: \u201cPROTEASES DE TEGUMENTOS DE SEMENTES QUIESCENTES DEGlycine max E SUA RELA\u00c7\u00c3O COM MORTE CELULARPROGRAMADA\u201d<\/p>\n<p><strong>Orientador: <\/strong>Katia Valevski Sales Fernandes<\/p>\n<p><strong>Banca:<\/strong><\/p>\n<p>Vanildo Silveira<\/p>\n<p>Gustavo Lazzaro Rezende<\/p>\n<p>Andre Teixeira Da Silva Ferreira<\/p>\n<p>_______________________________________________<\/p>\n<p>10- <strong><a href=\"http:\/\/uenf.br\/posgraduacao\/biociencias-biotecnologia\/wp-content\/uploads\/sites\/12\/2020\/12\/tese-thais-rigueti.pdf\">THA\u00cdS RIGUETI BRASIL<\/a><\/strong><\/p>\n<p><strong>Data<\/strong>: 03\/04\/2013<\/p>\n<p><strong>T\u00edtulo<\/strong>: \u201cAVALIA\u00c7\u00c3O IN VITRO DA ATIVIDADE ANTINEOPL\u00c1SICA DE DITERPENOS DO EPICARPO DE Hymenaea stigonocarpa\u201d<\/p>\n<p><strong>Orientador: <\/strong>Milton Masahiko Kanashiro<\/p>\n<p><strong>Banca:<\/strong><\/p>\n<p>Michelle Frazao Muzitano<\/p>\n<p>Mariana Novo Nunes Campos<\/p>\n<p>Maria Raquel Garcia Vega<\/p>\n<p>_______________________________________________<\/p>\n<p>1- <strong><a href=\"http:\/\/uenf.br\/posgraduacao\/biociencias-biotecnologia\/wp-content\/uploads\/sites\/12\/2020\/12\/dissertacao-Gil-final.pdf\">GILDE\u00cdDE APARECIDA COSTA <\/a><\/strong><\/p>\n<p><strong>Data<\/strong>: 03\/04\/2013<\/p>\n<p><strong>T\u00edtulo<\/strong>:\u201dPAPEL DAS V-ATPases PARA OS PROCESSOS DE ADES\u00c3O, INVAS\u00c3O E MIGRA\u00c7\u00c3O CELULAR EM LINHAGENS DE MELANOMA B16-F0 E B16-F10\u201d<\/p>\n<p><strong>Orientador: <\/strong>Arnoldo Rocha Facanha<\/p>\n<p><strong>Banca:<\/strong><\/p>\n<p>Ana Paula De Souza Votto<\/p>\n<p>Andre De Oliveira Carvalho<\/p>\n<p>Fernanda Antunes<\/p>\n<p>Andrea Cristina Veto Arnholdt<\/p>\n<p>_______________________________________________<\/p>\n<p>12-<strong> <a href=\"http:\/\/uenf.br\/posgraduacao\/biociencias-biotecnologia\/wp-content\/uploads\/sites\/12\/2020\/12\/Dissertacao-de-Mestrado_-Leonardo-de-Sa.pdf\">LEONARDO FIGUEIRA REIS DE S\u00c1<\/a><\/strong><\/p>\n<p><strong>Data<\/strong>:03\/04\/2013<\/p>\n<p><strong>T\u00edtulo<\/strong>: \u201cEfeito do Tegumento de Phaseolus vulgaris (Fabaceae) Sobre o Desenvolvimento Embrion\u00e1rio e Larval de Callosobruchus maculatus (Coleoptera: Chrysomelidae)\u201d<\/p>\n<p><strong>Orientador: <\/strong>Antonia Elenir Amancio Oliveira<\/p>\n<p><strong>Banca:<\/strong><\/p>\n<p>Gustavo Lazzaro Rezende<\/p>\n<p>Marilvia Dansa De Alencar Petretski<\/p>\n<p>Jose Roberto Da Silva<\/p>\n<p>_______________________________________________<\/p>\n<p>13-<strong> <a href=\"http:\/\/uenf.br\/posgraduacao\/biociencias-biotecnologia\/wp-content\/uploads\/sites\/12\/2020\/12\/dissertacao-2013-CD-JULHO.pdf\">LARA PEREIRA DE SOUZA<\/a><\/strong><\/p>\n<p><strong>Data<\/strong>:03\/04\/2013<\/p>\n<p><strong>T\u00edtulo<\/strong>: \u201cEFIC\u00c1CIA ANTI-HELM\u00cdNTICA E ANATOMOPATOLOGIA EM PROVENTR\u00cdCULO E VENTR\u00cdCULO DE AVESTRUZES INFECTADOS POR Libyostrongylus dentatus e L. douglassii(NEMATODA TRICHOSTRONGYLIDAE)\u201d<\/p>\n<p><strong>Orientador: <\/strong>Clovis De Paula Santos<\/p>\n<p><strong>Banca:<\/strong><\/p>\n<p>Leonardo Serafim Da Silveira<\/p>\n<p>Milton Masahiko Kanashiro<\/p>\n<p>Carlos Wilson Gomes Lopes<\/p>\n<p>_______________________________________________<\/p>\n<p>14- <strong><a href=\"https:\/\/uenf.br\/posgraduacao\/biociencias-biotecnologia\/wp-content\/uploads\/sites\/12\/2020\/12\/Dissertacao-Mestrado-Viviane-1.pdf\">VIVIANE GOMES DA SILVA<\/a><\/strong><\/p>\n<p><strong>Data<\/strong>:04\/04\/2013<\/p>\n<p><strong>T\u00edtulo<\/strong>: \u201cTERAPIA COM C\u00c9LULAS MONONUCLEARES DE MEDULA \u00d3SSEA EM MODELO DE ABLA\u00c7\u00c3O FOCAL DO C\u00d3RTEX CEREBRAL EM RATOS: AN\u00c1LISE DA EXPRESS\u00c3O DA PROTE\u00cdNA GROWTH-ASSOCIATED PROTEIN-43\u201d<\/p>\n<p><strong>Orientador: <\/strong>Arthur Giraldi Guimaraes<\/p>\n<p><strong>Banca:<\/strong><\/p>\n<p>Clovis De Paula Santos<\/p>\n<p>Renato Augusto Damatta<\/p>\n<p>Wagner Baetas Da Cruz<\/p>\n<p>_______________________________________________<\/p>\n<p>15- <strong><a href=\"https:\/\/uenf.br\/posgraduacao\/biociencias-biotecnologia\/wp-content\/uploads\/sites\/12\/2020\/12\/lara.pdf\">LARA CARVALHO M. DE SOUZA<\/a><\/strong><\/p>\n<p><strong>Data<\/strong>:04\/04\/2013<\/p>\n<p><strong>T\u00edtulo<\/strong>: \u201cBARREIRAS DE PERMEABILIDADE NO TEST\u00cdCULO E VIA SEMINAL DO PEIXE TELE\u00d3STEO GYMNOTUS AFF. CARAPOLINNAEUS, 1758 (TELEOSTEI: GYMNOTIDAE)\u201d<\/p>\n<p><strong>Orientador: <\/strong>Claudio Andres Retamal Martinez<\/p>\n<p><strong>Banca: <\/strong><\/p>\n<p>Maria Luisa Celia Lopez Alvarez<\/p>\n<p>Nadir Francisca Sant Anna<\/p>\n<p>Dalcio Ricardo De Andrade<\/p>\n<p>Leonardo Gomes Da Silva<\/p>\n<p>&nbsp;<\/p>\n<p>_______________________________________________<\/p>\n<p>16- <strong><a href=\"https:\/\/uenf.br\/posgraduacao\/biociencias-biotecnologia\/wp-content\/uploads\/sites\/12\/2020\/12\/luis-alfredp.pdf\">LUIS ALFREDO DOS SANTOS PRADOUIS ALFREDO<\/a><\/strong><\/p>\n<p><strong>Data<\/strong>:05\/04\/2013<\/p>\n<p><strong>T\u00edtulo<\/strong>: \u201cMODULA\u00c7\u00c3O DA PIROFOSFATASE VACUOLAR (H+-PPase) POR \u00c1CIDO ABSC\u00cdSICO EM PLANTAS SUBMETIDAS AO D\u00c9FICIT H\u00cdDRICO\u201d<\/p>\n<p><strong>Orientador: <\/strong>Arnoldo Rocha Facanha<\/p>\n<p><strong>Banca:<\/strong><\/p>\n<p>&nbsp;<\/p>\n<p>Livia Marini Palma<\/p>\n<p>Alessandro Coutinho Ramos<\/p>\n<p>Claudio Andres Retamal Martinez<\/p>\n<p>&nbsp;<\/p>\n<p>_______________________________________________<\/p>\n<p>17- <strong><a href=\"https:\/\/uenf.br\/posgraduacao\/biociencias-biotecnologia\/wp-content\/uploads\/sites\/12\/2020\/12\/Dissertacao-Antonio-Jesus-Dorighetto-Cogo-2013.pdf\">ANT\u00d4NIO JESUS DORIGHETTO COGO\u00a0<\/a><\/strong><\/p>\n<p><strong>Data<\/strong>:05\/04\/2013<\/p>\n<p><strong>T\u00edtulo<\/strong>: \u201cMODULA\u00c7\u00c3O DA TRANSI\u00c7\u00c3O DIM\u00d3RFICA DE Yarrowia lipolytica PELAS POLIAMINAS VIA TRANSPORTE PRIM\u00c1RIO DE PR\u00d3TONS\u201d<\/p>\n<p><strong>Orientador: <\/strong>Anna Lvovna Okorokova Facanha<\/p>\n<p><strong>Banca:<\/strong><\/p>\n<p>Thiago Motta Venancio<\/p>\n<p>Livia Marini Palma<\/p>\n<p>Alessandro Coutinho Ramos<\/p>\n<p>&nbsp;<\/p>\n<p>&nbsp;<\/p>\n<p>_______________________________________________<\/p>\n<p>18- <strong><a href=\"https:\/\/uenf.br\/posgraduacao\/biociencias-biotecnologia\/wp-content\/uploads\/sites\/12\/2020\/12\/dissertacao-Magda-D.-Lugon.pdf\">MAGDA DELORENCE LUGON<\/a><\/strong><\/p>\n<p><strong>Data<\/strong>:19\/04\/2013<\/p>\n<p><strong>T\u00edtulo<\/strong>: \u201cESTUDO DA ATIVIDADE RIBONUCLEASE END\u00d3GENA E DA EXPRESS\u00c3O DE GENES DA VIA DE RNA DE INTERFER\u00caNCIA DE Rhodnius prolixus\u201d<\/p>\n<p><strong>Orientador: <\/strong>Marilvia Dansa De Alencar Petretski<\/p>\n<p><strong>Banca:<\/strong><\/p>\n<p>Claudio Akio Masuda<\/p>\n<p>Arnoldo Rocha Facanha<\/p>\n<p>Monica Ferreira Moreira Carvalho Cardoso<\/p>\n<p>_______________________________________________<\/p>\n<p>19-<a href=\"https:\/\/uenf.br\/posgraduacao\/biociencias-biotecnologia\/wp-content\/uploads\/sites\/12\/2020\/12\/Dissertacao-Lais-Gomes-Sarlo.pdf\">\u00a0<strong>LA\u00cdS GOMES SARLO<\/strong><\/a><\/p>\n<p><strong>Data<\/strong>:09\/05\/2013<\/p>\n<p><strong>T\u00edtulo<\/strong>: \u201cDESENVOLVIMENTO DE TESTES MOLECULARES PARA A INVESTIGA\u00c7\u00c3O PR\u00c9- E P\u00d3S-SINTOM\u00c1TICA DE DOEN\u00c7AS MONOG\u00caNICAS CAUSADAS POR EXPANS\u00c3O DE REPETI\u00c7\u00d5ES TRINUCLEOT\u00cdDICAS INST\u00c1VEIS\u201d<\/p>\n<p><strong>Orientador: <\/strong>Enrique Medina Acosta<\/p>\n<p><strong>Banca:<\/strong><\/p>\n<p>Alvaro Fabricio Lopes Rios<\/p>\n<p>Victor Martin Quintana Flores<\/p>\n<p>Carmen Lucia Antao Paiva<\/p>\n<p>&nbsp;<\/p>\n<p>_______________________________________________<\/p>\n<p>20- <strong><a href=\"https:\/\/uenf.br\/posgraduacao\/biociencias-biotecnologia\/wp-content\/uploads\/sites\/12\/2020\/12\/Dissertacao-Helder-correcoes-banca-e-arthur.pdf\">HELDER TEIXEIRA DE FREITAS<\/a><\/strong><\/p>\n<p><strong>Data<\/strong>: 16\/05\/2013<\/p>\n<p><strong>T\u00edtulo<\/strong>: \u201cC\u00c9LULAS-TRONCO MESENQUIMAIS CULTIVADAS EM MATRIZ TRIDIMENSIONAL DE COL\u00c1GENO E SUA UTILIZA\u00c7\u00c3O EM MODELO DE LES\u00c3O CORTICAL POR ABLA\u00c7\u00c3O EM RATOS\u201d<\/p>\n<p><strong>Orientador: <\/strong>Arthur Giraldi Guimaraes<\/p>\n<p><strong>Banca:<\/strong><\/p>\n<p>Renato Augusto Damatta<\/p>\n<p>Andre Lacerda De Abreu Oliveira<\/p>\n<p>Cesar Luis Siqueira Junior<\/p>\n<p>&nbsp;<\/p>\n<p>_______________________________________________<\/p>\n<p>21-<strong> <a href=\"https:\/\/uenf.br\/posgraduacao\/biociencias-biotecnologia\/wp-content\/uploads\/sites\/12\/2020\/12\/LUCIANA-LEMOS-RANGEL-DA-SILVA.pdf\">LUCIANA LEMOS RANGEL DA SILVA<\/a><\/strong><\/p>\n<p><strong>Data<\/strong>: 21\/05\/2013<\/p>\n<p><strong>T\u00edtulo<\/strong>: \u201cA\u00c7\u00c3O DE COMPOSTOS DERIVADOS DE NAFTOQUINONA NO DESENVOLVIMENTO in vitro DE Toxoplasma gondii\u201d<\/p>\n<p><strong>Orientador: <\/strong>Renato Augusto Damatta<\/p>\n<p><strong>Banca:<\/strong><\/p>\n<p>Milton Masahiko Kanashiro<\/p>\n<p>Arnoldo Rocha Facanha<\/p>\n<p>Ana Carolina Stumbo Machado<\/p>\n<p>&nbsp;<\/p>\n<p>_______________________________________________<\/p>\n<p>22- <strong><a href=\"https:\/\/uenf.br\/posgraduacao\/biociencias-biotecnologia\/wp-content\/uploads\/sites\/12\/2020\/12\/Versao-Final-Carlos-Eduardo.pdf\">CARLOS EDUARDO DA SILVA SANCHES<\/a><\/strong><\/p>\n<p><strong>Data<\/strong>:11\/06\/2013<\/p>\n<p><strong>T\u00edtulo<\/strong>: \u201cAN\u00c1LISE ANAT\u00d4MICA, ECOFISIOL\u00d3GICA E NUTRICIONAL DE FOLHAS DE Cordia superba CHAM. (BORAGINACEAE) EM MATA NATIVA E REFLORESTADA DO MUNIC\u00cdPIO DE ITAOCARA-RJ\u201d<\/p>\n<p><strong>Orientador: <\/strong>Maura Da Cunha<\/p>\n<p><strong>Banca:<\/strong><\/p>\n<p>Dulce Gilson Mantuano<\/p>\n<p>Angela Pierre Vitoria<\/p>\n<p>Fabio Lopes Olivares<\/p>\n<p>Guilherme Rodrigues Rabelo<\/p>\n<p>_______________________________________________<\/p>\n<p>23- <strong><a href=\"https:\/\/uenf.br\/posgraduacao\/biociencias-biotecnologia\/wp-content\/uploads\/sites\/12\/2020\/12\/Dissertacao-2013-Barbara-Pitta-Della-Noce.-pdf.pdf\">\u00a0B\u00c1RBARA PITTA DELLA NOCE<\/a><\/strong><\/p>\n<p><strong>Data<\/strong>:15\/07\/2013<\/p>\n<p><strong>T\u00edtulo<\/strong>: \u201cRESIST\u00caNCIA DAS C\u00caLULAS EMBRION\u00c1RIAS DO CARRAPATO Rhipicephalus (Boophilus) microplus, LINHAGEM BME26, AO PER\u00d3XIDO DE HIDROG\u00caNIO E SUA CORRELA\u00c7\u00c3O COM O METABOLISMO DE CARBOIDRATOS\u201d<\/p>\n<p><strong>Orientador: <\/strong>Carlos Jorge Logullo De Oliveira<\/p>\n<p><strong>Banca:<\/strong><\/p>\n<p>Arnoldo Rocha Facanha<\/p>\n<p>Eldo Campos<\/p>\n<p>Jose Roberto Da Silva<\/p>\n<p>&nbsp;<\/p>\n<p>_______________________________________________<\/p>\n<p>24- <strong><a href=\"https:\/\/uenf.br\/posgraduacao\/biociencias-biotecnologia\/wp-content\/uploads\/sites\/12\/2020\/12\/DISSERTACAO-BRUNA-PINTOR.pdf\">BRUNA PINTOR DE MEDEIROS<\/a><\/strong><\/p>\n<p><strong>Data<\/strong>:25\/07\/2013<\/p>\n<p><strong>T\u00edtulo<\/strong>: \u201cESTRESSE H\u00cdDRICO SIMULADO POR POLIETILENO GLICOL 6000: UM ESTUDO SOBRE OS EFEITOS EM PLANTAS DE TOMATE, HERBASPIRILLUM SEROPEDICAE E O POTENCIAL DA INOCULA\u00c7\u00c3O NA RESIST\u00caNCIA AO ESTRESSE\u201d<\/p>\n<p><strong>Orientador: <\/strong>Fabio Lopes Olivares<\/p>\n<p><strong>Banca:<\/strong><\/p>\n<p>Inga Goncalves De Azevedo<\/p>\n<p>Jose Ivo Baldani<\/p>\n<p>Leonardo Oliveira Medici<\/p>\n<p>&nbsp;<\/p>\n<p>_______________________________________________<\/p>\n<p>25- <strong><a href=\"https:\/\/uenf.br\/posgraduacao\/biociencias-biotecnologia\/wp-content\/uploads\/sites\/12\/2020\/12\/TESE-MESTRADO-FBM.pdf\">FABR\u00cdCIO BRUM MACHADO<\/a><\/strong><\/p>\n<p><strong>Data<\/strong>:30\/07\/2013<\/p>\n<p><strong>T\u00edtulo<\/strong>: \u201cDESENVOLVIMENTO DE MARCADORES POLIM\u00d3RFICOS DE DNA PARA INTERROGA\u00c7\u00c3O DO ESTADO DE INATIVA\u00c7\u00c3O DO CROMOSSOMO X EM H\u00cdBRIDOS DO PRIMATA CALITRIQU\u00cdDEO SAGUI FABRICIO\u201d<\/p>\n<p><strong>Orientador: <\/strong>Enrique Medina Acosta<\/p>\n<p><strong>Banca:<\/strong><\/p>\n<p>Leonardo Serafim Da Silveira<\/p>\n<p>Regina Celia De Souza Campos Fernandes<\/p>\n<p>Alvaro Fabricio Lopes Rios<\/p>\n<p>&nbsp;<\/p>\n<p>_______________________________________________<\/p>\n<p>26- <strong><a href=\"https:\/\/uenf.br\/posgraduacao\/biociencias-biotecnologia\/wp-content\/uploads\/sites\/12\/2020\/12\/Dissertacao_Mestrado_Milena_Versao_final.pdf\">MILENA AMENDRO FARIA<\/a><\/strong><\/p>\n<p><strong>Data<\/strong>: 12\/08\/2013<\/p>\n<p><strong>T\u00edtulo<\/strong>: \u201cINTERROGA\u00c7\u00c3O PONTUAL DE MARCAS EPIGEN\u00c9TICAS DE METILA\u00c7\u00c3O EM TR\u00caS SISTEMAS MULTIAL\u00c9LICOS E DETERMINA\u00c7\u00c3O DE FREQU\u00caNCIAS DE VARIANTES DE NUCLEOT\u00cdDEO SIMPLES NO PROMOTOR DO GENE XIST\u201d<\/p>\n<p><strong>Orientador: <\/strong>Enrique Medina Acosta<\/p>\n<p><strong>Banca:<\/strong><\/p>\n<p>Maria Clara Caldas Bussiere<\/p>\n<p>Beatriz Dos Santos Ferreira<\/p>\n<p>Newton De Medeiros Vidal<\/p>\n<p>Victor Martin Quintana Flores<\/p>\n<p>&nbsp;<\/p>\n<p>_______________________________________________<\/p>\n<p>27- <strong><a href=\"https:\/\/uenf.br\/posgraduacao\/biociencias-biotecnologia\/wp-content\/uploads\/sites\/12\/2020\/12\/dissertacaofinalmariana-1.pdf\">MARIANA TERESA BARDUCO FERREIRA<\/a><\/strong><\/p>\n<p><strong>Data<\/strong>: 28\/08\/2013<\/p>\n<p><strong>T\u00edtulo<\/strong>: \u201cTRANSCRIPTOMA DA BACT\u00c9RIA DIAZOTR\u00d3FICA ENDOF\u00cdTICA HERBASPIRILLUM SEROPEDICAE EM FORMA\u00c7\u00c3O DE BIOFILME MARIANA\u201d<\/p>\n<p><strong>Orientador: <\/strong>Fabio Lopes Olivares<\/p>\n<p><strong>Banca:<\/strong><\/p>\n<p>Thiago Motta Venancio<\/p>\n<p>Goncalo Apolinario De Souza Filho<\/p>\n<p>Jean Luiz Simoes De Araujo<\/p>\n<p>&nbsp;<\/p>\n<p>_______________________________________________<\/p>\n<p>28- <strong><a href=\"https:\/\/uenf.br\/posgraduacao\/biociencias-biotecnologia\/wp-content\/uploads\/sites\/12\/2020\/12\/Dissertacao-de-mestrado.-Samella-da-Hora-Machado.pdf\">\u00a0S\u00c2MELLA DA HORA MACHADO<\/a><\/strong><\/p>\n<p><strong>Data<\/strong>: 28\/08\/2013<\/p>\n<p><strong>T\u00edtulo<\/strong>: \u201cESTUDO SOBRE A INCORPORA\u00c7\u00c3O DE HEME POR BACT\u00c9RIAS ISOLADAS DO INTESTINO M\u00c9DIO DO MOSQUITO Aedes aegypti\u201d<\/p>\n<p><strong>Orientador: <\/strong>Francisco Jose Alves Lemos<\/p>\n<p><strong>Banca:<\/strong><\/p>\n<p>Jose Roberto Da Silva<\/p>\n<p>Desiely Silva Gusmao Taouil<\/p>\n<p>Aline Chaves Intorne<\/p>\n<p>&nbsp;<\/p>\n<p>_______________________________________________<\/p>\n<p>29-<strong> <a href=\"https:\/\/uenf.br\/posgraduacao\/biociencias-biotecnologia\/wp-content\/uploads\/sites\/12\/2020\/12\/Dissertacao-Final-Taina.pdf\">TAIN\u00c1 FARIA MARTINS<\/a><\/strong><\/p>\n<p><strong>Data<\/strong>: 30\/08\/2013<\/p>\n<p><strong>T\u00edtulo<\/strong>: \u201cESTUDO DO PERFIL DA EXPRESS\u00c3O G\u00caNICA RELACIONADO \u00c0 EMBRIOG\u00caNESE SOM\u00c1TICA DE CANA-DE-A\u00c7\u00daCAR\u201d<\/p>\n<p><strong>Orientador:<\/strong> Vanildo Silveira<\/p>\n<p><strong>Banca:<\/strong><\/p>\n<p>Goncalo Apolinario De Souza Filho<\/p>\n<p>Marco Antonio Lopes Cruz<\/p>\n<p>Virginia Silva Carvalho<\/p>\n<p>Alvaro Fabricio Lopes Rios<\/p>\n<p>&nbsp;<\/p>\n<p>_______________________________________________<\/p>\n<p>30- <strong><a href=\"https:\/\/uenf.br\/posgraduacao\/biociencias-biotecnologia\/wp-content\/uploads\/sites\/12\/2020\/12\/VERSAO-FINAL-Autosaved.pdf\">ANDREZA LINHARES REZENDE<\/a><\/strong><\/p>\n<p><strong>Data<\/strong>: 03\/09\/2013<\/p>\n<p><strong>T\u00edtulo<\/strong>: \u201cEXPRESS\u00c3O DAS METALOPROTEINASES DE MATRIZ MMP-2, MMP-9 E MMP-12 EM C\u00c9LULAS INFECTADAS COM CEPAS DE Mycobacterium tuberculosis E SEU IMPACTO NA VIRUL\u00caNCIA DAS BACT\u00c9RIAS\u201d<\/p>\n<p><strong>Orientador: <\/strong>Elena Lassounskaia<\/p>\n<p><strong>Banca:<\/strong><\/p>\n<p>Francisco Martins Teixeira<\/p>\n<p>Elizangela Costa Da Silva<\/p>\n<p>Milton Masahiko Kanashiro<\/p>\n<p>_____________________________________________<\/p>\n<p>31-<strong><a href=\"https:\/\/uenf.br\/posgraduacao\/biociencias-biotecnologia\/wp-content\/uploads\/sites\/12\/2020\/12\/Domingues-Dalvania-Pinho-Dissertacao-2013.pdf\">DALV\u00c2NIA PINHO DOMINGUES<\/a><\/strong><\/p>\n<p><strong>Data<\/strong>: 08\/10\/2013<\/p>\n<p><strong>T\u00edtulo<\/strong>: \u201cCLONAGEM MOLECULAR DE INIBIDORES DE PROTEASES DO TIPO KUNITZ ENVOLVIDOS NO MECANISMO DE DEFESA DO MARACUJAZEIRO\u201d<\/p>\n<p><strong>Orientador: <\/strong>TANIA JACINTO FREITAS DA SILVA<\/p>\n<p><strong>Banca:<\/strong><\/p>\n<p>Andre De Oliveira Carvalho<\/p>\n<p>Alvaro Fabricio Lopes Rios<\/p>\n<p>Beatriz Dos Santos Ferreira<\/p>\n<p>&nbsp;<\/p>\n<p>_______________________________________________<\/p>\n<p>32- <strong><a href=\"https:\/\/uenf.br\/posgraduacao\/biociencias-biotecnologia\/wp-content\/uploads\/sites\/12\/2020\/12\/TESE-10.pdf\">EDGAR GUTIERREZ INFANTE\u00a0<\/a><\/strong><\/p>\n<p><strong>Data<\/strong>: 30\/10\/2013<\/p>\n<p><strong>T\u00edtulo<\/strong>: \u201cAn\u00e1lise Computacional de Alfa-Glucosidases de Insetos Hemat\u00f3fagos\u201d<\/p>\n<p><strong>Orientador: <\/strong>Marilvia Dansa De Alencar<\/p>\n<p><strong>Banca:<\/strong><\/p>\n<p>Thiago Motta Venancio<\/p>\n<p>Beatriz Dos Santos Ferreira<\/p>\n<p>Fernando Ariel Genta<\/p>\n<p>Jorge Hernandez Fernandez<\/p>\n<p>&nbsp;<\/p>\n<p>_______________________________________________<\/p>\n<p>33- <strong><a href=\"https:\/\/uenf.br\/posgraduacao\/biociencias-biotecnologia\/wp-content\/uploads\/sites\/12\/2023\/05\/DISSERTACAO-SAULO-PIREDA-FERNANDES.pdf\">SAULO PIREDA FERNANDES<\/a><\/strong><\/p>\n<p><strong>Data<\/strong>: 25\/11\/2013<\/p>\n<p><strong>T\u00edtulo<\/strong>: \u201cAN\u00c1LISE ESTRUTURAL E EFICI\u00caNCIA FOTOQU\u00cdMICA DE FOLHAS DE Schinus terebinthifolius RADDI. (ANACARDIACEAE) EM DOIS PERFIS FITOFISION\u00d4MICOS DE ECOSSISTEMA ASSOCIADO \u00c0 MATA ATL\u00c2NTICA\u201d<\/p>\n<p><strong>Orientador: <\/strong>Maura Da Cunha<\/p>\n<p><strong>Banca:<\/strong><\/p>\n<p>Guilherme Rodrigues Rabelo<\/p>\n<p>Eliemar Campostrini<\/p>\n<p>Catia Henriques Callado<\/p>\n<p>Claudete Santa Catarina<\/p>\n<p>&nbsp;<\/p>\n<p>_______________________________________________<\/p>\n<p>34- <a href=\"https:\/\/uenf.br\/posgraduacao\/biociencias-biotecnologia\/wp-content\/uploads\/sites\/12\/2020\/12\/Dissertacao-Mestrado-LIVIA-MAIA.pdf\">\u00a0<strong>LIVIA MAIA CRESPO<\/strong><\/a><\/p>\n<p><strong>Data<\/strong>: 16\/11\/2013<\/p>\n<p><strong>T\u00edtulo<\/strong>: \u201cAlbumina 2S de Jatropha curcas L.: caracteriza\u00e7\u00e3o estrutural e mapeamento de epitopos ligantes de IgE\u201d<\/p>\n<p><strong>Orientador: <\/strong>Olga Lima Tavares Machado<\/p>\n<p><strong>Banca:<\/strong><\/p>\n<p>Milton Masahiko Kanashiro<\/p>\n<p>Renato Augusto Damatta<\/p>\n<p>Ronaldo Da Silva Mohana Borges<\/p>\n<p>&nbsp;<\/p>\n<p>_______________________________________________<\/p>\n","protected":false},"excerpt":{"rendered":"<p>Disserta\u00e7\u00e3o de Mestrado Clique no autor para acessar a disserta\u00e7\u00e3o completa: 1- JOS\u00c9 PAULO MOTA FILHO Data: 22\/01\/2013 T\u00edtulo: \u201cIDENTIFICA\u00c7\u00c3O&#8230;<\/p>\n","protected":false},"author":25,"featured_media":0,"parent":277,"menu_order":0,"comment_status":"closed","ping_status":"closed","template":"","meta":{"footnotes":""},"class_list":["post-1806","page","type-page","status-publish","hentry"],"_links":{"self":[{"href":"https:\/\/uenf.br\/posgraduacao\/biociencias-biotecnologia\/wp-json\/wp\/v2\/pages\/1806","targetHints":{"allow":["GET"]}}],"collection":[{"href":"https:\/\/uenf.br\/posgraduacao\/biociencias-biotecnologia\/wp-json\/wp\/v2\/pages"}],"about":[{"href":"https:\/\/uenf.br\/posgraduacao\/biociencias-biotecnologia\/wp-json\/wp\/v2\/types\/page"}],"author":[{"embeddable":true,"href":"https:\/\/uenf.br\/posgraduacao\/biociencias-biotecnologia\/wp-json\/wp\/v2\/users\/25"}],"replies":[{"embeddable":true,"href":"https:\/\/uenf.br\/posgraduacao\/biociencias-biotecnologia\/wp-json\/wp\/v2\/comments?post=1806"}],"version-history":[{"count":0,"href":"https:\/\/uenf.br\/posgraduacao\/biociencias-biotecnologia\/wp-json\/wp\/v2\/pages\/1806\/revisions"}],"up":[{"embeddable":true,"href":"https:\/\/uenf.br\/posgraduacao\/biociencias-biotecnologia\/wp-json\/wp\/v2\/pages\/277"}],"wp:attachment":[{"href":"https:\/\/uenf.br\/posgraduacao\/biociencias-biotecnologia\/wp-json\/wp\/v2\/media?parent=1806"}],"curies":[{"name":"wp","href":"https:\/\/api.w.org\/{rel}","templated":true}]}}