{"id":1812,"date":"2020-12-01T14:56:51","date_gmt":"2020-12-01T17:56:51","guid":{"rendered":"http:\/\/uenf.br\/posgraduacao\/biociencias-biotecnologia\/?page_id=1812"},"modified":"2025-09-01T16:34:09","modified_gmt":"2025-09-01T19:34:09","slug":"ano-2011","status":"publish","type":"page","link":"https:\/\/uenf.br\/posgraduacao\/biociencias-biotecnologia\/teses-defendidas-2\/ano-2011\/","title":{"rendered":"Ano 2011"},"content":{"rendered":"<p><strong>Disserta\u00e7\u00e3o de Mestrado 2011:<\/strong><br \/>\n<strong>1-ANT\u00d4NIO FRANCISCO ALVES DA SILVA <\/strong><br \/>\n<strong>Data:<\/strong> 02\/02\/2011<\/p>\n<p><strong>T\u00edtulo:<\/strong> \u201cA RECOMBINA\u00c7\u00c3O PERICENTROM\u00c9RICA E O EST\u00c1GIO MEI\u00d3TICO DA N\u00c3O DISJUN\u00c7\u00c3O DO CROMOSSOMO 21 NA S\u00cdNDROME DE DOWN\u201d<br \/>\n<strong>Orientador:<\/strong> Enrique Medina Acosta<\/p>\n<p>_______________________________________________<br \/>\n<strong>2 &#8211; THATIANA LOPES BI\u00c1 VENTURA SIM\u00c3O <\/strong><br \/>\n<strong>Data:<\/strong> 17\/02\/2011<\/p>\n<p><strong>T\u00edtulo:<\/strong> \u201cATIVIDADE ANTI-INFLAMAT\u00d3RIA E ANTIMICOBACTERIANA DE ESP\u00c9CIES VEGETAIS OCORRENTES NO BRASIL COM \u00caNFASE EM CECROPIA PACHYSTACHYA E VOCHYSIA DIVERGENS\u201d<br \/>\n<strong>Orientador:<\/strong> Michelle Fraz\u00e3o Muzitano<\/p>\n<p>_______________________________________________<br \/>\n<strong>3 &#8211; WILLIAM RODRIGUES DE FREITAS<\/strong><br \/>\n<strong>Data:<\/strong> 17\/02\/2011<br \/>\n<strong>T\u00edtulo:<\/strong> \u201cEFEITOS ANTINEOPL\u00c1SICOS INDUZIDOS IN VITRO POR ISOQUINOLINO QUINONAS SINT\u00c9TICAS EM LINHAGENS DE C\u00c9LULAS TUMORAIS HUMANAS\u201d<br \/>\n<strong>Orientador:<\/strong> Milton Masahiko Kanashiro<br \/>\n<strong>Banca:<\/strong><br \/>\nAlba Luc\u00ednda Peixoto Rangel<br \/>\nOlney Vieira da Motta<br \/>\nMichelle Fraz\u00e3o Muzitano<br \/>\n_______________________________________________<br \/>\n<strong>4 &#8211; SCHEILA DE PAULA OLIVEIRA SIQUEIRA <\/strong><br \/>\n<strong>Data:<\/strong> 18\/02\/2011<\/p>\n<p><strong>T\u00edtulo:<\/strong> \u201cEFEITO DE DIFERENTES SUBST\u00c2NCIAS E DO ESTADO NUTRICIONAL DE LARVAS DE AEDES AEGYPTI SOBRE V H+-ATPASE DESTE VETOR\u201d<br \/>\n<strong>Orientador:<\/strong> Lev Alexandrovitch Okorokov<\/p>\n<p>_______________________________________________<br \/>\n<strong>5 &#8211; JULIANA COSTA DE AZEVEDO<\/strong><br \/>\n<strong>Data:<\/strong> 18\/02\/2011<br \/>\n<strong>T\u00edtulo:<\/strong> \u201cToxoplasma gondii INIBE A EXPRESS\u00c3O DA \u00d3XIDO NITRICO SINTASE INDUZIDA E A PRODU\u00c7\u00c3O DE \u00d3XIDO N\u00cdTRICO NA LINHAGEM DE C\u00c9LULA EPITELIA INTESTINAL IEC-6\u201d<br \/>\n<strong>Orientador:<\/strong> Renato Augusto DaMatta<br \/>\n<strong>Banca:<\/strong><br \/>\nS\u00e9rgio Henrique Seabra<br \/>\nArthur Giraldi Guimar\u00e3es<br \/>\nCl\u00f3vis de Paula Santos<br \/>\n_______________________________________________<br \/>\n<strong>6 &#8211; BRUNO CABRAL DE LIMA OLIVEIRA<\/strong><br \/>\n<strong>Data:<\/strong> 06\/04\/2011<br \/>\n<strong>T\u00edtulo:<\/strong> \u201cCONTRIBUI\u00c7\u00c3O DA METALOPROTEINASE DE MATRIZ 9 DE MACFR\u00d3GRAFOS INFECTADOS POR Toxoplasma gondii NOS PROCESSOS DE MIGRA\u00c7\u00c3O DESTAS C\u00c9LULAS\u201d<br \/>\n<strong>Orientador:<\/strong> Andrea Cristina Veto Arnholdt<br \/>\n<strong>Banca:<\/strong><br \/>\nFabiana Sim\u00e3o Machado<br \/>\nRenato Augusto DaMatta<br \/>\nMilton Masahiko Kanashiro<br \/>\n_______________________________________________<br \/>\n<strong>7 &#8211; CINTHIA BERNARDES GOMES<\/strong><br \/>\n<strong>Data:<\/strong> 28\/04\/2011<br \/>\n<strong>T\u00edtulo<\/strong>: \u201cDESENVOLVIMENTO DE MARCADORES TETRAM\u00c9TRICOS E PENTAM\u00c9TRICOS DE DNA MICROSSAT\u00c9LITE PARA A INVESTIGA\u00c7\u00c3O FORENSE EM EQUUS CABALLUS\u201d<br \/>\n<strong>Orientador:<\/strong> Enrique Medina-Acosta<br \/>\n<strong>Banca:<\/strong><br \/>\nJos\u00e9 Frederico Straggiotti Silva<br \/>\n\u00c2ngelo Burla Dias<br \/>\n\u00c1lvaro Fabr\u00edcio Lopes Rios<br \/>\n_______________________________________________<br \/>\n<strong>8 &#8211; GLAUCIENE PEREIRA BOTELHO <\/strong><br \/>\n<strong>Data:<\/strong> 30\/05\/2011<\/p>\n<p><strong>T\u00edtulo: <\/strong>&#8220;TESTE DE COMPOSTOS SINT\u00c9TICOS DO GRUPO DAS TIOSEMICARBAZONAS CONTRA TRYPANOSOMA CRUZI EXTRA E INTRACELULAR&#8221;<\/p>\n<p><strong>Orientador: <\/strong>Ed\u00e9sio Jos\u00e9 Ten\u00f3rio de Melo<\/p>\n<p><strong>Banca:\u00a0<\/strong>Fl\u00e1vio Miguens<\/p>\n<p>Darli Grativol<\/p>\n<p>Cristiane Carvalho de Souza<\/p>\n<p>&nbsp;<\/p>\n<p>_______________________________________________<br \/>\n<strong>9 &#8211; RENATA NOGUEIRA RIBEIRO GOMES<\/strong><br \/>\n<strong>Data:<\/strong> 06\/06\/2011<br \/>\n<strong>T\u00edtulo:<\/strong> \u201cLIBERA\u00c7\u00c3O DE FOSFATASE \u00c1CIDA POR C\u00c9LULAS TUMORAIS DE MELANOMA METAST\u00c1TICO: POTENCIAL PARA UM DIAGN\u00d3STICO DIFERENCIAL DA CAPACIDADE INVASIVA CELULAR\u201d<br \/>\n<strong>Orientador:<\/strong> Arnoldo Rocha Fa\u00e7anha \/ Nadir Francisca Sant\u2019ana<br \/>\n<strong>Banca:<\/strong><br \/>\nJos\u00e9 Roberto da Silva<br \/>\nCl\u00f3vis de Paula Santos<br \/>\nMilton Masahiko Kanashiro<br \/>\n_______________________________________________<br \/>\n<strong>10 &#8211; GISLAINE CARDOSO FORTUNATO<\/strong><br \/>\n<strong>Data:<\/strong>28\/06\/2011<br \/>\n<strong>T\u00edtulo:<\/strong> \u201cAVALIA\u00c7\u00c3O DO POTENCIAL BIOTECNOL\u00d3GICO DE LEVEDURAS ISOLADAS DA CANA DE A\u00c7\u00daCAR SACCHARUM SPP. PARA USO EM BIOFERTILIZANTES\u201d<br \/>\n<strong>Orientador:<\/strong> Anna Lvovna Okorokova Fa\u00e7anha<br \/>\n<strong>Banca:<\/strong><br \/>\nAna Cristina Dias Machado Lustoza<br \/>\nJos\u00e9 Roberto de Assis Ribeiro<br \/>\nMar\u00edlia Berbert de Molina<br \/>\n_______________________________________________<br \/>\n1<strong>1 &#8211; PATR\u00cdCIA LOUZADA RANGEL TERRA\u00a0<\/strong><br \/>\n<strong>Data:<\/strong> 30\/06\/2011<\/p>\n<p><strong>T\u00edtulo:<\/strong> \u201cATIVA\u00c7\u00c3O DOS MECANISMOS ASSOCIADOS \u00c0 RESPOSTA IMUNE EM ARABIDOPSIS THALIANA DURANTE A ASSOCIA\u00c7\u00c3O COM BACT\u00c9RIAS ENDOF\u00cdTICAS\u201d<br \/>\n<strong>Orientador:<\/strong> Dr. Gon\u00e7alo Apolin\u00e1rio de Souza Filho<\/p>\n<p>_______________________________________________<br \/>\n<strong>12 &#8211; LUANA PASSOS CRUZ<\/strong><br \/>\n<strong>Data:<\/strong> 17\/10\/2011<br \/>\n<strong>T\u00edtulo:<\/strong> \u201cDETEC\u00c7\u00c3O E ESTUDO DA ATIVIDADE ANTIMICROBIANA E INSETICIDA DE CULTIVARES RESISTENTES A PAT\u00d3GENOS EM SEMENTES DE FEIJ\u00c3O-DE-CORDA\u201d<br \/>\n<strong>Orientador:<\/strong> Valdirene Moreira Gomes<br \/>\n<strong>Banca:<\/strong><br \/>\nAnt\u00f4nia Elenir Am\u00e2ncio Oliveira<br \/>\nFl\u00e1via Borges Mury<br \/>\nJos\u00e9 Roberto da Silva<br \/>\n_______________________________________________<br \/>\n<strong>13 &#8211; MONIQUE CAMILA DA SILVA<\/strong><br \/>\n<strong>Data:<\/strong> 12\/12\/2011<br \/>\n<strong>T\u00edtulo:<\/strong> \u201cINFLU\u00caNCIA DA IgG BCG-ESPEC\u00cdFICA NA FAGOCITOSE DOS BACILOS E PRODU\u00c7\u00c3O DE \u00d3XIDO N\u00cdTRICO POR MACR\u00d3FAGOS\u201d<br \/>\n<strong>Orientador:<\/strong> Wilmar Dias da Silva \/ Elena Lassounkaia<br \/>\n<strong>Banca:<\/strong><br \/>\nMariana Novo Nunes Campos<br \/>\nAlba Luc\u00ednda Peixoto Rangel<br \/>\nMilton Masahiko Kanashiro<br \/>\n_______________________________________________<br \/>\n<strong>14 &#8211; ALINE MARTINS DE VITA<\/strong><br \/>\n<strong>Data:<\/strong> 19\/12\/2011<br \/>\n<strong>T\u00edtulo:<\/strong> \u201cAN\u00c1LISE COMPARATIVA DA HISTOMORFOLOGIA E DO CONTE\u00daDO DE POLIAMINAS EM CULTURA EMBRIOG\u00caNICAS E N\u00c3O EMBRIOG\u00caNICAS DE CANA-DE-A\u00c7\u00daCAR\u201d<br \/>\nOrientador: Vanildo Silveira \/ Claudete Santa Catarina<br \/>\n<strong>Banca:<\/strong><br \/>\nSonia Regina de Souza<br \/>\nMarco Antonio Lopes Cruz<br \/>\nVirginia Silva Carvalho<br \/>\n_______________________________________________<\/p>\n","protected":false},"excerpt":{"rendered":"<p>Disserta\u00e7\u00e3o de Mestrado 2011: 1-ANT\u00d4NIO FRANCISCO ALVES DA SILVA Data: 02\/02\/2011 T\u00edtulo: \u201cA RECOMBINA\u00c7\u00c3O PERICENTROM\u00c9RICA E O EST\u00c1GIO MEI\u00d3TICO DA&#8230;<\/p>\n","protected":false},"author":25,"featured_media":0,"parent":277,"menu_order":0,"comment_status":"closed","ping_status":"closed","template":"","meta":{"footnotes":""},"class_list":["post-1812","page","type-page","status-publish","hentry"],"_links":{"self":[{"href":"https:\/\/uenf.br\/posgraduacao\/biociencias-biotecnologia\/wp-json\/wp\/v2\/pages\/1812","targetHints":{"allow":["GET"]}}],"collection":[{"href":"https:\/\/uenf.br\/posgraduacao\/biociencias-biotecnologia\/wp-json\/wp\/v2\/pages"}],"about":[{"href":"https:\/\/uenf.br\/posgraduacao\/biociencias-biotecnologia\/wp-json\/wp\/v2\/types\/page"}],"author":[{"embeddable":true,"href":"https:\/\/uenf.br\/posgraduacao\/biociencias-biotecnologia\/wp-json\/wp\/v2\/users\/25"}],"replies":[{"embeddable":true,"href":"https:\/\/uenf.br\/posgraduacao\/biociencias-biotecnologia\/wp-json\/wp\/v2\/comments?post=1812"}],"version-history":[{"count":0,"href":"https:\/\/uenf.br\/posgraduacao\/biociencias-biotecnologia\/wp-json\/wp\/v2\/pages\/1812\/revisions"}],"up":[{"embeddable":true,"href":"https:\/\/uenf.br\/posgraduacao\/biociencias-biotecnologia\/wp-json\/wp\/v2\/pages\/277"}],"wp:attachment":[{"href":"https:\/\/uenf.br\/posgraduacao\/biociencias-biotecnologia\/wp-json\/wp\/v2\/media?parent=1812"}],"curies":[{"name":"wp","href":"https:\/\/api.w.org\/{rel}","templated":true}]}}