{"id":1819,"date":"2020-12-01T14:57:57","date_gmt":"2020-12-01T17:57:57","guid":{"rendered":"http:\/\/uenf.br\/posgraduacao\/biociencias-biotecnologia\/?page_id=1819"},"modified":"2025-08-27T14:58:08","modified_gmt":"2025-08-27T17:58:08","slug":"ano-2008","status":"publish","type":"page","link":"https:\/\/uenf.br\/posgraduacao\/biociencias-biotecnologia\/teses-defendidas-2\/ano-2008\/","title":{"rendered":"Ano 2008"},"content":{"rendered":"<p><strong>Disserta\u00e7\u00e3o de Mestrado 2008:<\/strong><br \/>\n<strong>1\u2013 ALINE CHAVES INTORNE <\/strong><br \/>\n<strong>Data:<\/strong> 15\/02\/2008<br \/>\n<strong>T\u00edtulo:<\/strong> \u201cIDENTIFICA\u00c7\u00c3O E CARACTERIZA\u00c7\u00c3O DE MUTANTES DEFECTIVOS DE GLUCONACETOBACTER DIAZOTROPHICUS NA SOLUBILIZA\u00c7\u00c3O DE FOSFATO E ZINCO\u201d<br \/>\n<strong>Orientador:<\/strong> Gon\u00e7alo Apolin\u00e1rio de Souza Filho<br \/>\n<strong>Banca:<\/strong> F\u00e1bio Lopes Olivares<br \/>\nVictor Martin Quintana Flores<br \/>\nJos\u00e9 Ivo Baldani<\/p>\n<p>_______________________________________________<br \/>\n<strong>2 \u2013 PAULA KAROLINA RANGEL AMORIM<\/strong><br \/>\n<strong>Data:<\/strong> 18\/02\/2008<br \/>\n<strong>T\u00edtulo:<\/strong> \u201cEFEITO DA CRIOPRESERVA\u00c7\u00c3O NO PERFIL PROTEICO E NA ATIVIDADE MANOSIDASICA DO S\u00caMEN EQUINO\u201d<br \/>\n<strong>Orientador:<\/strong> Maria Luisa L\u00f3pez Alvarez \/ Claudio Andr\u00e9s Retamal Martinez<br \/>\n<strong>Banca:<\/strong> Clovis Jos\u00e9 Pascarelli Souza<br \/>\nJos\u00e9 Frederico Straggiotti Silva<br \/>\nFl\u00e1vio Costa Miguens<br \/>\n_______________________________________________<br \/>\n<strong>3 \u2013 ANA CAROLINA TERRA MERCADANTE<\/strong><br \/>\n<strong>Data:<\/strong> 20\/02\/2008<br \/>\n<strong>T\u00edtulo:<\/strong> \u201cPRODU\u00c7\u00c3O DE ANTICORPOS MONOCLONAIS CONTRA COMPONENTES DE VENENO DE Lonomia obliqua E CARACTERIZA\u00c7\u00c3O PARCIAL DA LIPOCALINA ISOLADA\u201d<br \/>\n<strong>Orientador:<\/strong> Milton Masahiko Kanashiro<br \/>\n<strong>Banca:<\/strong> Jonas Enrique Aguilar Perales<br \/>\nK\u00e1tia Valeski Sales Fernandes<br \/>\nJorge Hudson Petrestki<br \/>\n_______________________________________________<br \/>\n<strong>4\u2013 THAISA FRANCIELLE DE SOUZA DOMINGOS<\/strong><br \/>\n<strong>Data:<\/strong> 20\/02\/2008<br \/>\n<strong>T\u00edtulo:<\/strong> \u201cATIVIDADE E CARACTERIZA\u00c7\u00c3O PARCIAL DE SUPER\u00d3XIDO DISMUTASE E CATALASE EM EPID\u00cdMO E S\u00caMEN DE EQUINOS (Equus caballus)\u201d<br \/>\n<strong>Orientador:<\/strong> Claudio Andr\u00e9s Retamal Mart\u00ednez \/ Maria Luisa L\u00f3pez Alvarez<br \/>\n<strong>Banca:<\/strong> Maria Clara Caldas Bussiere<br \/>\nRenato Augusto DaMatta<br \/>\nWanderley de Souza<br \/>\n_______________________________________________<br \/>\n<strong>5\u2013 MARCOS VINICIUS VIANA DE OLIVEIRA<\/strong><br \/>\n<strong>Data:<\/strong> 22\/02\/2008<br \/>\n<strong>T\u00edtulo:<\/strong> \u201cISOLAMENTO E CARACTERIZA\u00c7\u00c3O DE MUTANTES DE Gluconacetobacter diazotrophicus DEFECTIVOS PARA OSMOTOLER\u00c2NCIA\u201d<br \/>\n<strong>Orientador:<\/strong> Gon\u00e7alo Apolin\u00e1rio de Souza Filho<br \/>\n<strong>Banca:<\/strong> Anna Lvovna Okorokova Fa\u00e7anha<br \/>\nVictor Martin Quintana Flores<br \/>\nJean Luiz Sim\u00f5es de Araujo<br \/>\n_______________________________________________<br \/>\n<strong>6\u2013 RAQUEL JULIANA VIONETTE DO AMARAL<\/strong><br \/>\n<strong>Data:<\/strong> 27\/02\/2008<br \/>\n<strong>T\u00edtulo:<\/strong> \u201cEXPRESS\u00c3O DO GENE ARGONAUTA EM POPULA\u00c7\u00d5ES NATURAIS DE Aedes aegypti E A SUA RELA\u00c7\u00c3O COM RESPOSTA \u00c0 INFEC\u00c7\u00c3O VIRAL MEDIADA POR RNA\u201d<br \/>\n<strong>Orientador:<\/strong> Mar\u00edlvia Dansa de Alencar Petretski<br \/>\n<strong>Banca:<\/strong> Renato Augusto DaMatta<br \/>\nJorge Hernandez Fernandez<br \/>\nRicardo Nascimento Ara\u00fajo<br \/>\n_______________________________________________<br \/>\n<strong>7 \u2013 SYLVIO BOTELHO J\u00daNIOR <\/strong><br \/>\n<strong>Data:<\/strong> 06\/03\/2008<\/p>\n<p>T\u00edtulo: \u201cPURIFICA\u00c7\u00c3O PARCIAL DE INIBIDORES DE PROTEINASE SER\u00cdNICA INDUZIDOS EM FOLHAS DE MARACUJ\u00c1 (Passiflora flavicarpa) EM RESPOSTA AO TRATAMENTO COM METIL JASMONATO\u201d<br \/>\nOrientador: Tania Jacinto Freitas da Silva<\/p>\n<p>_______________________________________________<br \/>\n<strong>8 \u2013 LARA GON\u00c7ALVES PESSANHA<\/strong><br \/>\n<strong>Data:<\/strong> 28\/03\/2008<br \/>\n<strong>T\u00edtulo:<\/strong> \u201cOTIMIZA\u00c7\u00c3O DA COMPOSI\u00c7\u00c3O DO MEIO DE CULTIVO NA FERMENTA\u00c7\u00c3O DE CALDO DE CANA-DE-A\u00c7\u00daCAR POR Bacillus thuringiensis var. israelenses\u201d<br \/>\n<strong>Orientador:<\/strong> Mar\u00edlia Amorim Berbert de Molina<br \/>\n<strong>Banca:<\/strong> Arnaldo M\u00e1rcio Ramalho Prata<br \/>\nMar\u00edlvia Dansa A. Petretski<br \/>\nEnrique Medina-Acosta<br \/>\n_______________________________________________<br \/>\n<strong>9 \u2013 NATH\u00c1LIA CURTY DE ANDRADE<\/strong><br \/>\n<strong>Data:<\/strong> 28\/03\/2008<br \/>\n<strong>T\u00edtulo:<\/strong> \u201cIDENTIFICA\u00c7\u00c3O E CARACTERIZA\u00c7\u00c3O PARCIAL DE PROTEASES E SEUS SUBSTRATOS DE FLUIDO E EPIDIMIM\u00c1RIO DE Equus caballus\u201d<br \/>\n<strong>Orientador:<\/strong> Claudio Andr\u00e9s Retamal Mart\u00ednez \/ Maria Luisa L\u00f3pez Alvarez<br \/>\n<strong>Banca:<\/strong> Milton Masahiko Kanashiro<br \/>\nK\u00e1tia Valevski Sales Fernandes<br \/>\nMarco Ant\u00f4nio de Oliveira<br \/>\n_______________________________________________<br \/>\n<strong>10\u2013 RENAN GOMES TOLEDO<\/strong><br \/>\n<strong>Data:<\/strong> 04\/04\/2008<br \/>\n<strong>T\u00edtulo:<\/strong> \u201cINTERA\u00c7\u00d5ES ENTRE O FUNGO Paracoccidioides brasiliensis E O SISTEMA COMPLEMENTO: COMPARA\u00c7\u00c3O ENTRE CEPAS DE ALTA E DE BAIXA VIRUL\u00caNCIA\u201d<br \/>\n<strong>Orientador:<\/strong> Thereza Liberman Kipnis \/ Wilmar Dias da Silva<br \/>\n<strong>Banca:<\/strong> Milton Masahiko Kanashiro<br \/>\nMaria de F\u00e1tima Sarro da Silva<br \/>\nAnt\u00f4nio Carlos da Silva<br \/>\n_______________________________________________<br \/>\n<strong>11 \u2013 S\u00c9RGIO FERNANDES BONADIMAN<\/strong><br \/>\n<strong>Data:<\/strong> 20\/05\/2008<br \/>\n<strong>T\u00edtulo:<\/strong> \u201cULTRA-ESTRUTURA DE LEUC\u00d3CITOS, PERFIL HEMATOL\u00d3GICO E BIOQU\u00cdMICO S\u00c9RICO DE AVESTRUZES (Struthio camelus, Linnaeus 1758) CRIADAS NO ESTADO DO RIO DE JANEIRO\u201d<br \/>\n<strong>Orientador:<\/strong> Renato Augusto DaMatta<br \/>\n<strong>Banca:<\/strong> N\u00e1dia Regina Pereira Almosny<br \/>\nArthur Giraldi Guimar\u00e3es<br \/>\nMilton Masahiko Kanashiro<br \/>\n_______________________________________________<br \/>\n<strong>12\u2013 MARCELA SANTANA BASTOS BOECHAT <\/strong><br \/>\n<strong>Data:<\/strong> 21\/05\/2008<br \/>\n<strong>T\u00edtulo:<\/strong> \u201cPERFIL DE QUIMIOCINAS EM PACIENTES PORTADORES DE LES\u00c3O OCULAR DECORRENTE DE INFEC\u00c7\u00c3O PELO Toxoplasma gondii NO MUNIC\u00cdPIO DE CAMPOS DOS GOYTACAZES\u201d<br \/>\n<strong>Orientador:<\/strong> L\u00edlian Maria Garcia Bahia de Oliveira<br \/>\nBanca: Andrea Cristina Veto Arnholdt<br \/>\nOlney Vieira da Motta<br \/>\nRonald Bastos Freire<br \/>\n_______________________________________________<br \/>\n<strong>13\u2013 FILIPE BRUM MACHADO<\/strong><br \/>\n<strong>Data:<\/strong> 05\/06\/2008<br \/>\n<strong>T\u00edtulo<\/strong>: \u201cAN\u00c1LISE COMPREENSIVA DE MARCADORES STR NO CROMOSSOMO X HUMANO: APLICA\u00c7\u00d5ES NA GEN\u00c9TICA M\u00c9DICA E FORENSE\u201d<br \/>\n<strong>Orientador:<\/strong> Enrique Medina-Acosta<br \/>\n<strong>Banca:<\/strong> Ana Beatriz Garcia<br \/>\nRegina C\u00e9lia de Souza Campos Fernandes<br \/>\nTelma Nair Santana Pereira<br \/>\n_______________________________________________<br \/>\n<strong>14 \u2013 FRANZ VIANA BORGES<\/strong><br \/>\n<strong>Data:<\/strong> 18\/08\/2008<br \/>\n<strong>T\u00edtulo:<\/strong> \u201cAVALIA\u00c7\u00c3O IN VITRO DA ATIVIDADE ANTITUMORAL DE COMPOSTOS DE COORDENA\u00c7\u00c3O DE FERRO\u201d<br \/>\n<strong>Orientador<\/strong>: Milton Masahiko Kanashiro<br \/>\n<strong>Banca:<\/strong> Maur\u00edcio Afonso Vericimo<br \/>\nRenato Augusto DaMatta<br \/>\nMichelle Fraz\u00e3o Muzitano<br \/>\n_______________________________________________<br \/>\n<strong>15\u2013 CINTHIA FERREIRA COSTA <\/strong><br \/>\n<strong>Data:<\/strong> 10\/09\/2008<\/p>\n<p><strong>T\u00edtulo:<\/strong> \u201cEFEITOS MORFOL\u00d3GICOS E ULTRAESTRUTURAIS DE TIOSEMICARBAZONAS E SEUS DERIVADOS TAZOLIDINONICOS NA INVAS\u00c3O E SOBREVIV\u00caNCIA DE LEISHMANIA AMAZONENSIS EXTRACELULAR E INTRACELULAR\u201d<br \/>\n<strong>Orientador:<\/strong> Ed\u00e9sio Jos\u00e9 Ten\u00f3rio de Melo<\/p>\n<p>_______________________________________________<\/p>\n","protected":false},"excerpt":{"rendered":"<p>Disserta\u00e7\u00e3o de Mestrado 2008: 1\u2013 ALINE CHAVES INTORNE Data: 15\/02\/2008 T\u00edtulo: \u201cIDENTIFICA\u00c7\u00c3O E CARACTERIZA\u00c7\u00c3O DE MUTANTES DEFECTIVOS DE GLUCONACETOBACTER DIAZOTROPHICUS&#8230;<\/p>\n","protected":false},"author":25,"featured_media":0,"parent":277,"menu_order":0,"comment_status":"closed","ping_status":"closed","template":"","meta":{"footnotes":""},"class_list":["post-1819","page","type-page","status-publish","hentry"],"_links":{"self":[{"href":"https:\/\/uenf.br\/posgraduacao\/biociencias-biotecnologia\/wp-json\/wp\/v2\/pages\/1819","targetHints":{"allow":["GET"]}}],"collection":[{"href":"https:\/\/uenf.br\/posgraduacao\/biociencias-biotecnologia\/wp-json\/wp\/v2\/pages"}],"about":[{"href":"https:\/\/uenf.br\/posgraduacao\/biociencias-biotecnologia\/wp-json\/wp\/v2\/types\/page"}],"author":[{"embeddable":true,"href":"https:\/\/uenf.br\/posgraduacao\/biociencias-biotecnologia\/wp-json\/wp\/v2\/users\/25"}],"replies":[{"embeddable":true,"href":"https:\/\/uenf.br\/posgraduacao\/biociencias-biotecnologia\/wp-json\/wp\/v2\/comments?post=1819"}],"version-history":[{"count":0,"href":"https:\/\/uenf.br\/posgraduacao\/biociencias-biotecnologia\/wp-json\/wp\/v2\/pages\/1819\/revisions"}],"up":[{"embeddable":true,"href":"https:\/\/uenf.br\/posgraduacao\/biociencias-biotecnologia\/wp-json\/wp\/v2\/pages\/277"}],"wp:attachment":[{"href":"https:\/\/uenf.br\/posgraduacao\/biociencias-biotecnologia\/wp-json\/wp\/v2\/media?parent=1819"}],"curies":[{"name":"wp","href":"https:\/\/api.w.org\/{rel}","templated":true}]}}