{"id":1821,"date":"2020-12-01T14:58:19","date_gmt":"2020-12-01T17:58:19","guid":{"rendered":"http:\/\/uenf.br\/posgraduacao\/biociencias-biotecnologia\/?page_id=1821"},"modified":"2025-08-27T14:49:06","modified_gmt":"2025-08-27T17:49:06","slug":"ano-2007","status":"publish","type":"page","link":"https:\/\/uenf.br\/posgraduacao\/biociencias-biotecnologia\/teses-defendidas-2\/ano-2007\/","title":{"rendered":"Ano 2007"},"content":{"rendered":"<p><strong>Disserta\u00e7\u00e3o de Mestrado 2007:<\/strong><br \/>\n<strong>1 \u2013 L\u00cdVIA GOMES AMARAL<\/strong><br \/>\n<strong>Data:<\/strong> 30\/01\/2007<br \/>\n<strong>T\u00edtulo:<\/strong> \u201cPRODU\u00c7\u00c3O DE PROTE\u00cdNA ESPA RECOMBINANTE DE ESCHERICHIA COLI ENTEROPATOG\u00caNICA (EPEC): APLICA\u00c7\u00d5ES IMUNOBIOL\u00d3GICAS\u201d<br \/>\n<strong>Orientador:<\/strong> Enrique Medina-Acosta.<\/p>\n<p>_______________________________________________<br \/>\n<strong>2 \u2013 DANIELA GUEDES DA CRUZ<\/strong><br \/>\n<strong>Data:<\/strong> 29\/03\/2007<br \/>\n<strong>T\u00edtulo:<\/strong> \u201cDETERMINA\u00c7\u00c3O DA ATIVIDADE DE FOSFATASE \u00c1CIDA DURANTE A INTERA\u00c7\u00c3O PANAGRELLUS SP (NEMAT\u00d3IDE) E DUDDINGTONIA FLAGRANS (FUNGO NEMAT\u00d3FAGO)\u201d<br \/>\n<strong>Orientador:<\/strong> Cl\u00f3vis de Paula Santos<\/p>\n<p>_______________________________________________<br \/>\n<strong>3 \u2013 ANALIZ DE OLIVEIRA GAIO<\/strong><br \/>\n<strong>Data:<\/strong> 29\/03\/2007<br \/>\n<strong>T\u00edtulo:<\/strong> \u201cPURIFICA\u00c7\u00c3O DE SUBST\u00c2NCIAS T\u00d3XICAS DA PLANTA PHORADENDRON QUADRANGULARE E DO L\u00cdQUEN TELOCHISTES FLAVICANS CONTRA A LARVA DO MOSQUITO AEDES AEGYPTI\u201d<br \/>\n<strong>Orientador:<\/strong> Francisco Jos\u00e9 Alves Lemos \/ Ivo Jos\u00e9 Curcino Vieira<br \/>\n<strong>Banca:<\/strong> Jos\u00e9 Roberto da Silva<br \/>\nVanildo Silveira<br \/>\nAnt\u00f4nia Elenir A. Oliveira<br \/>\n_______________________________________________<br \/>\n<strong>4 \u2013 ELANE DA SILVA RIBEIRO<\/strong><br \/>\n<strong>Data:<\/strong> 29\/03\/2007<br \/>\n<strong>T\u00edtulo:<\/strong> \u201cEFEITOS DE PROTE\u00cdNAS DO TIPO VICILINA, LIGANTES DE INSULINA, SOBRE O DESENVOLVIMENTO DE PL\u00c2NTULAS DE CANAVALIA ENSIFORMIS (FABACEAE)\u201d<br \/>\n<strong>Orientador:<\/strong> Ant\u00f4nia Elenir Am\u00e2ncio Oliveira<\/p>\n<p>_______________________________________________<br \/>\n<strong>5\u2013 FL\u00c1VIA PAIVA DE FREITAS<\/strong><br \/>\n<strong>Data<\/strong>: 30\/03\/2007<br \/>\n<strong>T\u00edtulo:<\/strong> \u201cEFEITO DE MONOTERPENOS DE \u00d3LEOS ESSENCIAIS PRESENTES EM Alpinia speciosa, Cymbopogon citratus e Rosimarinus oficinalis SOBRE ATPases DE LARVAS DE Aedes aegypti\u201d<br \/>\n<strong>Orientador:<\/strong> Francisco Jos\u00e9 Alves Lemos \/ Arnoldo Rocha Fa\u00e7anha<br \/>\n<strong>Banca:<\/strong> Lev Alexandrovitch Okorokov<br \/>\nIvo Jos\u00e9 Curcino Vieira<br \/>\nJos\u00e9 Roberto da Silva<br \/>\n_______________________________________________<br \/>\n<strong>6\u2013 F\u00c1BIO MENEZES MACIEL <\/strong><br \/>\n<strong>Data:<\/strong> 30\/03\/2007<br \/>\n<strong>T\u00edtulo:<\/strong> \u201cIDENTIFICA\u00c7\u00c3O DE PROTEASES CISTE\u00cdNICAS ENVOLVIDAS EM PROCESSOS DE SINALIZA\u00c7\u00c3O E DEFESA EM Ricinus communis L.\u201d<br \/>\n<strong>Orientador<\/strong>: Olga Lima Tavares Machado<br \/>\n<strong>Banca:<\/strong> \u00c2ntonia Elenir Am\u00e2ncio Oliveira<br \/>\n\u00c2ngela Pierre Vit\u00f3ria<br \/>\nRodrigo Volcan Almeida<br \/>\n_______________________________________________<br \/>\n<strong>7 \u2013 JOSIANA GOMES DE ALMEIDA<\/strong><br \/>\n<strong>Data:<\/strong> 03\/04\/2007<br \/>\n<strong>T\u00edtulo:<\/strong> \u201cCARACTERIZA\u00c7\u00c3O DE UMA GLICOG\u00caNIO SINTASE QUINASE (GSK-3) DURANTE A FORMA\u00c7\u00c3O DOS EMBRI\u00d5ES DO CARRAPATO Rhipicephalus (Boophilus) microplus (Acari:Ixodidae)\u201d<br \/>\n<strong>Orientador:<\/strong> Carlos Jorge Logullo de Oliveira<br \/>\n<strong>Banca:<\/strong> Jos\u00e9 Roberto da Silva<br \/>\nAnna Lvovna O. Fa\u00e7anha<br \/>\nMarcos Henrique Sorgine<br \/>\n_______________________________________________<br \/>\n<strong>8\u2013 GUILHERME RODRIGUES RABELO<\/strong><br \/>\n<strong>Data:<\/strong> 04\/04\/2007<br \/>\n<strong>T\u00edtulo:<\/strong> \u201cEFEITOS DO CORTE SELETIVO DE MADEIRA SOBRE A ANATOMIA FOLIAR DE Alseis pickelli PILGER ET SHMALE (Rubiaceae) EM MATA DE TABULEIROS, RIO DE JANEIRO, BRASIL\u201d<br \/>\n<strong>Orientador:<\/strong> Maura da Cunha<br \/>\n<strong>Banca:<\/strong> \u00c2ngela Pierre Vit\u00f3ria<br \/>\nFabio Lopes de Olivares<br \/>\nGisele R\u00f4\u00e7as de Souza Fonseca<br \/>\n_______________________________________________<br \/>\n<strong>9 \u2013 PATR\u00cdCIA DE OLIVEIRA SANTOS<\/strong><br \/>\n<strong>Data:<\/strong> 10\/04\/2007<br \/>\n<strong>T\u00edtulo:<\/strong> \u201cTEGUMENTOS DE SEMENTES COMO BARREIRAS QU\u00cdMICAS DE DEFESA CONTRA O ATAQUE DO INSETO CALLOSOBRUCHUS MACULATUS E FUNGOS FITOPATOG\u00caNICOS\u201d<br \/>\n<strong>Orientador:<\/strong> Ant\u00f4nia Elenir Am\u00e2ncio Oliveira<\/p>\n<p>_______________________________________________<br \/>\n<strong>10 \u2013 MARI\u00c2NGELA DE SOUSA SANTOS DIZ<\/strong><br \/>\n<strong>Data:<\/strong> 27\/04\/2007<br \/>\n<strong>T\u00edtulo:<\/strong> \u201cISOLAMENTO E CARACTERIZA\u00c7\u00c3O DE UMA PROTE\u00cdNA TRANSPORTATODA DE LIP\u00cdDEO (LTP) DE SEMENTES DE PIMENTA\u201d<br \/>\n<strong>Orientador:<\/strong> Valdirene Moreira Gomes<br \/>\n<strong>Banca:<\/strong> Ana Gisele C. Neves Ferreira<br \/>\nAnt\u00f4nia Elenir Am\u00e2ncio Oliveira<br \/>\nMaura da Cunha<br \/>\n_______________________________________________<br \/>\n<strong>11 \u2013 GEISA PAULINO CAPRINI<\/strong><br \/>\n<strong>Data:<\/strong> 02\/05\/2007<br \/>\n<strong>T\u00edtulo:<\/strong> \u201cMETABOL\u00d4MICA DE PLANTAS: AN\u00c1LISE FITOQU\u00cdMICA DE Pentas lanceolata, ESTUDOS COM CULTURAS CELULARES E EXPERIMENTOS INICIAIS DE BIOSS\u00cdNTESE COM PERCUSSORES MARCADOS\u201d<br \/>\n<strong>Orientador:<\/strong> Jan Schripsema \/ Denise Saraiva Dagnino<br \/>\n<strong>Banca:<\/strong> F\u00e1bio Lopes Olivares<br \/>\nArnoldo Rocha Fa\u00e7anha<br \/>\nS\u00f4nia Soares Costa<br \/>\n_______________________________________________<br \/>\n<strong>12 \u2013 LUCIANA SANTOS BARBOSA MOURA<\/strong><br \/>\n<strong>Data:<\/strong> 05\/06\/2007<br \/>\n<strong>T\u00edtulo:<\/strong> \u201cAS DOEN\u00c7AS PERIODONTAIS NA INF\u00c2NCIA E ADOLESCENCIA SOB ENFOQUE S\u00d3CIO-ECON\u00d4MICO, NUTRICIONAL E IMUNOL\u00d3GICO\u201d<br \/>\n<strong>Orientador:<\/strong> L\u00edlian Maria Bahia Garcia de Oliveira.<\/p>\n<p>_______________________________________________<br \/>\n<strong>13 \u2013 SHAYANY PINTO F\u00c9LIX<\/strong><br \/>\n<strong>Data:<\/strong> 31\/07\/2007<br \/>\n<strong>T\u00edtulo:<\/strong> \u201cIDENTIFICA\u00c7\u00c3O DE EPITOPOS ALERG\u00caNICOSDE ALBUMINA 2S DE RICINUS COMMUNIS UTILIZANDO COMO MODELO ROEDORES E PACIENTES AT\u00d3PICOS: REA\u00c7\u00d5ES CRUZADAS COM AL\u00c9RGENOS ALIMENTARES E INALANTES E BLOQUEIO ATRAV\u00c9S DA OCUPA\u00c7\u00c3O DOS S\u00cdTIOS DE RECONHECIMENTO\u201d<br \/>\n<strong>Orientador:<\/strong> Dr Olga Lima Tavares Machado<\/p>\n<p>_______________________________________________<br \/>\n<strong>14 \u2013 MARCELLE RIBEIRO M. DE ANDRADE<\/strong><br \/>\n<strong>Data:<\/strong> 03\/08\/2007<br \/>\n<strong>T\u00edtulo:<\/strong> \u201cESTUDO DA INTERFER\u00caNCIA DA SINALIZA\u00c7\u00c3O ATRAV\u00c9S DE RECEPTORES Toll-similar e RECEPTORES DE MANOSE NA ATIVA\u00c7\u00c3ODOS MACR\u00d3FAGOS POR MICOBACT\u00c9RIA\u201d<br \/>\n<strong>Orientador:<\/strong> Elena Lassounskaia<br \/>\n<strong>Banca:<\/strong> Wilmar Dias da Silva<br \/>\nMilton Masahiko Kanashiro<br \/>\nMartha Maria Oliveira<br \/>\n_______________________________________________<br \/>\n<strong>15 \u2013 PATR\u00cdCIA CONCEI\u00c7\u00c3O DA CUNHA<\/strong><br \/>\n<strong>Data:<\/strong> 28\/08\/2007<br \/>\n<strong>T\u00edtulo:<\/strong> \u201cASPECTOS FISIOL\u00d3GICOS E BIOQU\u00cdCOS DA CISTATINA EM VIGNA VEXILLATA\u201d<br \/>\n<strong>Orientador:<\/strong> K\u00e1tia Valevski Sales Fernandes<\/p>\n<p>_______________________________________________<br \/>\n<strong>16\u2013 ENDERSON TADEU DE A. DOS ANJOS<\/strong><br \/>\n<strong>Data:<\/strong> 31\/08\/2007<br \/>\n<strong>T\u00edtulo:<\/strong> \u201cEXPRESS\u00c3O TRANSIENTE DA PROTE\u00cdNA EspA DE Escherichia coli ENTEROPATOG\u00caNICA(EPEC) EM Vigna unguiculata (L.) Walp VIA INFEC\u00c7\u00c3O COM O V\u00cdRUS DO MOSAICO DO FEIJ\u00c3O DE CORDA (CPMV)\u201d<br \/>\n<strong>Orientador:<\/strong> Enrique Medina-Acosta<br \/>\n<strong>Banca:<\/strong> Victor Martin Quitana Flores<br \/>\nAna Beatriz Garcia<br \/>\nAlexandre Ribeiro Bello<br \/>\n_______________________________________________<br \/>\n<strong>17\u2013 THIAGO SILVA FRAUCHES<\/strong><br \/>\n<strong>Data:<\/strong> 31\/08\/2007<br \/>\n<strong>T\u00edtulo:<\/strong> \u201cANTICORPOS MONOCLONIAS CONTRA OS PRINCIPAIS COMPONENTES T\u00d3XICOS DO VENENO DE BOTHROPS ATROX: UMA PERSPECTIVA NO USO TERAP\u00caUTICO\u201d<br \/>\n<strong>Orientador:<\/strong> Milton Masahiko Kanashiro<\/p>\n<p>_______________________________________________<br \/>\n<strong>18 \u2013 LUDMILLA CARVALHO RANGEL RESGALA <\/strong><br \/>\n<strong>Data:<\/strong> 26\/09\/2007<br \/>\n<strong>T\u00edtulo:<\/strong> \u201cO EFEITO DO ALUM\u00cdNIO DA DIN\u00c2MICA DA PAREDE CELULAR DA LEVEDURA DE FISS\u00c3O SCHIZOSACCHAROMYCES POMBE\u201d<br \/>\n<strong>Orientador:<\/strong> Anna Lvovna Okorokova Fa\u00e7anha<\/p>\n<p>_______________________________________________<br \/>\n<strong>19\u2013 FABIANO COSTA SANTILIANO<\/strong><br \/>\n<strong>Data: <\/strong>28\/09\/2007<br \/>\n<strong>T\u00edtulo:<\/strong> \u201cCLONAGEM E EXPRESS\u00c3O EM Echerichia coli DA PROTE\u00cdNA MATURA E DA TOXINA-1 DA S\u00cdNDROME DE CHOQUE TOX\u00cdCO, TSST-1, DE Staphylococcus aureus DE ORIGEM BUBALINA\u201d<br \/>\n<strong>Orientador:<\/strong> Enrique Medina Acosta<br \/>\n<strong>Banca:<\/strong> Regina C\u00e9lia de Souza C. Fernandes<br \/>\nMilton Masahiko Kanashiro<br \/>\nOlney Vieira da Motta<br \/>\n_______________________________________________<br \/>\n<strong>20 \u2013 SIMONE CRESPO MORAIS RIBEIRO<\/strong><br \/>\n<strong>Data:<\/strong> 27\/11\/2007<br \/>\n<strong>T\u00edtulo:<\/strong> \u201cCARACTERIZA\u00c7\u00c3O DE CEPAS DE MYCOBACTERIUM TUBERCULOSIS, DE GEN\u00d3TIPOS PREVALENTES NO BRASIL, QUANTO A VIRUL\u00caNCIA E A RESPOSTA DOS MACR\u00d3FAGOS A ESTAS MICOBACT\u00c9RIAS\u201d<br \/>\n<strong>Orientador:<\/strong> Elena Lassounskaia<br \/>\n<strong>Banca:<\/strong> Wilmar Dias da Silva<br \/>\nMar\u00edlia Amorim Berbert de Molina<br \/>\nPhilip Noel Suffys<br \/>\n_______________________________________________<br \/>\n<strong>21 \u2013 ALINE GUEDES COZENDEY<\/strong><br \/>\n<strong>Data:<\/strong> 18\/12\/2007<br \/>\n<strong>T\u00edtulo:<\/strong> \u201cUSO DOS EXTRATOS ETAN\u00d3LICOS DE ERVA-DOCE (PIMPINELLA ANISUM, APIACEAE) E GRAVIOLA (ANNONA MURICATA, ANNONECEAE) NA REDU\u00c7\u00c3O DAS LES\u00d5ES LOCAIS GERADAS PELO VENENO DE BOTHROPS ATROX\u201d<br \/>\n<strong>Orientador:<\/strong> Jorge Hudson Petretski<br \/>\n<strong>Banca:<\/strong> Wilmar Dias da Silva<br \/>\nElias Walter Alves<br \/>\nAndr\u00e9 Lopes Fuly<br \/>\n_______________________________________________<\/p>\n<p>&nbsp;<\/p>\n","protected":false},"excerpt":{"rendered":"<p>Disserta\u00e7\u00e3o de Mestrado 2007: 1 \u2013 L\u00cdVIA GOMES AMARAL Data: 30\/01\/2007 T\u00edtulo: \u201cPRODU\u00c7\u00c3O DE PROTE\u00cdNA ESPA RECOMBINANTE DE ESCHERICHIA COLI&#8230;<\/p>\n","protected":false},"author":25,"featured_media":0,"parent":277,"menu_order":0,"comment_status":"closed","ping_status":"closed","template":"","meta":{"footnotes":""},"class_list":["post-1821","page","type-page","status-publish","hentry"],"_links":{"self":[{"href":"https:\/\/uenf.br\/posgraduacao\/biociencias-biotecnologia\/wp-json\/wp\/v2\/pages\/1821","targetHints":{"allow":["GET"]}}],"collection":[{"href":"https:\/\/uenf.br\/posgraduacao\/biociencias-biotecnologia\/wp-json\/wp\/v2\/pages"}],"about":[{"href":"https:\/\/uenf.br\/posgraduacao\/biociencias-biotecnologia\/wp-json\/wp\/v2\/types\/page"}],"author":[{"embeddable":true,"href":"https:\/\/uenf.br\/posgraduacao\/biociencias-biotecnologia\/wp-json\/wp\/v2\/users\/25"}],"replies":[{"embeddable":true,"href":"https:\/\/uenf.br\/posgraduacao\/biociencias-biotecnologia\/wp-json\/wp\/v2\/comments?post=1821"}],"version-history":[{"count":0,"href":"https:\/\/uenf.br\/posgraduacao\/biociencias-biotecnologia\/wp-json\/wp\/v2\/pages\/1821\/revisions"}],"up":[{"embeddable":true,"href":"https:\/\/uenf.br\/posgraduacao\/biociencias-biotecnologia\/wp-json\/wp\/v2\/pages\/277"}],"wp:attachment":[{"href":"https:\/\/uenf.br\/posgraduacao\/biociencias-biotecnologia\/wp-json\/wp\/v2\/media?parent=1821"}],"curies":[{"name":"wp","href":"https:\/\/api.w.org\/{rel}","templated":true}]}}