{"id":1823,"date":"2020-12-01T14:58:40","date_gmt":"2020-12-01T17:58:40","guid":{"rendered":"http:\/\/uenf.br\/posgraduacao\/biociencias-biotecnologia\/?page_id=1823"},"modified":"2025-08-27T11:53:12","modified_gmt":"2025-08-27T14:53:12","slug":"ano-2006","status":"publish","type":"page","link":"https:\/\/uenf.br\/posgraduacao\/biociencias-biotecnologia\/teses-defendidas-2\/ano-2006\/","title":{"rendered":"Ano 2006"},"content":{"rendered":"<p><strong>Disserta\u00e7\u00e3o de Mestrado 2006:<\/strong><br \/>\n<strong>1\u2013 LUCIANA CORDEIRO DE ARA\u00daJO<\/strong><br \/>\n<strong>Data:<\/strong> 03\/02\/2006<\/p>\n<p><strong>T\u00edtulo:<\/strong> \u201cPREVAL\u00caNCIA DA INFEC\u00c7\u00c3O PELO HIV NO CENTRO DE TESTAGEM E ACONSELHAMENTO E TRANSMISS\u00c3O MATERNO-INFANTIL DO HIV NO MUNIC\u00cdPIO DE CAMPOS DOS GOYTACAZES-RJ\u201d<br \/>\n<strong>Orientador:<\/strong> Enrique Medina-Acosta \/ Regina C\u00e9lia De Souza Campos Fernandes<\/p>\n<p>_______________________________________________<br \/>\n<strong>2 \u2013\u00a0ELAINE CRISTINA DE PONTE MELO<\/strong><br \/>\n<strong>Data:<\/strong> 09\/02\/2006<\/p>\n<p><strong>T\u00edtulo:<\/strong> \u201cINCID\u00caNCIA DE LEIFSONIA XYLI SUBSP. XYLI EM \u00c1REAS DE MULTIPLICA\u00c7\u00c3O DE CANA-DE-A\u00c7UCAR NO ESP\u00cdRITO SANTO, OESTE MINEIRO E SUL DA BAHIA E DETERMINA\u00c7\u00c3O DO TAMANHO DE AMOSTRA PARA DETEC\u00c7\u00c3O SOROL\u00d3GICA DO PAT\u00d3GENO\u201d<br \/>\n<strong>Orientador:<\/strong> Silvaldo Felipe da Silveira<\/p>\n<p>_______________________________________________<br \/>\n<strong>3\u2013 IN\u00caS ALVES DA COSTA<\/strong><br \/>\n<strong>Data:<\/strong> 10\/02\/2006<br \/>\n<strong>T\u00edtulo:<\/strong> \u201cPURIFICA\u00c7\u00c3O E CARACTERIZA\u00c7\u00c3O PARCIAL DE UMA AMINOPEPTIDASE DO EPIT\u00c9LIO INTESTINAL DE Dysdercus peruvianus (HEMIPTERA:PYRRHOCORIDAE)\u201d<br \/>\n<strong>Orientador:<\/strong> Carlos Peres Silva<br \/>\n<strong>Banca:<\/strong> Renato Augusto DaMatta<br \/>\nRichard Ian Samuels<br \/>\nWalter Luiz Brasil Medeiros<br \/>\n_______________________________________________<br \/>\n<strong>4\u2013MARIA CRISTINA DE SOUZA<\/strong><br \/>\n<strong>Data:<\/strong> 07\/03\/2006<br \/>\n<strong>T\u00edtulo:<\/strong> \u201cAVALIA\u00c7\u00c3O DE VARI\u00c1VEIS BIOL\u00d3GICAS RELEVANTES NA DISTRIBUI\u00c7\u00c3O DE METAIS PESADOS EM TECIDO MUSCULAR DE Hoplias malabaricus (BLOCH, 1794), LAGOA DO CAMPELO, RJ\u201d<br \/>\n<strong>Orientador:<\/strong> Cristina Maria Magalh\u00e3es de Souza<br \/>\n<strong>Banca:<\/strong> Alexandre Gomes Ferreira<br \/>\nCarlos Eduardo Veiga de Carvalho<br \/>\nRonaldo Novelli<br \/>\n_______________________________________________<br \/>\n5\u2013 L\u00cdVIA MARINI PALMA<br \/>\n<strong>Data:<\/strong> 09\/03\/2006<\/p>\n<p><strong>T\u00edtulo:<\/strong> &#8220;O ENVOLVIMENTO DA Spf1 ATPase NA HOMEOSTASE DE C\u00c1LCIO NA LEVEDURA Saccharomyces cerevisiae&#8221;<br \/>\n<strong>Orientador:<\/strong> Anna L Okorokova Fa\u00e7anha<\/p>\n<p>_______________________________________________<br \/>\n<strong>6\u2013 L\u00cdLIAN ESTRELA BORGES<\/strong><br \/>\n<strong>Data:<\/strong> 17\/03\/2006<br \/>\n<strong>T\u00edtulo:<\/strong> \u201cCARACTERIZA\u00c7\u00c3O ESTRUTURAL DA ASSOCIA\u00c7\u00c3O EPIF\u00cdTICA E ENDOF\u00cdTICA ENTRE MICRORGANISMOS E PLANTAS EM UM AMBIENTE AGR\u00cdCOLA TROPICAL\u201d<br \/>\n<strong>Orientador:<\/strong> F\u00e1bio Lopes Olivares<br \/>\n<strong>Banca:<\/strong> Reginaldo da Silva Romeiro<br \/>\nJos\u00e9 Roberto Vieira J\u00fanior<br \/>\nFl\u00e1vio Costa Miguens<br \/>\n_______________________________________________<br \/>\n<strong>7\u2013 MARCELA BARBOSA DE FIGUEIREDO<\/strong><br \/>\n<strong>Data:<\/strong> 21\/03\/2006<br \/>\n<strong>T\u00edtulo:<\/strong> \u201cEFEITO DA ECDISONA E AZADIRACTINA SOBRE A RESPOSTA IMUNE CELULAR DE Rhodnius prolixus INOCULADOS COM Saccharomyces cerevisiae\u201d<br \/>\n<strong>Orientador:<\/strong> Patr\u00edcia de Azambuja Pena \/ Nadir Francisca Sant\u00b4anna<br \/>\n<strong>Banca:<\/strong> Marcelo Salabert Gonzalez<br \/>\nRenato Augusto DaMatta<br \/>\nFrancisco J. A. Lemos<br \/>\n_______________________________________________<br \/>\n<strong>8\u2013 EM\u00cdLIO DE CASTRO MIGUEL<\/strong><br \/>\n<strong>Data:<\/strong> 21\/03\/2006<\/p>\n<p><strong>T\u00edtulo:<\/strong> \u201cESTRUTURA DO COL\u00c9TER E BIOQU\u00cdMICA DA SECRE\u00c7\u00c3O DE BATHYSA NICHOLSONII K. SHUM.(RUBIACEAE)\u201d.<br \/>\n<strong>Orientador:<\/strong> Maura da Cunha<\/p>\n<p>_______________________________________________<br \/>\n<strong>9\u2013 WAGNER DE OLIVEIRA VITAL<\/strong><br \/>\n<strong>Data:<\/strong> 24\/03\/2006<br \/>\n<strong>T\u00edtulo:<\/strong> \u201cMETABOLISMO DE CLICOSE DURANTE A EMBRIOG\u00caNESE DO MOSQUITO Aedes aegypti (D\u00edptera: Culicidae)\u201d<br \/>\n<strong>Orientador:<\/strong> Carlos Logullo<br \/>\n<strong>Banca:<\/strong> Lagerblad de Oliveira<br \/>\nArnoldo Rocha Fa\u00e7anha<br \/>\nFrancisco Jos\u00e9 Alves Lemos<br \/>\n_______________________________________________<br \/>\n<strong>10\u2013 GABRIELA GOMES PESSANHA GESUALDI MESQUITA<\/strong><br \/>\n<strong>Data:<\/strong> 29\/03\/2006<br \/>\n<strong>T\u00edtulo:<\/strong> \u201cO V\u00cdRUS DO MOSAICO DO FEIJ\u00c3O-DE-CORDA COM VETOR PARA A EXPRESS\u00c3O TRANSIENTE DE FATORES DE VIRUL\u00caNCIA EM PLANTAS VIA AGROINFIL TRA\u00c7\u00c3O\u201d<br \/>\n<strong>Orientador:<\/strong> Enrique Medina-Acosta \/ Josane Mitman<br \/>\n<strong>Banca:<\/strong> Ricardo Enrique Bressan-Smith<br \/>\nEkkehard E. T. Hansen<br \/>\nRegina C\u00e9lia de Souza C. Fernandes<br \/>\n_______________________________________________<br \/>\n<strong>11\u2013 THA\u00cdS MOTTA GRANATO<\/strong><br \/>\n<strong>Data:<\/strong> 07\/04\/2006<br \/>\n<strong>T\u00edtulo:<\/strong> \u201cLOCALIZA\u00c7\u00c3O INTRACELULAR E REGULA\u00c7\u00c3O PELA GLICOSE in vivo DE P E V H+ -ATPases EM LEVEDURA\u201d<br \/>\n<strong>Orientador:<\/strong> Lev Alexandrovitch Okorokov<br \/>\n<strong>Banca:<\/strong> Fl\u00e1via Maria Lopes Passos<br \/>\nCl\u00e1udio Andr\u00e9s Retamal Martinez<br \/>\nOlga Lima Machado Tavares<br \/>\n_______________________________________________<br \/>\n<strong>12\u2013 ALEXANDRA MARTINS DOS SANTOS SOARES<\/strong><br \/>\n<strong>Data:<\/strong> 10\/04\/2006<br \/>\n<strong>T\u00edtulo:<\/strong> \u201cAN\u00c1LISE DA RESPOSTA ANTIOXIDATIVA EM PLANTAS DE Ricinus communis SUBMETIDAS AO ESTRESSE POR METIL JASMONATO\u201d<br \/>\n<strong>Orientador:<\/strong> Olga Lima Tavares Machado<br \/>\n<strong>Banca:<\/strong> Denise Guimar\u00e3es Freire<br \/>\nT\u00e2nia Jacinto Freitas da Silva<br \/>\nValdirene Moreira Gomes<br \/>\n_______________________________________________<br \/>\n<strong>13 \u2013 CAMILA CRUZ RIBEIRO<\/strong><br \/>\n<strong>Data:<\/strong> 19\/04\/2006<\/p>\n<p><strong>T\u00edtulo:<\/strong> \u201cA REGULA\u00c7\u00c3O DAS ATIVIDADES DAS CA2+-ATPASES E DOS TROCADORES CA2+\/H+ PELA GLICOSE EXTRACELULAR NA LEVEDURA SACCHAROMYCES CEREVISIAE\u201d<br \/>\n<strong>Orientador:<\/strong> Lev Alexandrovitch Okorokov<\/p>\n<p>_______________________________________________<br \/>\n<strong>14\u2013 ROBERTA PINHEIRO DE SOUZA<\/strong><br \/>\n<strong>Data:<\/strong> 24\/04\/2006<br \/>\n<strong>T\u00edtulo:<\/strong> \u201c DISTRIBUI\u00c7\u00c3O DE METAIS EM SEDIMENTOS DA BA\u00cdA DE GUANABARA (RIO DE JANEIRO)\u201d<br \/>\n<strong>Orientador:<\/strong> Carlos Eduardo de Rezende<br \/>\n<strong>Banca:<\/strong> Cristina Maria Magalh\u00e3es de Souza<br \/>\nEliane Gonzales Rodr\u00edguez<br \/>\nRodolfo Pinheiro da Rocha Paranhos<br \/>\n_______________________________________________<br \/>\n<strong>15\u2013 WENDEL CARLOS DE S\u00c1 AZEVEDO<\/strong><br \/>\n<strong>Data:<\/strong> 25\/04\/2006<br \/>\n<strong>T\u00edtulo:<\/strong> \u201c\u00d3PTICA INERENTE DE CINCO SISTEMAS AQU\u00c1TICOS CONTINENTAIS NO NORTE DO ESTADO DO RIO DE JANEIRO: UMA AVALIA\u00c7\u00c3O INTERSIST\u00caMICA\u201d<br \/>\n<strong>Orientador:<\/strong> Paulo Pedrosa Andrade<br \/>\n<strong>Banca:<\/strong> Alvaro Ramon C. Ovalle<br \/>\nLuiz Antonio Martinelli<br \/>\nMarina Satika Suzuki<br \/>\n_______________________________________________<br \/>\n<strong>16\u2013 ANNA ROSA BARRETO CARVALHO<\/strong><br \/>\n<strong>Data:<\/strong> 04\/05\/2006<br \/>\n<strong>T\u00edtulo:<\/strong> \u201cRECUPERA\u00c7\u00c3O DO SISTEMA DE FITOSECRE\u00c7\u00c3O pJVS VISANDO SUA UTILIZA\u00c7\u00c3O NA PRODU\u00c7\u00c3O DE PROTE\u00cdNAS HETE\u00d3LOGAS\u201d<br \/>\n<strong>Orientador:<\/strong> Ana Beatriz Garcia<br \/>\n<strong>Banca:<\/strong> Enrique Medina-Acosta<br \/>\nEkkehard E. Theodor Hansen<br \/>\nVictor Martin Quintana Flores<br \/>\nRegina C\u00e9lia de S. C. Fernandes<br \/>\n_______________________________________________<br \/>\n<strong>17\u2013 WENDEL DE MATTOS PMPILHO<\/strong><br \/>\n<strong>Data:<\/strong> 10\/05\/2006<br \/>\n<strong>T\u00edtulo:<\/strong> \u201cPURIFICA\u00c7\u00c3O E CARACTERIZA\u00c7\u00c3O DA LIPOFORINA DE LARVAS DA BROCA DA CANA-DE-A\u00c7\u00daCAR Diatrea saccharalis (LEPD\u00d3PTERA: PYRALIDAE) E SEU PAPEL NO TRANSPORTE DE LIP\u00cdDEOS NEUTROS\u201d<br \/>\n<strong>Orientador:<\/strong> Mar\u00edlvia Dansa de Alencar<br \/>\n<strong>Banca:<\/strong> Renato Augusto DaMatta<br \/>\nAd\u00e3o Valmir dos Santos<br \/>\nM\u00f4nica Ferreira Moreira<br \/>\n_______________________________________________<br \/>\n<strong>18\u2013 JULIANA MARIA DA COSTA LENZ C\u00c9ZAR<\/strong><br \/>\n<strong>Data:<\/strong> 24\/05\/2006<br \/>\n<strong>T\u00edtulo:<\/strong> \u201cFITOPL\u00c2NCTON DA LAGOA DE CIMA (CAMPOS DOS GOYTACAZES,RJ): DIN\u00c2MICA E RELA\u00c7\u00c3O COM FATORES AMBIENTAIS\u201d<br \/>\n<strong>Orientador:<\/strong> Paulo Pedrosa \/ Vera L\u00facia de M. Huszar<br \/>\n<strong>Banca:<\/strong> Carlos Eduardo de Rezende<br \/>\nLucia Helena Sampaio da Silva<br \/>\nMarina Satika Suzuki<br \/>\n_______________________________________________<br \/>\n<strong>19\u2013 DIOGO DE ABREU MEIRELES<\/strong><br \/>\n<strong>Data:<\/strong> 24\/05\/2006<\/p>\n<p><strong>T\u00edtulo:<\/strong> \u201cCONTROLE DE FLORA\u00c7\u00d5ES DE CIANOBACT\u00c9RIAS T\u00d3XICAS &#8211; BUSCA POR AUTO-INIBIDORES DE CRESCIMENTO EM MICROCYSTIS\u201d<br \/>\n<strong>Orientador:<\/strong> Denise Saraiva Dagnino<\/p>\n<p>_______________________________________________<br \/>\n<strong>20\u2013 CARLA DE SALES PESSANHA<\/strong><br \/>\n<strong>Data:<\/strong> 31\/07\/2006<br \/>\n<strong>T\u00edtulo:<\/strong> \u201cEFEITO \u201cin vitro\u201d DE TIOSEMICARBAZONAS E SEUS DERIVADOS TIAZOLIDIN\u00d4NICOS SOBRE O DESENVOLVIMENTO INTRACELULAR DO Toxoplasma gondii\u201d<br \/>\n<strong>Orientador:<\/strong> Ed\u00e9sio Jos\u00e9 Ten\u00f3rio de Melo<br \/>\n<strong>Banca:<\/strong> Maura da Cunha<br \/>\nOlga Lima Tavares Machado<br \/>\nUlysses Garcia Casado Lins<br \/>\n_______________________________________________<br \/>\n<strong>21\u2013 LUIZ RENATO MAIA MACIEL<\/strong><br \/>\n<strong>Data:<\/strong> 07\/08\/2006<br \/>\n<strong>T\u00edtulo:<\/strong> \u201cINFEC\u00c7\u00c3O POR Toxoplasma gondii AUMENTA A PRODU\u00c7\u00c3O DE PROTE\u00cdNAS PERITONEAIS QUE ALTERAM A FAGOCITODE DE LEVEDURAS POR MACR\u00d3FAGOS\u201d<br \/>\n<strong>Orientador:<\/strong> Renato Augusto DaMatta<br \/>\n<strong>Banca:<\/strong> Andrea Cristina Veto Arnholdt<br \/>\nMaria de F\u00e1tima Sarro da Silva<br \/>\nSergio Henrique Seabra<br \/>\n_______________________________________________<br \/>\n<strong>22\u2013 JUC\u00c9LIA DA SILVA ARA\u00daJO GIULI<\/strong><br \/>\n<strong>Data:<\/strong> 08\/08\/2006<br \/>\n<strong>T\u00edtulo:<\/strong> \u201cAVALIA\u00c7\u00c3O DOS EFEITOS PROVOCADOS POR METIL JASMONATO EM Ricinus communis Atrav\u00e9s de AN\u00c1LISES DO PERFIL PROT\u00c9ICO E RENDIMENTP FOTOSSINT\u00c9TICO\u201d<br \/>\n<strong>Orientador:<\/strong> Olga Lima Tavares Machado<br \/>\n<strong>Banca:<\/strong> Gilberto Barbosa Domont<br \/>\nRicardo Enrique Bressan-Smith<br \/>\nT\u00e2nia Jacinto Freitas da Silva<br \/>\n_______________________________________________<br \/>\n<strong>23\u2013 JO\u00c3O CL\u00c1UDIO DAMASCENO DE S\u00c1<\/strong><br \/>\n<strong>Data:<\/strong> 22\/08\/2006<br \/>\n<strong>T\u00edtulo:<\/strong> \u201cESTUDO DA S\u00cdNTASE DAS MEMBRANAS PERIMICROVILARES NO PERCEVEJO SUGADOR DE SEMENTES DE ALGOD\u00c3O Dysdercus peruvianus (Hemiptera: Pyrrhocoridae)\u201d<br \/>\n<strong>Orientador:<\/strong> Carlos Peres Silva<br \/>\n<strong>Banca:<\/strong> Francisco Jos\u00e9 Alves Lemos<br \/>\nMar\u00edlvia Dansa de Alencar Petretski<br \/>\nFernando Ariel Genta<br \/>\n_______________________________________________<br \/>\n<strong>24\u2013 THIAGO FREITAS DE SOUZA<\/strong><br \/>\n<strong>Data:<\/strong> 05\/09\/2006<br \/>\n<strong>T\u00edtulo:<\/strong> \u201cIDENTIFICA\u00c7\u00c3O E CARACTERIZA\u00c7\u00c3O PARCIAL DE PROTE\u00cdNAS FOSFATASES ENVOLVIDAS EM VIAS DE SINALIZA\u00c7\u00c3O ATOVADAS POR INJ\u00daRIA MEC\u00c2NICA EM PLANTAS DE Ricinus communis\u201d<br \/>\n<strong>Orientador:<\/strong> Olga Lima Tavares Machado<br \/>\n<strong>Banca:<\/strong> Reginaldo Ramos de Menezes<br \/>\nGon\u00e7alo Apolin\u00e1rio de Souza Filho<br \/>\nCl\u00e1udio Andr\u00e9s Rematal Martinez<br \/>\n_______________________________________________<br \/>\n<strong>25\u2013 FL\u00c1VIA BORGES MURY<\/strong><br \/>\n<strong>Data:<\/strong> 05\/09\/2006<br \/>\n<strong>T\u00edtulo:<\/strong> \u201cPAPEL DA \u03b1-GLICOSIDASE NA S\u00cdNTESE DE HEMOZO\u00cdNA EM Rhodnius prolixus (Hemiptera-Reduviidae)<br \/>\n<strong>Orientador:<\/strong> Mar\u00edlvia Dansa de Alencar Petretski \/ Jos\u00e9 Roberto da Silva<br \/>\n<strong>Banca:<\/strong> Carlos Jorge Logullo<br \/>\nValdirene Gomes<br \/>\nHatisaburo Masuda<br \/>\nMar\u00edlia Amorim Berbert de Molina<br \/>\n_______________________________________________<br \/>\n<strong>26\u2013 VER\u00d4NICA CALDAS SIQUEIRA<\/strong><br \/>\n<strong>Data:<\/strong> 12\/09\/2006<br \/>\nT\u00edtulo: \u201cGEOQU\u00cdMICA DE METAIS EM DEP\u00d3SITOS SEDIMENTARES DA BACIA DE CAMPOS, RIO DE JANEIRO\u201d<br \/>\n<strong>Orientador:<\/strong> Alvaro Ramon Coelho Ovalle<br \/>\n<strong>Banca:<\/strong> Carlos Eduardo Rezende<br \/>\nGlaucia Torres Aragon<br \/>\nMaria Eul\u00e1lia Rocha Carneiro<br \/>\n_______________________________________________<br \/>\n<strong>27\u2013 FELIPE ALMEIDA VIEIRA<\/strong><br \/>\n<strong>Data:<\/strong> 25\/09\/2006<br \/>\n<strong>T\u00edtulo:<\/strong> \u201cINDU\u00c7\u00c3O DA S\u00cdNTESE DE PROTE\u00cdNAS DE DEFESA EM PL\u00c2NTULAS DE FEIJ\u00c3O-DE-CORDA (Vigna unguiculata (L.) Walp.). INFECTADAS COM Fusarium oxyporum f. sp.phaseoli E Fusarium oxysporum f. sp. Cubense.\u201d<br \/>\n<strong>Orientador:<\/strong> Valdirene Moreira Gomes<br \/>\n<strong>Banca:<\/strong> Ant\u00f4nia Elenir Am\u00e2ncio Oliveira<br \/>\nMaria Raquel Alc\u00e2ntara de Miranda<br \/>\nRosana Rodrigues<br \/>\n_______________________________________________<br \/>\n<strong>28\u2013 GLAUBER MOTEIRO DIAS<\/strong><br \/>\n<strong>Data:<\/strong> 11\/10\/2006<br \/>\n<strong>T\u00edtulo<\/strong>: \u201cIDENTIFICA\u00c7\u00c3O E CARACTERIZA\u00c7\u00c3O DE PROTE\u00cdNAS DE ESPERMATOZOIDES EPIDIDIM\u00c1RIOS DE EQUUIS CABALLUS\u201d<br \/>\n<strong>Orientador:<\/strong> Cl\u00e1udio Andr\u00e9s Retamal Martinez \/ Maria Luisa L\u00f3pes Alvarez<br \/>\n<strong>Banca:<\/strong> Elias Walter Alves<br \/>\n\u00c2ngelo Jos\u00e9 Burla Dias<br \/>\nJonas Enrique Aguilar Perales<br \/>\n_______________________________________________<br \/>\n<strong>29\u2013 LUIZ CESAR ALI NOVAES FARIA<\/strong><br \/>\n<strong>Data:<\/strong> 10\/11\/2006<br \/>\n<strong>T\u00edtulo:<\/strong> \u201cUSO DE FERRAMENTAS DE BIOINFORM\u00c1TICA E SISTEMATIZA\u00c7\u00c3O MATEM\u00c1TICA NO ESTUDO DOS SISTEMAS DE TRANSPORTE DE C\u00c1TIONS EM FUNGOS E PLANTAS\u201d<br \/>\n<strong>Orientador:<\/strong> Arnoldo Rocha Fa\u00e7anha \/ Anna L. Okorokova Fa\u00e7anha<br \/>\n<strong>Banca:<\/strong> Carlile Campos Lavor<br \/>\nCarlos Jorge Logullo de Oliveira<br \/>\nEnrique Medina-Acosta<br \/>\nVictor Martin Quintana Flores<br \/>\n_______________________________________________<br \/>\n<strong>30\u2013 SUZANA DE F\u00c1TIMA FERREIRA RIBEIRO<\/strong><br \/>\n<strong>Data:<\/strong> 17\/11\/2006<br \/>\n<strong>T\u00edtulo:<\/strong> \u201cISOLAMENTO, CARACTERIZA\u00c7\u00c3O E ATIVIDADE ANTIMICROBIANA DE PEPT\u00cdDEOS DE SEMENTES DE PIMENTA (Capsicum annuum L.) SOBRE LEVEDURAS\u201d<br \/>\n<strong>Orientador:<\/strong> Valdirene Moreira Gomes<br \/>\n<strong>Banca:<\/strong> Elvira Carvajal<br \/>\nK\u00e1tia Valevski Sales Fernandes<br \/>\nAnna Okorokova Fa\u00e7anha<br \/>\n_______________________________________________<br \/>\n<strong>31\u2013 MARCELLE VIANNA DE CARVALHO UHL<\/strong><br \/>\n<strong>Data:<\/strong> 30\/11\/2006<br \/>\n<strong>T\u00edtulo:<\/strong> \u201cDESENVOLVIMENTO DE UM TESTE PILOTO PARA DETEC\u00c7\u00c3O DE ENTEROTOXINA C ESTAFILOC\u00d3CICA POR ALGUTINA\u00c7\u00c3O EM L\u00c1TEX E AVALIA\u00c7\u00c3O In vivo DE IMUNOTER\u00c1PICOS ANTI-ENTEROTOXINA C.\u201d<br \/>\n<strong>Orientador:<\/strong> Enrique Medina Acosta<br \/>\n<strong>Banca:<\/strong> Josane Mittmann<br \/>\nMilton Masahiko Kanashiro<br \/>\nAntonia Elenir A. Oliveira<br \/>\n_______________________________________________<br \/>\n<strong>32\u2013 FABR\u00cdZIO SIQUEIRA BONIOLO<\/strong><br \/>\n<strong>Data:<\/strong> 11\/12\/2006<br \/>\n<strong>T\u00edtulo:<\/strong> \u201cPAPEL D OSMOPROTETOR GLICINA BETA\u00cdNA NA RESPOSTA FISIOL\u00d3GIVA DE Gluconacetobacter diazotrophicus PAL5 AO ESTRESSE SALINO\u201d<br \/>\n<strong>Orientador:<\/strong> Victor Martin Q. Flores \/ Mar\u00edlia Amorim Berbert de Molina<br \/>\n<strong>Banca:<\/strong> F\u00e1bio Lopes Olivares<br \/>\nGon\u00e7alo Apolin\u00e1rio de S. Filho<br \/>\nArnaldo M\u00e1rcio Ramalho Prata<br \/>\n_______________________________________________<\/p>\n<p>&nbsp;<\/p>\n","protected":false},"excerpt":{"rendered":"<p>Disserta\u00e7\u00e3o de Mestrado 2006: 1\u2013 LUCIANA CORDEIRO DE ARA\u00daJO Data: 03\/02\/2006 T\u00edtulo: \u201cPREVAL\u00caNCIA DA INFEC\u00c7\u00c3O PELO HIV NO CENTRO DE&#8230;<\/p>\n","protected":false},"author":25,"featured_media":0,"parent":277,"menu_order":0,"comment_status":"closed","ping_status":"closed","template":"","meta":{"footnotes":""},"class_list":["post-1823","page","type-page","status-publish","hentry"],"_links":{"self":[{"href":"https:\/\/uenf.br\/posgraduacao\/biociencias-biotecnologia\/wp-json\/wp\/v2\/pages\/1823","targetHints":{"allow":["GET"]}}],"collection":[{"href":"https:\/\/uenf.br\/posgraduacao\/biociencias-biotecnologia\/wp-json\/wp\/v2\/pages"}],"about":[{"href":"https:\/\/uenf.br\/posgraduacao\/biociencias-biotecnologia\/wp-json\/wp\/v2\/types\/page"}],"author":[{"embeddable":true,"href":"https:\/\/uenf.br\/posgraduacao\/biociencias-biotecnologia\/wp-json\/wp\/v2\/users\/25"}],"replies":[{"embeddable":true,"href":"https:\/\/uenf.br\/posgraduacao\/biociencias-biotecnologia\/wp-json\/wp\/v2\/comments?post=1823"}],"version-history":[{"count":0,"href":"https:\/\/uenf.br\/posgraduacao\/biociencias-biotecnologia\/wp-json\/wp\/v2\/pages\/1823\/revisions"}],"up":[{"embeddable":true,"href":"https:\/\/uenf.br\/posgraduacao\/biociencias-biotecnologia\/wp-json\/wp\/v2\/pages\/277"}],"wp:attachment":[{"href":"https:\/\/uenf.br\/posgraduacao\/biociencias-biotecnologia\/wp-json\/wp\/v2\/media?parent=1823"}],"curies":[{"name":"wp","href":"https:\/\/api.w.org\/{rel}","templated":true}]}}