{"id":188,"date":"2014-02-11T18:33:20","date_gmt":"2014-02-11T18:33:20","guid":{"rendered":"http:\/\/uenf.br\/pos-graduacao\/biociencias-biotecnologia\/?page_id=188"},"modified":"2024-02-09T21:36:16","modified_gmt":"2024-02-10T00:36:16","slug":"competencias-do-colegiado","status":"publish","type":"page","link":"https:\/\/uenf.br\/posgraduacao\/biociencias-biotecnologia\/apresentacao\/colegiado-pgbb\/competencias-do-colegiado\/","title":{"rendered":"Compet\u00eancias da Comiss\u00e3o Coordenadora"},"content":{"rendered":"<p><b><span style=\"text-decoration: underline\"><span style=\"color: #056cb0;text-decoration: underline\">\u00c0 Comiss\u00e3o Coordenadora do Programa compete<\/span>: <\/span><\/b><\/p>\n<p>I &#8211; demandar\/sugerir as Disciplinas da \u00e1rea de concentra\u00e7\u00e3o ou linha de pesquisa, bem como as do dom\u00ednio conexo aprovadas pelo Laborat\u00f3rio e comunicar \u00e0 SECACAD para cadastro;<\/p>\n<p>II &#8211; estabelecer os requisitos espec\u00edficos do Programa;<\/p>\n<p>III &#8211; organizar instru\u00e7\u00f5es, normas ou regimentos espec\u00edficos do Programa, al\u00e9m de planos e projetos a serem submetidos \u00e0 aprecia\u00e7\u00e3o da CPPG;<\/p>\n<p>IV &#8211; informar \u00e0 PROPPG os nomes dos professores credenciados e descredenciados, bem como o seu n\u00edvel, segundo as regras estabelecidas pela CPPG, para homologa\u00e7\u00e3o na CPPG;<\/p>\n<p>V &#8211; informar aos Centros pertinentes o n\u00famero de vagas de P\u00f3s-Gradua\u00e7\u00e3o do Programa para aprova\u00e7\u00e3o e encaminhamento \u00e0 CPPG;<\/p>\n<p>VI &#8211; coordenar a sele\u00e7\u00e3o de Candidatos qualificados para admiss\u00e3o no Programa, podendo designar para tal uma comiss\u00e3o especial constitu\u00edda por professores credenciados pelo Programa;<\/p>\n<p>VII &#8211; estabelecer normas para funcionamento de Semin\u00e1rios e indicar seu Coordenador;<\/p>\n<p>VIII &#8211; aprovar a indica\u00e7\u00e3o de orientadores e, quando aplic\u00e1vel, os Planos de Estudos;<\/p>\n<p>IX &#8211; aprovar a constitui\u00e7\u00e3o de bancas de exame de projeto de disserta\u00e7\u00e3o ou de tese, de exame de qualifica\u00e7\u00e3o e defesa de disserta\u00e7\u00e3o ou de tese;<\/p>\n<p>X &#8211; propor \u00e0 CPPG o desligamento de estudantes do Programa, por motivos acad\u00eamicos ou disciplinares;<\/p>\n<p>XI &#8211; indicar \u00e0 CPPG os Candidatos selecionados ao Programa, destacando em ordem de classifica\u00e7\u00e3o aqueles que poder\u00e3o pleitear bolsas de estudo de acordo com as normas vigentes;<\/p>\n<p>XII &#8211; apreciar ou propor conv\u00eanios ou ajustes de coopera\u00e7\u00e3o de car\u00e1ter acad\u00eamico ou financeiro, para suporte ou desenvolvimento do Programa;<\/p>\n<p>XIII &#8211; receber, apreciar, deliberar e encaminhar sugest\u00f5es, reclama\u00e7\u00f5es, representa\u00e7\u00f5es ou recursos, de estudantes ou professores, sobre qualquer assunto de natureza did\u00e1tico-cient\u00edfica, pertinentes ao Programa;<\/p>\n<p>XIV &#8211; indicar \u00e0 CPPG os Candidatos em condi\u00e7\u00f5es de receber t\u00edtulos de P\u00f3s-Gradua\u00e7\u00e3o;<\/p>\n<p>XV &#8211; atuar como \u00f3rg\u00e3o informativo e consultivo da CPPG;<\/p>\n<p>XVI &#8211; deliberar sobre a prorroga\u00e7\u00e3o do prazo de conclus\u00e3o da P\u00f3s-Gradua\u00e7\u00e3o como previsto no CAP\u00cdTULO I, Art. 3\u00ba e informar \u00e0 SECACAD, em tempo h\u00e1bil para viabiliza\u00e7\u00e3o da matr\u00edcula.<\/p>\n<p><b>\u00a0<\/b><\/p>\n","protected":false},"excerpt":{"rendered":"<p>\u00c0 Comiss\u00e3o Coordenadora do Programa compete: I &#8211; demandar\/sugerir as Disciplinas da \u00e1rea de concentra\u00e7\u00e3o ou linha de pesquisa, bem&#8230;<\/p>\n","protected":false},"author":25,"featured_media":0,"parent":59,"menu_order":1,"comment_status":"closed","ping_status":"open","template":"","meta":{"footnotes":""},"class_list":["post-188","page","type-page","status-publish","hentry"],"_links":{"self":[{"href":"https:\/\/uenf.br\/posgraduacao\/biociencias-biotecnologia\/wp-json\/wp\/v2\/pages\/188","targetHints":{"allow":["GET"]}}],"collection":[{"href":"https:\/\/uenf.br\/posgraduacao\/biociencias-biotecnologia\/wp-json\/wp\/v2\/pages"}],"about":[{"href":"https:\/\/uenf.br\/posgraduacao\/biociencias-biotecnologia\/wp-json\/wp\/v2\/types\/page"}],"author":[{"embeddable":true,"href":"https:\/\/uenf.br\/posgraduacao\/biociencias-biotecnologia\/wp-json\/wp\/v2\/users\/25"}],"replies":[{"embeddable":true,"href":"https:\/\/uenf.br\/posgraduacao\/biociencias-biotecnologia\/wp-json\/wp\/v2\/comments?post=188"}],"version-history":[{"count":0,"href":"https:\/\/uenf.br\/posgraduacao\/biociencias-biotecnologia\/wp-json\/wp\/v2\/pages\/188\/revisions"}],"up":[{"embeddable":true,"href":"https:\/\/uenf.br\/posgraduacao\/biociencias-biotecnologia\/wp-json\/wp\/v2\/pages\/59"}],"wp:attachment":[{"href":"https:\/\/uenf.br\/posgraduacao\/biociencias-biotecnologia\/wp-json\/wp\/v2\/media?parent=188"}],"curies":[{"name":"wp","href":"https:\/\/api.w.org\/{rel}","templated":true}]}}