{"id":191,"date":"2014-02-11T18:50:31","date_gmt":"2014-02-11T20:50:31","guid":{"rendered":"http:\/\/uenf.br\/pos-graduacao\/biociencias-biotecnologia\/?page_id=191"},"modified":"2024-07-05T11:35:45","modified_gmt":"2024-07-05T14:35:45","slug":"prorrogacao-de-prazos","status":"publish","type":"page","link":"https:\/\/uenf.br\/posgraduacao\/biociencias-biotecnologia\/prorrogacao-de-prazos\/","title":{"rendered":"Prorroga\u00e7\u00e3o de Prazos de Defesas"},"content":{"rendered":"<p>A Comiss\u00e3o Coordenadora do PPGBB \u00e9 criteriosa na avalia\u00e7\u00e3o e concess\u00e3o de prorroga\u00e7\u00f5es, por entender que isto pode interferir na avalia\u00e7\u00e3o do Programa na CAPES, no item \u201ctempo de titula\u00e7\u00e3o\u201d. Clique nos link abaixo para obter as informa\u00e7\u00f5es sobre cada tipo de prorroga\u00e7\u00e3o:<\/p>\n<ul>\n<li><span style=\"color: #046ab8\"><strong><a style=\"color: #046ab8\" href=\"https:\/\/uenf.br\/posgraduacao\/biociencias-biotecnologia\/prorrogacao-de-prazos\/prorrogacao-de-tese-dissertacao\/\">Prorroga\u00e7\u00e3o de Tese\/Disserta\u00e7\u00e3o\u00a0<\/a><\/strong><\/span><\/li>\n<li><span style=\"color: #046ab8\"><strong><a style=\"color: #046ab8\" href=\"https:\/\/uenf.br\/posgraduacao\/biociencias-biotecnologia\/prorrogacao-de-prazos\/projeto-de-tese\/\">Prorroga\u00e7\u00e3o de Projeto<\/a>\u00a0<\/strong><\/span><\/li>\n<li><span style=\"color: #046ab8\"><a style=\"color: #046ab8\" href=\"https:\/\/uenf.br\/posgraduacao\/biociencias-biotecnologia\/normas-para-defesas-2\/exame-de-qualificacao\/\"><strong>Prorroga\u00e7\u00e3o do Exame de Qualifica\u00e7\u00e3o<\/strong><\/a><\/span><\/li>\n<\/ul>\n<div class=\"page\" title=\"Page 2\">\n<div class=\"layoutArea\">\n<div class=\"column\">\n<p>&nbsp;<\/p>\n<\/div>\n<\/div>\n<\/div>\n","protected":false},"excerpt":{"rendered":"<p>A Comiss\u00e3o Coordenadora do PPGBB \u00e9 criteriosa na avalia\u00e7\u00e3o e concess\u00e3o de prorroga\u00e7\u00f5es, por entender que isto pode interferir na&#8230;<\/p>\n","protected":false},"author":25,"featured_media":0,"parent":0,"menu_order":11,"comment_status":"open","ping_status":"closed","template":"","meta":{"footnotes":""},"class_list":["post-191","page","type-page","status-publish","hentry"],"_links":{"self":[{"href":"https:\/\/uenf.br\/posgraduacao\/biociencias-biotecnologia\/wp-json\/wp\/v2\/pages\/191","targetHints":{"allow":["GET"]}}],"collection":[{"href":"https:\/\/uenf.br\/posgraduacao\/biociencias-biotecnologia\/wp-json\/wp\/v2\/pages"}],"about":[{"href":"https:\/\/uenf.br\/posgraduacao\/biociencias-biotecnologia\/wp-json\/wp\/v2\/types\/page"}],"author":[{"embeddable":true,"href":"https:\/\/uenf.br\/posgraduacao\/biociencias-biotecnologia\/wp-json\/wp\/v2\/users\/25"}],"replies":[{"embeddable":true,"href":"https:\/\/uenf.br\/posgraduacao\/biociencias-biotecnologia\/wp-json\/wp\/v2\/comments?post=191"}],"version-history":[{"count":0,"href":"https:\/\/uenf.br\/posgraduacao\/biociencias-biotecnologia\/wp-json\/wp\/v2\/pages\/191\/revisions"}],"wp:attachment":[{"href":"https:\/\/uenf.br\/posgraduacao\/biociencias-biotecnologia\/wp-json\/wp\/v2\/media?parent=191"}],"curies":[{"name":"wp","href":"https:\/\/api.w.org\/{rel}","templated":true}]}}