{"id":1959,"date":"2020-12-04T21:10:35","date_gmt":"2020-12-05T00:10:35","guid":{"rendered":"https:\/\/uenf.br\/posgraduacao\/biociencias-biotecnologia\/?page_id=1959"},"modified":"2025-08-27T09:43:32","modified_gmt":"2025-08-27T12:43:32","slug":"ano-1999","status":"publish","type":"page","link":"https:\/\/uenf.br\/posgraduacao\/biociencias-biotecnologia\/teses-defendidas-2\/ano-1999\/","title":{"rendered":"Ano 1999"},"content":{"rendered":"<p><strong>Disserta\u00e7\u00e3o de mestrado 1999:<\/strong><br \/>\n<strong>1 \u2013 SARAH JANE DE SOUZA DOMINGUES<\/strong><br \/>\n<strong>Data:<\/strong> 03\/1999<br \/>\n<strong>T\u00edtulo:<\/strong> \u201cAN\u00c1LISES BIOQU\u00cdMICAS DA INFLU\u00caNCIA POSITIVA DE TECIDOS DO EIXO HIPOC\u00d3TILO-RAD\u00cdCULA DE SEMENTES DE FEIJ\u00c3O-DE-CORDA SOBRE A SOBREVIV\u00caNCIA DE LARVAS DE Callosobruchus maculatus\u201d<br \/>\n<strong>Orientador:<\/strong> Jos\u00e9 Xavier Filho<br \/>\n______________________________________________________________________<br \/>\n<strong>2 \u2013 PATR\u00cdCIA DAMASCENO RIBEIRO<\/strong><br \/>\n<strong>Data:<\/strong> 27\/04\/1999<br \/>\n<strong>T\u00edtulo:<\/strong> \u201cDESENVOLVIMENTO DE NOVA METODOLOGIA DE SEQ\u00dcENCIAMENTO DE PROTE\u00cdNAS A PARTIR DA EXTREMIDADE CARBOXI-TERMINAL\u201d<br \/>\n<strong>Orientador:<\/strong> Olga Lima Tavares Machado<br \/>\n______________________________________________________________________<br \/>\n<strong>3 \u2013 FL\u00c1VIA LIMA RIBEIRO GOMES<\/strong><br \/>\n<strong>Data:<\/strong> 15\/06\/1999<br \/>\n<strong>T\u00edtulo:<\/strong> \u201cINFLUXO E REMO\u00c7\u00c3O DE NEUTR\u00d3FILOS NA POLARIZA\u00c7\u00c3O DA RESPOSTA IMUNE INATA CONTRA LEISHMANIA MAJOR\u201d<br \/>\n<strong>Orientador:<\/strong> Andrea Cristina Veto Arnholdt<br \/>\n<strong>Banca:<\/strong> L\u00edlian Maria G. B. de Oliveira<br \/>\nRenato Augusto DaMatta<br \/>\nCl\u00e1udia Ida Brodskyn<br \/>\n______________________________________________________________________<br \/>\n<strong>4 \u2013 EZEQUIEL MORAIS DOS SANTOS<\/strong><br \/>\n<strong>Data:<\/strong> 12\/07\/1999<br \/>\n<strong>T\u00edtulo:<\/strong> \u201cESTRUTURA POPULACIONAL DE SYPHONIA GLOBULIFERA L. f. (CLUSIAEAE) EM FRAGMENTOS DE MATA ALAGADA NAS RESERVAS BIOL\u00d3GICAS DO PO\u00c7O DAS ANTAS E UNI\u00c3O -RJ\u201d<br \/>\n<strong>Orientador:<\/strong> Prof. Marcelo Trindade Nascimento<br \/>\n<strong>Banca:<\/strong> Dr. John Du Vall Hay \u2013 UNB<br \/>\nDr\u00aa. Dora M. Villela \u2013 LCA \u2013 UENF<br \/>\nDr. Carlos Ramon Ruiz Miranda \u2013 LCA \u2013 UENF<br \/>\n_____________________________________________________________________<br \/>\n<strong>5 \u2013 S\u00c9RGIO HENRIQUE SEABRA<\/strong><br \/>\n<strong>Data:<\/strong> 09\/1999<br \/>\n<strong>T\u00edtulo:<\/strong> \u201cCaracteriza\u00e7\u00e3o da inibi\u00e7\u00e3o da produ\u00e7\u00e3o de \u00f3xido n\u00edtrico na intera\u00e7\u00e3o de macr\u00f3fagos de camundongo com Toxoplasma gondii\u201d<br \/>\n<strong>Orientador:<\/strong> Renato Augusto DaMatta<br \/>\n______________________________________________________________________<br \/>\n<strong>6 \u2013 SELMO MOTTA DO NASCIMENTO<\/strong><br \/>\n<strong>Data:<\/strong> 18\/11\/1999<br \/>\n<strong>T\u00edtulo:<\/strong> \u201cPLASTICIDADE FENOT\u00cdPICA EM DUAS ESP\u00c9CIES DE CYPRINODONTIFORMES (PISCES) DA LAGOA DE GRUSSA\u00cd, S\u00c3O J\u00d5AO DA BARRA, RJ\u201d<br \/>\n<strong>Orientador:<\/strong> Prof\u00aa Dra. Neuza Rejane Wille Lima \u2013 UENF<br \/>\n<strong>Banca:<\/strong> Prof. Katharina Eichbaum Esteves<br \/>\nProf. Dalcio Ricardo Andrade \u2013 UENF<br \/>\nCarlos Ruiz Miranda \u2013 UENF<br \/>\n______________________________________________________________________<br \/>\n<strong>7 \u2013 D\u00c9BORAH MONTEIRO DA GAMA<\/strong><br \/>\n<strong>Data:<\/strong> 23\/11\/1999<br \/>\n<strong>T\u00edtulo:<\/strong> \u201cAPORTE DE SERRAPILHEIRA DE UM REMANESCENTE DE MATA ATL\u00c2NTICA PARA DOIS C\u00d3RREGOS NA SERRA DO IMB\u00c9, NORTE FLUMINENSE\u201d<br \/>\n<strong>Orientador:<\/strong> Dr\u00aa Dora Maria Villela<br \/>\n<strong>Banca:<\/strong> Dr. Rog\u00e9rio de Oliveira \u2013 FEEMA<br \/>\nDr. Marcelo Trindade Nascimento \u2013 UENF<br \/>\nDr. Alvaro Ramon Coelho Ovalle \u2013 UENF<\/p>\n<p>______________________________________________________________________<br \/>\n<strong>8 \u2013 MAUR\u00cdCIO MUSSI MOLISANI<\/strong><br \/>\n<strong>Data:<\/strong> 13\/12\/1999<br \/>\n<strong>T\u00edtulo<\/strong>: \u201cGEOQU\u00cdMICA DE METAIS PESADOS ASSOCIADOS AO SEDIMENTO DE FUNDO DA POR\u00c7\u00c3O INFERIOR E ESTU\u00c1RIO INTERNO DO RIO PARA\u00cdBA DO SUL,RJ\u201d<br \/>\n<strong>Orientador<\/strong>: \u00c1lvaro Ramon C. Ovalle<br \/>\n<strong>Banca:<\/strong> Antonio Aparecido Mozeto<br \/>\nCarlos Eduardo Rezende<br \/>\nCristina Maria Magalh\u00e3es de Souza<br \/>\n______________________________________________________________________<br \/>\n<strong>9 \u2013 M\u00d4NICA APARECIDA LEITE DA SILVA<\/strong><br \/>\n<strong>Data:<\/strong> 14\/12\/1999<br \/>\n<strong>T\u00edtulo:<\/strong> \u201cACUMULA\u00c7\u00c3O DE SENDIMENTO E DISTRIBUI\u00c7\u00c3O DE MAT\u00c9RIA ORG\u00c2NICA E METAIS PESADOS EM PERFIS SEDIMENTARES DA LAGOA DE CIMA, CAMPOS, RJ\u201d<br \/>\n<strong>Orientador:<\/strong> Carlos Eduardo Rezende<br \/>\n<strong>Banca<\/strong>: Alvaro Ramon Coelho Ovalle<br \/>\nJos\u00e9 Marcos Godoy<br \/>\nClaudia Calasans Veiga de Carvalho<br \/>\n______________________________________________________________________<br \/>\n<strong>10 \u2013 MARCOS SARMET MOREIRA DE BARROS SALOM\u00c3O<\/strong><br \/>\n<strong>Data:<\/strong> 14\/12\/1999<br \/>\n<strong>T\u00edtulo:<\/strong> \u201cDIN\u00c2MICA DE METAIS PESADOS NAS FRA\u00c7\u00d5ES PARTICULADA E DISSOLVIDA NA PRO\u00c7\u00c3O INFERIOR DO RIO PARA\u00cdBA DO SUL, CAMPOS, RJ\u201d<br \/>\n<strong>Orientador:<\/strong> \u00c1lvaro Ramon Coelho Ovalle<br \/>\n<strong>Banca:<\/strong> Carlos Eduardo Rezende<br \/>\nGlauca Torres Aragon<br \/>\nCristina Maria Magalh\u00e3es de Souza<br \/>\n______________________________________________________________________<\/p>\n<p>&nbsp;<\/p>\n","protected":false},"excerpt":{"rendered":"<p>Disserta\u00e7\u00e3o de mestrado 1999: 1 \u2013 SARAH JANE DE SOUZA DOMINGUES Data: 03\/1999 T\u00edtulo: \u201cAN\u00c1LISES BIOQU\u00cdMICAS DA INFLU\u00caNCIA POSITIVA DE&#8230;<\/p>\n","protected":false},"author":25,"featured_media":0,"parent":277,"menu_order":0,"comment_status":"closed","ping_status":"closed","template":"","meta":{"footnotes":""},"class_list":["post-1959","page","type-page","status-publish","hentry"],"_links":{"self":[{"href":"https:\/\/uenf.br\/posgraduacao\/biociencias-biotecnologia\/wp-json\/wp\/v2\/pages\/1959","targetHints":{"allow":["GET"]}}],"collection":[{"href":"https:\/\/uenf.br\/posgraduacao\/biociencias-biotecnologia\/wp-json\/wp\/v2\/pages"}],"about":[{"href":"https:\/\/uenf.br\/posgraduacao\/biociencias-biotecnologia\/wp-json\/wp\/v2\/types\/page"}],"author":[{"embeddable":true,"href":"https:\/\/uenf.br\/posgraduacao\/biociencias-biotecnologia\/wp-json\/wp\/v2\/users\/25"}],"replies":[{"embeddable":true,"href":"https:\/\/uenf.br\/posgraduacao\/biociencias-biotecnologia\/wp-json\/wp\/v2\/comments?post=1959"}],"version-history":[{"count":0,"href":"https:\/\/uenf.br\/posgraduacao\/biociencias-biotecnologia\/wp-json\/wp\/v2\/pages\/1959\/revisions"}],"up":[{"embeddable":true,"href":"https:\/\/uenf.br\/posgraduacao\/biociencias-biotecnologia\/wp-json\/wp\/v2\/pages\/277"}],"wp:attachment":[{"href":"https:\/\/uenf.br\/posgraduacao\/biociencias-biotecnologia\/wp-json\/wp\/v2\/media?parent=1959"}],"curies":[{"name":"wp","href":"https:\/\/api.w.org\/{rel}","templated":true}]}}