{"id":1961,"date":"2020-12-04T21:10:54","date_gmt":"2020-12-05T00:10:54","guid":{"rendered":"https:\/\/uenf.br\/posgraduacao\/biociencias-biotecnologia\/?page_id=1961"},"modified":"2025-09-01T16:54:37","modified_gmt":"2025-09-01T19:54:37","slug":"ano-2000","status":"publish","type":"page","link":"https:\/\/uenf.br\/posgraduacao\/biociencias-biotecnologia\/teses-defendidas-2\/ano-2000\/","title":{"rendered":"Ano 2000"},"content":{"rendered":"<p><strong>Disserta\u00e7\u00e3o de Mestrado 200<\/strong><strong>0:<\/strong><\/p>\n<p><strong>1 \u2013 FL\u00c1VIO ANT\u00d4NIO DA COSTA GOMES<\/strong><\/p>\n<p><strong>Data<\/strong>: 25\/02\/2000<\/p>\n<p><strong>T\u00edtulo: <\/strong>\u201cCOMUNIDADE INCRUSTANTE EM DIFERENTES SUBTRATOS EXPERIMENTAIS NO LITORAL NORTE DO ESTADO DO RIO DE JANEIRO- S\u00c3O FRANCISCO DO ITABAPOANA- RJ\u201d<\/p>\n<p><strong>Orientador: <\/strong>Ilana Rosental Zalmon<\/p>\n<p>_______________________________________________<\/p>\n<p><strong>2\u2013 LUIZ EDUARDO OLIVEIRA E CRUZ ARAG\u00c3O<\/strong><\/p>\n<p><strong>Data<\/strong>: 28\/02\/2000<\/p>\n<p><strong>T\u00edtulo: <\/strong>\u201cEFEITO DE CLAREIRAS OCASIONADAS PELO CORTE SELETIVO NA DECOMPOSI\u00c7\u00c3O FOLIAR E NO SOLO DE UMA MATA DE TABULEIRO NO NORTE FLUMINENSE, RJ\u201d<\/p>\n<p><strong>Orientador: <\/strong>Dora Maria Villela<\/p>\n<p>_______________________________________________<\/p>\n<p><strong>3\u2013 CLEIDE FERREIRA DA SILVA<\/strong><\/p>\n<p><strong>Data<\/strong>: 29\/02\/2000<\/p>\n<p><strong>T\u00edtulo<\/strong>: \u201cHIDROGEOQU\u00cdMICA FLUVIAL DA POR\u00c7\u00c3O INFERIOR DO RIO PARA\u00cdBA DO SUL\u201d<\/p>\n<p><strong>Orientador: <\/strong>Alvaro Ramon Coelho Ovalle<\/p>\n<p>_______________________________________________<\/p>\n<p><strong>4 \u2013 VER\u00d4NICA GOMES MONTEIRO<\/strong><\/p>\n<p><strong>Data<\/strong>: 29\/02\/2000<\/p>\n<p><strong>T\u00edtulo: \u201c<\/strong>ASPECTOS CELULARES DA INTERA\u00c7\u00c3O TOXOPLASMA GONDII-C\u00c9LULA HOSPEDEIRA\u201d<\/p>\n<p><strong>Orientador: <\/strong>Ed\u00e9sio Jos\u00e9 Ten\u00f3rio de Melo<\/p>\n<p>______________________________________________<\/p>\n<p><strong>5 \u2013 ALEXANDRE GOMES FERREIRA<\/strong><\/p>\n<p><strong>Data<\/strong>: 01\/03\/2000<\/p>\n<p><strong>T\u00edtulo<\/strong>: \u201cMETAIS PESADOS EM MOLUSCOS BIVALVES DO LITORAL NORTE DO ESTADO DO RIO DE JANEIRO\u201d<\/p>\n<p><strong>Orientador: <\/strong>Ilana Rosental Zalmon<\/p>\n<p>_______________________________________________<\/p>\n<p><strong>6 \u2013 CARLOS TADEU FONSECA ROSESTOLATO<\/strong><\/p>\n<p><strong>Data<\/strong>: 02\/03\/2000<\/p>\n<p><strong>T\u00edtulo:<\/strong> \u201cCONTRIBUI\u00c7AO AO ESTUDO DO PROCESSO DE INTERA\u00c7\u00c3O TRYPANOSOMA CRUZI &#8211; C\u00c9LULA HOSPEDEIRA\u201d<\/p>\n<p><strong>Orientador:<\/strong> T\u00e9cia Maria Ulisses de Carvalho<\/p>\n<p>_______________________________________________<\/p>\n<p><strong>7 \u2013 JOS\u00c9 MAUR\u00cdCIO ALBURQUEQUE CUNHA<\/strong><\/p>\n<p><strong>Data<\/strong>: 03\/03\/2000<\/p>\n<p><strong>T\u00edtulo<\/strong>: \u201cCARACTERIZA\u00c7\u00c3O CITOQU\u00cdMICA E IMUNOCITOQU\u00cdMICA DAS CAMADAS DE MEMBRANAS EXTRACELULARES DE Rhodnius Prolixus\u201d<\/p>\n<p><strong>Orientador: <\/strong>Nadir F. S. Higino<\/p>\n<p><strong>Banca: <\/strong>Renato Augusto DaMatta<\/p>\n<p>Carlos Peres<\/p>\n<p>Marcelo Gonzales<\/p>\n<p>_______________________________________________<\/p>\n<p><strong>8 \u2013 C\u00cdNTIA GOULART KAWASHIMA<\/strong><\/p>\n<p><strong>Data<\/strong>:29\/03\/2000<\/p>\n<p><strong>T\u00edtulo<\/strong>: &#8220;PRODU\u00c7\u00c3O DE ANT\u00cdGENOS RECOMBINANTES DE LEISHMANIA CHAGASI EM PLANTAS TRANSG\u00caNICAS DE ALFACE&#8221;<\/p>\n<p><strong>Orientador:<\/strong> Ekkehard Theordor Hansen<\/p>\n<p>_______________________________________________<\/p>\n<p><strong>9 \u2013 FL\u00c1VIO ALVES LARA<\/strong><\/p>\n<p><strong>Data<\/strong>: 31\/03\/2000<\/p>\n<p><strong>T\u00edtulo<\/strong>: \u201cTR\u00c1FEGO E SEQUESTRO DE HEME NO TRATO DIGESTIVO DE F\u00caMEAS INGURGITADAS DE Boophilus microplus (ACARI:IXODIDAE)\u201d<\/p>\n<p><strong>Orientador: <\/strong>Mar\u00edlvia Dansa de Alencar Petretski<\/p>\n<p><strong>Banca:<\/strong> Edinildo de Alcantra Machado<\/p>\n<p>Renato DaMatta<\/p>\n<p>Sirlei Daffre<\/p>\n<p>_______________________________________________<\/p>\n<p><strong>10 \u2013 ELIS\u00c2NGELA ALEXANDRE PEREIRA<\/strong><\/p>\n<p><strong>Data<\/strong>: 28\/04\/2000<\/p>\n<p><strong>T\u00edtulo<\/strong>: \u201cMetabolismo Total E Pel\u00e1gico E Hifroqu\u00edmica Da Lagoa De Grussa\u00ed, S\u00e3o J\u00e3o Da Barra-RJ\u201d<\/p>\n<p><strong>Orientador: <\/strong>Marina Satika Suzuki<\/p>\n<p>_______________________________________________<\/p>\n<p><strong>11 \u2013 JACKSON ANT\u00d4NIO MARCONDES DE SOUZA<\/strong><\/p>\n<p><strong>Data<\/strong>: 12\/05\/2000<\/p>\n<p><strong>T\u00edtulo: \u201c<\/strong>PRODU\u00c7\u00c3O DE ANTICORPOS MONOCLONAIS, IMUNOLOCALIZA\u00c7\u00c3O DA PROTE\u00cdNA SALT E AN\u00c1LISE DA SALINIDADE NA ESTRUTURA E ULTRAESTRUTURA DE PLANTAS DE ARROZ (ORYZA SATIVA L.)\u201d<\/p>\n<p><strong>Orientador: <\/strong>Dra Ana Beatriz Garcia<\/p>\n<p>_______________________________________________<\/p>\n<p><strong>12\u2013 LEONARDO GOMES DA SILVA<\/strong><\/p>\n<p><strong>Data<\/strong>: 27\/07\/2000<\/p>\n<p><strong>T\u00edtulo<\/strong>: \u201cMUDAN\u00c7AS NO PERFIL ELETROFOR\u00c9TICO DO PLASMA SANGU\u00cdNEO DE CYPHOCARAX GILBERTI (PISCES CURIMATIDAE) INDUZIDAS PELO PARASITA RIGGIA PARANAENSIS (CRUSTACEA, CYMOTHOIDAE)\u201d<\/p>\n<p><strong>Orientador: <\/strong>Mar\u00edlvia Dansa de Alencar Petretski<\/p>\n<p>_______________________________________________<\/p>\n<p><strong>13 \u2013 WANDERSON PRIMO DE SOUSA<\/strong><\/p>\n<p><strong>Data<\/strong>: 31\/07\/2000<\/p>\n<p><strong>T\u00edtulo:<\/strong> \u201cDISTRIBUI\u00c7\u00c3O DE MERC\u00daRIO E CARBONO ORG\u00c2NICO EM SOLOS E SEDIMENTOS DA REGI\u00c3O NORTE DO ESTADO DO RIO DE JANEIRO\u201d<\/p>\n<p><strong>Orientador:<\/strong> Carlos Eduardo Veiga de Carvalho<\/p>\n<p>_______________________________________________<\/p>\n<p><strong>14 \u2013 EDUARDO AIRES DE SOUZA GODOY<\/strong><\/p>\n<p><strong>Data<\/strong>: 03\/08\/2000<\/p>\n<p><strong>T\u00edtulo: \u201c<\/strong>FAUNA ASSOCIADA A BANCOS ARTIFICIAIS DE SARGASSUM FURCATUM NA ILHA DE CABO FRIO &#8211; RJ, BRASIL\u201d<\/p>\n<p><strong>Orientador: <\/strong>Ricardo Coutinho<\/p>\n<p>_______________________________________________<\/p>\n<p><strong>15 \u2013 ADRIANA FERREIRA UCH\u00d4A<\/strong><\/p>\n<p><strong>Data<\/strong>: 10\/08\/2000<\/p>\n<p><strong>T\u00edtulo<\/strong>: \u201cA\u00c7\u00c3O DE PEPT\u00cdDEOS DE VICILINAS UGUICULATA (L.) WALP SOBRE O DESENVOLVIMENTO DO GORGULHO (CALLOSOBRUCHUS MACULATUS) E DE FUNGOS FITOPATOG\u00caNICOS\u201d<\/p>\n<p><strong>Orientador: <\/strong>Jos\u00e9 Xavier Filho<\/p>\n<p><strong>Banca:<\/strong> Francisco de Assis de Paiva Campos<\/p>\n<p>Messias Gonzaga Pereira<\/p>\n<p>Francisco Jos\u00e9 Alves Lemos<\/p>\n<p>_______________________________________________<\/p>\n<p><strong>16 \u2013 F\u00c1BIO VASCONCELOS FONSECA<\/strong><\/p>\n<p><strong>Data<\/strong>: 15\/08\/2000<\/p>\n<p><strong>T\u00edtulo<\/strong>: \u201cPURIFICA\u00c7\u00c3O E CARACTERIZA\u00c7\u00c3O PARCIAL DA GLUCOSIDADE DAS MEMBRANAS PERIMICROVILARES DA CIGARRA Quesada gigas\u201d<\/p>\n<p><strong>Orientador: <\/strong>Carlos Peres Silva<\/p>\n<p><strong>Banca: <\/strong>Edinildo Alc\u00e2ntara Machado<\/p>\n<p>Francisco Jos\u00e9 Alves Lemos<\/p>\n<p>Richard Ian Samuels<\/p>\n<p>_______________________________________________<\/p>\n<p><strong>17 \u2013 LUIZ RICARDO GAELZER<\/strong><\/p>\n<p><strong>Data<\/strong>:21\/09\/2000<\/p>\n<p><strong>T\u00edtulo:<\/strong> \u201cINFLU\u00caNCIA DO GRAU DE EXPOSI\u00c7\u00c3O \u00c0S ONDAS SOBRE A ESTRUTURA DA COMUNIDADE ICTIOFAUN\u00cdSTICA NA ZONA DE ARREBENTA\u00c7\u00c3O DA PRAINHA, ARRAIAL DO CABO, RJ\u201d<\/p>\n<p><strong>Orientador:<\/strong> Ilana Rosental Zalmon<\/p>\n<p>_______________________________________________<\/p>\n<p><strong>18\u2013 M\u00d4NICA RESSUREI\u00c7\u00c3O CANI\u00c7ALI<\/strong><\/p>\n<p><strong>Data<\/strong>: 24\/11\/2000<\/p>\n<p><strong>T\u00edtulo<\/strong>: \u201cAN\u00c1LISES FENT\u00cdPICAS ENTRE DUAS POPULA\u00c7\u00d5ES DA Poecilia viv\u00edpara RECIPROCAMENTE TRANSPLANTADAS DAS LAGOAS FEIA E DE GRUSSAI, NORTE FLUMINENSE, RJ\u201d<\/p>\n<p><strong>Orientador: <\/strong>Neuza Rejane Wille Lima<\/p>\n<p><strong>Banca: <\/strong>M\u00e1rio Jorge Ign\u00e1cio Brum<\/p>\n<p>Carlos Ramon Ruiz Miranda<\/p>\n<p>D\u00e1lcio Ricardo Andrade<\/p>\n<p>_______________________________________________<\/p>\n<p><strong>19 \u2013 VAL\u00c9RIA REGINA AYRES DE MOURA <\/strong><\/p>\n<p><strong>Data<\/strong>: 18\/12\/2000<\/p>\n<p><strong>T\u00edtulo: \u201c<\/strong>ESTUDO DO AC\u00daMULO DA PROTE\u00cdNA SALT EM RA\u00cdZES DE PLANTAS DE ARROZ (ORYZA SATIVA L) EM RESPOSTA A DIFERENTES EST\u00cdMULOS\u201d<\/p>\n<p><strong>Orientador: <\/strong>Ana Beatriz Garcia<\/p>\n<p>_______________________________________________<\/p>\n<p><strong>20 \u2013 TATIANA <\/strong>ROSE PIZZANI TRINDADE<\/p>\n<p><strong>Data<\/strong>: 19\/12\/2000<\/p>\n<p><strong>T\u00edtulo:<\/strong> \u201cESTUDO DE PROTE\u00cdNAS DE DEFESA EXSUDADAS E ACUMULADAS EM VAC\u00daOLOS DE SEMENTES FEIJ\u00c3O-DE-CORDA (VIGNA UNGUICULATA (L.) WALP)\u201d<\/p>\n<p><strong>Orientador:<\/strong> Valdirene Moreira Gomes<\/p>\n<p>_______________________________________________<\/p>\n<p>&nbsp;<\/p>\n","protected":false},"excerpt":{"rendered":"<p>Disserta\u00e7\u00e3o de Mestrado 2000: 1 \u2013 FL\u00c1VIO ANT\u00d4NIO DA COSTA GOMES Data: 25\/02\/2000 T\u00edtulo: \u201cCOMUNIDADE INCRUSTANTE EM DIFERENTES SUBTRATOS EXPERIMENTAIS&#8230;<\/p>\n","protected":false},"author":25,"featured_media":0,"parent":277,"menu_order":0,"comment_status":"closed","ping_status":"closed","template":"","meta":{"footnotes":""},"class_list":["post-1961","page","type-page","status-publish","hentry"],"_links":{"self":[{"href":"https:\/\/uenf.br\/posgraduacao\/biociencias-biotecnologia\/wp-json\/wp\/v2\/pages\/1961","targetHints":{"allow":["GET"]}}],"collection":[{"href":"https:\/\/uenf.br\/posgraduacao\/biociencias-biotecnologia\/wp-json\/wp\/v2\/pages"}],"about":[{"href":"https:\/\/uenf.br\/posgraduacao\/biociencias-biotecnologia\/wp-json\/wp\/v2\/types\/page"}],"author":[{"embeddable":true,"href":"https:\/\/uenf.br\/posgraduacao\/biociencias-biotecnologia\/wp-json\/wp\/v2\/users\/25"}],"replies":[{"embeddable":true,"href":"https:\/\/uenf.br\/posgraduacao\/biociencias-biotecnologia\/wp-json\/wp\/v2\/comments?post=1961"}],"version-history":[{"count":0,"href":"https:\/\/uenf.br\/posgraduacao\/biociencias-biotecnologia\/wp-json\/wp\/v2\/pages\/1961\/revisions"}],"up":[{"embeddable":true,"href":"https:\/\/uenf.br\/posgraduacao\/biociencias-biotecnologia\/wp-json\/wp\/v2\/pages\/277"}],"wp:attachment":[{"href":"https:\/\/uenf.br\/posgraduacao\/biociencias-biotecnologia\/wp-json\/wp\/v2\/media?parent=1961"}],"curies":[{"name":"wp","href":"https:\/\/api.w.org\/{rel}","templated":true}]}}