{"id":1963,"date":"2020-12-04T21:11:10","date_gmt":"2020-12-05T00:11:10","guid":{"rendered":"https:\/\/uenf.br\/posgraduacao\/biociencias-biotecnologia\/?page_id=1963"},"modified":"2025-08-29T16:53:15","modified_gmt":"2025-08-29T19:53:15","slug":"ano-2001","status":"publish","type":"page","link":"https:\/\/uenf.br\/posgraduacao\/biociencias-biotecnologia\/teses-defendidas-2\/ano-2001\/","title":{"rendered":"Ano 2001"},"content":{"rendered":"<p><strong>Disserta\u00e7\u00e3o de Mestrado 2001:<\/strong><br \/>\n<strong>1 \u2013JOS\u00c9 ROBERTO DA SILVA <\/strong><br \/>\n<strong>Data:<\/strong> 20\/02\/2001<br \/>\n<strong>T\u00edtulo:<\/strong> \u201cASSOCIA\u00c7\u00c3O DAS MEMBRANAS PERICROVILARES DO INTESTINO M\u00c9DIO DE Rhodnius prolixua COM O PROCESSO DE POLIMERIZA\u00c7\u00c3O DE HEME\u201d<br \/>\n<strong>Orientador:<\/strong> Mar\u00edlva Dansa de Alencar Petretski<br \/>\n<strong>Banca:<\/strong> Paulo Filemon Paolucci Pimenta<br \/>\nJan Schipsema<br \/>\nClaudio Andr\u00e9s Rematamal Martinez<br \/>\n_______________________________________________<br \/>\n<strong>2\u2013 CARLOS EDUARDO DA SILVA VERONA<\/strong><br \/>\n<strong>Data:<\/strong> 05\/03\/2001<br \/>\n<strong>T\u00edtulo:<\/strong> \u201cAVALIA\u00c7\u00c3O DA CONDI\u00c7\u00c3O F\u00cdSICA VERSUS CUSTOS DE REPRODU\u00c7\u00c3O E LACTA\u00c7\u00c3O EM F\u00caMEAS DE Callithrix jacchus e Leontopithecus rosalia selvagens (Callithrichidae \u2013 Primates)\u201d<br \/>\n<strong>Orientador:<\/strong> Carlos R. Ruiz-Miranda<br \/>\n<strong>Banca:<\/strong> Ilana R. Zalmon<br \/>\nLilian Bahia<br \/>\nAlcides Pissinatti<br \/>\nRonaldo Novelli<br \/>\n_______________________________________________<br \/>\n<strong>3 \u2013 MARIA APARECIDA ALVES GOMES<\/strong><br \/>\n<strong>Data:<\/strong> 06\/04\/2001<br \/>\n<strong>T\u00edtulo:<\/strong> \u201cCARACTERIZA\u00c7\u00c3O DA COMUNIDADE INCRUSTANTE NA PRAIA DE IMBETIBA (MACA\u00c9 \u2013 RIO DE JANEIRO) ASPECTOS MORFO-FUNCIONAIS\u201d<br \/>\n<strong>Orientador:<\/strong> Ilana Rosental Zalmon<br \/>\n<strong>Banca:<\/strong> Deborah Ismael<br \/>\nAna Paula Madeira Di Beneditto<br \/>\nRonaldo Novelli<br \/>\n_______________________________________________<br \/>\n<strong>4 \u2013 JEFERSON VIEIRA DA SILVA<\/strong><br \/>\n<strong>Data:<\/strong> 16\/05\/2001<br \/>\n<strong>T\u00edtulo:<\/strong> \u201cPRODU\u00c7\u00c3O DE UM SISTEMA DE EXPRESS\u00c3O E SECRE\u00c7\u00c3O DE PROTE\u00cdNAS RECOMBINANTES EM PLANTAS TRANSG\u00caNICAS\u201d<br \/>\n<strong>Orientador:<\/strong> Ana Beatriz Garcia \/ Enrique Medina Acosta<br \/>\n<strong>Banca:<\/strong> Adilson Leite<br \/>\nAnna Okorokova Fa\u00e7anha<br \/>\nGon\u00e7alo Apolin\u00e1rio de Souza Filho<br \/>\n_______________________________________________<br \/>\n<strong>5 \u2013VICENTE VIEIRA FARIA<\/strong><br \/>\n<strong>Data:<\/strong> 31\/05\/2001<br \/>\n<strong>T\u00edtulo:<\/strong> \u201cBIOLOGIA REPRODUTIVA DE MUSTELUS HIGMANI SPRINGER &amp; LOWE, 1963 (ELASMOBRANCHII, TRIAKIDAE) NA ENSEADA DE MANGUINHOS, LITORAL NORTE DO ESTADO DO RIO DE JANEIRO\u201d<br \/>\n<strong>Orientador:<\/strong> Ronaldo Novelli<br \/>\n_______________________________________________<br \/>\n<strong>6 \u2013 MARCELO PAES GOMES<\/strong><br \/>\n<strong>Data:<\/strong> 05\/07\/2001<br \/>\nT\u00edtulo: \u201cVARIA\u00c7\u00c3O ESPA\u00c7O TEMPORAL DA ICTIOFAUNA DIURNA DA ZONA DE ARREBENTA\u00c7\u00c3O DAS PRAIAS DE S\u00c3O FRANCISCO DO ITABAPOANA\/RJ\u201d<br \/>\n<strong>Orientador:<\/strong> Ilana Rosental Zalmon<br \/>\n<strong>Banca:<\/strong> S\u00e9rgio Henrique Gon\u00e7alves da Silva<br \/>\nD\u00e1lcio Ricardo Andrade<br \/>\nAna Paula Madeira Di Beneditto<br \/>\n_______________________________________________<br \/>\n<strong>7 \u2013LUCINDA BELARMINDO DA SILVA<\/strong><br \/>\n<strong>Data:<\/strong> 30\/07\/2001<br \/>\n<strong>T\u00edtulo:\u00a0<\/strong>&#8220;INSULINA: \u00c9 UMA MOL\u00c9CULA EVOLUCIONARIAMENTE CONSERVADA?&#8221;<br \/>\n<strong>Orientador:\u00a0<\/strong>Jos\u00e9 Xavier Filho<br \/>\n<strong>Banca:\u00a0<\/strong>Marcelo Ehlers Loureiro &#8211; UFV<\/p>\n<p>Francisco Jos\u00e9 Alves Lemos &#8211; CBB\/UENF<\/p>\n<p>Marcelo Trindade Nascimento &#8211; CBB\/UENF<\/p>\n<p>_______________________________________________<br \/>\n<strong>8\u2013 MARCO ANT\u00d4NIO LOPES CRUZ <\/strong><br \/>\n<strong>Data:<\/strong> 30\/07\/2001<br \/>\n<strong>T\u00edtulo:<\/strong> \u201cAVALIA\u00c7\u00c3O PRELIMINAR DO CONTE\u00daDO PROTEICO DA TORTA-DE-FILTRO, UM SUB-PRODUTO DA IND\u00daSTRIA A\u00c7UCAREIRA\u201d<br \/>\n<strong>Orientador<\/strong>: Jos\u00e9 Xavier Filho<br \/>\n<strong>Banca:<\/strong> Marcelo Ehlers Loureiro<br \/>\nRicardo Bressan Smith<br \/>\nK\u00e1tia Valevski Sales Fernandes<br \/>\n_______________________________________________<br \/>\n<strong>9 \u2013 B\u00c9RITES CARMO CABRAL<\/strong><br \/>\n<strong>Data:<\/strong> 17\/08\/2001<br \/>\n<strong>T\u00edtulo:<\/strong> \u201cEFEITO DE BORDA SOBRE A HERBIVORIA FOLIAR POR INSETOS EM UM FRAGMENTO DE MATA ATL\u00c2NTICA NA REBIO UNI\u00c3O, RIO DAS OSTRAS, RJ\u201d<br \/>\n<strong>Orientador:<\/strong> Marcelo Trindade Nascimento<br \/>\n_______________________________________________<br \/>\n<strong>10 \u2013ENRICO JARDIM CLEMENTE SANTOS<\/strong><br \/>\n<strong>Data:<\/strong> 31\/08\/2001<br \/>\n<strong>T\u00edtulo:<\/strong> \u201cTRANSFORMA\u00c7\u00c3O DE PROMASTIGOTAS DE LAISHMANIA CHAGASI COM UM VETOR DE EXPRESS\u00c3O DE RNA ANTI-SENTIDO ESPEC\u00cdFICO PARA GP63\u201d<br \/>\n<strong>Orientador:<\/strong> Enrique Medina-Acosta<br \/>\n_______________________________________________<br \/>\n<strong>11 \u2013JULIANA AZEVEDO DA SILVA<\/strong><br \/>\n<strong>Data:<\/strong> 23\/08\/2001<br \/>\n<strong>T\u00edtulo:<\/strong> \u201cAVALIA\u00c7\u00c3O DA RESPOSTA IMUNOL\u00d3GICA CONTRA ANT\u00cdGENOS DE Toxoplasma gondii E Ascaris lumbricoides EM PACIENTES RESIDENTES EM \u00c1REAS CO-END\u00caMICAS PARA AMBOS OS PARASITAS EM CAMPOS DOS GOYTACAZES\u201d<br \/>\n<strong>Orientador:<\/strong> Lilian Maria Garcia<br \/>\n<strong>Banca:<\/strong> Maria Regina Reis Amendoeira<br \/>\nAndr\u00e9a Cristina Veto Arnholdt<br \/>\nEnrique Medina Acosta<br \/>\n_______________________________________________<br \/>\n<strong>12\u2013 RODRIGO MACIEL LIMA<\/strong><br \/>\n<strong>Data:<\/strong> 21\/09\/2001<br \/>\n<strong>T\u00edtulo:<\/strong> \u201cPROTEINASES CISTE\u00cdNICAS E SER\u00cdNICAS PRESENTES EM SEMENTES DE Vigna unguiculata EM MATURA\u00c7\u00c3O, QUIECENTES E GERMINA\u00c7\u00c3O\u201d<br \/>\n<strong>Orientador:<\/strong> K\u00e1tia Valevski Sales Fernandes<br \/>\n<strong>Banca:<\/strong> Jair Ribeiro Chagas<br \/>\nCarlos Jorge Logullo de Oliveira<br \/>\nFrancisco Jos\u00e9 Alves Lemos<br \/>\n_______________________________________________<br \/>\n<strong>13 \u2013VITOR GUIMAR\u00c3ES CORREIA<\/strong><br \/>\n<strong>Data:<\/strong> 11\/10\/2001<br \/>\n<strong>T\u00edtulo:<\/strong> \u201cO USO DA AN\u00c1LISE DA COMPOSI\u00c7\u00c3O DE AMINO\u00c1CIDOS NA DETERMINA\u00c7\u00c3O DE FONTES E ESTADO DE ALTERA\u00c7\u00c3O DA MAT\u00c9RIA ORG\u00c2NICA EM UM SISTEMA FLUVIO-LACUSTRE DA REGI\u00c3O NORTE FLUMINENSE\u201d<br \/>\n<strong>Orientador:<\/strong> Carlos Eduardo Rezende \/ Olga Lima T. Machado<br \/>\n<strong>Banca:<\/strong> Ant\u00f4nio Aparecido Mozeto<br \/>\nCristina Maria Magalh\u00e3es<br \/>\nMarina Satika Suzuki<br \/>\nPaulo Pedrosa<br \/>\n_______________________________________________<br \/>\n<strong>14 \u2013 CL\u00c1UDIA M\u00c1RCIA FERREIRA DIAS<\/strong><br \/>\n<strong>Data:<\/strong> 16\/10\/2001<br \/>\n<strong>T\u00edtulo:<\/strong> \u201cDISTRIBUI\u00c7\u00c3O DE METAIS PESADOS EM SOLOS AGR\u00cdCOLAS DO NORTE E NOROESTE DO ESTADO DO RIO DE JANEIRO\u201d<br \/>\n<strong>Orientador:<\/strong> Maria cristina Magalh\u00e3es de Souza<br \/>\n_______________________________________________<br \/>\n<strong>15 \u2013 C\u00c9SAR LUIS SIQUEIRA J\u00daNIOR<\/strong><br \/>\n<strong>Data:<\/strong> 23\/10\/2001<br \/>\n<strong>T\u00edtulo:<\/strong> \u201cCARACTERIZA\u00c7\u00c3O PARCIAL DA ATIVIDADE BIOPESTICIDA DA CISTATINA DO TOMATE (Lycopersicon esculentum)\u201d<br \/>\n<strong>Orientador:<\/strong> T\u00e2nia Jacinto Freitas da Silva.<br \/>\n_______________________________________________<br \/>\n<strong>16 \u2013 EDUARDO BARROS FAGUNDES NETTO<\/strong><br \/>\n<strong>Data:<\/strong> 20\/11\/2001<br \/>\n<strong>T\u00edtulo:<\/strong> \u201cAVALIA\u00c7\u00c2O DOS SONS BIOL\u00d3GICOS PRODUZIDOS EM LABORAT\u00d3RIO, POR PEIXES MARINHOS DA REGI\u00c3O DO CABO FRIO, RJ, BRASIL\u201d<br \/>\n<strong>Orientador:<\/strong> Dr Carlos Ramon Ruiz-Miranda<br \/>\n_______________________________________________<br \/>\n<strong>17 \u2013 JULIANA MACIEL DE AGUIAR<\/strong><br \/>\n<strong>Data:<\/strong> 17\/12\/2001<br \/>\n<strong>T\u00edtulo:<\/strong> \u201cATIVIDADE INSETICIDA E MODELAGEM MOLECULAR DE UMA CRISTALINA RECOMBINANTE ISOLADA DE FEIJ\u00c3O-DE-CORDA (Vigna unguiculata)\u201d<br \/>\n<strong>Orientador:<\/strong> K\u00e1tia Valevski S. Fernandes<br \/>\n<strong>Banca:<\/strong> M\u00e1rcia Maria Auxiliadora N. Pinheiro Margis<br \/>\nElias Walter Alves<br \/>\nT\u00e2nia Jacinto Freitas da Silva<br \/>\n_______________________________________________<\/p>\n","protected":false},"excerpt":{"rendered":"<p>Disserta\u00e7\u00e3o de Mestrado 2001: 1 \u2013JOS\u00c9 ROBERTO DA SILVA Data: 20\/02\/2001 T\u00edtulo: \u201cASSOCIA\u00c7\u00c3O DAS MEMBRANAS PERICROVILARES DO INTESTINO M\u00c9DIO DE&#8230;<\/p>\n","protected":false},"author":25,"featured_media":0,"parent":277,"menu_order":0,"comment_status":"closed","ping_status":"closed","template":"","meta":{"footnotes":""},"class_list":["post-1963","page","type-page","status-publish","hentry"],"_links":{"self":[{"href":"https:\/\/uenf.br\/posgraduacao\/biociencias-biotecnologia\/wp-json\/wp\/v2\/pages\/1963","targetHints":{"allow":["GET"]}}],"collection":[{"href":"https:\/\/uenf.br\/posgraduacao\/biociencias-biotecnologia\/wp-json\/wp\/v2\/pages"}],"about":[{"href":"https:\/\/uenf.br\/posgraduacao\/biociencias-biotecnologia\/wp-json\/wp\/v2\/types\/page"}],"author":[{"embeddable":true,"href":"https:\/\/uenf.br\/posgraduacao\/biociencias-biotecnologia\/wp-json\/wp\/v2\/users\/25"}],"replies":[{"embeddable":true,"href":"https:\/\/uenf.br\/posgraduacao\/biociencias-biotecnologia\/wp-json\/wp\/v2\/comments?post=1963"}],"version-history":[{"count":0,"href":"https:\/\/uenf.br\/posgraduacao\/biociencias-biotecnologia\/wp-json\/wp\/v2\/pages\/1963\/revisions"}],"up":[{"embeddable":true,"href":"https:\/\/uenf.br\/posgraduacao\/biociencias-biotecnologia\/wp-json\/wp\/v2\/pages\/277"}],"wp:attachment":[{"href":"https:\/\/uenf.br\/posgraduacao\/biociencias-biotecnologia\/wp-json\/wp\/v2\/media?parent=1963"}],"curies":[{"name":"wp","href":"https:\/\/api.w.org\/{rel}","templated":true}]}}