{"id":1965,"date":"2020-12-04T21:11:31","date_gmt":"2020-12-05T00:11:31","guid":{"rendered":"https:\/\/uenf.br\/posgraduacao\/biociencias-biotecnologia\/?page_id=1965"},"modified":"2025-08-27T10:44:14","modified_gmt":"2025-08-27T13:44:14","slug":"ano-2002","status":"publish","type":"page","link":"https:\/\/uenf.br\/posgraduacao\/biociencias-biotecnologia\/teses-defendidas-2\/ano-2002\/","title":{"rendered":"Ano 2002"},"content":{"rendered":"<p><strong>Disserta\u00e7\u00e3o de Mestrado 2002:<\/strong><br \/>\n<strong>1 \u2013 MARIANA NOVO NUNES CAMPOS <\/strong><br \/>\n<strong>Data:<\/strong> 29\/01\/2002<br \/>\n<strong>T\u00edtulo:<\/strong> \u201cMODULA\u00c7\u00c3O DA APOTOSE POR Mycobacterium bovis BCG NA FASE INICIAL DA INFEC\u00c7\u00c3O DOS MACR\u00d3FAGOS\u201d<br \/>\n<strong>Orientador:<\/strong> Elena Lassounskaia<br \/>\n<strong>Banca:<\/strong> Cl\u00f3vis Jos\u00e9 Pascarelli Souza<br \/>\nWilmar Dias da Silva<br \/>\nRenato Augusto DaMatta<br \/>\n_______________________________________________<br \/>\n<strong>2\u2013 CARLO DONATO SIM\u00d5ES CAIAFA F. DE CARVALHO<\/strong><br \/>\n<strong>Data:<\/strong> 06\/02\/2002<br \/>\n<strong>T\u00edtulo:<\/strong> \u201cPURIFICA\u00c7\u00c3O E CARACTERIZA\u00c7\u00c3O DE FRAGMENTOS DE VICILNAS HIDROLISADAS QUE SE LIGAM A QUITINA EM SETE SEMENTES DE LEGUIMINOSAS\u201d<br \/>\n<strong>Orientador:<\/strong> Jos\u00e9 Xavier Filho<br \/>\n<strong>Banca:<\/strong> Ana Gisele da Costa Neves Ferreira<br \/>\nOlga Lima Tavares Machado<br \/>\nCl\u00e1udio Rematal Martinez<br \/>\n_______________________________________________<br \/>\n<strong>3\u2013 ANDR\u00c9 DE OLIVEIRA CARVALHO<\/strong><br \/>\n<strong>Data:<\/strong> 06\/03\/2002<br \/>\n<strong>T\u00edtulo:<\/strong> \u201cISOLAMENTO, CARACTERIZA\u00c7\u00c3O E IMUNOLOCALIZA\u00c7\u00c3O DE UMA PROTE\u00cdNA TRANSPORTADORA DE LIP\u00cdDEOS (LTP) EM SEMENTES DE FEIJ\u00c3O-DE-CORDA(Vigna unguiculata L. WALP\u201d<br \/>\n<strong>Orientador:<\/strong> Valdirene Moreira Gomes<br \/>\n<strong>Banca:<\/strong> Maria Cristina Barracat-Pereira<br \/>\nMar\u00edlvia Dansa de Alencar Petreski<br \/>\nEkkehard Ernst Theodor Hansen<br \/>\n_______________________________________________<br \/>\n<strong>4 \u2013 JOS\u00c9 MAURO STERZA<\/strong><br \/>\n<strong>Data:<\/strong> 13\/03\/2002<br \/>\n<strong>T\u00edtulo:<\/strong> &#8220;COMPOSI\u00c7\u00c3O, ABUND\u00c2NCIA E DISTRIBUI\u00c7\u00c3O ESPA\u00c7O-TEMPORAL DO ZOOPL\u00c2NCTON RELACIONADAS COM A HIDROQU\u00cdMICA NO SISTEMA ESTUARINO BA\u00cdA DE VIT\u00d3RIA\/CANAL DA PASSAGEM, VIT\u00d3RIA, ES&#8221;<br \/>\n<strong>Orientador:<\/strong> Dr ALVARO RAMON COELHO OVALLE; CO-ORIENTADOR Dr. LUIZ FERNA. _______________________________________________<br \/>\n<strong>5 \u2013 DESIELY SILVA GUSM\u00c3O<\/strong><br \/>\n<strong>Data:<\/strong> 22\/03\/2002<br \/>\n<strong>T\u00edtulo:<\/strong> \u201cA MATRIZ PERITR\u00d3FICA DE AEDES AEGYPTI: COMPOSI\u00c7\u00c3O LIP\u00cdDICA E A SUA INTERA\u00c7\u00c3O COM A HEMOGLOBINA E METAIS PESADOS INGERIDOS COM A DIETA\u201d<br \/>\n<strong>Orientador:<\/strong> Francisco Jos\u00e9 Alves Lemos<br \/>\n_______________________________________________<br \/>\n<strong>6 \u2013LANDI VEIVI GUILLERMO COSTILLA<\/strong><br \/>\n<strong>Data:<\/strong> 26\/03\/2002<br \/>\n<strong>T\u00edtulo:<\/strong> \u201cINIBI\u00c7\u00c3O IN VITRO DA RESPOSTA AO LIPOPOLISSACAR\u00cdDEO NOS MACR\u00d3FAGOS HD11 DE GALO INFECTADOS PELO TOXOPLASMA GONDII\u201d<br \/>\n<strong>Orientador:<\/strong> Renato Augusto DaMatta<br \/>\n_______________________________________________<br \/>\n<strong>7 \u2013 GE\u00cdSA FONSECA DE GON\u00c7ALVES<\/strong><br \/>\n<strong>Data:<\/strong> 23\/04\/2002<br \/>\n<strong>T\u00edtulo:<\/strong> \u201cINDU\u00c7\u00c3O DIFERENCIAL DE TANINOS ANTIOXIDANTES EM RA\u00cdZES TRANG\u00caNICAS DE Phyllanthus tenellus POR AGENTES ABI\u00d3TICOS\u201d<br \/>\n<strong>Orientador:<\/strong> Laura Janne Moreira Santiago<br \/>\n<strong>Banca:<\/strong> Ricardo Pereira Louro<br \/>\nCarlos Roberto Ribeiro Matos<br \/>\nAna Beatriz Garcia<br \/>\n_______________________________________________<br \/>\n<strong>8 \u2013 BEATRIZ DOS SANTOS FERREIRA<\/strong><br \/>\n<strong>Data:<\/strong> 27\/05\/2002<br \/>\n<strong>T\u00edtulo:<\/strong> \u201cIDENTIFICA\u00c7\u00c3O DE GENES ENVOLVIDOS NA RESPOSTA AO ESTRESSE SALINO EM CANA-DE-A\u00c7\u00daCAR ATRAV\u00c9S DE MINERA\u00c7\u00c3O DE DADOS NO BANCO DE DADOS DO PROJETO SUCEST\u201d<br \/>\n<strong>Orientador:<\/strong> Dr. Gon\u00e7alo Apolin\u00e1rio de Souza Filho _______________________________________________<br \/>\n<strong>9 \u2013 RENATO BARROSO BERNAB\u00c9<\/strong><br \/>\n<strong>Data:<\/strong> 04\/06\/2002<br \/>\n<strong>T\u00edtulo:<\/strong> \u201cAN\u00c1LISE FUNCIONAL DA LECTINA SALT DE ARROZ (ORYZA SATIVA L.)\u201d<br \/>\n<strong>Orientador:<\/strong> Gon\u00e7alo Apolin\u00e1rio de Souza Filho<br \/>\n_______________________________________________<br \/>\n<strong>10 \u2013 PATR\u00cdCIA SENOS LUCAS <\/strong><br \/>\n<strong>Data:<\/strong> 18\/07\/2002<br \/>\n<strong>T\u00edtulo:<\/strong> \u201cINFLU\u00caNCIA DE UMA ESTA\u00c7\u00c3O DE TRATAMENTO DE ESGOTO SOBRE UM SUB-SISTEMA ESTUARINO (CANAL DE PASSAGEM, VIT\u00d3RIA, ES): COMUNIDADE FITOPLANT\u00d4NICA E NUTRIENTES\u201d<br \/>\n<strong>Orientador:<\/strong> Glauca Torres Aragon \/ Camilo Dias Jr.<br \/>\n<strong>Banca:<\/strong> Val\u00e9ria de Oliveira Fernandes<br \/>\nMarina Satika Suzuki<br \/>\n\u00c1lvaro Ramon Coelho Ovalle<br \/>\n_______________________________________________<br \/>\n<strong>11\u2013 LAURO MANH\u00c3ES DE SOUZA<\/strong><br \/>\n<strong>Data:<\/strong> 08\/08\/2002<br \/>\n<strong>T\u00edtulo:<\/strong> \u201cESTUDO DA CAPACIDADE CITOST\u00c1TICA DO TROMB\u00d3CITO DE GALO (GALLUS GALLUS) FRENTE AO TOXOPLASMA GONDII E \u00c0S BACT\u00c9RIAS ESCHERICHIA COLI E STAPHYLOCOCCUS AUREUS\u201d<br \/>\n<strong>Orientador<\/strong>: Renato Augusto DaMatta<br \/>\n_______________________________________________<br \/>\n<strong>12\u2013 FL\u00c1VIA GUIMAR\u00c3ES RODRIGUES<\/strong><br \/>\n<strong>Data:<\/strong> 23\/08\/2002<br \/>\n<strong>T\u00edtulo:<\/strong> \u201cISOLAMENTO E CARACTERIZA\u00c7\u00c3O DE COMPONENTES DO VENENO DE Bothrops atrox CAPAZES DE ATIVAR O SISTEMA COMPLEMENTO HUMANO\u201d<br \/>\n<strong>Orientador:<\/strong> Thereza Liberman Kipnis<br \/>\n<strong>Banca:<\/strong> Paulo de Assis Melo<br \/>\nElias Walter Alves<br \/>\nAndrea Cristina Veto Arnholdt<br \/>\n_______________________________________________<br \/>\n<strong>13\u2013 MARINA PORCARO<\/strong><br \/>\n<strong>Data:<\/strong> 27\/08\/2002<br \/>\n<strong>T\u00edtulo:<\/strong> \u201cREGULA\u00c7\u00c3O DE MOL\u00c9CULAR CO-ESTIMULAT\u00d3RIAS NA FASE INICIAL DA INFEC\u00c7\u00c3O POR Paraccocidiodes brasiliensis EM LINHAGENS SUSCEPT\u00cdVEIS E RESISTENTES DE CAMUNDONGO\u201d<br \/>\n<strong>Orientador<\/strong>: Andrea Cristina Veto Arnholdt<br \/>\n<strong>Banca:<\/strong> Rita Fucs<br \/>\nMaur\u00edcio Afonso Ver\u00edcimo<br \/>\nLilian Maria Garcia Bahia de Oliveira<br \/>\n_______________________________________________<br \/>\n<strong>14 \u2013 FABIANA PEREIRA FERREIRA<\/strong><br \/>\n<strong>Data:<\/strong> 29\/08\/2002<br \/>\n<strong>T\u00edtulo:<\/strong> \u201cPOMO\u00c7\u00c3O DO CRESCIMETNO DE PL\u00c2NTULA MICROPROPAGADAS DE CANA-DE-A\u00c7\u00daCAR (H\u00cdBRIDOS INTERESPEC\u00cdFICOS DE SACCHARUM) POR BACT\u00c9RIAS DIATR\u00d3FICAS ENDOF\u00cdTICAS\u201d<br \/>\n<strong>Orientador:<\/strong> F\u00e1bio Lopes Olivares<br \/>\n<strong>Banca:<\/strong> Carlos Frederico de Menezes Veiga<br \/>\nFl\u00e1vio Costa Miguens<br \/>\nArnoldo Rocha Fa\u00e7anha<br \/>\n_______________________________________________<br \/>\n<strong>15 \u2013 DENISE ESPELLET KLEIN<\/strong><br \/>\n<strong>Data:<\/strong> 30\/08\/2002<br \/>\n<strong>T\u00edtulo<\/strong>: \u201cCARACTERIZA\u00c7\u00c3O ULTRAESTRUTURAL E BIOQU\u00cdMICA DE COL\u00c9TERES EM RUBIACEAE\u201d<br \/>\nOrientador: Maura Da Cunha<br \/>\n_______________________________________________<br \/>\n<strong>16 \u2013 JULIANA DE SOUZA AZEVEDO<\/strong><br \/>\n<strong>Data:<\/strong> 04\/10\/2002<br \/>\n<strong>T\u00edtulo:<\/strong> \u201cDIN\u00c2MICA DA INTERA\u00c7\u00c3O PARASITO-HOSPEDEIRO ENTRE Riggia paranesis (Szidat,1948) (CRUSTACEA, CYMOTHOIDAE) E Cyphocarax gilbert (Quoy &amp; Gaimard\u2019s, 1824) (TELEOSTEI, CURIMATIDAE), NO RIO ITABAPOANA, RJ\/ES E CONSIDERA\u00c7\u00d5ES SOBRE A BIOLOGIA REPRODUTIVA DO PARASITO\u201d<br \/>\n<strong>Orientador:<\/strong> Mar\u00edlvia Dansa de Alencar Petrestski<br \/>\n<strong>Banca:<\/strong> Renato Augusto Da Matta<br \/>\nRonaldo Novelli<br \/>\nCarlos Frederico Leite Torresl<br \/>\nT\u00e2nia Jacinto Freitas da Silva<br \/>\n_______________________________________________<br \/>\n<strong>17 \u2013 M\u00c1RCIO DOS SANTOS TEIXEIRA PINTO<\/strong><br \/>\n<strong>Data:<\/strong> 22\/10\/2002<br \/>\n<strong>T\u00edtulo:<\/strong> \u201cALTERA\u00c7\u00d5ES PROT\u00c9ICAS INDUZIDAS POR LES\u00c3O MEC\u00c2NICA EM PLANTAS DE FEIJ\u00c3O-DE-CORDA\u201d<br \/>\n<strong>Orientador:<\/strong> K\u00e1tia Valevski Sales Fernandes<br \/>\n<strong>Banca:<\/strong> Maria Luiza Vilela Oliva<br \/>\nClaudio Andr\u00e9s Retamal Martinez<br \/>\nT\u00e2nia Jacinto Freitas da Silva<br \/>\n_______________________________________________<br \/>\n<strong>18\u2013 MILENA BELLEI CHERENE<\/strong><br \/>\n<strong>Data:<\/strong> 31\/10\/2002<br \/>\n<strong>T\u00edtulo:<\/strong> \u201cCARACTERIZA\u00c7\u00c3O DA FOSFODIESTERASE DA PE\u00c7ONHA DE Bothrops jararaca\u201d<br \/>\n<strong>Orientador:<\/strong> Elias Walter Alves<br \/>\n<strong>Banca:<\/strong> Jonas Enrique Perales Aguiar<br \/>\nArnoldo Rocha Fa\u00e7anha<br \/>\nAnt\u00f4nia Elenir Am\u00e2ncio de Oliveira<br \/>\n_______________________________________________<br \/>\n<strong>19\u2013 ANDR\u00c9 BOHRER MARQUES<\/strong><br \/>\n<strong>Data:<\/strong> 21\/11\/2002<br \/>\n<strong>T\u00edtulo:<\/strong> \u201cBIOLOGIA REPRODUTIVA DO BAGRE GENIDENS GENIDENS (VALENCIENNES, 1839) NA BARRA DA LAGOA DO A\u00c7\u00da NORTE FLUMINENSE \u2013 RJ\u201d<br \/>\nOrientador: Ronaldo Novelli<br \/>\n_______________________________________________<br \/>\n<strong>20\u2013 MARIELE SANTA RITA DA SILVA<\/strong><br \/>\n<strong>Data:<\/strong> 10\/12\/2002<br \/>\n<strong>T\u00edtulo<\/strong>: \u201cMECANISMO DE PROTE\u00c7\u00c3O CONTRA O ESTRESSE EXERCIDO PELA PROTE\u00cdNA DE CHOQUE T\u00c9RMICO, HSP70, NAS C\u00c9LULAS DE MIELOMA NS0\u201d<br \/>\n<strong>Orientador:<\/strong> Elena Lassounskaia<br \/>\n<strong>Banca:<\/strong> Irina Serova<br \/>\nAndrea Cristina Veto Arnoldt<br \/>\nJorge Hudson Petretski<br \/>\n_______________________________________________<\/p>\n","protected":false},"excerpt":{"rendered":"<p>Disserta\u00e7\u00e3o de Mestrado 2002: 1 \u2013 MARIANA NOVO NUNES CAMPOS Data: 29\/01\/2002 T\u00edtulo: \u201cMODULA\u00c7\u00c3O DA APOTOSE POR Mycobacterium bovis BCG&#8230;<\/p>\n","protected":false},"author":25,"featured_media":0,"parent":277,"menu_order":0,"comment_status":"closed","ping_status":"closed","template":"","meta":{"footnotes":""},"class_list":["post-1965","page","type-page","status-publish","hentry"],"_links":{"self":[{"href":"https:\/\/uenf.br\/posgraduacao\/biociencias-biotecnologia\/wp-json\/wp\/v2\/pages\/1965","targetHints":{"allow":["GET"]}}],"collection":[{"href":"https:\/\/uenf.br\/posgraduacao\/biociencias-biotecnologia\/wp-json\/wp\/v2\/pages"}],"about":[{"href":"https:\/\/uenf.br\/posgraduacao\/biociencias-biotecnologia\/wp-json\/wp\/v2\/types\/page"}],"author":[{"embeddable":true,"href":"https:\/\/uenf.br\/posgraduacao\/biociencias-biotecnologia\/wp-json\/wp\/v2\/users\/25"}],"replies":[{"embeddable":true,"href":"https:\/\/uenf.br\/posgraduacao\/biociencias-biotecnologia\/wp-json\/wp\/v2\/comments?post=1965"}],"version-history":[{"count":0,"href":"https:\/\/uenf.br\/posgraduacao\/biociencias-biotecnologia\/wp-json\/wp\/v2\/pages\/1965\/revisions"}],"up":[{"embeddable":true,"href":"https:\/\/uenf.br\/posgraduacao\/biociencias-biotecnologia\/wp-json\/wp\/v2\/pages\/277"}],"wp:attachment":[{"href":"https:\/\/uenf.br\/posgraduacao\/biociencias-biotecnologia\/wp-json\/wp\/v2\/media?parent=1965"}],"curies":[{"name":"wp","href":"https:\/\/api.w.org\/{rel}","templated":true}]}}