{"id":1969,"date":"2020-12-04T21:12:02","date_gmt":"2020-12-05T00:12:02","guid":{"rendered":"https:\/\/uenf.br\/posgraduacao\/biociencias-biotecnologia\/?page_id=1969"},"modified":"2025-09-01T16:45:39","modified_gmt":"2025-09-01T19:45:39","slug":"ano-2004","status":"publish","type":"page","link":"https:\/\/uenf.br\/posgraduacao\/biociencias-biotecnologia\/teses-defendidas-2\/ano-2004\/","title":{"rendered":"Ano 2004"},"content":{"rendered":"<p><strong>Disserta\u00e7\u00e3o de Mestrado 2004:<\/strong><br \/>\n<strong>1 \u2013 BETINA IVANA TERRA AZEVEDO ARENARI<\/strong><br \/>\n<strong>Data:<\/strong> 16\/01\/2004<br \/>\n<strong>T\u00edtulo:<\/strong> \u201cINVESTIGA\u00c7\u00c3O DE ALTERA\u00c7\u00d5ES GEN\u00c9TICAS NO RECEPTOR DE INTERFERON-GAMA EM HUMANOS: UMA ABORDAGEM DIAGN\u00d3STICA PARA HIPERSUSCEPTIBILIDADE \u00c0 INFEC\u00c7\u00c3O PELO BCG\u201d<br \/>\n<strong>Orientador:<\/strong> Enrique Medina-Acosta<br \/>\n_______________________________________________<br \/>\n<strong>2\u2013 THIAGO MOTTA VEN\u00c2NCIO <\/strong><br \/>\n<strong>Data:<\/strong> 19\/01\/2004<br \/>\n<strong>T\u00edtulo:<\/strong> \u201cPURIFICA\u00c7\u00c3O E CARACTERIZA\u00c7\u00c3O DE INSULINA E DE UM CANDIDATO A RECEPTOR EM FRUTOS DE FEIJ\u00c3O-DE-CORDA[VIGNA UNGUICULATA (L.) WALP.] DURANTE O DESENVOLVIMENTO\u201d<br \/>\n<strong>Orientador:<\/strong> Jos\u00e9 Xavier Filho<br \/>\n_______________________________________________<br \/>\n<strong>3\u2013 THAIS DUARTE BIFANO<\/strong><br \/>\n<strong>Data:<\/strong> 21\/01\/2004<br \/>\n<strong>T\u00edtulo:<\/strong> \u201cEstudo da indu\u00e7\u00e3o de alfa-amilases digestivas em larvas do caruncho Zabrotes subfasciatus (Coleoptera: Bruchidae)\u201d<br \/>\n<strong>Orientador:<\/strong> Carlos Peres Silva<br \/>\n_______________________________________________<br \/>\n<strong>4 \u2013 WERTHER KROHLING<\/strong><br \/>\n<strong>Data:<\/strong> 06\/02\/2004<br \/>\n<strong>T\u00edtulo:<\/strong> \u201cRECRUTAMENTO, SUCESS\u00c3O E EFEITO DE TINTA ANTI-INCRUSTANTE NA BIOTA S\u00c9SSIL EM UM RECIFE ARTIFICIAL NO LITORAL NORTE DO ESTADO DO RIO DE JANEIRO\u201d<br \/>\n<strong>Orientador:<\/strong> Ilana Rozental Zalmon.<br \/>\n_______________________________________________<br \/>\n<strong>5 \u2013 \u00c1UREA GON\u00c7ALVES M. GUIMAR\u00c3ES<\/strong><br \/>\n<strong>Data:<\/strong> 22\/03\/2004<br \/>\n<strong>T\u00edtulo:<\/strong> \u201cAN\u00c1LISE ULTRA-ESTRUTUTRAL DA INVAS\u00c3O BACTERIANA NA DENTINA\u201d<br \/>\n<strong>Orientador:<\/strong> Ed\u00e9sio Ten\u00f3rio de Melo<br \/>\n_______________________________________________<br \/>\n<strong>6 \u2013 ALAN TRINDADE BRANCO <\/strong><br \/>\n<strong>Data:<\/strong> 25\/03\/2004<br \/>\n<strong>T\u00edtulo:<\/strong> \u201cPADRONIZA\u00c7\u00c3O DA METODOLOGIA DE \u201cMACROARRAY\u201d E AN\u00c1LISE PRELIMINAR DA REGULA\u00c7\u00c3O DOS GENES ENVOLVIDOS COM A BIOSS\u00cdNTESE E DEGRADA\u00c7\u00c3O DE OSMOPROTETORES EM CANA-DE-A\u00c7\u00daCAR\u201d<br \/>\n<strong>Orientador:<\/strong> Gon\u00e7alo Apolin\u00e1rio de Souza Filho<br \/>\n<strong>Banca:<\/strong> Ana Beatriz Garcia<br \/>\nOrlando Martins<br \/>\nArnoldo Rocha Fa\u00e7anha<br \/>\n_______________________________________________<br \/>\n<strong>7\u2013 ALBA LUC\u00cdNDA PEIXOTO RANGEL<\/strong><br \/>\n<strong>Data:<\/strong> 26\/03\/2004<br \/>\n<strong>T\u00edtulo:<\/strong> \u201cTOXOPLASMOSE EM PEQUENOS CET\u00c1CEOS NO NORTE DO ESTADO DO RIO DE JANEIRO: MODO DE INFEC\u00c7\u00c3O E CONTRIBUI\u00c7\u00c3O AO DIAGN\u00d3STICO SOROL\u00d3GICO\u201d<br \/>\n<strong>Orientador:<\/strong> L\u00edlian Maria Garcia Bahia de Oliveira<br \/>\n<strong>Banca:<\/strong> Ana Paula Madeira Di Beneditto<br \/>\nIlana Rosental Zalmon<br \/>\nElena Lassounskaia<br \/>\nMaria Regina Reis Amendoeira<br \/>\n_______________________________________________<br \/>\n<strong>8 \u2013 GISELE CHIRISTINA T\u00d4SO KRUGER<\/strong><br \/>\n<strong>Data:<\/strong> 31\/03\/2004<\/p>\n<p>_______________________________________________<br \/>\n<strong>9 \u2013 RAFAELA D\u00b4OLIVEIRA MAYERHOFFER<\/strong><br \/>\n<strong>Data:<\/strong> 25\/05\/2004<br \/>\n<strong>T\u00edtulo:<\/strong> \u201cIDENTIFICA\u00c7\u00c3O DE PEPIT\u00cdDEOS ALERG\u00caNICOS DE ALBUMINAS 2S DE RICINUS COMMUNIS (MAMONA)\u201d<br \/>\n<strong>Orientador:<\/strong> Olga Lima Tavares Machado<br \/>\n<strong>Banca:<\/strong> Andr\u00e9a Cristina Veto Arnholdt<br \/>\nWilmar Dias da Silva<br \/>\nM\u00e1rio S\u00e9rgio Palma<br \/>\n_______________________________________________<br \/>\n<strong>10 \u2013 BRUNO DE CASTRO JARDIM<\/strong><br \/>\n<strong>Data:<\/strong> 25\/05\/2004<br \/>\n<strong>T\u00edtulo:<\/strong> \u201cCLONAGEM DO CDNA PARCIAL DE UM GENE DE LIPOXIGENASE DO MARACUJ\u00c1 (PASSIFLORA EDULIS FLAVICARPA) E AN\u00c1LISE DE SUA EXPRESS\u00c3O\u201d<br \/>\n<strong>Orientador:<\/strong> T\u00e2nia Jacinto Freitas da Silva<br \/>\n_______________________________________________<br \/>\n<strong>11\u2013 M\u00c1RCIA SILVA PEREIRA<\/strong><br \/>\n<strong>Data:<\/strong> 31\/05\/2004<br \/>\n<strong>T\u00edtulo:<\/strong> \u201cPRODU\u00c7\u00c3O DO ANT\u00cdGENO DE SUPERF\u00cdCIE DO V\u00cdRUS DA HEPATITE B (HBsAg) EM PLANTAS TRANSG\u00caNICAS DE CENOURA (Daucus carrota L.)\u201d<br \/>\n<strong>Orientador:<\/strong> Ekkehard Ernst T. Hansen<br \/>\n<strong>Banca:<\/strong> Cl\u00e1udia Santos Magioli<br \/>\nVictor Martin Quintana Flores<br \/>\nThereza Liberman Kipnis<br \/>\n_______________________________________________<br \/>\n<strong>12 \u2013 ANA PAULA AGIZZIO<\/strong><br \/>\n<strong>Data:<\/strong> 29\/06\/2004<br \/>\n<strong>T\u00edtulo:<\/strong> \u201cALBUMINA 2S DE SEMENTES DE MARACUJ\u00c1 (Passiflora edulis f. flavicarpa): ISOLAMENTO, CARACTERIZA\u00c7\u00c3O E AVALIA\u00c7\u00c3O DE SUAS PROPRIEDADES ANTIFUNGICAS\u201d<br \/>\n<strong>Orientador:<\/strong> Valdirene Moreira Gomes<br \/>\n<strong>Banca:<\/strong> Maria F\u00e1tima Grossi de S\u00e1<br \/>\nRenato Augusto DaMatta<br \/>\nK\u00e1tia Valevski Sales Fernandes<br \/>\n_______________________________________________<br \/>\n<strong>13 \u2013 LUC\u00cdOLA SANTOS LANNES<\/strong><br \/>\n<strong>Data:<\/strong> 12\/08\/2004<br \/>\n<strong>T\u00edtulo:<\/strong> \u201cAVALIA\u00c7\u00c3O DE PEQUENOS ALAGADOS ARTIFICIAIS NA MODIFICA\u00c7\u00c3O DA QUALIDADE DA \u00c1GUA UTILIZANDO A MACR\u00d3FITA AQU\u00c1TICA TYPHA DOMINGENSIS PERS\u201d<br \/>\nOrientador: Glauca Torres Aragon<br \/>\n_______________________________________________<br \/>\n<strong>14 \u2013 DANIELA BASTOS COUTINHO<\/strong><br \/>\n<strong>Data:<\/strong> 24\/08\/2004<\/p>\n<p><strong>T\u00edtulo:<\/strong> &#8221; DIN\u00c2MICA E FLUXO DE NUTRIENTES, MATERIAL PARTICULADO EM SUSPENS\u00c3O E CLOROFILA A NOS PER\u00cdODOS DE BAIXA E ALTA DESCARGA FLUVIAL AO LONGO DO CICLO DE MAR\u00c9, NO ESTU\u00c1RIO DO RIO PARA\u00cdBA DO SUL&#8221;<\/p>\n<p><strong>Orientador:<\/strong> Ed\u00e9sio Jos\u00e9 Ten\u00f3rio de Melo<\/p>\n<p><strong>Banca:<\/strong> Fl\u00e1vio Costa Miguens<\/p>\n<p>Marco Ant\u00f4nio de Oliveira<\/p>\n<p>Ant\u00f4nio H. A. de Moraes Neto<\/p>\n<p>_______________________________________________<br \/>\n<strong>15 \u2013 VIVIANE VEIGA DO NASCIMENTO<\/strong><br \/>\n<strong>Data:<\/strong> 03\/09\/2004<br \/>\n<strong>T\u00edtulo:<\/strong> \u201cCARACTERIZA\u00c7\u00c3O QU\u00cdMICA E BIOL\u00d3GICA DE UM PEPT\u00cdDEO INIBIDOR DE ALFA-AMILASE ISOLADO DE SEMENTES DE RICINUS COMMUNIS\u201d<br \/>\n<strong>Orientador<\/strong>: Olga Lima Tavares Machado<br \/>\n_______________________________________________<br \/>\n<strong>16 \u2013 JOSEPH ALBERT MEDEIROS EVARISTO<\/strong><br \/>\n<strong>Data:<\/strong> 10\/09\/2004<br \/>\n<strong>T\u00edtulo:<\/strong> \u201cAN\u00c1LISE PROTE\u00d4NICA DA BACT\u00c9RIA DIAZOTR\u00d3FICA Gluconacetobacter diazotrophicus CULTIVADA EM MEIO L\u00cdQUIDO SOB DIFERENTES COMDI\u00c7\u00d5ES NUTRICIONAIS\u201d<br \/>\n<strong>Orientador:<\/strong> F\u00e1bio Lopes Olivares<br \/>\n<strong>Banca:<\/strong> Gon\u00e7alo A. de Souza Filho<br \/>\nK\u00e1tia V. Sales Fernandes<br \/>\nJos\u00e9 Ivo Baldani<br \/>\n_______________________________________________<br \/>\n<strong>17\u2013 GUSTAVO GRACIANO LOUREIRO<\/strong><br \/>\n<strong>Data:<\/strong> 24\/09\/2004<br \/>\n<strong>T\u00edtulo:<\/strong> \u201cEFEITO DE SAIS DE FOSFATO DE POT\u00c1SSIO, MONOB\u00c1SICO (KH2PO4) E DIB\u00c1SICO (K2HPO4), SOBRE A PRODU\u00c7\u00c3O DE BIOMASSA E ESPORULA\u00c7\u00c3O DE BACILLUS THURINGENSIS VAR. ISRAELENSSIS\u201d<br \/>\n<strong>Orientador:<\/strong> Mar\u00edlia Amorim Berbert de Molina<br \/>\n<strong>Banca:<\/strong> Arnaldo M\u00e1rcio Ramalho Prata<br \/>\nValdirene Moreira Gomes<br \/>\nFrancisco Jos\u00e9 Alves Lemos<br \/>\n_______________________________________________<br \/>\n<strong>18 \u2013 ROSANE MOTTA COSTA<\/strong><br \/>\n<strong>Data:<\/strong> 24\/09\/2004<br \/>\n<strong>T\u00edtulo:<\/strong> \u201cINTERA\u00c7\u00c3O BIPOLARIS INCURVATA (BERNARD)ALCORN\/ COCOS NUCIFERA L: ANATOMIA E ULTRAESTRUTURA\u201d<br \/>\n<strong>Orientador:<\/strong> Flavio Costa Miguens<br \/>\n_______________________________________________<br \/>\n<strong>19 \u2013 UBIRAJARA MARTINS GUIMAR\u00c3ES J\u00daNIOR<\/strong><br \/>\n<strong>Data:<\/strong> 05\/10\/2004<\/p>\n<p><strong>T\u00edtulo:<\/strong> &#8220;ESTRUTURA DA COMUNIDADE DA ICTIOFAUNA DA BARRA DA LAGOA DO A\u00c7U, NORTE FLUMINENSE -RJ&#8221;<\/p>\n<p><strong>Orientador:<\/strong> Ronaldo Novelli -CBB \/ UENF<\/p>\n<p><strong>Banca:<\/strong><\/p>\n<p>Ilana Rosental Zalmon &#8211; CBB\/ UENF<\/p>\n<p>D\u00e1lcio Ricardo de Andrade &#8211; CCTA\/ UENF<\/p>\n<p>Francisco Gerson Ara\u00fajo &#8211; UFRRJ<br \/>\n_______________________________________________<br \/>\n<strong>20 \u2013 KARLA MARCELINO FRAN\u00c7A<\/strong><br \/>\n<strong>Data:<\/strong> 20\/12\/2004<\/p>\n<p><strong>T\u00edtulo:<\/strong> &#8220;INFLU\u00caNCIA DOS LINF\u00d3CITOS B-1 NA RESPOSTA IMUNE EM CAMUNDONGOS DE SUSCEPTIBILIFADE INTERMEDI\u00c1RIA NA INFEC\u00c7\u00c3O EXPERIMENTAL POR PARACOCCIDIOIDESBRASILIENSIS (SPLENDORE, 1912)&#8221;<\/p>\n<p><strong>Orientador:<\/strong> Andrea Cristina Veto Arnholdt &#8211; CBB UENF \/ Maur\u00edcio Afonso Ver\u00edcimo &#8211; UFF<\/p>\n<p><strong>Banca:<\/strong><\/p>\n<p>Rita de C\u00e1ssia dos S. Vasconcellos &#8211; UFF<\/p>\n<p>Ant\u00f4nio H. A. de Moraes Neto &#8211; CBB\/UENF<\/p>\n<p>Renato Augusto DaMatta &#8211; CBB\/ UENF<\/p>\n<p>_______________________________________________<br \/>\n<strong>21\u2013 DIOGO OLIVEIRA DOS SANTOS<\/strong><br \/>\n<strong>Data:<\/strong> 22\/12\/2004<\/p>\n<p><strong>T\u00edtulo:<\/strong> &#8220;BIOGEOQU\u00cdMICA DA MAT\u00c9RIA ORG\u00c2NICA E SUAS RELA\u00c7\u00d5ES COM AS MATRIZES SEDMENTARES EM UM ECOSSISTEMA DE MANGUEZAL NO DELTA DO RIO PARAIBA DO SUL, RIO DE JANEIRO&#8221;<\/p>\n<p><strong>Orientador:<\/strong> Carlos Eduardo Rezende &#8211; CBB\/UENF<\/p>\n<p><strong>Banca:<\/strong><\/p>\n<p>Paulo Pedrosa Andrade &#8211; CBB\/ UENF<\/p>\n<p>Marcelo Corr\u00eaa Bernardes &#8211; UFF<\/p>\n<p>\u00c1lvaro Ramon Coelho Ovalle &#8211; CBB \/ UENF<br \/>\n_______________________________________________<\/p>\n","protected":false},"excerpt":{"rendered":"<p>Disserta\u00e7\u00e3o de Mestrado 2004: 1 \u2013 BETINA IVANA TERRA AZEVEDO ARENARI Data: 16\/01\/2004 T\u00edtulo: \u201cINVESTIGA\u00c7\u00c3O DE ALTERA\u00c7\u00d5ES GEN\u00c9TICAS NO RECEPTOR&#8230;<\/p>\n","protected":false},"author":25,"featured_media":0,"parent":277,"menu_order":0,"comment_status":"closed","ping_status":"closed","template":"","meta":{"footnotes":""},"class_list":["post-1969","page","type-page","status-publish","hentry"],"_links":{"self":[{"href":"https:\/\/uenf.br\/posgraduacao\/biociencias-biotecnologia\/wp-json\/wp\/v2\/pages\/1969","targetHints":{"allow":["GET"]}}],"collection":[{"href":"https:\/\/uenf.br\/posgraduacao\/biociencias-biotecnologia\/wp-json\/wp\/v2\/pages"}],"about":[{"href":"https:\/\/uenf.br\/posgraduacao\/biociencias-biotecnologia\/wp-json\/wp\/v2\/types\/page"}],"author":[{"embeddable":true,"href":"https:\/\/uenf.br\/posgraduacao\/biociencias-biotecnologia\/wp-json\/wp\/v2\/users\/25"}],"replies":[{"embeddable":true,"href":"https:\/\/uenf.br\/posgraduacao\/biociencias-biotecnologia\/wp-json\/wp\/v2\/comments?post=1969"}],"version-history":[{"count":0,"href":"https:\/\/uenf.br\/posgraduacao\/biociencias-biotecnologia\/wp-json\/wp\/v2\/pages\/1969\/revisions"}],"up":[{"embeddable":true,"href":"https:\/\/uenf.br\/posgraduacao\/biociencias-biotecnologia\/wp-json\/wp\/v2\/pages\/277"}],"wp:attachment":[{"href":"https:\/\/uenf.br\/posgraduacao\/biociencias-biotecnologia\/wp-json\/wp\/v2\/media?parent=1969"}],"curies":[{"name":"wp","href":"https:\/\/api.w.org\/{rel}","templated":true}]}}