{"id":1971,"date":"2020-12-04T21:12:16","date_gmt":"2020-12-05T00:12:16","guid":{"rendered":"https:\/\/uenf.br\/posgraduacao\/biociencias-biotecnologia\/?page_id=1971"},"modified":"2025-08-29T16:48:45","modified_gmt":"2025-08-29T19:48:45","slug":"ano-2005","status":"publish","type":"page","link":"https:\/\/uenf.br\/posgraduacao\/biociencias-biotecnologia\/teses-defendidas-2\/ano-2005\/","title":{"rendered":"Ano 2005"},"content":{"rendered":"<p><strong>Disserta\u00e7\u00e3o de Mestrado 2005:<\/strong><br \/>\n<strong>1\u2013 FABR\u00cdCIO ALVIM CARVALHO<\/strong><br \/>\n<strong>Data:<\/strong> 17\/02\/2005<br \/>\n<strong>T\u00edtulo:<\/strong> \u201cEFEITOS DA FRAGMENTA\u00c7\u00c3O FLORESTAL NA FLOR\u00cdSTICA E ESTRUTURA DA MATA ATL\u00c2NTICA SUBMONTANA DA REGI\u00c3I DE IMBA\u00da, MUNIC\u00cdPIO DE SILVA JARDIM, RJ\u201d<br \/>\n<strong>Orientador:<\/strong> Marcelo Trindade Nascimento<br \/>\n<strong>Banca:<\/strong> Dora Maria Villela<br \/>\nDorothy Sue Dunn de Araujo<br \/>\nPablo Jos\u00e9 Francisco Pena Rodrigues<br \/>\n_______________________________________________<br \/>\n<strong>2\u2013 LUCIANO GUEDES<\/strong><br \/>\n<strong>Data:<\/strong> 18\/02\/2005<br \/>\n<strong>T\u00edtulo:<\/strong> \u201cASSOCIA\u00c7\u00c3O GEOQUIMICA DE METAIS PESADOS EM PERFIS SEDIMENTARES DE DOIS ECOSSISTEMAS LACUSTRES DO NORTE DO ESTADO DO RIO DE JANEIRO &#8211; LAGOA DO CAMPELO E LAGOA DO JACAR\u00c9\u201d<br \/>\n<strong>Orientador:<\/strong> Cristina Maria Magalh\u00e3es de Souza<\/p>\n<p>_______________________________________________<br \/>\n<strong>3\u2013 GUSTAVO GOMES CHAGAS<\/strong><br \/>\n<strong>Data:<\/strong> 03\/03\/2005<br \/>\n<strong>T\u00edtulo:<\/strong> \u201cPRODU\u00c7\u00c3O PRIM\u00c1RIA DA MACR\u00d3FITA AQU\u00c1TICA SUBMERSA Egeria densa NA LAGOA DO CAMPELO, RJ \u2013 VARIA\u00c7\u00c3O SAZONAL E PRODU\u00c7\u00c3O DI\u00c1RIA\u201d<br \/>\n<strong>Orientador:<\/strong> Marina Satikita Suzuki<br \/>\n<strong>Banca:<\/strong> Alex Enrich Prast<br \/>\nGlauca Torres Aragon<br \/>\n\u00c2ngela Vit\u00f3ria Pierre<br \/>\nPaulo Pedrosa<br \/>\n_______________________________________________<br \/>\n<strong>4\u2013 MIGUEL SIANO DA CUNHA<\/strong><br \/>\n<strong>Data:<\/strong> 07\/03\/2005<br \/>\n<strong>T\u00edtulo:<\/strong> \u201cBIOLOGIA REPRODUTIVA DA SARDINHA BOCA-LARGA Cetengraulis endentulus (Cuvier,1829) NA BARRA DA LAGOA DO A\u00c7U, NORTE FLUMINENSE \u2013 RJ\u201d<br \/>\n<strong>Orientador:<\/strong> Ronaldo Novelli<br \/>\n<strong>Banca:<\/strong> Ilana Rosental Zalmon<br \/>\nEduardo Shimoda<br \/>\nManuel Vazquez Vidal Jr.<br \/>\n_______________________________________________<br \/>\n<strong>5\u2013 JO\u00c3O PAULO SANTOS SARAIVA<\/strong><br \/>\n<strong>Data:<\/strong> 21\/03\/2005<br \/>\n<strong>T\u00edtulo:<\/strong> \u201cCARACTERIZA\u00c7\u00c3O IN VITRO DA ATIVA\u00c7\u00c3O DE C\u00c9LULAS MURINAS IDUZIDAS POR DNA OU MICROESFERAS DE PLGA CONTENDO O GENE hsp65 DE MICROBACT\u00c9RIA\u201d<br \/>\n<strong>Orientador:<\/strong> Thereza Liberman Kipnis<br \/>\n<strong>Banca:<\/strong> Milton Masahiko Kanashiro<br \/>\nKarla de Melo Lima<br \/>\nRenato Augusto DaMatta<br \/>\n_______________________________________________<br \/>\n<strong>6\u2013 IZABELA SILVA DOS SANTOS <\/strong><br \/>\n<strong>Data:<\/strong> 22\/03\/2005<br \/>\n<strong>T\u00edtulo:<\/strong> \u201cCARACERIZA\u00c7\u00c3O, IMONULOCALIZA\u00c7\u00c3O E ESTUDO DA EXPRESS\u00c3O DE QUITINASES E SEMENTE DE Adenanthera Pavonina L.\u201d<br \/>\n<strong>Orientador:<\/strong> Valdirene Moreira Gomes<br \/>\n<strong>Banca:<\/strong> \u00c2ngela Pierre Vit\u00f3ria<br \/>\nFrancisco Jos\u00e9 Alvos Lemos<br \/>\nMaria L\u00edgia Rodrigues Macedo<br \/>\n_______________________________________________<br \/>\n<strong>7\u2013 H\u00c9RIKA CHAGAS MADUREIRA<\/strong><br \/>\n<strong>Data:<\/strong> 05\/04\/2005<br \/>\n<strong>T\u00edtulo:<\/strong> \u201cIMUNOLOCALIZA\u00c7\u00c3O DA CISTATINA DO TOMATE NA L\u00c2MINA FOLIAR E CARACTERIZA\u00c7\u00c3O PARCIAL DA SUA ATIVIDADE BIOPESTICIDA\u201d<br \/>\n<strong>Orientador:<\/strong> T\u00e2nia Jacinto Freitas da Silva<br \/>\n<strong>Banca:<\/strong> Laura Jane Moreira Santiago<br \/>\nVictor Martin Quintana Flores<br \/>\nCl\u00e1udio A. Retamal Martinez<br \/>\n_______________________________________________<br \/>\n<strong>8\u2013 ANA CRISTINA DIAS MACHADO LUSTOZA<\/strong><br \/>\n<strong>Data:<\/strong> 05\/04\/2005<br \/>\n<strong>T\u00edtulo:<\/strong> \u201cHOMEOSTASE DE C\u00c1LCIO NA LEVEDURA DE FISS\u00c3O E NO SEU RET\u00cdCULO ENDOPLASM\u00c1TICO: PAPEL DA P5 CTA4 ATPASE\u201d<br \/>\n<strong>Orientador:<\/strong> Anna L. Okorokova Fa\u00e7anha<br \/>\n<strong>Banca:<\/strong> K\u00e1tia Valevski Sales Fernandes<br \/>\nLev Alexandrovitch Okorokov<br \/>\nMaria L\u00facia Bianconi<br \/>\n_______________________________________________<br \/>\n<strong>9\u2013 DARLI GRATIVOL KELLER<\/strong><br \/>\n<strong>Data:<\/strong> 08\/04\/2005<br \/>\n<strong>T\u00edtulo:<\/strong> \u201cCARACTERIZA\u00c7\u00c3O MORFOL\u00d3GICA E ULTRAESTRUTURAL DE PHYTOMONAS STAHELI EM COCULTURA COM AEDES ALBOPICTUS\u201d<br \/>\n<strong>Orientador:<\/strong> Fl\u00e1vio Costa Miguens<\/p>\n<p>_______________________________________________<br \/>\n<strong>10 \u2013 GUILHERME VIEIRA FARIA<\/strong><br \/>\n<strong>Data:<\/strong> 13\/04\/2005<br \/>\n<strong>T\u00edtulo:<\/strong> \u201cCOMPORTAMENTOS DE FORRAGEIO E PADR\u00c3O DE ATIVIDADES DE MICOS-LE\u00d5ES-DOURADOS, Leontopithecus rosalia, EM FRAGMENTOS FLORESTAIS\u201d<br \/>\n<strong>Orientador:<\/strong> Carlos Ramon Ruiz Miranda<br \/>\n<strong>Banca:<\/strong> Maria Cristina Gaglianone<br \/>\nMarcelo Trindade Nascimento<br \/>\nAdriana Daudt Grativol<br \/>\n_______________________________________________<br \/>\n<strong>11\u2013 JULIANNA GUZZO FONSECA<\/strong><br \/>\n<strong>Data:<\/strong> 15\/04\/2005<br \/>\n<strong>T\u00edtulo:<\/strong> \u201cNOVOS CONCEITOS SOBRE O PROBLEMA DA \u00c1GUA\u201d<br \/>\n<strong>Orientador:<\/strong> Jo\u00e3o Carlos de Aquino Almeida<br \/>\n<strong>Banca:<\/strong> Annaelise Maria Wilken de Abreu<br \/>\nJ\u00falio Viana Barbosa<br \/>\nL\u00edlian M.G. Bahia Oliveira<br \/>\n_______________________________________________<br \/>\n<strong>12\u2013 TATIANA FERNANDES<\/strong><br \/>\n<strong>Data:<\/strong> 18\/04\/2005<br \/>\n<strong>T\u00edtulo:<\/strong> \u201cDISTRIBUI\u00c7\u00c3O POTENCIAL DE CET\u00c1CEOS NO NORTE DO ESTADO DO RIO DE JANEIRO, ATRAV\u00c9S DE INFORMA\u00c7\u00d5ES ADVINDAS DE PESCADORES\u201d<br \/>\n<strong>Orientador:<\/strong> Ana Paula Madeira Di Beneditto<\/p>\n<p>_______________________________________________<br \/>\n<strong>13\u2013 TARSILA MARIA DA SILVA MORAES<\/strong><br \/>\n<strong>Data:<\/strong> 29\/04\/2005<br \/>\n<strong>T\u00edtulo:<\/strong> \u201cASPECTOS ANAT\u00d4MICOS E ULTRAESTRUTURAIS DE L\u00c2MINA FOLIAR DE ESP\u00c9CIES DE Simira E Bathysa (RUBIACEAE) DA FLORESTA ATL\u00c2NTICA DO ESTADO DO RIO DE JANEIRO\u201d<br \/>\n<strong>Orientador:<\/strong> Maura da Cunha<br \/>\n<strong>Banca:<\/strong> Cec\u00edlia Gon\u00e7alves Costa<br \/>\nFabio Lopes Olivares<br \/>\nMarco Ant\u00f4nio de Oliveira<br \/>\n_______________________________________________<br \/>\n<strong>14\u2013 THIAGO PARENTE SOUZA<\/strong><br \/>\n<strong>Data:<\/strong> 28\/06\/2005<br \/>\n<strong>T\u00edtulo:<\/strong> \u201cAVALIA\u00c7\u00c3O DA DISTRIBUI\u00c7\u00c3O DE MERC\u00daRIO TOTAL EM TECIDO MUSCULAR DA ICTIOFAUNA DA LAGOA DE CIMA E CAMPELO NA REGI\u00c3O NORTE DO ESTADO DO RIO DE JANEIRO\u201d<br \/>\n<strong>Orientador<\/strong>: Carlos Eduardo Veiga de Carvalho<br \/>\n<strong>Banca:<\/strong> Ronaldo Novelli<br \/>\nAlexandre Gomes Ferreira<br \/>\nEd\u00e9sio Jos\u00e9 Ten\u00f3rio de Melo<br \/>\n_______________________________________________<br \/>\n<strong>15\u2013 ANA CL\u00c1UDIA PINTO DO NASCIMENTO<\/strong><br \/>\n<strong>Data:<\/strong> 05\/07\/2005<br \/>\n<strong>T\u00edtulo:<\/strong> \u201cProdu\u00e7\u00e3o e aporte de nutrientes da serapilheira em um fragmento de Mata Atl\u00e2ntica na Rebio Uni\u00e3o, RJ: Efeito de borda\u201d<br \/>\n<strong>Orientador:<\/strong> Dora Maria Vilela<br \/>\n<strong>Banca:<\/strong> \u00c2ngela Pierre Vit\u00f3ria<br \/>\nMaria Cristina Gaglianone<br \/>\nRog\u00e9rio Ribeiro de Oliveira<br \/>\n_______________________________________________<br \/>\n<strong>16\u2013 MARCIO MARCELO DE MORAIS JUNIOR<\/strong><br \/>\n<strong>Data:<\/strong> 06\/09\/2005<br \/>\n<strong>T\u00edtulo:<\/strong> \u201cMETODOLOGIAS DE AMOSTRAGEM DE POPULA\u00c7\u00d5ES: ALICA\u00c7\u00c3O E COMPARA\u00c7\u00c3O EM POPULA\u00c7\u00d5ES DE MICO-LE\u00c3O DOURADO (Leontopithecus rosalia, LINNAEUS, 1766) E SAGUIS (Callithrix spp., ERXLEBEN, 1777) NA BACIA DO RIO S\u00c3O JO\u00c3O\u201d<br \/>\n<strong>Orientador:<\/strong> Carlos Ramon Ruiz Miranda \/ Leandro Rabello Monteiro<br \/>\n<strong>Banca:<\/strong> Ana Paula Medeira Di Beneditto<br \/>\nMarcelo Trindade Nascimento<br \/>\nPaula Proc\u00f3pio<br \/>\n_______________________________________________<br \/>\n<strong>17\u2013 CRISTIANE DE SOUZA CARVALHO<\/strong><br \/>\n<strong>Data:<\/strong> 15\/09\/2005<br \/>\n<strong>T\u00edtulo:<\/strong> \u201cACIDIFICA\u00c7\u00c3O DO VAC\u00daOLO PARASIT\u00d3FORO CONTENDO TOXOPLASMA GONDII NA PRESEN\u00c7A DE DROGAS ANTIPROLIFERATIVAS\u201d<br \/>\n<strong>Orientador:<\/strong> Ed\u00e9sio Jos\u00e9 Ten\u00f3rio de Melo<br \/>\n<strong>Banca:<\/strong> Andr\u00e9a Cristina Veto Arnholdt<br \/>\nRenato Augusto DaMatta<br \/>\nWanderley de Souza<br \/>\n_______________________________________________<br \/>\n<strong>18\u2013 LEONARDO ARA\u00daJO DE ABREU<\/strong><br \/>\n<strong>Data:<\/strong> 19\/09\/2005<br \/>\n<strong>T\u00edtulo:<\/strong> \u201cINVESTIGA\u00c7\u00c3O SOBRE O PAPEL DE UM PEPT\u00cdDEO RELACIONADO \u00c0 INSULINA NA EMBRIOG\u00caNESE DO CARRAPATO BOVINO Boophilus microplus (CANESTRINI, 1887) (Acari: Ixodidae)\u201d<br \/>\n<strong>Orientador:<\/strong> Carlos Logullo<br \/>\n<strong>Banca:<\/strong> M\u00e1rio Alberto da Silva Neto<br \/>\nMar\u00edlia Amorim Berbet de Molina<br \/>\n\u00c2ngelo Burla Dias<br \/>\n_______________________________________________<br \/>\n<strong>19\u2013 ELDO CAMPOS<\/strong><br \/>\n<strong>Data:<\/strong> 22\/09\/2005<br \/>\n<strong>T\u00edtulo:<\/strong> \u201cDIN\u00c2MICA METAB\u00d3LICA DE DIFERENTE MACROMOL\u00c9CULAS NO DESENVOLVIMENTO EMBRION\u00c1RIO DO CARRAPATO Boophilus microplus\u201d<br \/>\n<strong>Orientador:<\/strong> Carlos Logullo<br \/>\n<strong>Banca:<\/strong> Anna Okorokova Fa\u00e7anha<br \/>\nMar\u00edlvia Dansa Alencar Petreski<br \/>\nPatr\u00edcia Hessab Alvarenga<br \/>\n_______________________________________________<br \/>\n<strong>20\u2013 HELLEN JANNISY VIEIRA BEIRAL<\/strong><br \/>\n<strong>Data:<\/strong> 07\/10\/2005<br \/>\n<strong>T\u00edtulo:<\/strong> \u201cEFEITOS CELULARES DA A\u00c7\u00c3O DE ANTIBI\u00d3TICOS SOBRE O DESENVOLVIMENTO INTRACELULAR DO TOXOPLASMA GONDIITO\u201d<br \/>\n<strong>Orientador:<\/strong> Ed\u00e9sio Jos\u00e9 Ten\u00f3rio de Melo<\/p>\n<p>_______________________________________________<br \/>\n<strong>21\u2013 LIDIANE LISBOA TARDIN<\/strong><br \/>\n<strong>Data:<\/strong> 28\/10\/2005<br \/>\n<strong>T\u00edtulo:\u00a0<\/strong>&#8220;IMPORT\u00c2NCIA DO COMPLEXO DE GOLGI NO DESENVOLVIMENTO INTRACELULAR DO TOXOPLASMA GONDII&#8221;<br \/>\n<strong>Orientador:\u00a0<\/strong>Prof. Ed\u00e9sio Jos\u00e9 Ten\u00f3rio de Melo<\/p>\n<p><strong>Banca:\u00a0<\/strong>Prof. Valdirene Moreira Gomes (LFBM &#8211; UENF)<\/p>\n<p>Prof. Maura da Cunha (LBCT &#8211; UENF)<\/p>\n<p>Prof. Ulisses Casado Lins (LME &#8211; UFRJ)<\/p>\n<p>_______________________________________________<\/p>\n","protected":false},"excerpt":{"rendered":"<p>Disserta\u00e7\u00e3o de Mestrado 2005: 1\u2013 FABR\u00cdCIO ALVIM CARVALHO Data: 17\/02\/2005 T\u00edtulo: \u201cEFEITOS DA FRAGMENTA\u00c7\u00c3O FLORESTAL NA FLOR\u00cdSTICA E ESTRUTURA DA&#8230;<\/p>\n","protected":false},"author":25,"featured_media":0,"parent":277,"menu_order":0,"comment_status":"closed","ping_status":"closed","template":"","meta":{"footnotes":""},"class_list":["post-1971","page","type-page","status-publish","hentry"],"_links":{"self":[{"href":"https:\/\/uenf.br\/posgraduacao\/biociencias-biotecnologia\/wp-json\/wp\/v2\/pages\/1971","targetHints":{"allow":["GET"]}}],"collection":[{"href":"https:\/\/uenf.br\/posgraduacao\/biociencias-biotecnologia\/wp-json\/wp\/v2\/pages"}],"about":[{"href":"https:\/\/uenf.br\/posgraduacao\/biociencias-biotecnologia\/wp-json\/wp\/v2\/types\/page"}],"author":[{"embeddable":true,"href":"https:\/\/uenf.br\/posgraduacao\/biociencias-biotecnologia\/wp-json\/wp\/v2\/users\/25"}],"replies":[{"embeddable":true,"href":"https:\/\/uenf.br\/posgraduacao\/biociencias-biotecnologia\/wp-json\/wp\/v2\/comments?post=1971"}],"version-history":[{"count":0,"href":"https:\/\/uenf.br\/posgraduacao\/biociencias-biotecnologia\/wp-json\/wp\/v2\/pages\/1971\/revisions"}],"up":[{"embeddable":true,"href":"https:\/\/uenf.br\/posgraduacao\/biociencias-biotecnologia\/wp-json\/wp\/v2\/pages\/277"}],"wp:attachment":[{"href":"https:\/\/uenf.br\/posgraduacao\/biociencias-biotecnologia\/wp-json\/wp\/v2\/media?parent=1971"}],"curies":[{"name":"wp","href":"https:\/\/api.w.org\/{rel}","templated":true}]}}