{"id":200,"date":"2014-02-12T11:20:57","date_gmt":"2014-02-12T13:20:57","guid":{"rendered":"http:\/\/uenf.br\/pos-graduacao\/biociencias-biotecnologia\/?page_id=200"},"modified":"2025-05-13T17:01:30","modified_gmt":"2025-05-13T20:01:30","slug":"entrega-de-exemplar-de-tese","status":"publish","type":"page","link":"https:\/\/uenf.br\/posgraduacao\/biociencias-biotecnologia\/entrega-de-exemplar-de-tese\/","title":{"rendered":"Entrega da Vers\u00e3o Final Tese\/Disserta\u00e7\u00e3o"},"content":{"rendered":"<div id=\"materiaPrincipal\">\n<h4><span style=\"color: #b00505\"><strong><span style=\"font-weight: 400\">O prazo para entrega do exemplar finalizado em conformidade com as <\/span><\/strong><a style=\"color: #b00505\" href=\"https:\/\/uenf.br\/posgraduacao\/biociencias-biotecnologia\/wp-content\/uploads\/sites\/12\/2025\/02\/25_02_25_p31_a_35_Resolucao_COLAC_no_43_2025_dispoe_sobre_normas_gerais_de_pos_graduacao_strictu_sensu_da_UENF-1.pdf\">Normas Gerais de PG da UENF<\/a> <strong><span style=\"font-weight: 400\">(Art. 59) \u00e9 de 60 (sessenta) dias.<\/span><\/strong><\/span><\/h4>\n<p style=\"padding-left: 40px\"><span style=\"color: #b00505\"><em>Caso de entrega de tese fora do prazo, o aluno deve entregar um documento solicitando a entrega fora do prazo, com a justificativa, e com a ci\u00eancia do orientador, que encaminhara o documento via <a style=\"color: #b00505\" href=\"https:\/\/sei.rj.gov.br\/sip\/login.php?sigla_orgao_sistema=ERJ&amp;sigla_sistema=SEI\">SEI\/RJ<\/a> para a Coordena\u00e7\u00e3o do PPGBB.\u00a0<\/em><\/span><\/p>\n<ul>\n<li>\n<h4><span style=\"color: #0662b8\"><strong><a style=\"color: #0662b8\" href=\"https:\/\/uenf.br\/posgraduacao\/biociencias-biotecnologia\/entrega-de-exemplar-de-tese\/normas-para-elaboracao-de-teses-na-uenf\/\">Normas para elabora\u00e7\u00e3o de Teses na UENF<\/a><\/strong><\/span><\/h4>\n<\/li>\n<li>\n<h4><span style=\"color: #0662b8\"><strong><a style=\"color: #0662b8\" href=\"https:\/\/uenf.br\/posgraduacao\/biociencias-biotecnologia\/entrega-de-exemplar-de-tese\/ficha-catalografica\/\">Ficha Catalogr\u00e1fica<\/a><\/strong><\/span><\/h4>\n<\/li>\n<li>\n<h4><span style=\"color: #0662b8\"><a style=\"color: #0662b8\" href=\"https:\/\/uenf.br\/posgraduacao\/biociencias-biotecnologia\/entrega-de-exemplar-de-tese\/agradecimentos-na-tese\/\"><strong>Agradecimentos na Tese<\/strong><\/a><\/span><\/h4>\n<\/li>\n<\/ul>\n<\/div>\n<ul>\n<li>\n<h4><span style=\"color: #0662b8\"><a style=\"color: #0662b8\" href=\"https:\/\/uenf.br\/posgraduacao\/biociencias-biotecnologia\/entrega-de-exemplar-de-tese\/procedimentos-para-assinatura\/\">Procedimentos para Assinatura <\/a><\/span><strong style=\"font-size: 16px\">da folha de aprova\u00e7\u00e3o de disserta\u00e7\u00e3o e tese<\/strong><\/h4>\n<\/li>\n<\/ul>\n<div class=\"entry clr\">\n<div><\/div>\n<div><span style=\"text-decoration: underline\"><strong>Os Procedimentos:<\/strong><\/span><\/div>\n<\/div>\n<div id=\"materiaPrincipal\">\n<p>1- O aluno deve encaminhar \u00e0 esta Coordena\u00e7\u00e3o \u00a0<strong>2<\/strong>\u00a0<strong>c\u00f3pias<\/strong> da vers\u00e3o finalizada da tese\/disserta\u00e7\u00e3o, devidamente encadernadas (CAPA CINZA), com a assinatura <em><strong>ORIGINAL <\/strong><\/em>dos Membros da Banca, na folha de rosto das duas vers\u00f5es ou de acordo com a <strong><a href=\"https:\/\/uenf.br\/posgraduacao\/biociencias-biotecnologia\/entrega-de-exemplar-de-tese\/procedimentos-para-assinatura\/\">Resolu\u00e7\u00e3o COLAC UENF n\u00ba 33\/2024 <\/a><\/strong><span style=\"color: #0662b8\"><strong>(um exemplar deve ser rubricado em todas as p\u00e1ginas, pelo aluno, DEVENDO ASSINAR NA \u00daLTIMA P\u00c1GINA)<\/strong>.<\/span><\/p>\n<p>2- Todos os alunos dever\u00e3o ENVIAR POR EMAIL um arquivo<strong> da tese completa, vers\u00e3o pdf (um \u00fanico arquivo).<\/strong><\/p>\n<p align=\"justify\">3- Os alunos dever\u00e3o autorizar a divulga\u00e7\u00e3o da tese atrav\u00e9s\u00a0do\u00a0formul\u00e1rio padr\u00e3o\u00a0<a href=\"https:\/\/uenf.br\/posgraduacao\/biociencias-biotecnologia\/wp-content\/uploads\/sites\/12\/2022\/05\/Autorizacao-divulgacao-Dissertacao-Defesa.docx\">Autoriza\u00e7\u00e3o divulga\u00e7\u00e3o Disserta\u00e7\u00e3o-Defesa<\/a><\/p>\n<p align=\"justify\">4- Os alunos dever\u00e3o preencher 2 (duas) vias do\u00a0<a href=\"https:\/\/uenf.br\/posgraduacao\/biociencias-biotecnologia\/wp-content\/uploads\/sites\/12\/2014\/02\/termo-de-autoriza\u00e7\u00e3o-para-biblioteca-digital.doc\">termo de autoriza\u00e7\u00e3o para biblioteca digital<\/a><\/p>\n<p>5-\u00a0O aluno deve preencher o\u00a0<a href=\"https:\/\/uenf.br\/posgraduacao\/biociencias-biotecnologia\/wp-content\/uploads\/sites\/12\/2018\/05\/Requerimento-para-Registro-Biblioteca-Nacional-novo.pdf\">Requerimento para Registro Biblioteca Nacional-novo<\/a><\/p>\n<p>6- O aluno deve preencher o <a href=\"https:\/\/uenf.br\/posgraduacao\/biociencias-biotecnologia\/wp-content\/uploads\/sites\/12\/2025\/02\/FICHA-PARA-CADASTRO-DE-ALUNOS-EGRESSOS.doc\" target=\"_blank\" rel=\"noopener\">FICHA PARA CADASTRO DE ALUNOS EGRESSOS<\/a><\/p>\n<p>7- \u00a0O aluno deve anexar c\u00f3pia do RG (identidade), CPF, comprovante de resid\u00eancia <span style=\"color: #000000\">(<\/span><u>no nome do aluno<\/u><span style=\"color: #000000\">)<\/span><\/p>\n<p>8- O aluno deve entregar original do boleto banc\u00e1rio pago da taxa de registro na Biblioteca Nacional (GRU simples). Para adquirir o boleto\u00a0<a href=\"https:\/\/consulta.tesouro.fazenda.gov.br\/gru\/gru_simples.asp\">Formul\u00e1rio &#8211; GRU simples<\/a>: O aluno dever\u00e1 utilizar os seguintes c\u00f3digos para o preenchimento: Caso n\u00e3o consiga gerar o GRU pelo site acima, favor tentar com o site abaixo:<\/p>\n<p><a href=\"https:\/\/pagtesouro.tesouro.gov.br\/portal-gru\/#\/emissao-gru\">https:\/\/pagtesouro.tesouro.gov.br\/portal-gru\/#\/emissao-gru.<\/a><\/p>\n<p><strong>Unidade Gestora:<\/strong>\u00a0344042 ;\u00a0<strong>Gest\u00e3o:<\/strong>\u00a034209;\u00a0<strong>C\u00f3digo de Recolhimento:<\/strong>28830-6;\u00a0<strong>Valor:<\/strong>\u00a0R$ 20,00;\u00a0<strong>Nome da Unidade Favorecida:<\/strong>\u00a0Funda\u00e7\u00e3o Biblioteca Nacional<\/p>\n<p><span style=\"color: #ff0000\"><strong>Aten\u00e7\u00e3o:<\/strong>\u00a0<\/span>Na impossibilidade de imprimir a GRU pela Internet, dirigir-se ao Banco do Brasil, e informe ao caixa os seguintes dados:<br \/>\nTransa\u00e7\u00e3o: 210; Op\u00e7\u00e3o: 7; Cliente: Conta \u00danica do Tesouro Nacional<br \/>\nIdentificador 1: 3.440.423.420.928.830 6<br \/>\nIdentificador 2: CPF ou CNPJ do Requerente<br \/>\nValor (de acordo com a tabela)<\/p>\n<p>OBS.: ENCAMINHAR A DOCUMENTA\u00c7\u00c3O POR EMAIL (cpgcbb@uenf.br) PARA CONFER\u00caNCIA, ANTES DA ENTREGA PRESENCIAL.<\/p>\n<h2><\/h2>\n<\/div>\n","protected":false},"excerpt":{"rendered":"<p>O prazo para entrega do exemplar finalizado em conformidade com as Normas Gerais de PG da UENF (Art. 59) \u00e9&#8230;<\/p>\n","protected":false},"author":25,"featured_media":0,"parent":0,"menu_order":14,"comment_status":"open","ping_status":"closed","template":"","meta":{"footnotes":""},"class_list":["post-200","page","type-page","status-publish","hentry"],"_links":{"self":[{"href":"https:\/\/uenf.br\/posgraduacao\/biociencias-biotecnologia\/wp-json\/wp\/v2\/pages\/200","targetHints":{"allow":["GET"]}}],"collection":[{"href":"https:\/\/uenf.br\/posgraduacao\/biociencias-biotecnologia\/wp-json\/wp\/v2\/pages"}],"about":[{"href":"https:\/\/uenf.br\/posgraduacao\/biociencias-biotecnologia\/wp-json\/wp\/v2\/types\/page"}],"author":[{"embeddable":true,"href":"https:\/\/uenf.br\/posgraduacao\/biociencias-biotecnologia\/wp-json\/wp\/v2\/users\/25"}],"replies":[{"embeddable":true,"href":"https:\/\/uenf.br\/posgraduacao\/biociencias-biotecnologia\/wp-json\/wp\/v2\/comments?post=200"}],"version-history":[{"count":0,"href":"https:\/\/uenf.br\/posgraduacao\/biociencias-biotecnologia\/wp-json\/wp\/v2\/pages\/200\/revisions"}],"wp:attachment":[{"href":"https:\/\/uenf.br\/posgraduacao\/biociencias-biotecnologia\/wp-json\/wp\/v2\/media?parent=200"}],"curies":[{"name":"wp","href":"https:\/\/api.w.org\/{rel}","templated":true}]}}