{"id":2040,"date":"2021-05-03T15:21:49","date_gmt":"2021-05-03T18:21:49","guid":{"rendered":"https:\/\/uenf.br\/posgraduacao\/biociencias-biotecnologia\/?page_id=2040"},"modified":"2025-02-13T16:06:20","modified_gmt":"2025-02-13T19:06:20","slug":"ano-2021","status":"publish","type":"page","link":"https:\/\/uenf.br\/posgraduacao\/biociencias-biotecnologia\/teses-defendidas-2\/ano-2021\/","title":{"rendered":"Ano 2021"},"content":{"rendered":"<div class=\"post-headline\"><\/div>\n<div>\n<h1>Disserta\u00e7\u00e3o de Mestrado 2021<\/h1>\n<ul>\n<li>Clique no autor para acessar a disserta\u00e7\u00e3o completa:<\/li>\n<\/ul>\n<p><strong>1-<a href=\"https:\/\/uenf.br\/posgraduacao\/biociencias-biotecnologia\/wp-content\/uploads\/sites\/12\/2021\/05\/MARILUCIA-RIBEIRO_-Versao-Final-1.pdf\">MARILUCIA CARVALHO RIBEIRO<\/a><\/strong><\/p>\n<p><strong>Data:<\/strong> 25\/02\/2021<\/p>\n<p><strong>T\u00edtulo: <\/strong>ESTUDO COMPARATIVO DO PERFIL PROT\u00c9ICO E DA ATIVIDADE<br \/>\nANTIMICROBIANA DE PEPT\u00cdDEOS DE FRUTOS IMATUROS E<br \/>\nMADUROS DE <em>Capsicum chinense <\/em>Jacq. SOBRE LEVEDURAS<\/p>\n<p><strong>Orientador: <\/strong>Dra. Valdirene Moreira Gomes<\/p>\n<p><strong>Banca:<\/strong>Prof\u00aa. Anna Lvovna Okorokova Fa\u00e7anha (D.Sc., Qu\u00edmica Biol\u00f3gica) \u2013 UENF<\/p>\n<p>Dr.\u00aa Thatiana Lopes Bi\u00e1 Ventura Sim\u00e3o (D.Sc., Bioci\u00eancias e Biotecnologia) \u2013 UFRJ<\/p>\n<p>Prof. Umberto Zottich Pereira (D.Sc., Bioci\u00eancias e Biotecnologia) \u2013 UFRR<\/p>\n<p>Prof\u00aa. Valdirene Moreira Gomes (D.Sc., Ci\u00eancias Biol\u00f3gicas) \u2013 UENF<\/p>\n<p>_______________________________________________________________________<\/p>\n<p><strong>2-<a href=\"https:\/\/uenf.br\/posgraduacao\/biociencias-biotecnologia\/wp-content\/uploads\/sites\/12\/2021\/05\/Dissertacao-Mestrado-Sarah-rodrigues-VERSAO-FINAL-2021-05.pdf\">SARAH RODRIGUES FERREIRA<\/a><\/strong><\/p>\n<p><strong>Data:<\/strong> 26\/02\/20201<\/p>\n<p><strong>T\u00edtulo: Isolamento e Caracteriza\u00e7\u00e3o de Prote\u00ednas de Liga\u00e7\u00e3o \u00e0 Quitina de<br \/>\nSementes de Vigna unguiculata (L. Walp) e Avalia\u00e7\u00e3o da Toxicidade<br \/>\npara o Inseto Callosobruchus maculatus (Fabr.)\u00a0<\/strong><\/p>\n<p><strong>Orientador: Prof.\u00aa Dr.\u00aa Ant\u00f4nia Elenir Am\u00e2ncio Oliveira<\/strong><\/p>\n<p><strong>Banca:<\/strong><\/p>\n<p>Prof\u00aa. Valdirene Moreira Gomes (D.Sc., Ci\u00eancias Biol\u00f3gicas) \u2013 UENF<\/p>\n<p>Prof. Dr. Geraldo de Amaral Gravina &#8211; LEAG\/CCTA\/CBB\/UENF<\/p>\n<p>Prof.\u00aa Dr\u00aa. Adriana Ferreira Uch\u00f4a &#8211; DBG\/CB\/UFRN<\/p>\n<p>__________________________________________________________________<\/p>\n<p>3- <a href=\"https:\/\/uenf.br\/posgraduacao\/biociencias-biotecnologia\/wp-content\/uploads\/sites\/12\/2021\/07\/DISSERTACAO-DOUGLAS-RIBEIRO-LUCASpequena.pdf\">DOUGLAS RIBEIRO LUCAS<\/a><\/p>\n<p><strong>Data: <\/strong>26\/02\/2021<\/p>\n<p><strong>T\u00edtulo: ESTUDO DA ATIVIDADE BIOL\u00d3GICA E MECANISMO DE A\u00c7\u00c3O DO<br \/>\nPEPT\u00cdDEO SINT\u00c9TICO DESENHADO D-A36,42,44R37,38\u03b332-46VuDef SOBRE<br \/>\nLEVEDURAS PATOG\u00caNICAS E TOXICIDADE SOBRE C\u00c9LULAS DE<br \/>\nMAM\u00cdFEROS <\/strong><\/p>\n<p><strong>Orientador: Prof. Dr. Andr\u00e9 de Oliveira Carvalho <\/strong><\/p>\n<p><strong>Banca: <\/strong>Prof. Dr. Andr\u00e9 de Oliveira Carvalho<\/p>\n<p>Dr. ALEXANDRE HORACIO COUTO BITTENCOURT<\/p>\n<p>Dra. KATIA VALEVISKI SALES FERNANDES<\/p>\n<p>Dra. ANNA LVOVNA OKOROKOVA FACANHA<\/p>\n<p>___________________________________________________________________________<\/p>\n<p><strong>4- <a href=\"https:\/\/uenf.br\/posgraduacao\/biociencias-biotecnologia\/wp-content\/uploads\/sites\/12\/2023\/05\/Dissertacao_Daphne_FINAL-1.pdf\">DAPHNE ALVES DIAS<\/a><\/strong><\/p>\n<p><strong>Data: <\/strong>03\/03\/2021<\/p>\n<p><strong>T\u00edtulo: \u00a0&#8220;Efeito de curcumina na morfologia e din\u00e2mica vacuolar em levedura de fiss\u00e3o.&#8221;<\/strong><\/p>\n<p><strong>Orientador: <\/strong>Dra. Anna Lvovna Okorokova Fa\u00e7anha (UENF)<\/p>\n<p><strong>Banca:<\/strong><\/p>\n<p>Dr\u00aa Ar\u00edcia Leone Evangelista Monteiro de Assis \u2013 Instituto GALZU<\/p>\n<p>Dr\u00aa Brunna Xavier Martins \u2013 UENF<\/p>\n<p>Dr. Jo\u00e3o Carlos de Aquino Almeida \u2013 UENF<\/p>\n<p>____________________________________________________________________________<\/p>\n<p><strong>5-<a href=\"https:\/\/uenf.br\/posgraduacao\/biociencias-biotecnologia\/wp-content\/uploads\/sites\/12\/2021\/05\/VERSAO-FINAL-DISSERTACAO-Ana-Caroline-Mafra-24.05.2021.pdf\">\u00a0ANA <\/a><a href=\"https:\/\/uenf.br\/posgraduacao\/biociencias-biotecnologia\/wp-content\/uploads\/sites\/12\/2021\/05\/MARILUCIA-RIBEIRO_-Versao-Final-1.pdf\">CAROLINE MAFRA BEZERRA<\/a><\/strong><\/p>\n<p><strong>Data:<\/strong> 03\/03\/2021<\/p>\n<p><strong>T\u00edtulo: AN\u00c1LISES BIOL\u00d3GICAS, IN VITRO, DO COMPOSTO DE<br \/>\nCOORDENA\u00c7\u00c3O DE COBRE NA ATIVIDADE ANTINEOPL\u00c1SICA.<\/strong><\/p>\n<p><strong>Orientador: <\/strong>Prof. Dr. Milton Masahiko Kanashiro (Membro Interno &#8211; UENF)<\/p>\n<p><strong>Banca:<\/strong><\/p>\n<p><strong>Dr. Fabr\u00edcio Moreira Almeida (Membro Interno &#8211; UENF)<\/strong><\/p>\n<p>Prof. Dr. Jo\u00e3o Carlos de Aquino Almeida (Membro Interno &#8211; UENF)<br \/>\nProf. Dr. Franz Viana Borges (Membro Externo &#8211; IFF)<br \/>\nProf. Dr. Milton Masahiko Kanashiro (Membro Interno &#8211; UENF)<\/p>\n<p>__________________________________________________________________________<\/p>\n<p><strong>6- <a href=\"https:\/\/uenf.br\/posgraduacao\/biociencias-biotecnologia\/wp-content\/uploads\/sites\/12\/2021\/05\/Sara-Nallia.pdf\">SARA N\u00c1LLIA DE OLIVEIRA COSTA<\/a><\/strong><\/p>\n<p><strong>Data: <\/strong>10\/03\/2021<\/p>\n<p><strong>T\u00edtulo: <\/strong>PROSPEC\u00c7\u00c3O DE METAB\u00d3LITOS SECUND\u00c1RIOS RELACIONADOS<br \/>\nCOM A RESIST\u00caNCIA DE <em>Psidium spp. <\/em>AO NEMATOIDE<br \/>\n<em>Meloidogyne enterolobii<\/em><\/p>\n<p><strong>Orientador: <\/strong>Dra. K\u00e1tia Valevski Sales Fernandes<\/p>\n<p><strong>Banca:<\/strong> Profa. Dra. Olga Lima Tavares Machado (Membro interno &#8211; UENF)<\/p>\n<p>Dr. Ant\u00f4nio Jesus Dorighetto Cogo (Membro interno &#8211; UENF)<\/p>\n<p>Prof. Dr. M\u00e1rcio dos Santos Teixeira Pinto (Membro externo &#8211; UFT)<\/p>\n<p>Profa. Dra. K\u00e1tia Valevski Sales Fernandes &#8211; Orientadora<\/p>\n<p>Dra. Juliana Martins Ribeiro &#8211; Coorientadora<\/p>\n<p>_________________________________________________________________________<\/p>\n<p><strong>6- <a href=\"https:\/\/uenf.br\/posgraduacao\/biociencias-biotecnologia\/wp-content\/uploads\/sites\/12\/2021\/07\/Dissertacao-Mestrado-Nayara-Vigneron-.pdf\">\u00a0NAYARA VIGNERON DE OLIVEIRA<\/a><\/strong><\/p>\n<p><strong>Data: <\/strong>19\/03\/2021<\/p>\n<p><strong>T\u00edtulo: \u00a0&#8220;Produ\u00e7\u00e3o de anticorpos monoclonais anti-MPT64 de\u00a0<em>Mycobacterium tuberculosis<\/em>\u00a0e seu uso para compor o kit ELISA para diagn\u00f3stico diferencial de infec\u00e7\u00f5es por\u00a0<em>M.avium<\/em>\u00a0e\u00a0<em>M. tuberculosis<\/em>.<\/strong><\/p>\n<p><strong>Orientador: <\/strong>Dra. Elena Lassounskaia<\/p>\n<p><strong>Banca:<\/strong><\/p>\n<p>Ant\u00f4nio Jesus Dorighetto Cogo, D.Sc. (UENF)<\/p>\n<p>D\u00e9bora Moth\u00e9 de Campos Mesquita, D.Sc. (externo)<\/p>\n<p>Elena Lassounskaia, D.Sc. (UENF)\u00a0Presidente<\/p>\n<p>Franz Viana Borges, D.Sc. (externo)<\/p>\n<p>Giliane da Silva de Souza Cabral, D.Sc. (UENF)<\/p>\n<p>&nbsp;<\/p>\n<p>_________________________________________________________________________<\/p>\n<p><strong>8- <a href=\"https:\/\/uenf.br\/posgraduacao\/biociencias-biotecnologia\/wp-content\/uploads\/sites\/12\/2023\/05\/Dissertacao-arquivo-final-luciana-stohler-2.pdf\">LUCIANA STOHLER NOGUEIRA<\/a><\/strong><\/p>\n<p><strong>Data: <\/strong>11\/09\/2021<\/p>\n<p><strong>T\u00edtulo:\u00a0 &#8220;RELA\u00c7\u00c3O ENTRE IMUNOGLOBULINA E (IgE) S\u00c9RICA EM PORTADORES DE ALERGIAS RESPIRAT\u00d3RIAS E AL\u00c9RGENOS INALANTES DOMICILIARES.\u201d<\/strong><\/p>\n<p><strong>Orientador: <\/strong>Dra. Olga Lima Tavares Machado<\/p>\n<p><strong>Banca:<\/strong><\/p>\n<p>Dr. Ant\u00f4nio Teva \u2013 FMC<\/p>\n<p>Dr. Arnoldo Rocha Fa\u00e7anha \u2013 UENF<\/p>\n<p>Dr. Milton Masahiko Kanashiro \u2013 UENF<\/p>\n<p>__________________________________________________________________________<\/p>\n<p><strong>9- <a href=\"https:\/\/uenf.br\/posgraduacao\/biociencias-biotecnologia\/wp-content\/uploads\/sites\/12\/2023\/05\/Dissertac-a-o-Fernanda-FINAL-1.pdf\">FERNANDA SOARES DOS SANTOS CHAVES<\/a><\/strong><\/p>\n<p><strong>Data: <\/strong>21\/12\/2021<\/p>\n<p><strong>T\u00edtulo: \u00a0&#8220;Tratamento com Lipossomos Contendo Fosfatidilserina em Modelo de Artrite Induzida por Col\u00e1geno.&#8221;<\/strong><\/p>\n<p><strong>Orientador: <\/strong>Dr. Jo\u00e3o Luiz Mendes Wanderley (UFRJ)<\/p>\n<p><strong>Banca:<\/strong><\/p>\n<p>Dr\u00aa Anna Lvovna Okorokova Fa\u00e7anha \u2013 LFBM\/UENF<\/p>\n<p>Dr\u00aa Sheila Esp\u00edrito Santo \u2013 LBCT\/UENF<\/p>\n<p>Dr\u00aa Suzana Passos Chaves \u2013 UFRJ<\/p>\n<p>______________________________________________________________________________<\/p>\n<\/div>\n<div><\/div>\n<div><\/div>\n<div><\/div>\n<div><\/div>\n","protected":false},"excerpt":{"rendered":"<p>Disserta\u00e7\u00e3o de Mestrado 2021 Clique no autor para acessar a disserta\u00e7\u00e3o completa: 1-MARILUCIA CARVALHO RIBEIRO Data: 25\/02\/2021 T\u00edtulo: ESTUDO COMPARATIVO&#8230;<\/p>\n","protected":false},"author":25,"featured_media":0,"parent":277,"menu_order":0,"comment_status":"closed","ping_status":"closed","template":"","meta":{"footnotes":""},"class_list":["post-2040","page","type-page","status-publish","hentry"],"_links":{"self":[{"href":"https:\/\/uenf.br\/posgraduacao\/biociencias-biotecnologia\/wp-json\/wp\/v2\/pages\/2040","targetHints":{"allow":["GET"]}}],"collection":[{"href":"https:\/\/uenf.br\/posgraduacao\/biociencias-biotecnologia\/wp-json\/wp\/v2\/pages"}],"about":[{"href":"https:\/\/uenf.br\/posgraduacao\/biociencias-biotecnologia\/wp-json\/wp\/v2\/types\/page"}],"author":[{"embeddable":true,"href":"https:\/\/uenf.br\/posgraduacao\/biociencias-biotecnologia\/wp-json\/wp\/v2\/users\/25"}],"replies":[{"embeddable":true,"href":"https:\/\/uenf.br\/posgraduacao\/biociencias-biotecnologia\/wp-json\/wp\/v2\/comments?post=2040"}],"version-history":[{"count":0,"href":"https:\/\/uenf.br\/posgraduacao\/biociencias-biotecnologia\/wp-json\/wp\/v2\/pages\/2040\/revisions"}],"up":[{"embeddable":true,"href":"https:\/\/uenf.br\/posgraduacao\/biociencias-biotecnologia\/wp-json\/wp\/v2\/pages\/277"}],"wp:attachment":[{"href":"https:\/\/uenf.br\/posgraduacao\/biociencias-biotecnologia\/wp-json\/wp\/v2\/media?parent=2040"}],"curies":[{"name":"wp","href":"https:\/\/api.w.org\/{rel}","templated":true}]}}