{"id":205,"date":"2014-02-12T11:47:54","date_gmt":"2014-02-12T13:47:54","guid":{"rendered":"http:\/\/uenf.br\/pos-graduacao\/biociencias-biotecnologia\/?page_id=205"},"modified":"2026-03-10T09:22:36","modified_gmt":"2026-03-10T12:22:36","slug":"renovacao-de-matricula","status":"publish","type":"page","link":"https:\/\/uenf.br\/posgraduacao\/biociencias-biotecnologia\/discentes\/renovacao-de-matricula\/","title":{"rendered":"Renova\u00e7\u00e3o de Matr\u00edcula"},"content":{"rendered":"<div>\n<div class=\"page\" title=\"Page 1\">\n<div class=\"section\">\n<div class=\"layoutArea\">\n<p><span style=\"color: #065391\"><strong>1\u00ba SEMESTRE\/2026<\/strong><\/span><\/p>\n<p><strong>Renova\u00e7\u00e3o de Matr\u00edcula<\/strong> dos alunos regulares:\u00a0<strong><span style=\"color: #800000\">19\/02\/2026 a 26\/02\/2026<\/span>\u00a0<\/strong><\/p>\n<ul>\n<li>As renova\u00e7\u00f5es de matr\u00edcula de aluno regular devem ser realizadas direto no<strong><span style=\"color: #800000\"> <a style=\"color: #800000\" href=\"https:\/\/academico.uenf.br\/usuarios\/sign_in\">sistema acad\u00eamico<\/a><\/span><\/strong> de forma on-line.<\/li>\n<li>In\u00edcio do 1\u00b0 semestre de 2026:<span style=\"color: #800000\"><strong> 02 de mar\u00e7o de 2026<\/strong><\/span><\/li>\n<li>\u00a0Encerramento do 1\u00b0 semestre de 2026:<span style=\"color: #800000\"><strong> 12 de junho de 2026<\/strong><\/span><\/li>\n<li><span style=\"color: #800000\"><span style=\"color: #000000\">Consulte aqui o<strong><span style=\"color: #800000\"> <a style=\"color: #800000\" href=\"https:\/\/uenf.br\/posgraduacao\/biociencias-biotecnologia\/wp-content\/uploads\/sites\/12\/2026\/02\/CalendarioAcademico2026PROPPG-com-alteracao.pdf\">CalendarioAcademico2026PROPPG com altera\u00e7\u00e3o<\/a><\/span><\/strong><\/span><\/span><\/li>\n<li>Consulte aqui as Disciplinas-Oferecidas-PGBB-1\u00ba-semestre-2021: <strong><span style=\"color: #993300\"><a style=\"color: #993300\" href=\"https:\/\/uenf.br\/posgraduacao\/biociencias-biotecnologia\/wp-content\/uploads\/sites\/12\/2026\/03\/Disciplinas-Oferecidas-PGBB-1o-semestre-2026-2.pdf\">Disciplinas-Oferecidas-PGBB-1\u00ba-semestre-2026<\/a><\/span><\/strong><\/li>\n<\/ul>\n<p><span style=\"color: #800000\"><strong><img loading=\"lazy\" decoding=\"async\" class=\"alignnone wp-image-4902\" src=\"https:\/\/uenf.br\/posgraduacao\/biociencias-biotecnologia\/wp-content\/uploads\/sites\/12\/2025\/12\/IMportante-731x445-1-300x183.png\" alt=\"\" width=\"124\" height=\"76\" srcset=\"https:\/\/uenf.br\/posgraduacao\/biociencias-biotecnologia\/wp-content\/uploads\/sites\/12\/2025\/12\/IMportante-731x445-1-300x183.png 300w, https:\/\/uenf.br\/posgraduacao\/biociencias-biotecnologia\/wp-content\/uploads\/sites\/12\/2025\/12\/IMportante-731x445-1.png 731w\" sizes=\"auto, (max-width: 124px) 100vw, 124px\" \/><\/strong><\/span><\/p>\n<\/div>\n<div><span style=\"color: #993300\"><strong>\u21d2 Para todas(os) as(os) discentes da PGBB<\/strong><\/span>: Ap\u00f3s renovar a sua matr\u00edcula no sistema acad\u00eamico, a(o) aluna(o) deve enviar via e-mail para <span style=\"color: #800000\"><a style=\"color: #800000\" href=\"mailto:cpgcbb@uenf.br\">cpgcbb@uenf.br<\/a> <strong>at\u00e9 o dia 16\/03\/2026 <\/strong>a <strong><a style=\"color: #800000\" href=\"https:\/\/uenf.br\/posgraduacao\/biociencias-biotecnologia\/wp-content\/uploads\/sites\/12\/2024\/07\/Declaracao-de-Acumulacao-de-Vinculo_bolsa-_PGBB_.pdf\">Declaracao-de-Acumulacao-de-Vinculo_bolsa-_PGBB_<\/a><\/strong><\/span><\/div>\n<div><\/div>\n<div>Em caso de problemas ou d\u00favidas, entrar em contato com a secretaria pelo e-mail:<strong> <span style=\"color: #800000\"><a style=\"color: #800000\" href=\"mailto:cpgcbb@uenf.br\">cpgcbb@uenf.br<\/a><\/span><\/strong><\/div>\n<\/div>\n<\/div>\n<\/div>\n<div>&#8212;&#8212;&#8211;<\/div>\n<div>&#8212;&#8212;&#8211;<\/div>\n<div><\/div>\n<div><\/div>\n","protected":false},"excerpt":{"rendered":"<p>1\u00ba SEMESTRE\/2026 Renova\u00e7\u00e3o de Matr\u00edcula dos alunos regulares:\u00a019\/02\/2026 a 26\/02\/2026\u00a0 As renova\u00e7\u00f5es de matr\u00edcula de aluno regular devem ser realizadas&#8230;<\/p>\n","protected":false},"author":25,"featured_media":0,"parent":311,"menu_order":2,"comment_status":"closed","ping_status":"closed","template":"","meta":{"footnotes":""},"class_list":["post-205","page","type-page","status-publish","hentry"],"_links":{"self":[{"href":"https:\/\/uenf.br\/posgraduacao\/biociencias-biotecnologia\/wp-json\/wp\/v2\/pages\/205","targetHints":{"allow":["GET"]}}],"collection":[{"href":"https:\/\/uenf.br\/posgraduacao\/biociencias-biotecnologia\/wp-json\/wp\/v2\/pages"}],"about":[{"href":"https:\/\/uenf.br\/posgraduacao\/biociencias-biotecnologia\/wp-json\/wp\/v2\/types\/page"}],"author":[{"embeddable":true,"href":"https:\/\/uenf.br\/posgraduacao\/biociencias-biotecnologia\/wp-json\/wp\/v2\/users\/25"}],"replies":[{"embeddable":true,"href":"https:\/\/uenf.br\/posgraduacao\/biociencias-biotecnologia\/wp-json\/wp\/v2\/comments?post=205"}],"version-history":[{"count":0,"href":"https:\/\/uenf.br\/posgraduacao\/biociencias-biotecnologia\/wp-json\/wp\/v2\/pages\/205\/revisions"}],"up":[{"embeddable":true,"href":"https:\/\/uenf.br\/posgraduacao\/biociencias-biotecnologia\/wp-json\/wp\/v2\/pages\/311"}],"wp:attachment":[{"href":"https:\/\/uenf.br\/posgraduacao\/biociencias-biotecnologia\/wp-json\/wp\/v2\/media?parent=205"}],"curies":[{"name":"wp","href":"https:\/\/api.w.org\/{rel}","templated":true}]}}