{"id":2098,"date":"2021-11-03T14:07:16","date_gmt":"2021-11-03T17:07:16","guid":{"rendered":"https:\/\/uenf.br\/posgraduacao\/biociencias-biotecnologia\/?page_id=2098"},"modified":"2024-06-19T17:24:03","modified_gmt":"2024-06-19T20:24:03","slug":"missoes-de-discente-no-exterior","status":"publish","type":"page","link":"https:\/\/uenf.br\/posgraduacao\/biociencias-biotecnologia\/discentes\/missoes-de-discente-no-exterior\/","title":{"rendered":"Miss\u00f5es de Discente no Exterior"},"content":{"rendered":"<p>Acesse o formul\u00e1rio de discente para miss\u00f5es no exterior:\u00a0<a href=\"https:\/\/uenf.br\/posgraduacao\/biociencias-biotecnologia\/wp-content\/uploads\/sites\/12\/2021\/11\/Mobilidade___Formulario_Saida.pdf\">Mobilidade___Formulario_Saida<\/a><\/p>\n","protected":false},"excerpt":{"rendered":"<p>Acesse o formul\u00e1rio de discente para miss\u00f5es no exterior:\u00a0Mobilidade___Formulario_Saida<\/p>\n","protected":false},"author":25,"featured_media":0,"parent":311,"menu_order":7,"comment_status":"closed","ping_status":"closed","template":"","meta":{"footnotes":""},"class_list":["post-2098","page","type-page","status-publish","hentry"],"_links":{"self":[{"href":"https:\/\/uenf.br\/posgraduacao\/biociencias-biotecnologia\/wp-json\/wp\/v2\/pages\/2098","targetHints":{"allow":["GET"]}}],"collection":[{"href":"https:\/\/uenf.br\/posgraduacao\/biociencias-biotecnologia\/wp-json\/wp\/v2\/pages"}],"about":[{"href":"https:\/\/uenf.br\/posgraduacao\/biociencias-biotecnologia\/wp-json\/wp\/v2\/types\/page"}],"author":[{"embeddable":true,"href":"https:\/\/uenf.br\/posgraduacao\/biociencias-biotecnologia\/wp-json\/wp\/v2\/users\/25"}],"replies":[{"embeddable":true,"href":"https:\/\/uenf.br\/posgraduacao\/biociencias-biotecnologia\/wp-json\/wp\/v2\/comments?post=2098"}],"version-history":[{"count":0,"href":"https:\/\/uenf.br\/posgraduacao\/biociencias-biotecnologia\/wp-json\/wp\/v2\/pages\/2098\/revisions"}],"up":[{"embeddable":true,"href":"https:\/\/uenf.br\/posgraduacao\/biociencias-biotecnologia\/wp-json\/wp\/v2\/pages\/311"}],"wp:attachment":[{"href":"https:\/\/uenf.br\/posgraduacao\/biociencias-biotecnologia\/wp-json\/wp\/v2\/media?parent=2098"}],"curies":[{"name":"wp","href":"https:\/\/api.w.org\/{rel}","templated":true}]}}